{"id":165,"date":"2020-03-03T22:36:20","date_gmt":"2020-03-04T04:36:20","guid":{"rendered":"http:\/\/pdadcv.artcom.mx\/portafolio-demo\/?page_id=17"},"modified":"2025-05-13T20:47:23","modified_gmt":"2025-05-13T20:47:23","slug":"investigaciones","status":"publish","type":"page","link":"https:\/\/dcv.artcom.mx\/pda\/1170490\/investigaciones\/","title":{"rendered":"Investigaciones"},"content":{"rendered":"<p>[et_pb_section fb_built=\u00bb1&#8243; admin_label=\u00bbHero Section\u00bb _builder_version=\u00bb4.24.2&#8243; background_color=\u00bbgcid-90335b04-3cb1-443a-8fb4-32f37cf86a95&#8243; background_color_gradient_direction=\u00bb131deg\u00bb background_color_gradient_start=\u00bb#ff6a88&#8243; background_color_gradient_end=\u00bb#ff99ac\u00bb custom_padding=\u00bb100px|0px|100px|0px\u00bb animation_style=\u00bbslide\u00bb animation_direction=\u00bbtop\u00bb animation_intensity_slide=\u00bb2%\u00bb animation_starting_opacity=\u00bb100%\u00bb global_colors_info=\u00bb{%22gcid-90335b04-3cb1-443a-8fb4-32f37cf86a95%22:%91%22background_color%22%93}\u00bb][et_pb_row _builder_version=\u00bb4.16&#8243; max_width=\u00bb1440px\u00bb use_custom_width=\u00bbon\u00bb custom_width_px=\u00bb1440px\u00bb global_colors_info=\u00bb{}\u00bb][et_pb_column type=\u00bb4_4&#8243; _builder_version=\u00bb4.16&#8243; custom_padding=\u00bb|||\u00bb global_colors_info=\u00bb{}\u00bb custom_padding__hover=\u00bb|||\u00bb][et_pb_text _builder_version=\u00bb4.24.2&#8243; text_font=\u00bb||||||||\u00bb text_text_color=\u00bb#000000&#8243; header_font=\u00bbPlayfair Display|700|||||||\u00bb header_text_color=\u00bb#ffffff\u00bb header_font_size=\u00bb60px\u00bb header_line_height=\u00bb1.5em\u00bb header_2_font=\u00bb||||||||\u00bb header_3_font=\u00bb||||||||\u00bb header_4_font=\u00bb||||||||\u00bb header_5_font=\u00bb||||||||\u00bb header_6_font=\u00bb||||||||\u00bb custom_margin=\u00bb||20px|\u00bb locked=\u00bboff\u00bb inline_fonts=\u00bbLora\u00bb global_colors_info=\u00bb{}\u00bb]<\/p>\n<h1><span style=\"color: #0a0a0a;font-family: Lora\"><span>Investigaci\u00f3n<\/span><\/span><\/h1>\n<p>[\/et_pb_text][et_pb_text admin_label=\u00bbTexto\u00bb _builder_version=\u00bb4.24.2&#8243; text_font=\u00bbLora||||||||\u00bb text_text_color=\u00bb#000000&#8243; text_font_size=\u00bb20px\u00bb text_line_height=\u00bb1.8em\u00bb header_font=\u00bb||||||||\u00bb custom_padding=\u00bb||14px|||\u00bb hover_enabled=\u00bb0&#8243; locked=\u00bboff\u00bb inline_fonts=\u00bbLora\u00bb global_colors_info=\u00bb{}\u00bb sticky_enabled=\u00bb0&#8243;]<\/p>\n<p><span>Esta investigaci\u00f3n parte de la necesidad urgente de sensibilizar a la sociedad sobre el cuidado de las especies marinas, cuya existencia se ve amenazada por la contaminaci\u00f3n, la sobrepesca y el cambio clim\u00e1tico. A trav\u00e9s de un enfoque interdisciplinario, se analiza c\u00f3mo el dise\u00f1o editorial puede convertirse en una herramienta estrat\u00e9gica para comunicar de manera clara, atractiva y emocionalmente impactante los conocimientos cient\u00edficos y ambientales relacionados con la vida marina.<\/span><\/p>\n<p><span><\/span><\/p>\n<p><span>El objetivo principal es explorar y proponer soluciones editoriales que informen, eduquen y movilicen a distintos p\u00fablicos, fomentando una cultura de respeto y protecci\u00f3n hacia los ecosistemas marinos. Esta l\u00ednea de trabajo combina recursos visuales, narrativas accesibles y experiencias interactivas, con el fin de generar materiales que conecten con la audiencia y fortalezcan la conciencia ambiental desde el dise\u00f1o.<\/span><\/p>\n<p>[\/et_pb_text][\/et_pb_column][\/et_pb_row][\/et_pb_section][et_pb_section fb_built=\u00bb1&#8243; _builder_version=\u00bb4.24.2&#8243; _module_preset=\u00bbdefault\u00bb background_color=\u00bbgcid-2dd78f0d-61d7-4227-b0e0-a1e6afb1df23&#8243; custom_margin=\u00bb-133px|||||\u00bb custom_padding=\u00bb118px|||||\u00bb global_colors_info=\u00bb{%22gcid-2dd78f0d-61d7-4227-b0e0-a1e6afb1df23%22:%91%22background_color%22%93}\u00bb][et_pb_row _builder_version=\u00bb4.24.2&#8243; _module_preset=\u00bbdefault\u00bb hover_enabled=\u00bb0&#8243; global_colors_info=\u00bb{}\u00bb sticky_enabled=\u00bb0&#8243;][et_pb_column type=\u00bb4_4&#8243; _builder_version=\u00bb4.24.2&#8243; _module_preset=\u00bbdefault\u00bb hover_enabled=\u00bb0&#8243; global_colors_info=\u00bb{}\u00bb background_color=\u00bb#FFFFFF\u00bb sticky_enabled=\u00bb0&#8243;][et_pb_gallery gallery_ids=\u00bb665,666,667,668,669&#8243; fullwidth=\u00bbon\u00bb _builder_version=\u00bb4.24.2&#8243; _module_preset=\u00bbdefault\u00bb background_color=\u00bb#65d800&#8243; hover_enabled=\u00bb0&#8243; global_colors_info=\u00bb{}\u00bb sticky_enabled=\u00bb0&#8243;][\/et_pb_gallery][\/et_pb_column][\/et_pb_row][et_pb_row _builder_version=\u00bb4.20.4&#8243; _module_preset=\u00bbdefault\u00bb global_colors_info=\u00bb{}\u00bb][et_pb_column type=\u00bb4_4&#8243; _builder_version=\u00bb4.20.4&#8243; _module_preset=\u00bbdefault\u00bb global_colors_info=\u00bb{}\u00bb][\/et_pb_column][\/et_pb_row][\/et_pb_section]<\/p>\n","protected":false},"excerpt":{"rendered":"<p>Investigaci\u00f3nEsta investigaci\u00f3n parte de la necesidad urgente de sensibilizar a la sociedad sobre el cuidado de las especies marinas, cuya existencia se ve amenazada por la contaminaci\u00f3n, la sobrepesca y el cambio clim\u00e1tico. A trav\u00e9s de un enfoque interdisciplinario, se analiza c\u00f3mo el dise\u00f1o editorial puede convertirse en una herramienta estrat\u00e9gica para comunicar de manera [&hellip;]<\/p>\n","protected":false},"author":52,"featured_media":0,"parent":0,"menu_order":7,"comment_status":"closed","ping_status":"closed","template":"","meta":{"_et_pb_use_builder":"on","_et_pb_old_content":"","_et_gb_content_width":"","inline_featured_image":false,"footnotes":""},"_links":{"self":[{"href":"https:\/\/dcv.artcom.mx\/pda\/1170490\/wp-json\/wp\/v2\/pages\/165"}],"collection":[{"href":"https:\/\/dcv.artcom.mx\/pda\/1170490\/wp-json\/wp\/v2\/pages"}],"about":[{"href":"https:\/\/dcv.artcom.mx\/pda\/1170490\/wp-json\/wp\/v2\/types\/page"}],"author":[{"embeddable":true,"href":"https:\/\/dcv.artcom.mx\/pda\/1170490\/wp-json\/wp\/v2\/users\/52"}],"replies":[{"embeddable":true,"href":"https:\/\/dcv.artcom.mx\/pda\/1170490\/wp-json\/wp\/v2\/comments?post=165"}],"version-history":[{"count":2,"href":"https:\/\/dcv.artcom.mx\/pda\/1170490\/wp-json\/wp\/v2\/pages\/165\/revisions"}],"predecessor-version":[{"id":673,"href":"https:\/\/dcv.artcom.mx\/pda\/1170490\/wp-json\/wp\/v2\/pages\/165\/revisions\/673"}],"wp:attachment":[{"href":"https:\/\/dcv.artcom.mx\/pda\/1170490\/wp-json\/wp\/v2\/media?parent=165"}],"curies":[{"name":"wp","href":"https:\/\/api.w.org\/{rel}","templated":true}]}}