{"id":164,"date":"2020-03-03T22:35:51","date_gmt":"2020-03-04T04:35:51","guid":{"rendered":"http:\/\/pdadcv.artcom.mx\/portafolio-demo\/?page_id=15"},"modified":"2025-05-13T20:51:36","modified_gmt":"2025-05-13T20:51:36","slug":"autoevaluaciones","status":"publish","type":"page","link":"https:\/\/dcv.artcom.mx\/pda\/1170490\/autoevaluaciones\/","title":{"rendered":"Autoevaluaciones"},"content":{"rendered":"[et_pb_section fb_built=\u00bb1&#8243; admin_label=\u00bbsection\u00bb _builder_version=\u00bb4.24.2&#8243; background_color=\u00bb#C0DDEA\u00bb min_height=\u00bb595.1px\u00bb custom_margin=\u00bb||-3px|||\u00bb custom_padding=\u00bb||157px|||\u00bb global_colors_info=\u00bb{}\u00bb][et_pb_row _builder_version=\u00bb4.20.4&#8243; _module_preset=\u00bbdefault\u00bb global_colors_info=\u00bb{}\u00bb][et_pb_column type=\u00bb4_4&#8243; _builder_version=\u00bb4.20.4&#8243; _module_preset=\u00bbdefault\u00bb global_colors_info=\u00bb{}\u00bb][et_pb_text _builder_version=\u00bb4.24.2&#8243; _module_preset=\u00bbdefault\u00bb text_font=\u00bbLora||||||||\u00bb text_text_color=\u00bb#000000&#8243; text_font_size=\u00bb63px\u00bb global_colors_info=\u00bb{}\u00bb]<p style=\"text-align: center\">Autoevaluaci\u00f3n<\/p>[\/et_pb_text][\/et_pb_column][\/et_pb_row][et_pb_row column_structure=\u00bb3_5,2_5&#8243; admin_label=\u00bbrow\u00bb _builder_version=\u00bb4.20.4&#8243; background_size=\u00bbinitial\u00bb background_position=\u00bbtop_left\u00bb background_repeat=\u00bbrepeat\u00bb custom_margin=\u00bb|auto|-183px|auto||\u00bb global_colors_info=\u00bb{}\u00bb][et_pb_column type=\u00bb3_5&#8243; _builder_version=\u00bb4.20.4&#8243; custom_padding=\u00bb|||\u00bb global_colors_info=\u00bb{}\u00bb custom_padding__hover=\u00bb|||\u00bb][et_pb_text admin_label=\u00bbText\u00bb _builder_version=\u00bb4.20.4&#8243; background_size=\u00bbinitial\u00bb background_position=\u00bbtop_left\u00bb background_repeat=\u00bbrepeat\u00bb global_colors_info=\u00bb{}\u00bb]<p><\/p>[\/et_pb_text][et_pb_counters bar_bg_color=\u00bb#000000&#8243; use_percentages=\u00bboff\u00bb _builder_version=\u00bb4.24.2&#8243; _module_preset=\u00bbdefault\u00bb title_font=\u00bbLora||||||||\u00bb title_text_color=\u00bb#000000&#8243; title_font_size=\u00bb27px\u00bb background_color=\u00bbgcid-4f4ab844-9523-469d-ab78-645a5f4ca9fc\u00bb hover_enabled=\u00bb0&#8243; global_colors_info=\u00bb{%22gcid-4f4ab844-9523-469d-ab78-645a5f4ca9fc%22:%91%22background_color%22%93}\u00bb sticky_enabled=\u00bb0&#8243;][et_pb_counter percent=\u00bb90&#8243; _builder_version=\u00bb4.24.2&#8243; _module_preset=\u00bbdefault\u00bb global_colors_info=\u00bb{}\u00bb bar_background_color_default=\u00bb#000000&#8243; use_percentages=\u00bboff\u00bb]Creatividad[\/et_pb_counter][et_pb_counter percent=\u00bb60&#8243; _builder_version=\u00bb4.24.2&#8243; _module_preset=\u00bbdefault\u00bb hover_enabled=\u00bb0&#8243; global_colors_info=\u00bb{}\u00bb percent__hover_enabled=\u00bbon|desktop\u00bb percent__hover=\u00bb70&#8243; bar_background_color_default=\u00bb#000000&#8243; use_percentages=\u00bboff\u00bb sticky_enabled=\u00bb0&#8243;]Organizaci\u00f3n[\/et_pb_counter][et_pb_counter percent=\u00bb80&#8243; _builder_version=\u00bb4.20.4&#8243; _module_preset=\u00bbdefault\u00bb global_colors_info=\u00bb{}\u00bb bar_background_color_default=\u00bb#000000&#8243; use_percentages=\u00bboff\u00bb]Responsabilidad[\/et_pb_counter][et_pb_counter percent=\u00bb80&#8243; _builder_version=\u00bb4.20.4&#8243; _module_preset=\u00bbdefault\u00bb global_colors_info=\u00bb{}\u00bb bar_background_color_default=\u00bb#000000&#8243; use_percentages=\u00bboff\u00bb]Puntualidad[\/et_pb_counter][\/et_pb_counters][et_pb_counters _builder_version=\u00bb4.20.4&#8243; _module_preset=\u00bbdefault\u00bb global_colors_info=\u00bb{}\u00bb][\/et_pb_counters][et_pb_counters _builder_version=\u00bb4.20.4&#8243; _module_preset=\u00bbdefault\u00bb global_colors_info=\u00bb{}\u00bb][\/et_pb_counters][\/et_pb_column][et_pb_column type=\u00bb2_5&#8243; _builder_version=\u00bb4.20.4&#8243; custom_padding=\u00bb|||\u00bb global_colors_info=\u00bb{}\u00bb custom_padding__hover=\u00bb|||\u00bb][et_pb_text _builder_version=\u00bb4.20.4&#8243; _module_preset=\u00bbdefault\u00bb text_font=\u00bbLora|500|||||||\u00bb text_text_color=\u00bb#000000&#8243; text_font_size=\u00bb62px\u00bb header_font=\u00bbLora||||||||\u00bb min_height=\u00bb99px\u00bb custom_margin=\u00bb||59px|||\u00bb global_colors_info=\u00bb{}\u00bb][\/et_pb_text][et_pb_text _builder_version=\u00bb4.24.2&#8243; _module_preset=\u00bbdefault\u00bb text_font=\u00bbLora||||||||\u00bb text_text_color=\u00bb#000000&#8243; text_font_size=\u00bb20px\u00bb hover_enabled=\u00bb0&#8243; global_colors_info=\u00bb{}\u00bb sticky_enabled=\u00bb0&#8243;]<p>Este semestre fu\u00e9 un poco desafiante ya que tuve retos en cunato a la gesti\u00f3n del tiempo, la distribuici\u00f3n de responsabilidades.<\/p>[\/et_pb_text][\/et_pb_column][\/et_pb_row][\/et_pb_section]","protected":false},"excerpt":{"rendered":"<p>Autoevaluaci\u00f3nCreatividadOrganizaci\u00f3nResponsabilidadPuntualidadEste semestre fu\u00e9 un poco desafiante ya que tuve retos en cunato a la gesti\u00f3n del tiempo, la distribuici\u00f3n de responsabilidades.<\/p>\n","protected":false},"author":52,"featured_media":0,"parent":0,"menu_order":6,"comment_status":"closed","ping_status":"closed","template":"","meta":{"_et_pb_use_builder":"on","_et_pb_old_content":"<!-- wp:divi\/placeholder \/-->","_et_gb_content_width":"","inline_featured_image":false,"footnotes":""},"_links":{"self":[{"href":"https:\/\/dcv.artcom.mx\/pda\/1170490\/wp-json\/wp\/v2\/pages\/164"}],"collection":[{"href":"https:\/\/dcv.artcom.mx\/pda\/1170490\/wp-json\/wp\/v2\/pages"}],"about":[{"href":"https:\/\/dcv.artcom.mx\/pda\/1170490\/wp-json\/wp\/v2\/types\/page"}],"author":[{"embeddable":true,"href":"https:\/\/dcv.artcom.mx\/pda\/1170490\/wp-json\/wp\/v2\/users\/52"}],"replies":[{"embeddable":true,"href":"https:\/\/dcv.artcom.mx\/pda\/1170490\/wp-json\/wp\/v2\/comments?post=164"}],"version-history":[{"count":10,"href":"https:\/\/dcv.artcom.mx\/pda\/1170490\/wp-json\/wp\/v2\/pages\/164\/revisions"}],"predecessor-version":[{"id":675,"href":"https:\/\/dcv.artcom.mx\/pda\/1170490\/wp-json\/wp\/v2\/pages\/164\/revisions\/675"}],"wp:attachment":[{"href":"https:\/\/dcv.artcom.mx\/pda\/1170490\/wp-json\/wp\/v2\/media?parent=164"}],"curies":[{"name":"wp","href":"https:\/\/api.w.org\/{rel}","templated":true}]}}