{"id":163,"date":"2020-03-03T22:19:04","date_gmt":"2020-03-04T04:19:04","guid":{"rendered":"http:\/\/pdadcv.artcom.mx\/portafolio-demo\/?page_id=13"},"modified":"2024-03-25T14:49:04","modified_gmt":"2024-03-25T14:49:04","slug":"actividades-laborales-y-certificaciones","status":"publish","type":"page","link":"https:\/\/dcv.artcom.mx\/pda\/1170490\/actividades-laborales-y-certificaciones\/","title":{"rendered":"Actividades laborales y certificaciones"},"content":{"rendered":"<p>[et_pb_section fb_built=\u00bb1&#8243; admin_label=\u00bbImage &#8211; Text\u00bb _builder_version=\u00bb4.24.2&#8243; background_color=\u00bbgcid-4f4ab844-9523-469d-ab78-645a5f4ca9fc\u00bb custom_margin=\u00bb||-101px|||\u00bb animation_style=\u00bbzoom\u00bb animation_intensity_zoom=\u00bb10%\u00bb animation_starting_opacity=\u00bb100%\u00bb hover_enabled=\u00bb0&#8243; box_shadow_style=\u00bbpreset7&#8243; box_shadow_horizontal=\u00bb0px\u00bb box_shadow_vertical=\u00bb-100px\u00bb box_shadow_color=\u00bb#ffffff\u00bb saved_tabs=\u00bball\u00bb locked=\u00bboff\u00bb global_colors_info=\u00bb{%22gcid-4f4ab844-9523-469d-ab78-645a5f4ca9fc%22:%91%22background_color%22%93}\u00bb sticky_enabled=\u00bb0&#8243;][et_pb_row column_structure=\u00bb1_2,1_2&#8243; _builder_version=\u00bb4.16&#8243; global_colors_info=\u00bb{}\u00bb][et_pb_column type=\u00bb1_2&#8243; _builder_version=\u00bb4.16&#8243; custom_padding=\u00bb|||\u00bb global_colors_info=\u00bb{}\u00bb custom_padding__hover=\u00bb|||\u00bb][et_pb_text _builder_version=\u00bb4.16&#8243; text_font=\u00bb||||||||\u00bb header_font=\u00bb||||||||\u00bb header_line_height=\u00bb1.5em\u00bb header_2_font=\u00bbPlayfair Display|700|||||||\u00bb header_2_text_color=\u00bb#ffffff\u00bb header_2_font_size=\u00bb42px\u00bb header_2_line_height=\u00bb1.5em\u00bb header_3_font=\u00bb||||||||\u00bb header_4_font=\u00bb||||||||\u00bb header_5_font=\u00bb||||||||\u00bb header_6_font=\u00bb||||||||\u00bb custom_margin=\u00bb||10px|\u00bb locked=\u00bboff\u00bb inline_fonts=\u00bbLora\u00bb global_colors_info=\u00bb{}\u00bb]<\/p>\n<h2><span style=\"color: #1c1c1c\"><span style=\"font-family: Lora\">Actividades laborales y certificaciones<\/span><\/span><\/h2>\n<p>[\/et_pb_text][et_pb_text _builder_version=\u00bb4.20.4&#8243; text_font=\u00bbLora||||||||\u00bb text_text_color=\u00bb#000000&#8243; text_font_size=\u00bb20px\u00bb text_line_height=\u00bb1.8em\u00bb header_font=\u00bb||||||||\u00bb locked=\u00bboff\u00bb inline_fonts=\u00bbLora\u00bb global_colors_info=\u00bb{}\u00bb]<\/p>\n<p><span style=\"font-family: Lora;font-weight: normal\">\u00a0Desde que inici\u00e9 la carrera he realizado y participado en algunos trabajos y certificaciones, aqu\u00ed les mostrar\u00e9 algunos ejemplos.<\/span><\/p>\n<p>[\/et_pb_text][\/et_pb_column][et_pb_column type=\u00bb1_2&#8243; _builder_version=\u00bb4.16&#8243; custom_padding=\u00bb80px|||\u00bb global_colors_info=\u00bb{}\u00bb custom_padding__hover=\u00bb|||\u00bb][et_pb_image src=\u00bbhttp:\/\/dcv.artcom.mx\/pda\/1170490\/wp-content\/uploads\/sites\/49\/2023\/05\/WhatsApp-Image-2023-05-07-at-2.40.33-PM-1.jpeg\u00bb title_text=\u00bbWhatsApp Image 2023-05-07 at 2.40.33 PM\u00bb show_bottom_space=\u00bboff\u00bb _builder_version=\u00bb4.20.4&#8243; animation_style=\u00bbslide\u00bb animation_direction=\u00bbtop\u00bb animation_intensity_slide=\u00bb6%\u00bb animation_starting_opacity=\u00bb100%\u00bb box_shadow_style=\u00bbpreset1&#8243; box_shadow_vertical=\u00bb10px\u00bb box_shadow_blur=\u00bb100px\u00bb box_shadow_color=\u00bbrgba(0,0,0,0.2)\u00bb always_center_on_mobile=\u00bboff\u00bb global_colors_info=\u00bb{}\u00bb][\/et_pb_image][\/et_pb_column][\/et_pb_row][\/et_pb_section][et_pb_section fb_built=\u00bb1&#8243; admin_label=\u00bbSale &amp; Featured\u00bb _builder_version=\u00bb4.24.2&#8243; background_color=\u00bbgcid-2dd78f0d-61d7-4227-b0e0-a1e6afb1df23&#8243; background_position=\u00bbtop_right\u00bb min_height=\u00bb620.5px\u00bb custom_padding=\u00bb107px|||||\u00bb hover_enabled=\u00bb0&#8243; global_colors_info=\u00bb{%22gcid-2dd78f0d-61d7-4227-b0e0-a1e6afb1df23%22:%91%22background_color%22%93}\u00bb sticky_enabled=\u00bb0&#8243;][et_pb_row column_structure=\u00bb1_2,1_2&#8243; _builder_version=\u00bb4.20.4&#8243; _module_preset=\u00bbdefault\u00bb global_colors_info=\u00bb{}\u00bb][et_pb_column type=\u00bb1_2&#8243; _builder_version=\u00bb4.20.4&#8243; _module_preset=\u00bbdefault\u00bb global_colors_info=\u00bb{}\u00bb][et_pb_image src=\u00bbhttp:\/\/dcv.artcom.mx\/pda\/1170490\/wp-content\/uploads\/sites\/49\/2023\/05\/WhatsApp-Image-2023-05-07-at-2.50.39-PM.jpeg\u00bb title_text=\u00bbWhatsApp Image 2023-05-07 at 2.50.39 PM\u00bb _builder_version=\u00bb4.20.4&#8243; _module_preset=\u00bbdefault\u00bb global_colors_info=\u00bb{}\u00bb][\/et_pb_image][\/et_pb_column][et_pb_column type=\u00bb1_2&#8243; _builder_version=\u00bb4.20.4&#8243; _module_preset=\u00bbdefault\u00bb global_colors_info=\u00bb{}\u00bb][et_pb_text _builder_version=\u00bb4.20.4&#8243; _module_preset=\u00bbdefault\u00bb text_font=\u00bbLora|600|||||||\u00bb text_text_color=\u00bb#000000&#8243; text_font_size=\u00bb40px\u00bb global_colors_info=\u00bb{}\u00bb]<\/p>\n<p>Congreso Revirar<\/p>\n<p>[\/et_pb_text][et_pb_text _builder_version=\u00bb4.20.4&#8243; _module_preset=\u00bbdefault\u00bb text_font=\u00bbLora||||||||\u00bb text_text_color=\u00bb#000000&#8243; text_font_size=\u00bb20px\u00bb global_colors_info=\u00bb{}\u00bb]<\/p>\n<p>Este fue mi primer congreso que se realiz\u00f3 en Tamp\u00edco, fue muy emocionante para m\u00ed ya que no conoc\u00eda la ciudad; me dej\u00f3 muchos aprendizajes, inspiraciones y aspiraciones.<\/p>\n<p>[\/et_pb_text][\/et_pb_column][\/et_pb_row][et_pb_row column_structure=\u00bb1_2,1_2&#8243; _builder_version=\u00bb4.20.4&#8243; _module_preset=\u00bbdefault\u00bb global_colors_info=\u00bb{}\u00bb][et_pb_column type=\u00bb1_2&#8243; _builder_version=\u00bb4.20.4&#8243; _module_preset=\u00bbdefault\u00bb global_colors_info=\u00bb{}\u00bb][et_pb_text _builder_version=\u00bb4.20.4&#8243; _module_preset=\u00bbdefault\u00bb text_font=\u00bbLora||||||||\u00bb text_text_color=\u00bb#000000&#8243; text_font_size=\u00bb51px\u00bb global_colors_info=\u00bb{}\u00bb]<\/p>\n<p>Little Friends Vet<\/p>\n<p>[\/et_pb_text][et_pb_text _builder_version=\u00bb4.20.4&#8243; _module_preset=\u00bbdefault\u00bb text_font=\u00bbLora||||||||\u00bb text_text_color=\u00bb#000000&#8243; text_font_size=\u00bb20px\u00bb global_colors_info=\u00bb{}\u00bb]<\/p>\n<p>Veterinaria que se encuentra en montemorelos, atienende mascotas, y forece servicios de cl\u00ednica, grooming y petshop; sirvo como creador de contenido para sus redes sociales.<\/p>\n<p>[\/et_pb_text][\/et_pb_column][et_pb_column type=\u00bb1_2&#8243; _builder_version=\u00bb4.20.4&#8243; _module_preset=\u00bbdefault\u00bb global_colors_info=\u00bb{}\u00bb][et_pb_image src=\u00bbhttp:\/\/dcv.artcom.mx\/pda\/1170490\/wp-content\/uploads\/sites\/49\/2023\/05\/WhatsApp-Image-2023-05-07-at-3.00.59-PM.jpeg\u00bb title_text=\u00bbWhatsApp Image 2023-05-07 at 3.00.59 PM\u00bb _builder_version=\u00bb4.20.4&#8243; _module_preset=\u00bbdefault\u00bb global_colors_info=\u00bb{}\u00bb][\/et_pb_image][\/et_pb_column][\/et_pb_row][\/et_pb_section]<\/p>\n","protected":false},"excerpt":{"rendered":"<p>Actividades laborales y certificaciones\u00a0Desde que inici\u00e9 la carrera he realizado y participado en algunos trabajos y certificaciones, aqu\u00ed les mostrar\u00e9 algunos ejemplos.Congreso RevirarEste fue mi primer congreso que se realiz\u00f3 en Tamp\u00edco, fue muy emocionante para m\u00ed ya que no conoc\u00eda la ciudad; me dej\u00f3 muchos aprendizajes, inspiraciones y aspiraciones.Little Friends VetVeterinaria que se encuentra [&hellip;]<\/p>\n","protected":false},"author":52,"featured_media":0,"parent":0,"menu_order":3,"comment_status":"closed","ping_status":"closed","template":"","meta":{"_et_pb_use_builder":"on","_et_pb_old_content":"","_et_gb_content_width":"","inline_featured_image":false,"footnotes":""},"_links":{"self":[{"href":"https:\/\/dcv.artcom.mx\/pda\/1170490\/wp-json\/wp\/v2\/pages\/163"}],"collection":[{"href":"https:\/\/dcv.artcom.mx\/pda\/1170490\/wp-json\/wp\/v2\/pages"}],"about":[{"href":"https:\/\/dcv.artcom.mx\/pda\/1170490\/wp-json\/wp\/v2\/types\/page"}],"author":[{"embeddable":true,"href":"https:\/\/dcv.artcom.mx\/pda\/1170490\/wp-json\/wp\/v2\/users\/52"}],"replies":[{"embeddable":true,"href":"https:\/\/dcv.artcom.mx\/pda\/1170490\/wp-json\/wp\/v2\/comments?post=163"}],"version-history":[{"count":3,"href":"https:\/\/dcv.artcom.mx\/pda\/1170490\/wp-json\/wp\/v2\/pages\/163\/revisions"}],"predecessor-version":[{"id":411,"href":"https:\/\/dcv.artcom.mx\/pda\/1170490\/wp-json\/wp\/v2\/pages\/163\/revisions\/411"}],"wp:attachment":[{"href":"https:\/\/dcv.artcom.mx\/pda\/1170490\/wp-json\/wp\/v2\/media?parent=163"}],"curies":[{"name":"wp","href":"https:\/\/api.w.org\/{rel}","templated":true}]}}