{"id":7,"date":"2020-03-03T22:17:35","date_gmt":"2020-03-04T04:17:35","guid":{"rendered":"http:\/\/pdadcv.artcom.mx\/portafolio-demo\/?page_id=7"},"modified":"2022-05-09T18:16:18","modified_gmt":"2022-05-09T18:16:18","slug":"mi-carrera","status":"publish","type":"page","link":"https:\/\/dcv.artcom.mx\/pda\/1170408\/mi-carrera\/","title":{"rendered":"Mi carrera"},"content":{"rendered":"<p>[et_pb_section fb_built=\u00bb1&#8243; fullwidth=\u00bbon\u00bb admin_label=\u00bbHero Section\u00bb _builder_version=\u00bb4.14.7&#8243; background_image=\u00bbhttp:\/\/dcv.artcom.mx\/pda\/1170408\/wp-content\/uploads\/sites\/11\/2022\/05\/job_recruitement_01.jpg\u00bb parallax=\u00bbon\u00bb width=\u00bb100%\u00bb max_width=\u00bb100%\u00bb min_height=\u00bb824px\u00bb custom_padding=\u00bb|||\u00bb global_colors_info=\u00bb{}\u00bb][et_pb_fullwidth_header title=\u00bbporque eleg\u00ed estudiar\u00bb subhead=\u00bbDise\u00f1o de Comunicaci\u00f3n Visual  (DCV)\u00bb button_one_text=\u00bbVer Planes\u00bb button_one_url=\u00bbhttps:\/\/www.um.edu.mx\/estudia\/diseno-comunicacion-visual\u00bb content_max_width=\u00bb900px\u00bb _builder_version=\u00bb4.14.7&#8243; title_font=\u00bbPoppins|600||on|||||\u00bb title_font_size=\u00bb19px\u00bb title_letter_spacing=\u00bb4px\u00bb title_line_height=\u00bb1.8em\u00bb content_font=\u00bb||||||||\u00bb content_font_size=\u00bb16px\u00bb subhead_font=\u00bbRaleway|700|||||||\u00bb subhead_font_size=\u00bb56px\u00bb subhead_line_height=\u00bb1.4em\u00bb background_color=\u00bbrgba(126,190,197,0)\u00bb use_background_color_gradient=\u00bbon\u00bb background_color_gradient_start=\u00bb#000dff\u00bb background_color_gradient_end=\u00bbrgba(0,13,255,0.35)\u00bb background_color_gradient_direction=\u00bb90deg\u00bb background_color_gradient_start_position=\u00bb25%\u00bb background_color_gradient_end_position=\u00bb75%\u00bb background_color_gradient_overlays_image=\u00bbon\u00bb button_one_icon=\u00bb&#x24;||divi||400&#8243; button_two_icon=\u00bb&#x24;||divi||400&#8243; custom_padding=\u00bb10vw||28vw|\u00bb content_font_size_last_edited=\u00bboff|desktop\u00bb subhead_font_size_tablet=\u00bb56px\u00bb subhead_font_size_phone=\u00bb36px\u00bb subhead_font_size_last_edited=\u00bbon|phone\u00bb button_one_letter_spacing_hover=\u00bb2px\u00bb button_two_letter_spacing_hover=\u00bb2px\u00bb global_colors_info=\u00bb{}\u00bb button_one_text_size__hover_enabled=\u00bboff\u00bb button_two_text_size__hover_enabled=\u00bboff\u00bb button_one_text_color__hover_enabled=\u00bboff\u00bb button_two_text_color__hover_enabled=\u00bboff\u00bb button_one_border_width__hover_enabled=\u00bboff\u00bb button_two_border_width__hover_enabled=\u00bboff\u00bb button_one_border_color__hover_enabled=\u00bboff\u00bb button_two_border_color__hover_enabled=\u00bboff\u00bb button_one_border_radius__hover_enabled=\u00bboff\u00bb button_two_border_radius__hover_enabled=\u00bboff\u00bb button_one_letter_spacing__hover_enabled=\u00bbon\u00bb button_one_letter_spacing__hover=\u00bb2px\u00bb button_two_letter_spacing__hover_enabled=\u00bbon\u00bb button_two_letter_spacing__hover=\u00bb2px\u00bb button_one_bg_color__hover_enabled=\u00bboff\u00bb button_two_bg_color__hover_enabled=\u00bboff\u00bb][\/et_pb_fullwidth_header][\/et_pb_section][et_pb_section fb_built=\u00bb1&#8243; _builder_version=\u00bb4.14.7&#8243; width=\u00bb100%\u00bb max_width=\u00bb100%\u00bb min_height=\u00bb162px\u00bb height=\u00bb130px\u00bb max_height=\u00bb1000px\u00bb custom_margin=\u00bb-47px||-81px||false|false\u00bb custom_margin_tablet=\u00bb\u00bb custom_margin_phone=\u00bb||0px|\u00bb custom_margin_last_edited=\u00bbon|phone\u00bb custom_padding=\u00bb0px||4px||false|false\u00bb global_colors_info=\u00bb{}\u00bb][et_pb_row _builder_version=\u00bb3.25&#8243; width=\u00bb100%\u00bb max_width=\u00bb100%\u00bb custom_margin=\u00bb|||\u00bb custom_padding=\u00bb0|0px||0px|false|false\u00bb use_custom_width=\u00bbon\u00bb width_unit=\u00bboff\u00bb custom_width_percent=\u00bb100%\u00bb global_colors_info=\u00bb{}\u00bb][et_pb_column type=\u00bb4_4&#8243; _builder_version=\u00bb3.25&#8243; custom_padding=\u00bb|||\u00bb global_colors_info=\u00bb{}\u00bb custom_padding__hover=\u00bb|||\u00bb][et_pb_text _builder_version=\u00bb3.27.4&#8243; text_font=\u00bbRaleway|800|||||||\u00bb text_font_size=\u00bb27vw\u00bb text_line_height=\u00bb0.8em\u00bb header_font=\u00bb||||||||\u00bb background_layout=\u00bbdark\u00bb min_height=\u00bb279.3px\u00bb custom_margin=\u00bb-14vw||-30px|-2%||\u00bb custom_padding=\u00bb||0px|||\u00bb animation_style=\u00bbslide\u00bb animation_direction=\u00bbbottom\u00bb animation_intensity_slide=\u00bb5%\u00bb animation_starting_opacity=\u00bb100%\u00bb text_font_size_tablet=\u00bb\u00bb text_font_size_phone=\u00bb\u00bb text_font_size_last_edited=\u00bbon|tablet\u00bb global_colors_info=\u00bb{}\u00bb]<\/p>\n<p>DCV<\/p>\n<p>[\/et_pb_text][\/et_pb_column][\/et_pb_row][\/et_pb_section][et_pb_section fb_built=\u00bb1&#8243; use_custom_gutter=\u00bbon\u00bb specialty=\u00bbon\u00bb padding_top_1=\u00bb0px\u00bb admin_label=\u00bbService Section\u00bb _builder_version=\u00bb3.22&#8243; custom_padding=\u00bb62px|0px|54px|0px|false|false\u00bb global_colors_info=\u00bb{}\u00bb][et_pb_column type=\u00bb1_3&#8243; _builder_version=\u00bb3.25&#8243; custom_padding=\u00bb|||\u00bb global_colors_info=\u00bb{}\u00bb custom_padding__hover=\u00bb|||\u00bb][et_pb_image src=\u00bbhttp:\/\/dcv.artcom.mx\/pda\/1170408\/wp-content\/uploads\/sites\/11\/2022\/05\/job_recruitement_11-1.png\u00bb align_tablet=\u00bbcenter\u00bb align_phone=\u00bbcenter\u00bb align_last_edited=\u00bbon|desktop\u00bb _builder_version=\u00bb3.23&#8243; max_width_tablet=\u00bb300px\u00bb max_width_phone=\u00bb\u00bb max_width_last_edited=\u00bbon|tablet\u00bb custom_margin=\u00bb|||-60%\u00bb custom_margin_tablet=\u00bb|||0px\u00bb custom_margin_phone=\u00bb\u00bb custom_margin_last_edited=\u00bbon|tablet\u00bb animation_style=\u00bbslide\u00bb animation_direction=\u00bbright\u00bb animation_intensity_slide=\u00bb6%\u00bb global_colors_info=\u00bb{}\u00bb][\/et_pb_image][\/et_pb_column][et_pb_column type=\u00bb2_3&#8243; specialty_columns=\u00bb2&#8243; _builder_version=\u00bb3.25&#8243; custom_padding=\u00bb|||\u00bb global_colors_info=\u00bb{}\u00bb custom_padding__hover=\u00bb|||\u00bb][et_pb_row_inner _builder_version=\u00bb3.25&#8243; custom_padding=\u00bb0|0px|29.6875px|0px|false|false\u00bb global_colors_info=\u00bb{}\u00bb][et_pb_column_inner saved_specialty_column_type=\u00bb2_3&#8243; _builder_version=\u00bb3.25&#8243; custom_padding=\u00bb|||\u00bb global_colors_info=\u00bb{}\u00bb custom_padding__hover=\u00bb|||\u00bb][et_pb_text _builder_version=\u00bb3.27.4&#8243; ul_font=\u00bb||||||||\u00bb ol_font=\u00bb||||||||\u00bb header_font=\u00bb||||||||\u00bb header_2_font=\u00bbRaleway|700|||||||\u00bb header_2_font_size=\u00bb56px\u00bb header_2_line_height=\u00bb1.2em\u00bb custom_margin=\u00bb||20px|\u00bb header_2_font_size_tablet=\u00bb36px\u00bb header_2_font_size_phone=\u00bb\u00bb header_2_font_size_last_edited=\u00bbon|phone\u00bb global_colors_info=\u00bb{}\u00bb]<\/p>\n<h2>POV &#8211; Mi carrera<\/h2>\n<p>[\/et_pb_text][et_pb_divider color=\u00bb#29cb8b\u00bb divider_weight=\u00bb3px\u00bb _builder_version=\u00bb3.2&#8243; max_width=\u00bb50px\u00bb global_colors_info=\u00bb{}\u00bb][\/et_pb_divider][\/et_pb_column_inner][\/et_pb_row_inner][et_pb_row_inner column_structure=\u00bb1_2,1_2&#8243; _builder_version=\u00bb3.25&#8243; global_colors_info=\u00bb{}\u00bb][et_pb_column_inner type=\u00bb1_2&#8243; saved_specialty_column_type=\u00bb2_3&#8243; _builder_version=\u00bb3.25&#8243; custom_padding=\u00bb|||\u00bb global_colors_info=\u00bb{}\u00bb custom_padding__hover=\u00bb|||\u00bb][et_pb_text _builder_version=\u00bb4.14.7&#8243; text_font=\u00bbPoppins||||||||\u00bb text_font_size=\u00bb16px\u00bb text_line_height=\u00bb1.8em\u00bb link_font=\u00bbPoppins|600||on|on|||rgba(0,0,0,0.13)|\u00bb link_text_color=\u00bb#27cb8b\u00bb link_font_size=\u00bb13px\u00bb link_letter_spacing=\u00bb2px\u00bb header_font=\u00bb||||||||\u00bb header_3_font=\u00bbRaleway|700|||||||\u00bb header_3_line_height=\u00bb1.6em\u00bb global_colors_info=\u00bb{}\u00bb]<\/p>\n<h3>Resolvemos problemas Gr\u00e1ficos para las personas<\/h3>\n<p>A trav\u00e9s de las herramientas tecnicas (software) ejecutamos las soluciones que el usuario esta buscando. Investigando y proponiendo lo mejor para el cliente.<\/p>\n<p>[\/et_pb_text][et_pb_text _builder_version=\u00bb4.14.7&#8243; text_font=\u00bbPoppins||||||||\u00bb text_font_size=\u00bb16px\u00bb text_line_height=\u00bb1.8em\u00bb link_font=\u00bbPoppins|600||on|on|||rgba(0,0,0,0.13)|\u00bb link_text_color=\u00bb#27cb8b\u00bb link_font_size=\u00bb13px\u00bb link_letter_spacing=\u00bb2px\u00bb header_font=\u00bb||||||||\u00bb header_3_font=\u00bbRaleway|700|||||||\u00bb header_3_line_height=\u00bb1.6em\u00bb hover_enabled=\u00bb0&#8243; global_colors_info=\u00bb{}\u00bb sticky_enabled=\u00bb0&#8243;]<\/p>\n<h3>Conectamos con personas<\/h3>\n<p>La conexi\u00f3n con el cliente es real y dentro de las entrevistas las soluciones que se requieren son para que las personas puedan conectar con el dise\u00f1o.<\/p>\n<p>[\/et_pb_text][\/et_pb_column_inner][et_pb_column_inner type=\u00bb1_2&#8243; saved_specialty_column_type=\u00bb2_3&#8243; _builder_version=\u00bb3.25&#8243; custom_padding=\u00bb|||\u00bb global_colors_info=\u00bb{}\u00bb custom_padding__hover=\u00bb|||\u00bb][et_pb_text _builder_version=\u00bb4.14.7&#8243; text_font=\u00bbPoppins||||||||\u00bb text_font_size=\u00bb16px\u00bb text_line_height=\u00bb1.8em\u00bb link_font=\u00bbPoppins|600||on|on|||rgba(0,0,0,0.13)|\u00bb link_text_color=\u00bb#27cb8b\u00bb link_font_size=\u00bb13px\u00bb link_letter_spacing=\u00bb2px\u00bb header_font=\u00bb||||||||\u00bb header_3_font=\u00bbRaleway|700|||||||\u00bb header_3_line_height=\u00bb1.6em\u00bb hover_enabled=\u00bb0&#8243; global_colors_info=\u00bb{}\u00bb sticky_enabled=\u00bb0&#8243;]<\/p>\n<h3>Hay muchas ramas para explorar<\/h3>\n<p>No solo es dise\u00f1ar post, tambi\u00e9n hay video, 3D, Tipograf\u00eda, Ilustraci\u00f3n, Fotograf\u00eda, Diagramaci\u00f3n de Libros y Revistas,<\/p>\n<p>&nbsp;<\/p>\n<p>[\/et_pb_text][\/et_pb_column_inner][\/et_pb_row_inner][et_pb_row_inner column_structure=\u00bb1_2,1_2&#8243; _builder_version=\u00bb3.25&#8243; global_colors_info=\u00bb{}\u00bb][et_pb_column_inner type=\u00bb1_2&#8243; saved_specialty_column_type=\u00bb2_3&#8243; _builder_version=\u00bb3.25&#8243; custom_padding=\u00bb|||\u00bb global_colors_info=\u00bb{}\u00bb custom_padding__hover=\u00bb|||\u00bb][et_pb_text _builder_version=\u00bb4.14.7&#8243; text_font=\u00bbPoppins||||||||\u00bb text_font_size=\u00bb16px\u00bb text_line_height=\u00bb1.8em\u00bb link_font=\u00bbPoppins|600||on|on|||rgba(0,0,0,0.13)|\u00bb link_text_color=\u00bb#27cb8b\u00bb link_font_size=\u00bb13px\u00bb link_letter_spacing=\u00bb2px\u00bb header_font=\u00bb||||||||\u00bb header_3_font=\u00bbRaleway|700|||||||\u00bb header_3_line_height=\u00bb1.6em\u00bb hover_enabled=\u00bb0&#8243; global_colors_info=\u00bb{}\u00bb sticky_enabled=\u00bb0&#8243;]<\/p>\n<h3>Trabajo remoto<\/h3>\n<p>Puedes hacer home office o en otro lugar\u00a0<\/p>\n<p>&nbsp;<\/p>\n<p>[\/et_pb_text][\/et_pb_column_inner][et_pb_column_inner type=\u00bb1_2&#8243; saved_specialty_column_type=\u00bb2_3&#8243; _builder_version=\u00bb3.25&#8243; custom_padding=\u00bb|||\u00bb global_colors_info=\u00bb{}\u00bb custom_padding__hover=\u00bb|||\u00bb][et_pb_text _builder_version=\u00bb4.14.7&#8243; text_font=\u00bbPoppins||||||||\u00bb text_font_size=\u00bb16px\u00bb text_line_height=\u00bb1.8em\u00bb link_font=\u00bbPoppins|600||on|on|||rgba(0,0,0,0.13)|\u00bb link_text_color=\u00bb#27cb8b\u00bb link_font_size=\u00bb13px\u00bb link_letter_spacing=\u00bb2px\u00bb header_font=\u00bb||||||||\u00bb header_3_font=\u00bbRaleway|700|||||||\u00bb header_3_line_height=\u00bb1.6em\u00bb hover_enabled=\u00bb0&#8243; global_colors_info=\u00bb{}\u00bb sticky_enabled=\u00bb0&#8243;]<\/p>\n<h3>Creatividad como Soluci\u00f3n<\/h3>\n<p>La creatividad es interdisciplinaria y siempre se utilizan diferentes medios para llegar a un resultado.<\/p>\n<p>[\/et_pb_text][\/et_pb_column_inner][\/et_pb_row_inner][\/et_pb_column][\/et_pb_section]<\/p>\n","protected":false},"excerpt":{"rendered":"<p>DCVPOV &#8211; Mi carreraResolvemos problemas Gr\u00e1ficos para las personas A trav\u00e9s de las herramientas tecnicas (software) ejecutamos las soluciones que el usuario esta buscando. Investigando y proponiendo lo mejor para el cliente.Conectamos con personas La conexi\u00f3n con el cliente es real y dentro de las entrevistas las soluciones que se requieren son para que las [&hellip;]<\/p>\n","protected":false},"author":15,"featured_media":0,"parent":0,"menu_order":3,"comment_status":"closed","ping_status":"closed","template":"","meta":{"_et_pb_use_builder":"on","_et_pb_old_content":"","_et_gb_content_width":"","inline_featured_image":false,"footnotes":""},"_links":{"self":[{"href":"https:\/\/dcv.artcom.mx\/pda\/1170408\/wp-json\/wp\/v2\/pages\/7"}],"collection":[{"href":"https:\/\/dcv.artcom.mx\/pda\/1170408\/wp-json\/wp\/v2\/pages"}],"about":[{"href":"https:\/\/dcv.artcom.mx\/pda\/1170408\/wp-json\/wp\/v2\/types\/page"}],"author":[{"embeddable":true,"href":"https:\/\/dcv.artcom.mx\/pda\/1170408\/wp-json\/wp\/v2\/users\/15"}],"replies":[{"embeddable":true,"href":"https:\/\/dcv.artcom.mx\/pda\/1170408\/wp-json\/wp\/v2\/comments?post=7"}],"version-history":[{"count":4,"href":"https:\/\/dcv.artcom.mx\/pda\/1170408\/wp-json\/wp\/v2\/pages\/7\/revisions"}],"predecessor-version":[{"id":411,"href":"https:\/\/dcv.artcom.mx\/pda\/1170408\/wp-json\/wp\/v2\/pages\/7\/revisions\/411"}],"wp:attachment":[{"href":"https:\/\/dcv.artcom.mx\/pda\/1170408\/wp-json\/wp\/v2\/media?parent=7"}],"curies":[{"name":"wp","href":"https:\/\/api.w.org\/{rel}","templated":true}]}}