{"id":590,"date":"2021-05-05T00:57:59","date_gmt":"2021-05-05T00:57:59","guid":{"rendered":"http:\/\/dcv.artcom.mx\/pda\/1170308\/?page_id=590"},"modified":"2021-05-05T01:01:05","modified_gmt":"2021-05-05T01:01:05","slug":"quinto-semestre-4","status":"publish","type":"page","link":"https:\/\/dcv.artcom.mx\/pda\/1170308\/quinto-semestre-4\/","title":{"rendered":"Quinto semestre.4"},"content":{"rendered":"<p>[et_pb_section fb_built=\u00bb1&#8243; specialty=\u00bbon\u00bb _builder_version=\u00bb4.9.2&#8243; _module_preset=\u00bbdefault\u00bb custom_padding=\u00bb60px||210px|||\u00bb][et_pb_column type=\u00bb1_2&#8243; specialty_columns=\u00bb2&#8243; _builder_version=\u00bb3.25&#8243; custom_padding=\u00bb|||\u00bb custom_padding__hover=\u00bb|||\u00bb][et_pb_row_inner _builder_version=\u00bb4.9.2&#8243; _module_preset=\u00bbdefault\u00bb custom_padding=\u00bb0px||0px|||\u00bb][et_pb_column_inner saved_specialty_column_type=\u00bb1_2&#8243; _builder_version=\u00bb4.9.2&#8243; _module_preset=\u00bbdefault\u00bb][et_pb_text _builder_version=\u00bb4.9.2&#8243; _module_preset=\u00bbdefault\u00bb]<\/p>\n<h4>PORTAFOLIO FOTOGRAF\u00cdA COMERCIAL<\/h4>\n<p>[\/et_pb_text][et_pb_text _builder_version=\u00bb4.9.4&#8243; _module_preset=\u00bbdefault\u00bb custom_margin=\u00bb||-2px|||\u00bb custom_padding=\u00bb||0px|||\u00bb hover_enabled=\u00bb0&#8243; text_line_height=\u00bb2em\u00bb sticky_enabled=\u00bb0&#8243;]<\/p>\n<p style=\"text-align: justify\"><span style=\"font-weight: 400\">Conjunto de fotograf\u00edas realizadas como exploraci\u00f3n y aprendizaje para la asignatura\u00a0 \u00abFotograf\u00eda comercial\u00bb.<\/span><\/p>\n<p><strong><span style=\"color: #007965\">N\u00famero de piezas gr\u00e1ficas:<\/span> <span style=\"color: #00af91\">31<\/span><\/strong><\/p>\n<p><strong><span style=\"color: #00af91\"><span style=\"color: #007965\">Materia:<\/span> Fotograf\u00eda Comercial<\/span><\/strong><\/p>\n<p><strong><span style=\"color: #00af91\"><span style=\"color: #007965\">Profesor:<\/span> Lic. Ingrid Gallardo<\/span><\/strong><\/p>\n<p>&nbsp;<\/p>\n<p>[\/et_pb_text][\/et_pb_column_inner][\/et_pb_row_inner][et_pb_row_inner column_structure=\u00bb1_3,1_3,1_3&#8243; _builder_version=\u00bb4.9.2&#8243; _module_preset=\u00bbdefault\u00bb custom_padding=\u00bb0px||0px|||\u00bb][et_pb_column_inner type=\u00bb1_3&#8243; saved_specialty_column_type=\u00bb1_2&#8243; _builder_version=\u00bb4.9.2&#8243; _module_preset=\u00bbdefault\u00bb][et_pb_button button_url=\u00bbhttp:\/\/dcv.artcom.mx\/pda\/1170308\/quinto-semestre-3\/\u00bb button_text=\u00bbAnterior\u00bb _builder_version=\u00bb4.9.2&#8243; _module_preset=\u00bbdefault\u00bb custom_button=\u00bbon\u00bb button_text_color=\u00bb#FFFFFF\u00bb button_bg_color=\u00bb#00AF91&#8243; button_border_color=\u00bb#00AF91&#8243; button_icon=\u00bb%%19%%\u00bb button_icon_placement=\u00bbleft\u00bb box_shadow_style=\u00bbpreset3&#8243;][\/et_pb_button][\/et_pb_column_inner][et_pb_column_inner type=\u00bb1_3&#8243; saved_specialty_column_type=\u00bb1_2&#8243; _builder_version=\u00bb4.9.2&#8243; _module_preset=\u00bbdefault\u00bb][\/et_pb_column_inner][et_pb_column_inner type=\u00bb1_3&#8243; saved_specialty_column_type=\u00bb1_2&#8243; _builder_version=\u00bb4.9.2&#8243; _module_preset=\u00bbdefault\u00bb][et_pb_button button_url=\u00bbhttp:\/\/dcv.artcom.mx\/pda\/1170308\/quinto-semestre-5\/\u00bb button_text=\u00bbSiguiente\u00bb _builder_version=\u00bb4.9.2&#8243; _module_preset=\u00bbdefault\u00bb custom_button=\u00bbon\u00bb button_text_color=\u00bb#FFFFFF\u00bb button_bg_color=\u00bb#00AF91&#8243; button_border_color=\u00bb#00AF91&#8243; button_icon=\u00bb%%20%%\u00bb box_shadow_style=\u00bbpreset3&#8243;][\/et_pb_button][\/et_pb_column_inner][\/et_pb_row_inner][\/et_pb_column][et_pb_column type=\u00bb1_2&#8243; _builder_version=\u00bb3.25&#8243; custom_padding=\u00bb|||\u00bb custom_padding__hover=\u00bb|||\u00bb][et_pb_gallery gallery_ids=\u00bb293,294,295,296,297,298,299,300,301&#8243; fullwidth=\u00bbon\u00bb _builder_version=\u00bb4.9.2&#8243; _module_preset=\u00bbdefault\u00bb custom_margin=\u00bb-8px|||||\u00bb][\/et_pb_gallery][\/et_pb_column][\/et_pb_section]<\/p>\n","protected":false},"excerpt":{"rendered":"<p>PORTAFOLIO FOTOGRAF\u00cdA COMERCIALConjunto de fotograf\u00edas realizadas como exploraci\u00f3n y aprendizaje para la asignatura\u00a0 \u00abFotograf\u00eda comercial\u00bb. N\u00famero de piezas gr\u00e1ficas: 31 Materia: Fotograf\u00eda Comercial Profesor: Lic. Ingrid Gallardo &nbsp;<\/p>\n","protected":false},"author":13,"featured_media":0,"parent":0,"menu_order":0,"comment_status":"closed","ping_status":"closed","template":"","meta":{"_et_pb_use_builder":"on","_et_pb_old_content":"<!-- wp:embed {\"url\":\"https:\/\/issuu.com\/almaanali\/docs\/manual_de_e42\",\"type\":\"rich\",\"providerNameSlug\":\"issuu\",\"responsive\":true,\"className\":\"\"} -->\n<figure class=\"wp-block-embed is-type-rich is-provider-issuu wp-block-embed-issuu\"><div class=\"wp-block-embed__wrapper\">\nhttps:\/\/issuu.com\/almaanali\/docs\/manual_de_e42\n<\/div><\/figure>\n<!-- \/wp:embed -->","_et_gb_content_width":"","inline_featured_image":false,"footnotes":""},"_links":{"self":[{"href":"https:\/\/dcv.artcom.mx\/pda\/1170308\/wp-json\/wp\/v2\/pages\/590"}],"collection":[{"href":"https:\/\/dcv.artcom.mx\/pda\/1170308\/wp-json\/wp\/v2\/pages"}],"about":[{"href":"https:\/\/dcv.artcom.mx\/pda\/1170308\/wp-json\/wp\/v2\/types\/page"}],"author":[{"embeddable":true,"href":"https:\/\/dcv.artcom.mx\/pda\/1170308\/wp-json\/wp\/v2\/users\/13"}],"replies":[{"embeddable":true,"href":"https:\/\/dcv.artcom.mx\/pda\/1170308\/wp-json\/wp\/v2\/comments?post=590"}],"version-history":[{"count":2,"href":"https:\/\/dcv.artcom.mx\/pda\/1170308\/wp-json\/wp\/v2\/pages\/590\/revisions"}],"predecessor-version":[{"id":834,"href":"https:\/\/dcv.artcom.mx\/pda\/1170308\/wp-json\/wp\/v2\/pages\/590\/revisions\/834"}],"wp:attachment":[{"href":"https:\/\/dcv.artcom.mx\/pda\/1170308\/wp-json\/wp\/v2\/media?parent=590"}],"curies":[{"name":"wp","href":"https:\/\/api.w.org\/{rel}","templated":true}]}}