{"id":589,"date":"2021-04-24T18:13:00","date_gmt":"2021-04-24T18:13:00","guid":{"rendered":"http:\/\/dcv.artcom.mx\/pda\/1170308\/?page_id=589"},"modified":"2021-07-27T03:38:56","modified_gmt":"2021-07-27T03:38:56","slug":"sexto-semestre-3","status":"publish","type":"page","link":"https:\/\/dcv.artcom.mx\/pda\/1170308\/sexto-semestre-3\/","title":{"rendered":"Sexto semestre.3"},"content":{"rendered":"<p>[et_pb_section fb_built=\u00bb1&#8243; specialty=\u00bbon\u00bb _builder_version=\u00bb4.9.2&#8243; _module_preset=\u00bbdefault\u00bb custom_padding=\u00bb60px||210px|||\u00bb][et_pb_column type=\u00bb1_2&#8243; specialty_columns=\u00bb2&#8243; _builder_version=\u00bb3.25&#8243; custom_padding=\u00bb|||\u00bb custom_padding__hover=\u00bb|||\u00bb][et_pb_row_inner _builder_version=\u00bb4.9.2&#8243; _module_preset=\u00bbdefault\u00bb custom_padding=\u00bb0px||0px|||\u00bb][et_pb_column_inner saved_specialty_column_type=\u00bb1_2&#8243; _builder_version=\u00bb4.9.2&#8243; _module_preset=\u00bbdefault\u00bb][et_pb_text _builder_version=\u00bb4.9.4&#8243; _module_preset=\u00bbdefault\u00bb]<\/p>\n<h4>NO M\u00c1S PREJUICIOS<\/h4>\n<p>[\/et_pb_text][et_pb_text _builder_version=\u00bb4.9.4&#8243; _module_preset=\u00bbdefault\u00bb text_line_height=\u00bb2em\u00bb custom_margin=\u00bb||-2px|||\u00bb custom_padding=\u00bb||0px|||\u00bb]<\/p>\n<p style=\"text-align: justify\">Pieza de dise\u00f1o que busca acompa\u00f1ar de forma gr\u00e1fica mi postura ante una de las problem\u00e1ticas que afronta el gremio del dise\u00f1o gr\u00e1fico ligadas a la desinformaci\u00f3n y prejuicios de la misma.<\/p>\n<p><strong><span style=\"color: #007965\">Materia:<\/span> <span style=\"color: #00af91\">Dise\u00f1o\u00a0<\/span><\/strong><span style=\"color: #00af91\"><b>Contempor\u00e1neo<\/b><\/span><strong> <\/strong><\/p>\n<p><strong><span style=\"color: #007965\">Profesor: <span style=\"color: #00af91\">Lic.<\/span><\/span> <span style=\"color: #00af91\">Mois\u00e9s Varela<\/span><br \/><\/strong><strong><span style=\"color: #00af91\"><\/span><\/strong><\/p>\n<p>&nbsp;<\/p>\n<p>[\/et_pb_text][\/et_pb_column_inner][\/et_pb_row_inner][et_pb_row_inner column_structure=\u00bb1_3,1_3,1_3&#8243; _builder_version=\u00bb4.9.2&#8243; _module_preset=\u00bbdefault\u00bb custom_padding=\u00bb0px||0px|||\u00bb][et_pb_column_inner type=\u00bb1_3&#8243; saved_specialty_column_type=\u00bb1_2&#8243; _builder_version=\u00bb4.9.2&#8243; _module_preset=\u00bbdefault\u00bb][et_pb_button button_url=\u00bbhttp:\/\/dcv.artcom.mx\/pda\/1170308\/sexto-semestre-2\/\u00bb button_text=\u00bbAnterior\u00bb _builder_version=\u00bb4.9.4&#8243; _module_preset=\u00bbdefault\u00bb custom_button=\u00bbon\u00bb button_text_color=\u00bb#FFFFFF\u00bb button_bg_color=\u00bb#00AF91&#8243; button_border_color=\u00bb#00AF91&#8243; button_icon=\u00bb%%19%%\u00bb button_icon_placement=\u00bbleft\u00bb box_shadow_style=\u00bbpreset3&#8243;][\/et_pb_button][\/et_pb_column_inner][et_pb_column_inner type=\u00bb1_3&#8243; saved_specialty_column_type=\u00bb1_2&#8243; _builder_version=\u00bb4.9.2&#8243; _module_preset=\u00bbdefault\u00bb][\/et_pb_column_inner][et_pb_column_inner type=\u00bb1_3&#8243; saved_specialty_column_type=\u00bb1_2&#8243; _builder_version=\u00bb4.9.2&#8243; _module_preset=\u00bbdefault\u00bb][et_pb_button button_url=\u00bbhttp:\/\/dcv.artcom.mx\/pda\/1170308\/sexto-semestre-4\/\u00bb button_text=\u00bbSiguiente\u00bb _builder_version=\u00bb4.9.4&#8243; _module_preset=\u00bbdefault\u00bb custom_button=\u00bbon\u00bb button_text_color=\u00bb#FFFFFF\u00bb button_bg_color=\u00bb#00AF91&#8243; button_border_color=\u00bb#00AF91&#8243; button_icon=\u00bb%%20%%\u00bb box_shadow_style=\u00bbpreset3&#8243;][\/et_pb_button][\/et_pb_column_inner][\/et_pb_row_inner][\/et_pb_column][et_pb_column type=\u00bb1_2&#8243; _builder_version=\u00bb3.25&#8243; custom_padding=\u00bb|||\u00bb custom_padding__hover=\u00bb|||\u00bb][et_pb_gallery _builder_version=\u00bb4.9.4&#8243; _module_preset=\u00bbdefault\u00bb gallery_ids=\u00bb731&#8243; fullwidth=\u00bbon\u00bb hover_enabled=\u00bb0&#8243; sticky_enabled=\u00bb0&#8243;][\/et_pb_gallery][\/et_pb_column][\/et_pb_section]<\/p>\n","protected":false},"excerpt":{"rendered":"<p>NO M\u00c1S PREJUICIOSPieza de dise\u00f1o que busca acompa\u00f1ar de forma gr\u00e1fica mi postura ante una de las problem\u00e1ticas que afronta el gremio del dise\u00f1o gr\u00e1fico ligadas a la desinformaci\u00f3n y prejuicios de la misma. Materia: Dise\u00f1o\u00a0Contempor\u00e1neo Profesor: Lic. Mois\u00e9s Varela &nbsp;<\/p>\n","protected":false},"author":13,"featured_media":0,"parent":0,"menu_order":0,"comment_status":"closed","ping_status":"closed","template":"","meta":{"_et_pb_use_builder":"on","_et_pb_old_content":"<!-- wp:embed {\"url\":\"https:\/\/issuu.com\/almaanali\/docs\/manual_de_e42\",\"type\":\"rich\",\"providerNameSlug\":\"issuu\",\"responsive\":true,\"className\":\"\"} -->\n<figure class=\"wp-block-embed is-type-rich is-provider-issuu wp-block-embed-issuu\"><div class=\"wp-block-embed__wrapper\">\nhttps:\/\/issuu.com\/almaanali\/docs\/manual_de_e42\n<\/div><\/figure>\n<!-- \/wp:embed -->","_et_gb_content_width":"","inline_featured_image":false,"footnotes":""},"_links":{"self":[{"href":"https:\/\/dcv.artcom.mx\/pda\/1170308\/wp-json\/wp\/v2\/pages\/589"}],"collection":[{"href":"https:\/\/dcv.artcom.mx\/pda\/1170308\/wp-json\/wp\/v2\/pages"}],"about":[{"href":"https:\/\/dcv.artcom.mx\/pda\/1170308\/wp-json\/wp\/v2\/types\/page"}],"author":[{"embeddable":true,"href":"https:\/\/dcv.artcom.mx\/pda\/1170308\/wp-json\/wp\/v2\/users\/13"}],"replies":[{"embeddable":true,"href":"https:\/\/dcv.artcom.mx\/pda\/1170308\/wp-json\/wp\/v2\/comments?post=589"}],"version-history":[{"count":11,"href":"https:\/\/dcv.artcom.mx\/pda\/1170308\/wp-json\/wp\/v2\/pages\/589\/revisions"}],"predecessor-version":[{"id":947,"href":"https:\/\/dcv.artcom.mx\/pda\/1170308\/wp-json\/wp\/v2\/pages\/589\/revisions\/947"}],"wp:attachment":[{"href":"https:\/\/dcv.artcom.mx\/pda\/1170308\/wp-json\/wp\/v2\/media?parent=589"}],"curies":[{"name":"wp","href":"https:\/\/api.w.org\/{rel}","templated":true}]}}