{"id":588,"date":"2021-04-24T18:12:55","date_gmt":"2021-04-24T18:12:55","guid":{"rendered":"http:\/\/dcv.artcom.mx\/pda\/1170308\/?page_id=588"},"modified":"2021-05-04T04:36:23","modified_gmt":"2021-05-04T04:36:23","slug":"sexto-semestre-2","status":"publish","type":"page","link":"https:\/\/dcv.artcom.mx\/pda\/1170308\/sexto-semestre-2\/","title":{"rendered":"Sexto semestre.2"},"content":{"rendered":"<p>[et_pb_section fb_built=\u00bb1&#8243; specialty=\u00bbon\u00bb _builder_version=\u00bb4.9.3&#8243; _module_preset=\u00bbdefault\u00bb custom_padding=\u00bb60px||210px||false|\u00bb][et_pb_column type=\u00bb1_2&#8243; specialty_columns=\u00bb2&#8243; _builder_version=\u00bb3.25&#8243; custom_padding=\u00bb|||\u00bb custom_padding__hover=\u00bb|||\u00bb][et_pb_row_inner _builder_version=\u00bb4.9.2&#8243; _module_preset=\u00bbdefault\u00bb custom_padding=\u00bb0px||0px|||\u00bb][et_pb_column_inner saved_specialty_column_type=\u00bb1_2&#8243; _builder_version=\u00bb4.9.2&#8243; _module_preset=\u00bbdefault\u00bb][et_pb_text _builder_version=\u00bb4.9.3&#8243; _module_preset=\u00bbdefault\u00bb]<\/p>\n<h4>JAQUE MATE A LA BAUHAUS<\/h4>\n<p>[\/et_pb_text][et_pb_text _builder_version=\u00bb4.9.4&#8243; _module_preset=\u00bbdefault\u00bb text_line_height=\u00bb2em\u00bb custom_margin=\u00bb||-2px|||\u00bb custom_padding=\u00bb||0px|||\u00bb]<\/p>\n<p style=\"text-align: justify\">Poster de car\u00e1cter informativo que busca unificar la historia de la Bauhaus, espec\u00edficamente el cierre de la instituci\u00f3n a causa del movimiento nazi con un juego de ajedrez <span>que segu\u00eda los criterios est\u00e9ticos de la Escuela de Dise\u00f1o, Arte y Arquitectura, el cual fue producido por Josef Hartwig.<\/span><\/p>\n<p style=\"text-align: left\"><span style=\"font-weight: bold;color: #007965\">Materia:<\/span> <span style=\"color: #00af91\"><b>Dise\u00f1o Contempor\u00e1neo\u00a0<\/b><\/span><span style=\"color: #00af91\"><b><\/b><\/span><\/p>\n<p style=\"text-align: left\"><span style=\"color: #00af91\"><b><span style=\"font-weight: bold;color: #007965\">Profesor:<\/span> Lic. <span style=\"color: #00af91\">Mois\u00e9s Varela<\/span><\/b><\/span><\/p>\n<p>&nbsp;<\/p>\n<p>[\/et_pb_text][\/et_pb_column_inner][\/et_pb_row_inner][et_pb_row_inner column_structure=\u00bb1_3,1_3,1_3&#8243; _builder_version=\u00bb4.9.2&#8243; _module_preset=\u00bbdefault\u00bb custom_padding=\u00bb0px||0px|||\u00bb][et_pb_column_inner type=\u00bb1_3&#8243; saved_specialty_column_type=\u00bb1_2&#8243; _builder_version=\u00bb4.9.2&#8243; _module_preset=\u00bbdefault\u00bb][et_pb_button button_url=\u00bbhttp:\/\/dcv.artcom.mx\/pda\/1170308\/sexto-semestre-1\/\u00bb button_text=\u00bbAnterior\u00bb _builder_version=\u00bb4.9.3&#8243; _module_preset=\u00bbdefault\u00bb custom_button=\u00bbon\u00bb button_text_color=\u00bb#FFFFFF\u00bb button_bg_color=\u00bb#00AF91&#8243; button_border_color=\u00bb#00AF91&#8243; button_icon=\u00bb%%19%%\u00bb button_icon_placement=\u00bbleft\u00bb box_shadow_style=\u00bbpreset3&#8243;][\/et_pb_button][\/et_pb_column_inner][et_pb_column_inner type=\u00bb1_3&#8243; saved_specialty_column_type=\u00bb1_2&#8243; _builder_version=\u00bb4.9.2&#8243; _module_preset=\u00bbdefault\u00bb][\/et_pb_column_inner][et_pb_column_inner type=\u00bb1_3&#8243; saved_specialty_column_type=\u00bb1_2&#8243; _builder_version=\u00bb4.9.2&#8243; _module_preset=\u00bbdefault\u00bb][et_pb_button button_url=\u00bbhttp:\/\/dcv.artcom.mx\/pda\/1170308\/sexto-semestre-3\/\u00bb button_text=\u00bbSiguiente\u00bb _builder_version=\u00bb4.9.3&#8243; _module_preset=\u00bbdefault\u00bb custom_button=\u00bbon\u00bb button_text_color=\u00bb#FFFFFF\u00bb button_bg_color=\u00bb#00AF91&#8243; button_border_color=\u00bb#00AF91&#8243; button_icon=\u00bb%%20%%\u00bb box_shadow_style=\u00bbpreset3&#8243;][\/et_pb_button][\/et_pb_column_inner][\/et_pb_row_inner][\/et_pb_column][et_pb_column type=\u00bb1_2&#8243; _builder_version=\u00bb3.25&#8243; custom_padding=\u00bb|||\u00bb custom_padding__hover=\u00bb|||\u00bb][et_pb_image src=\u00bbhttp:\/\/dcv.artcom.mx\/pda\/1170308\/wp-content\/uploads\/sites\/9\/2021\/05\/Bauhaus-649&#215;1024.jpg\u00bb title_text=\u00bbBauhaus\u00bb align=\u00bbcenter\u00bb _builder_version=\u00bb4.9.4&#8243; _module_preset=\u00bbdefault\u00bb max_width=\u00bb65%\u00bb custom_margin=\u00bb-16px|||||\u00bb hover_enabled=\u00bb0&#8243; show_in_lightbox=\u00bbon\u00bb sticky_enabled=\u00bb0&#8243;][\/et_pb_image][\/et_pb_column][\/et_pb_section]<\/p>\n","protected":false},"excerpt":{"rendered":"<p>JAQUE MATE A LA BAUHAUSPoster de car\u00e1cter informativo que busca unificar la historia de la Bauhaus, espec\u00edficamente el cierre de la instituci\u00f3n a causa del movimiento nazi con un juego de ajedrez que segu\u00eda los criterios est\u00e9ticos de la Escuela de Dise\u00f1o, Arte y Arquitectura, el cual fue producido por Josef Hartwig. Materia: Dise\u00f1o Contempor\u00e1neo\u00a0 [&hellip;]<\/p>\n","protected":false},"author":13,"featured_media":0,"parent":0,"menu_order":0,"comment_status":"closed","ping_status":"closed","template":"","meta":{"_et_pb_use_builder":"on","_et_pb_old_content":"<!-- wp:embed {\"url\":\"https:\/\/issuu.com\/almaanali\/docs\/manual_de_e42\",\"type\":\"rich\",\"providerNameSlug\":\"issuu\",\"responsive\":true,\"className\":\"\"} -->\n<figure class=\"wp-block-embed is-type-rich is-provider-issuu wp-block-embed-issuu\"><div class=\"wp-block-embed__wrapper\">\nhttps:\/\/issuu.com\/almaanali\/docs\/manual_de_e42\n<\/div><\/figure>\n<!-- \/wp:embed -->","_et_gb_content_width":"","inline_featured_image":false,"footnotes":""},"_links":{"self":[{"href":"https:\/\/dcv.artcom.mx\/pda\/1170308\/wp-json\/wp\/v2\/pages\/588"}],"collection":[{"href":"https:\/\/dcv.artcom.mx\/pda\/1170308\/wp-json\/wp\/v2\/pages"}],"about":[{"href":"https:\/\/dcv.artcom.mx\/pda\/1170308\/wp-json\/wp\/v2\/types\/page"}],"author":[{"embeddable":true,"href":"https:\/\/dcv.artcom.mx\/pda\/1170308\/wp-json\/wp\/v2\/users\/13"}],"replies":[{"embeddable":true,"href":"https:\/\/dcv.artcom.mx\/pda\/1170308\/wp-json\/wp\/v2\/comments?post=588"}],"version-history":[{"count":8,"href":"https:\/\/dcv.artcom.mx\/pda\/1170308\/wp-json\/wp\/v2\/pages\/588\/revisions"}],"predecessor-version":[{"id":782,"href":"https:\/\/dcv.artcom.mx\/pda\/1170308\/wp-json\/wp\/v2\/pages\/588\/revisions\/782"}],"wp:attachment":[{"href":"https:\/\/dcv.artcom.mx\/pda\/1170308\/wp-json\/wp\/v2\/media?parent=588"}],"curies":[{"name":"wp","href":"https:\/\/api.w.org\/{rel}","templated":true}]}}