{"id":378,"date":"2021-04-02T01:54:24","date_gmt":"2021-04-02T01:54:24","guid":{"rendered":"http:\/\/dcv.artcom.mx\/pda\/1170308\/?page_id=378"},"modified":"2021-05-12T06:18:38","modified_gmt":"2021-05-12T06:18:38","slug":"sexto-semestre-5","status":"publish","type":"page","link":"https:\/\/dcv.artcom.mx\/pda\/1170308\/sexto-semestre-5\/","title":{"rendered":"Sexto semestre.5"},"content":{"rendered":"<p>[et_pb_section fb_built=\u00bb1&#8243; _builder_version=\u00bb4.9.2&#8243; _module_preset=\u00bbdefault\u00bb custom_padding=\u00bb60px||0px|||\u00bb][et_pb_row _builder_version=\u00bb4.9.2&#8243; _module_preset=\u00bbdefault\u00bb custom_padding=\u00bb0px||0px|||\u00bb][et_pb_column type=\u00bb4_4&#8243; _builder_version=\u00bb4.9.2&#8243; _module_preset=\u00bbdefault\u00bb][et_pb_video src=\u00bbhttps:\/\/youtu.be\/l8hsQVvk-xc\u00bb _builder_version=\u00bb4.9.4&#8243; _module_preset=\u00bbdefault\u00bb width=\u00bb70%\u00bb module_alignment=\u00bbleft\u00bb custom_margin=\u00bb||1px|||\u00bb custom_padding=\u00bb||0px|||\u00bb src__hover_enabled=\u00bbon|desktop\u00bb][\/et_pb_video][\/et_pb_column][\/et_pb_row][\/et_pb_section][et_pb_section fb_built=\u00bb1&#8243; specialty=\u00bbon\u00bb _builder_version=\u00bb4.9.2&#8243; _module_preset=\u00bbdefault\u00bb custom_padding=\u00bb30px||210px|||\u00bb][et_pb_column type=\u00bb1_2&#8243; specialty_columns=\u00bb2&#8243; _builder_version=\u00bb3.25&#8243; custom_padding=\u00bb|||\u00bb custom_padding__hover=\u00bb|||\u00bb][et_pb_row_inner _builder_version=\u00bb4.9.3&#8243; _module_preset=\u00bbdefault\u00bb custom_padding=\u00bb0px||0px|||\u00bb][et_pb_column_inner saved_specialty_column_type=\u00bb1_2&#8243; _builder_version=\u00bb4.9.2&#8243; _module_preset=\u00bbdefault\u00bb][et_pb_text _builder_version=\u00bb4.9.3&#8243; _module_preset=\u00bbdefault\u00bb]<\/p>\n<h4>JUGUETE DE MDF<\/h4>\n<p>[\/et_pb_text][et_pb_text _builder_version=\u00bb4.9.4&#8243; _module_preset=\u00bbdefault\u00bb text_line_height=\u00bb2em\u00bb custom_margin=\u00bb||-2px|||\u00bb custom_padding=\u00bb||0px|||\u00bb]<\/p>\n<p style=\"text-align: justify\">Dise\u00f1o y producci\u00f3n de veh\u00edculo de juguete realizado con piezas de MDF y pl\u00e1stico.<\/p>\n<p><strong><span style=\"color: #007965\">Piezas: <span style=\"color: #00af91\">20<\/span><\/span><\/strong><strong><span style=\"color: #00af91\"><\/span><\/strong><\/p>\n<p><strong><span style=\"color: #00af91\"><span style=\"color: #007965\">Materia:<\/span> Dise\u00f1o Gr\u00e1fico Tridimensional<\/span><\/strong><\/p>\n<p><strong><span style=\"color: #00af91\"><span style=\"color: #007965\">Profesor:<\/span> Lic. Jos\u00e9 Fabian<\/span><\/strong><\/p>\n<p>&nbsp;<\/p>\n<p>[\/et_pb_text][\/et_pb_column_inner][\/et_pb_row_inner][et_pb_row_inner column_structure=\u00bb1_3,1_3,1_3&#8243; _builder_version=\u00bb4.9.2&#8243; _module_preset=\u00bbdefault\u00bb custom_padding=\u00bb0px||0px|||\u00bb][et_pb_column_inner type=\u00bb1_3&#8243; saved_specialty_column_type=\u00bb1_2&#8243; _builder_version=\u00bb4.9.2&#8243; _module_preset=\u00bbdefault\u00bb][et_pb_button button_url=\u00bbhttp:\/\/dcv.artcom.mx\/pda\/1170308\/sexto-semestre-4\/\u00bb button_text=\u00bbAnterior\u00bb _builder_version=\u00bb4.9.4&#8243; _module_preset=\u00bbdefault\u00bb custom_button=\u00bbon\u00bb button_text_color=\u00bb#FFFFFF\u00bb button_bg_color=\u00bb#00AF91&#8243; button_border_color=\u00bb#00AF91&#8243; button_icon=\u00bb%%19%%\u00bb button_icon_placement=\u00bbleft\u00bb box_shadow_style=\u00bbpreset3&#8243;][\/et_pb_button][\/et_pb_column_inner][et_pb_column_inner type=\u00bb1_3&#8243; saved_specialty_column_type=\u00bb1_2&#8243; _builder_version=\u00bb4.9.2&#8243; _module_preset=\u00bbdefault\u00bb][\/et_pb_column_inner][et_pb_column_inner type=\u00bb1_3&#8243; saved_specialty_column_type=\u00bb1_2&#8243; _builder_version=\u00bb4.9.2&#8243; _module_preset=\u00bbdefault\u00bb][et_pb_button button_url=\u00bbhttp:\/\/dcv.artcom.mx\/pda\/1170308\/sexto-semestre-6\/\u00bb button_text=\u00bbSiguiente\u00bb _builder_version=\u00bb4.9.4&#8243; _module_preset=\u00bbdefault\u00bb custom_button=\u00bbon\u00bb button_text_color=\u00bb#FFFFFF\u00bb button_bg_color=\u00bb#00AF91&#8243; button_border_color=\u00bb#00AF91&#8243; button_icon=\u00bb%%20%%\u00bb box_shadow_style=\u00bbpreset3&#8243;][\/et_pb_button][\/et_pb_column_inner][\/et_pb_row_inner][\/et_pb_column][et_pb_column type=\u00bb1_2&#8243; _builder_version=\u00bb3.25&#8243; custom_padding=\u00bb|||\u00bb custom_padding__hover=\u00bb|||\u00bb][et_pb_image src=\u00bbhttp:\/\/dcv.artcom.mx\/pda\/1170308\/wp-content\/uploads\/sites\/9\/2021\/03\/Expo-Artcom.png\u00bb title_text=\u00bbExpo Artcom\u00bb _builder_version=\u00bb4.9.4&#8243; _module_preset=\u00bbdefault\u00bb height=\u00bb150px\u00bb custom_margin=\u00bb-6px|||||\u00bb custom_padding=\u00bb||40px|||\u00bb animation_style=\u00bbzoom\u00bb hover_enabled=\u00bb0&#8243; locked=\u00bboff\u00bb sticky_enabled=\u00bb0&#8243;][\/et_pb_image][\/et_pb_column][\/et_pb_section]<\/p>\n","protected":false},"excerpt":{"rendered":"<p>JUGUETE DE MDFDise\u00f1o y producci\u00f3n de veh\u00edculo de juguete realizado con piezas de MDF y pl\u00e1stico. Piezas: 20 Materia: Dise\u00f1o Gr\u00e1fico Tridimensional Profesor: Lic. Jos\u00e9 Fabian &nbsp;<\/p>\n","protected":false},"author":13,"featured_media":0,"parent":0,"menu_order":0,"comment_status":"closed","ping_status":"closed","template":"","meta":{"_et_pb_use_builder":"on","_et_pb_old_content":"<!-- wp:embed {\"url\":\"https:\/\/issuu.com\/almaanali\/docs\/manual_de_e42\",\"type\":\"rich\",\"providerNameSlug\":\"issuu\",\"responsive\":true,\"className\":\"\"} -->\n<figure class=\"wp-block-embed is-type-rich is-provider-issuu wp-block-embed-issuu\"><div class=\"wp-block-embed__wrapper\">\nhttps:\/\/issuu.com\/almaanali\/docs\/manual_de_e42\n<\/div><\/figure>\n<!-- \/wp:embed -->","_et_gb_content_width":"","inline_featured_image":false,"footnotes":""},"_links":{"self":[{"href":"https:\/\/dcv.artcom.mx\/pda\/1170308\/wp-json\/wp\/v2\/pages\/378"}],"collection":[{"href":"https:\/\/dcv.artcom.mx\/pda\/1170308\/wp-json\/wp\/v2\/pages"}],"about":[{"href":"https:\/\/dcv.artcom.mx\/pda\/1170308\/wp-json\/wp\/v2\/types\/page"}],"author":[{"embeddable":true,"href":"https:\/\/dcv.artcom.mx\/pda\/1170308\/wp-json\/wp\/v2\/users\/13"}],"replies":[{"embeddable":true,"href":"https:\/\/dcv.artcom.mx\/pda\/1170308\/wp-json\/wp\/v2\/comments?post=378"}],"version-history":[{"count":16,"href":"https:\/\/dcv.artcom.mx\/pda\/1170308\/wp-json\/wp\/v2\/pages\/378\/revisions"}],"predecessor-version":[{"id":936,"href":"https:\/\/dcv.artcom.mx\/pda\/1170308\/wp-json\/wp\/v2\/pages\/378\/revisions\/936"}],"wp:attachment":[{"href":"https:\/\/dcv.artcom.mx\/pda\/1170308\/wp-json\/wp\/v2\/media?parent=378"}],"curies":[{"name":"wp","href":"https:\/\/api.w.org\/{rel}","templated":true}]}}