{"id":371,"date":"2021-04-02T01:42:42","date_gmt":"2021-04-02T01:42:42","guid":{"rendered":"http:\/\/dcv.artcom.mx\/pda\/1170308\/?page_id=371"},"modified":"2021-05-05T00:55:49","modified_gmt":"2021-05-05T00:55:49","slug":"quinto-semestre-3","status":"publish","type":"page","link":"https:\/\/dcv.artcom.mx\/pda\/1170308\/quinto-semestre-3\/","title":{"rendered":"Quinto semestre.3"},"content":{"rendered":"<p>[et_pb_section fb_built=\u00bb1&#8243; specialty=\u00bbon\u00bb _builder_version=\u00bb4.9.2&#8243; _module_preset=\u00bbdefault\u00bb custom_padding=\u00bb60px||140px|||\u00bb][et_pb_column type=\u00bb1_2&#8243; specialty_columns=\u00bb2&#8243; _builder_version=\u00bb3.25&#8243; custom_padding=\u00bb|||\u00bb custom_padding__hover=\u00bb|||\u00bb][et_pb_row_inner _builder_version=\u00bb4.9.2&#8243; _module_preset=\u00bbdefault\u00bb custom_padding=\u00bb||0px|||\u00bb][et_pb_column_inner saved_specialty_column_type=\u00bb1_2&#8243; _builder_version=\u00bb4.9.2&#8243; _module_preset=\u00bbdefault\u00bb][et_pb_text _builder_version=\u00bb4.9.2&#8243; _module_preset=\u00bbdefault\u00bb]<\/p>\n<h4>FOTOGRAF\u00cdAS PUBLICITARIAS<\/h4>\n<p>[\/et_pb_text][et_pb_text _builder_version=\u00bb4.9.4&#8243; _module_preset=\u00bbdefault\u00bb custom_margin=\u00bb||-2px|||\u00bb custom_padding=\u00bb||0px|||\u00bb hover_enabled=\u00bb0&#8243; text_line_height=\u00bb2em\u00bb sticky_enabled=\u00bb0&#8243;]<\/p>\n<p style=\"text-align: justify\"><span style=\"font-weight: 400\">Compilaci\u00f3n de fotograf\u00edas en las cuales se muestra la variedad de postres que se pueden realizar con los productos Kafrik y Soyapac de la empresa <strong>Alimentos Colpac<\/strong>.<\/span><\/p>\n<p><strong><span style=\"color: #007965\">N\u00famero de piezas gr\u00e1ficas:<\/span> <span style=\"color: #00af91\">10<\/span><\/strong><\/p>\n<p><strong><span style=\"color: #00af91\"><span style=\"color: #007965\">Materia:<\/span> Fotograf\u00eda Comercial<\/span><\/strong><\/p>\n<p><strong><span style=\"color: #00af91\"><span style=\"color: #007965\">Profesor:<\/span> Lic. Ingrid Gallardo<\/span><\/strong><\/p>\n<p>&nbsp;<\/p>\n<p>[\/et_pb_text][et_pb_image src=\u00bbhttp:\/\/dcv.artcom.mx\/pda\/1170308\/wp-content\/uploads\/sites\/9\/2021\/03\/Expo-Artcom.png\u00bb title_text=\u00bbExpo Artcom\u00bb align=\u00bbcenter\u00bb _builder_version=\u00bb4.9.2&#8243; _module_preset=\u00bbdefault\u00bb height=\u00bb150px\u00bb custom_margin=\u00bb-6px|||||\u00bb custom_padding=\u00bb||40px|||\u00bb animation_style=\u00bbzoom\u00bb][\/et_pb_image][\/et_pb_column_inner][\/et_pb_row_inner][et_pb_row_inner column_structure=\u00bb1_3,1_3,1_3&#8243; _builder_version=\u00bb4.9.2&#8243; _module_preset=\u00bbdefault\u00bb custom_padding=\u00bb0px||0px|||\u00bb][et_pb_column_inner type=\u00bb1_3&#8243; saved_specialty_column_type=\u00bb1_2&#8243; _builder_version=\u00bb4.9.2&#8243; _module_preset=\u00bbdefault\u00bb][et_pb_button button_url=\u00bbhttp:\/\/dcv.artcom.mx\/pda\/1170308\/quinto-semestre-2\/\u00bb button_text=\u00bbAnterior\u00bb _builder_version=\u00bb4.9.2&#8243; _module_preset=\u00bbdefault\u00bb custom_button=\u00bbon\u00bb button_text_color=\u00bb#FFFFFF\u00bb button_bg_color=\u00bb#00AF91&#8243; button_border_color=\u00bb#00AF91&#8243; button_icon=\u00bb%%19%%\u00bb button_icon_placement=\u00bbleft\u00bb box_shadow_style=\u00bbpreset3&#8243;][\/et_pb_button][\/et_pb_column_inner][et_pb_column_inner type=\u00bb1_3&#8243; saved_specialty_column_type=\u00bb1_2&#8243; _builder_version=\u00bb4.9.2&#8243; _module_preset=\u00bbdefault\u00bb][\/et_pb_column_inner][et_pb_column_inner type=\u00bb1_3&#8243; saved_specialty_column_type=\u00bb1_2&#8243; _builder_version=\u00bb4.9.2&#8243; _module_preset=\u00bbdefault\u00bb][et_pb_button button_url=\u00bbhttp:\/\/dcv.artcom.mx\/pda\/1170308\/quinto-semestre-4\/\u00bb button_text=\u00bbSiguiente\u00bb _builder_version=\u00bb4.9.4&#8243; _module_preset=\u00bbdefault\u00bb custom_button=\u00bbon\u00bb button_text_color=\u00bb#FFFFFF\u00bb button_bg_color=\u00bb#00AF91&#8243; button_border_color=\u00bb#00AF91&#8243; button_icon=\u00bb%%20%%\u00bb hover_enabled=\u00bb0&#8243; box_shadow_style=\u00bbpreset3&#8243; sticky_enabled=\u00bb0&#8243;][\/et_pb_button][\/et_pb_column_inner][\/et_pb_row_inner][\/et_pb_column][et_pb_column type=\u00bb1_2&#8243; _builder_version=\u00bb3.25&#8243; custom_padding=\u00bb|||\u00bb custom_padding__hover=\u00bb|||\u00bb][et_pb_gallery gallery_ids=\u00bb262,263,264,265,266,267,268,269,270,271&#8243; fullwidth=\u00bbon\u00bb _builder_version=\u00bb4.9.2&#8243; _module_preset=\u00bbdefault\u00bb custom_padding=\u00bb||0px|||\u00bb][\/et_pb_gallery][\/et_pb_column][\/et_pb_section]<\/p>\n","protected":false},"excerpt":{"rendered":"<p>FOTOGRAF\u00cdAS PUBLICITARIASCompilaci\u00f3n de fotograf\u00edas en las cuales se muestra la variedad de postres que se pueden realizar con los productos Kafrik y Soyapac de la empresa Alimentos Colpac. N\u00famero de piezas gr\u00e1ficas: 10 Materia: Fotograf\u00eda Comercial Profesor: Lic. Ingrid Gallardo &nbsp;<\/p>\n","protected":false},"author":13,"featured_media":0,"parent":0,"menu_order":0,"comment_status":"closed","ping_status":"closed","template":"","meta":{"_et_pb_use_builder":"on","_et_pb_old_content":"<!-- wp:embed {\"url\":\"https:\/\/issuu.com\/almaanali\/docs\/manual_de_e42\",\"type\":\"rich\",\"providerNameSlug\":\"issuu\",\"responsive\":true,\"className\":\"\"} -->\n<figure class=\"wp-block-embed is-type-rich is-provider-issuu wp-block-embed-issuu\"><div class=\"wp-block-embed__wrapper\">\nhttps:\/\/issuu.com\/almaanali\/docs\/manual_de_e42\n<\/div><\/figure>\n<!-- \/wp:embed -->","_et_gb_content_width":"","inline_featured_image":false,"footnotes":""},"_links":{"self":[{"href":"https:\/\/dcv.artcom.mx\/pda\/1170308\/wp-json\/wp\/v2\/pages\/371"}],"collection":[{"href":"https:\/\/dcv.artcom.mx\/pda\/1170308\/wp-json\/wp\/v2\/pages"}],"about":[{"href":"https:\/\/dcv.artcom.mx\/pda\/1170308\/wp-json\/wp\/v2\/types\/page"}],"author":[{"embeddable":true,"href":"https:\/\/dcv.artcom.mx\/pda\/1170308\/wp-json\/wp\/v2\/users\/13"}],"replies":[{"embeddable":true,"href":"https:\/\/dcv.artcom.mx\/pda\/1170308\/wp-json\/wp\/v2\/comments?post=371"}],"version-history":[{"count":9,"href":"https:\/\/dcv.artcom.mx\/pda\/1170308\/wp-json\/wp\/v2\/pages\/371\/revisions"}],"predecessor-version":[{"id":830,"href":"https:\/\/dcv.artcom.mx\/pda\/1170308\/wp-json\/wp\/v2\/pages\/371\/revisions\/830"}],"wp:attachment":[{"href":"https:\/\/dcv.artcom.mx\/pda\/1170308\/wp-json\/wp\/v2\/media?parent=371"}],"curies":[{"name":"wp","href":"https:\/\/api.w.org\/{rel}","templated":true}]}}