{"id":7,"date":"2020-03-03T22:17:35","date_gmt":"2020-03-04T04:17:35","guid":{"rendered":"http:\/\/pdadcv.artcom.mx\/portafolio-demo\/?page_id=7"},"modified":"2022-03-10T19:53:33","modified_gmt":"2022-03-10T19:53:33","slug":"mi-carrera","status":"publish","type":"page","link":"https:\/\/dcv.artcom.mx\/pda\/1170194\/mi-carrera\/","title":{"rendered":"Mi carrera"},"content":{"rendered":"<p>[et_pb_section fb_built=\u00bb1&#8243; admin_label=\u00bbHero Section\u00bb _builder_version=\u00bb4.14.7&#8243; background_enable_color=\u00bboff\u00bb use_background_color_gradient=\u00bbon\u00bb background_color_gradient_start=\u00bbrgba(0,0,0,0)\u00bb background_color_gradient_end=\u00bbrgba(0,0,0,0)\u00bb background_color_gradient_direction=\u00bb131deg\u00bb background_image=\u00bbhttp:\/\/dcv.artcom.mx\/pda\/1170194\/wp-content\/uploads\/sites\/6\/2022\/03\/MC-10.jpg\u00bb custom_padding=\u00bb0px|0px|0px|0px|true|\u00bb animation_direction=\u00bbtop\u00bb locked=\u00bboff\u00bb global_colors_info=\u00bb{}\u00bb][et_pb_row _builder_version=\u00bb4.14.7&#8243; width=\u00bb88.3%\u00bb custom_padding=\u00bb45px||45px||true|\u00bb custom_width_px=\u00bb1440px\u00bb global_colors_info=\u00bb{}\u00bb][et_pb_column type=\u00bb4_4&#8243; _builder_version=\u00bb3.25&#8243; custom_padding=\u00bb|||\u00bb global_colors_info=\u00bb{}\u00bb custom_padding__hover=\u00bb|||\u00bb][et_pb_text _builder_version=\u00bb4.14.7&#8243; text_font=\u00bbPoppins||||||||\u00bb header_font=\u00bbJulius Sans One|700|||||||\u00bb header_text_color=\u00bb#ffffff\u00bb header_font_size=\u00bb60px\u00bb header_line_height=\u00bb1.5em\u00bb header_2_font=\u00bb||||||||\u00bb header_3_font=\u00bb||||||||\u00bb header_4_font=\u00bb||||||||\u00bb header_5_font=\u00bb||||||||\u00bb header_6_font=\u00bb||||||||\u00bb custom_margin=\u00bb||20px|\u00bb custom_padding=\u00bb18px||0px|||\u00bb locked=\u00bboff\u00bb inline_fonts=\u00bbPoppins\u00bb global_colors_info=\u00bb{}\u00bb]<\/p>\n<h1><span style=\"font-family: Poppins\">Mi carrera\u00a0<\/span><\/h1>\n<p>[\/et_pb_text][\/et_pb_column][\/et_pb_row][\/et_pb_section][et_pb_section fb_built=\u00bb1&#8243; _builder_version=\u00bb4.14.7&#8243; _module_preset=\u00bbdefault\u00bb background_color=\u00bb#F188F7&#8243; custom_padding=\u00bb93px||93px||true|\u00bb global_colors_info=\u00bb{}\u00bb][et_pb_row _builder_version=\u00bb4.14.7&#8243; _module_preset=\u00bbdefault\u00bb custom_padding=\u00bb||0px|||\u00bb global_colors_info=\u00bb{}\u00bb][et_pb_column type=\u00bb4_4&#8243; _builder_version=\u00bb4.14.7&#8243; _module_preset=\u00bbdefault\u00bb global_colors_info=\u00bb{}\u00bb][et_pb_text _builder_version=\u00bb4.14.7&#8243; _module_preset=\u00bbdefault\u00bb text_font=\u00bbPoppins|300|on||||||\u00bb text_font_size=\u00bb24px\u00bb text_line_height=\u00bb1.4em\u00bb text_orientation=\u00bbcenter\u00bb hover_enabled=\u00bb0&#8243; sticky_enabled=\u00bb0&#8243;]<\/p>\n<p>\u00abLa carrera de <strong>Dise\u00f1o de Comunicaci\u00f3n Visual<\/strong> tiene como <strong>prop\u00f3sito<\/strong> <strong>comunicar <\/strong>de manera<strong> gr\u00e1fica <\/strong>un<strong> mensaje.\u00bb<\/strong><\/p>\n<p>[\/et_pb_text][\/et_pb_column][\/et_pb_row][\/et_pb_section][et_pb_section fb_built=\u00bb1&#8243; admin_label=\u00bbHero Section\u00bb _builder_version=\u00bb4.14.7&#8243; background_enable_color=\u00bboff\u00bb use_background_color_gradient=\u00bbon\u00bb background_color_gradient_start=\u00bbrgba(0,0,0,0)\u00bb background_color_gradient_end=\u00bbrgba(0,0,0,0)\u00bb background_color_gradient_direction=\u00bb131deg\u00bb background_image=\u00bbhttp:\/\/dcv.artcom.mx\/pda\/1170194\/wp-content\/uploads\/sites\/6\/2022\/03\/Portafolio-Disen\u0303o-11.jpg\u00bb custom_padding=\u00bb0px|0px|0px|0px|true|\u00bb animation_direction=\u00bbtop\u00bb hover_enabled=\u00bb0&#8243; locked=\u00bboff\u00bb global_colors_info=\u00bb{}\u00bb title_text=\u00bbPortafolio Disen\u0303o -11&#8243; sticky_enabled=\u00bb0&#8243;][et_pb_row _builder_version=\u00bb4.14.7&#8243; custom_padding=\u00bb45px||45px||true|\u00bb custom_width_px=\u00bb1440px\u00bb global_colors_info=\u00bb{}\u00bb][et_pb_column type=\u00bb4_4&#8243; _builder_version=\u00bb3.25&#8243; custom_padding=\u00bb|||\u00bb global_colors_info=\u00bb{}\u00bb custom_padding__hover=\u00bb|||\u00bb][et_pb_text _builder_version=\u00bb4.14.7&#8243; text_font=\u00bbPoppins||||||||\u00bb header_font=\u00bbJulius Sans One|700|||||||\u00bb header_text_color=\u00bb#ffffff\u00bb header_font_size=\u00bb60px\u00bb header_line_height=\u00bb1.5em\u00bb header_2_font=\u00bb||||||||\u00bb header_3_font=\u00bb||||||||\u00bb header_4_font=\u00bb||||||||\u00bb header_5_font=\u00bb||||||||\u00bb header_6_font=\u00bb||||||||\u00bb custom_margin=\u00bb||20px|\u00bb custom_padding=\u00bb||0px|||\u00bb hover_enabled=\u00bb0&#8243; locked=\u00bboff\u00bb inline_fonts=\u00bbPoppins\u00bb global_colors_info=\u00bb{}\u00bb sticky_enabled=\u00bb0&#8243;]<\/p>\n<h1><span style=\"font-family: Poppins\">Motivos para estudiar DCV<\/span><\/h1>\n<p>[\/et_pb_text][\/et_pb_column][\/et_pb_row][\/et_pb_section][et_pb_section fb_built=\u00bb1&#8243; _builder_version=\u00bb4.14.7&#8243; _module_preset=\u00bbdefault\u00bb background_color=\u00bb#f2821a\u00bb custom_padding=\u00bb71px||71px||true|\u00bb global_colors_info=\u00bb{}\u00bb min_height=\u00bb76px\u00bb][et_pb_row _builder_version=\u00bb4.14.7&#8243; _module_preset=\u00bbdefault\u00bb custom_margin=\u00bb|68px|-2px|auto||\u00bb hover_enabled=\u00bb0&#8243; global_colors_info=\u00bb{}\u00bb sticky_enabled=\u00bb0&#8243;][et_pb_column type=\u00bb4_4&#8243; _builder_version=\u00bb4.14.7&#8243; _module_preset=\u00bbdefault\u00bb global_colors_info=\u00bb{}\u00bb][et_pb_text _builder_version=\u00bb4.14.7&#8243; _module_preset=\u00bbdefault\u00bb text_font=\u00bbPoppins|300|||||||\u00bb custom_padding=\u00bb0px|0px|0px|0px||true\u00bb hover_enabled=\u00bb0&#8243; global_colors_info=\u00bb{}\u00bb sticky_enabled=\u00bb0&#8243;]<\/p>\n<p style=\"text-align: center\">Los motivos por los que decid\u00ed estudiar esta carrera es para poder compartir el mensaje de esperanza de manera creativa, poder cumplir con la misi\u00f3n a trav\u00e9s de mi pasi\u00f3n. Sin duda esto inspirar\u00e1 a otros a hacer lo mismo. Comunicar de manera creativa.<\/p>\n<p>[\/et_pb_text][\/et_pb_column][\/et_pb_row][\/et_pb_section][et_pb_section fb_built=\u00bb1&#8243; admin_label=\u00bbHero Section\u00bb _builder_version=\u00bb4.14.7&#8243; background_enable_color=\u00bboff\u00bb use_background_color_gradient=\u00bbon\u00bb background_color_gradient_start=\u00bbrgba(0,0,0,0)\u00bb background_color_gradient_end=\u00bbrgba(0,0,0,0)\u00bb background_color_gradient_direction=\u00bb131deg\u00bb background_image=\u00bbhttp:\/\/dcv.artcom.mx\/pda\/1170194\/wp-content\/uploads\/sites\/6\/2022\/03\/Portafolio-Disen\u0303o-12.jpg\u00bb custom_padding=\u00bb0px|0px|0px|0px|true|\u00bb animation_direction=\u00bbtop\u00bb hover_enabled=\u00bb0&#8243; locked=\u00bboff\u00bb global_colors_info=\u00bb{}\u00bb title_text=\u00bbPortafolio Disen\u0303o -12&#8243; sticky_enabled=\u00bb0&#8243;][et_pb_row _builder_version=\u00bb4.14.7&#8243; custom_padding=\u00bb45px||1px||false|\u00bb custom_width_px=\u00bb1440px\u00bb global_colors_info=\u00bb{}\u00bb][et_pb_column type=\u00bb4_4&#8243; _builder_version=\u00bb3.25&#8243; custom_padding=\u00bb|||\u00bb global_colors_info=\u00bb{}\u00bb custom_padding__hover=\u00bb|||\u00bb][et_pb_text _builder_version=\u00bb4.14.7&#8243; text_font=\u00bbPoppins||||||||\u00bb header_font=\u00bbJulius Sans One|700|||||||\u00bb header_text_color=\u00bb#ffffff\u00bb header_font_size=\u00bb60px\u00bb header_line_height=\u00bb1.5em\u00bb header_2_font=\u00bb||||||||\u00bb header_3_font=\u00bb||||||||\u00bb header_4_font=\u00bb||||||||\u00bb header_5_font=\u00bb||||||||\u00bb header_6_font=\u00bb||||||||\u00bb custom_margin=\u00bb||20px|\u00bb custom_padding=\u00bb||0px|||\u00bb hover_enabled=\u00bb0&#8243; locked=\u00bboff\u00bb inline_fonts=\u00bbPoppins\u00bb global_colors_info=\u00bb{}\u00bb sticky_enabled=\u00bb0&#8243;]<\/p>\n<h1><span style=\"font-family: Poppins\">Limitaciones \/ Expectativas<\/span><\/h1>\n<p>[\/et_pb_text][\/et_pb_column][\/et_pb_row][\/et_pb_section][et_pb_section fb_built=\u00bb1&#8243; _builder_version=\u00bb4.14.7&#8243; _module_preset=\u00bbdefault\u00bb background_color=\u00bb#004c46&#8243; custom_padding=\u00bb90px||90px||true|\u00bb global_colors_info=\u00bb{}\u00bb][et_pb_row _builder_version=\u00bb4.14.7&#8243; _module_preset=\u00bbdefault\u00bb][et_pb_column _builder_version=\u00bb4.14.7&#8243; _module_preset=\u00bbdefault\u00bb type=\u00bb4_4&#8243;][et_pb_text _builder_version=\u00bb4.14.7&#8243; _module_preset=\u00bbdefault\u00bb text_font=\u00bbPoppins|300|||||||\u00bb custom_padding=\u00bb0px|0px|0px|0px||true\u00bb hover_enabled=\u00bb0&#8243; global_colors_info=\u00bb{}\u00bb sticky_enabled=\u00bb0&#8243;]<\/p>\n<p class=\"p1\" style=\"text-align: center\">Considero que una de las limitaciones que tengo con la carrera es la falta de tiempo, por las actividades que realizo d\u00eda a d\u00eda. Las expectativas que tengo son muy grandes, considero que una de ellas es poder servir a Dios\u00a0 a trav\u00e9s de mi profesi\u00f3n y cumplir la misi\u00f3n.<\/p>\n<p>[\/et_pb_text][\/et_pb_column][\/et_pb_row][\/et_pb_section][et_pb_section fb_built=\u00bb1&#8243; admin_label=\u00bbHero Section\u00bb _builder_version=\u00bb4.14.7&#8243; background_enable_color=\u00bboff\u00bb use_background_color_gradient=\u00bbon\u00bb background_color_gradient_start=\u00bbrgba(0,0,0,0)\u00bb background_color_gradient_end=\u00bbrgba(0,0,0,0)\u00bb background_color_gradient_direction=\u00bb131deg\u00bb background_image=\u00bbhttp:\/\/dcv.artcom.mx\/pda\/1170194\/wp-content\/uploads\/sites\/6\/2022\/03\/Portafolio-Disen\u0303o-13.jpg\u00bb custom_padding=\u00bb0px|0px|0px|0px|true|\u00bb animation_direction=\u00bbtop\u00bb hover_enabled=\u00bb0&#8243; locked=\u00bboff\u00bb global_colors_info=\u00bb{}\u00bb title_text=\u00bbPortafolio Disen\u0303o -13&#8243; sticky_enabled=\u00bb0&#8243;][et_pb_row _builder_version=\u00bb4.14.7&#8243; custom_padding=\u00bb45px||1px||false|\u00bb custom_width_px=\u00bb1440px\u00bb global_colors_info=\u00bb{}\u00bb][et_pb_column type=\u00bb4_4&#8243; _builder_version=\u00bb3.25&#8243; custom_padding=\u00bb|||\u00bb global_colors_info=\u00bb{}\u00bb custom_padding__hover=\u00bb|||\u00bb][et_pb_text _builder_version=\u00bb4.14.7&#8243; text_font=\u00bbPoppins||||||||\u00bb header_font=\u00bbJulius Sans One|700|||||||\u00bb header_text_color=\u00bb#ffffff\u00bb header_font_size=\u00bb60px\u00bb header_line_height=\u00bb1.5em\u00bb header_2_font=\u00bb||||||||\u00bb header_3_font=\u00bb||||||||\u00bb header_4_font=\u00bb||||||||\u00bb header_5_font=\u00bb||||||||\u00bb header_6_font=\u00bb||||||||\u00bb custom_margin=\u00bb||20px|\u00bb custom_padding=\u00bb||0px|||\u00bb hover_enabled=\u00bb0&#8243; locked=\u00bboff\u00bb inline_fonts=\u00bbPoppins\u00bb global_colors_info=\u00bb{}\u00bb sticky_enabled=\u00bb0&#8243;]<\/p>\n<h1><span style=\"font-family: Poppins\">Fortalezas<\/span><\/h1>\n<p>[\/et_pb_text][\/et_pb_column][\/et_pb_row][\/et_pb_section][et_pb_section fb_built=\u00bb1&#8243; _builder_version=\u00bb4.14.7&#8243; _module_preset=\u00bbdefault\u00bb background_color=\u00bb#7be5d9&#8243; custom_padding=\u00bb90px||90px||true|\u00bb hover_enabled=\u00bb0&#8243; global_colors_info=\u00bb{}\u00bb sticky_enabled=\u00bb0&#8243;][et_pb_row _builder_version=\u00bb4.14.7&#8243; _module_preset=\u00bbdefault\u00bb hover_enabled=\u00bb0&#8243; sticky_enabled=\u00bb0&#8243;][et_pb_column _builder_version=\u00bb4.14.7&#8243; _module_preset=\u00bbdefault\u00bb type=\u00bb4_4&#8243;][et_pb_counters _builder_version=\u00bb4.14.7&#8243; _module_preset=\u00bbdefault\u00bb hover_enabled=\u00bb0&#8243; sticky_enabled=\u00bb0&#8243; bar_bg_color=\u00bb#367ce1&#8243; title_text_color=\u00bb#367ce1&#8243; percent_text_color=\u00bb#FFFCF8&#8243; use_percentages=\u00bboff\u00bb background_color=\u00bb#FFFCF8&#8243; background_layout=\u00bbdark\u00bb][et_pb_counter percent=\u00bb80&#8243; _builder_version=\u00bb4.14.7&#8243; _module_preset=\u00bbdefault\u00bb background_color_default=\u00bb#FFFCF8&#8243; background_enable_color_default=\u00bbon\u00bb parallax_default=\u00bboff\u00bb parallax_method_default=\u00bbon\u00bb bar_background_color_default=\u00bb#367ce1&#8243; use_percentages=\u00bboff\u00bb background_enable_video_mp4=\u00bbon\u00bb background_enable_video_webm=\u00bbon\u00bb hover_enabled=\u00bb0&#8243; sticky_enabled=\u00bb0&#8243; bar_background_color=\u00bb#367ce1&#8243; title_text_color=\u00bb#367ce1&#8243;]<\/p>\n<p>Creatividad<\/p>\n<p>[\/et_pb_counter][et_pb_counter percent=\u00bb100&#8243; _builder_version=\u00bb4.14.7&#8243; _module_preset=\u00bbdefault\u00bb background_color_default=\u00bb#FFFCF8&#8243; background_enable_color_default=\u00bbon\u00bb parallax_default=\u00bboff\u00bb parallax_method_default=\u00bbon\u00bb bar_background_color_default=\u00bb#367ce1&#8243; use_percentages=\u00bboff\u00bb background_enable_video_mp4=\u00bbon\u00bb background_enable_video_webm=\u00bbon\u00bb hover_enabled=\u00bb0&#8243; sticky_enabled=\u00bb0&#8243;]<\/p>\n<p>Ganas de aprender<\/p>\n<p>[\/et_pb_counter][et_pb_counter percent=\u00bb80&#8243; _builder_version=\u00bb4.14.7&#8243; _module_preset=\u00bbdefault\u00bb background_color_default=\u00bb#FFFCF8&#8243; background_enable_color_default=\u00bbon\u00bb parallax_default=\u00bboff\u00bb parallax_method_default=\u00bbon\u00bb bar_background_color_default=\u00bb#367ce1&#8243; use_percentages=\u00bboff\u00bb background_enable_video_mp4=\u00bbon\u00bb background_enable_video_webm=\u00bbon\u00bb hover_enabled=\u00bb0&#8243; sticky_enabled=\u00bb0&#8243;]<\/p>\n<p>Illustrator<\/p>\n<p>[\/et_pb_counter][et_pb_counter percent=\u00bb70&#8243; _builder_version=\u00bb4.14.7&#8243; _module_preset=\u00bbdefault\u00bb background_color_default=\u00bb#FFFCF8&#8243; background_enable_color_default=\u00bbon\u00bb parallax_default=\u00bboff\u00bb parallax_method_default=\u00bbon\u00bb bar_background_color_default=\u00bb#367ce1&#8243; use_percentages=\u00bboff\u00bb background_enable_video_mp4=\u00bbon\u00bb background_enable_video_webm=\u00bbon\u00bb hover_enabled=\u00bb0&#8243; sticky_enabled=\u00bb0&#8243;]<\/p>\n<p>Photoshop<\/p>\n<p>[\/et_pb_counter][et_pb_counter percent=\u00bb70&#8243; _builder_version=\u00bb4.14.7&#8243; _module_preset=\u00bbdefault\u00bb background_color_default=\u00bb#FFFCF8&#8243; background_enable_color_default=\u00bbon\u00bb parallax_default=\u00bboff\u00bb parallax_method_default=\u00bbon\u00bb bar_background_color_default=\u00bb#367ce1&#8243; use_percentages=\u00bboff\u00bb background_enable_video_mp4=\u00bbon\u00bb background_enable_video_webm=\u00bbon\u00bb hover_enabled=\u00bb0&#8243; sticky_enabled=\u00bb0&#8243;]<\/p>\n<p>InDesign<\/p>\n<p>[\/et_pb_counter][\/et_pb_counters][\/et_pb_column][\/et_pb_row][\/et_pb_section]<\/p>\n","protected":false},"excerpt":{"rendered":"<p>Mi carrera\u00a0\u00abLa carrera de Dise\u00f1o de Comunicaci\u00f3n Visual tiene como prop\u00f3sito comunicar de manera gr\u00e1fica un mensaje.\u00bbMotivos para estudiar DCVLos motivos por los que decid\u00ed estudiar esta carrera es para poder compartir el mensaje de esperanza de manera creativa, poder cumplir con la misi\u00f3n a trav\u00e9s de mi pasi\u00f3n. Sin duda esto inspirar\u00e1 a otros [&hellip;]<\/p>\n","protected":false},"author":10,"featured_media":0,"parent":0,"menu_order":3,"comment_status":"closed","ping_status":"closed","template":"","meta":{"_et_pb_use_builder":"on","_et_pb_old_content":"","_et_gb_content_width":"","inline_featured_image":false,"footnotes":""},"_links":{"self":[{"href":"https:\/\/dcv.artcom.mx\/pda\/1170194\/wp-json\/wp\/v2\/pages\/7"}],"collection":[{"href":"https:\/\/dcv.artcom.mx\/pda\/1170194\/wp-json\/wp\/v2\/pages"}],"about":[{"href":"https:\/\/dcv.artcom.mx\/pda\/1170194\/wp-json\/wp\/v2\/types\/page"}],"author":[{"embeddable":true,"href":"https:\/\/dcv.artcom.mx\/pda\/1170194\/wp-json\/wp\/v2\/users\/10"}],"replies":[{"embeddable":true,"href":"https:\/\/dcv.artcom.mx\/pda\/1170194\/wp-json\/wp\/v2\/comments?post=7"}],"version-history":[{"count":52,"href":"https:\/\/dcv.artcom.mx\/pda\/1170194\/wp-json\/wp\/v2\/pages\/7\/revisions"}],"predecessor-version":[{"id":1602,"href":"https:\/\/dcv.artcom.mx\/pda\/1170194\/wp-json\/wp\/v2\/pages\/7\/revisions\/1602"}],"wp:attachment":[{"href":"https:\/\/dcv.artcom.mx\/pda\/1170194\/wp-json\/wp\/v2\/media?parent=7"}],"curies":[{"name":"wp","href":"https:\/\/api.w.org\/{rel}","templated":true}]}}