{"id":1417,"date":"2022-02-24T23:12:24","date_gmt":"2022-02-24T23:12:24","guid":{"rendered":"https:\/\/dcv.artcom.mx\/pda\/1170194\/?page_id=1417"},"modified":"2022-04-29T17:43:16","modified_gmt":"2022-04-29T17:43:16","slug":"actividades-eclesiasticas-y-espirituales-2","status":"publish","type":"page","link":"https:\/\/dcv.artcom.mx\/pda\/1170194\/actividades-eclesiasticas-y-espirituales-2\/","title":{"rendered":"Actividades Eclesi\u00e1sticas y Espirituales 3"},"content":{"rendered":"<p>[et_pb_section fb_built=\u00bb1&#8243; admin_label=\u00bbHero Section\u00bb _builder_version=\u00bb4.14.7&#8243; background_enable_color=\u00bboff\u00bb use_background_color_gradient=\u00bbon\u00bb background_color_gradient_start=\u00bbrgba(0,0,0,0)\u00bb background_color_gradient_end=\u00bbrgba(0,0,0,0)\u00bb background_color_gradient_direction=\u00bb131deg\u00bb background_image=\u00bbhttp:\/\/dcv.artcom.mx\/pda\/1170194\/wp-content\/uploads\/sites\/6\/2022\/03\/Portadas-06.jpg\u00bb custom_padding=\u00bb0px|0px|0px|0px|true|\u00bb animation_direction=\u00bbtop\u00bb locked=\u00bboff\u00bb global_colors_info=\u00bb{}\u00bb][et_pb_row _builder_version=\u00bb4.14.7&#8243; width=\u00bb88.3%\u00bb custom_padding=\u00bb45px||45px||true|\u00bb custom_width_px=\u00bb1440px\u00bb global_colors_info=\u00bb{}\u00bb][et_pb_column type=\u00bb4_4&#8243; _builder_version=\u00bb3.25&#8243; custom_padding=\u00bb|||\u00bb global_colors_info=\u00bb{}\u00bb custom_padding__hover=\u00bb|||\u00bb][et_pb_text _builder_version=\u00bb4.14.7&#8243; text_font=\u00bbPoppins||||||||\u00bb header_font=\u00bbJulius Sans One|700|||||||\u00bb header_text_color=\u00bb#ffffff\u00bb header_font_size=\u00bb60px\u00bb header_line_height=\u00bb1.5em\u00bb header_2_font=\u00bb||||||||\u00bb header_3_font=\u00bb||||||||\u00bb header_4_font=\u00bb||||||||\u00bb header_5_font=\u00bb||||||||\u00bb header_6_font=\u00bb||||||||\u00bb custom_margin=\u00bb||20px|\u00bb custom_padding=\u00bb||0px|||\u00bb locked=\u00bboff\u00bb inline_fonts=\u00bbPoppins\u00bb global_colors_info=\u00bb{}\u00bb]<\/p>\n<h1><span style=\"font-family: Poppins\">Act. Eclesi\u00e1sticas y Espirituales\u00a0<\/span><\/h1>\n<p>[\/et_pb_text][\/et_pb_column][\/et_pb_row][\/et_pb_section][et_pb_section fb_built=\u00bb1&#8243; _builder_version=\u00bb4.14.7&#8243; _module_preset=\u00bbdefault\u00bb background_color=\u00bb#FFFCF8&#8243; min_height=\u00bb564px\u00bb custom_padding=\u00bb51px||51px||true|\u00bb global_colors_info=\u00bb{}\u00bb][et_pb_row column_structure=\u00bb1_2,1_2&#8243; _builder_version=\u00bb4.14.7&#8243; _module_preset=\u00bbdefault\u00bb width=\u00bb89.9%\u00bb custom_margin=\u00bb|auto||57px||\u00bb custom_padding=\u00bb||60px|||\u00bb global_colors_info=\u00bb{}\u00bb][et_pb_column type=\u00bb1_2&#8243; _builder_version=\u00bb4.14.7&#8243; _module_preset=\u00bbdefault\u00bb global_colors_info=\u00bb{}\u00bb][et_pb_gallery gallery_ids=\u00bb1905&#8243; fullwidth=\u00bbon\u00bb _builder_version=\u00bb4.14.7&#8243; _module_preset=\u00bbdefault\u00bb global_colors_info=\u00bb{}\u00bb][\/et_pb_gallery][\/et_pb_column][et_pb_column type=\u00bb1_2&#8243; _builder_version=\u00bb4.14.7&#8243; _module_preset=\u00bbdefault\u00bb global_colors_info=\u00bb{}\u00bb][et_pb_text _builder_version=\u00bb4.14.7&#8243; _module_preset=\u00bbdefault\u00bb text_font=\u00bbPoppins|600|||||||\u00bb text_text_color=\u00bb#010819&#8243; text_font_size=\u00bb18px\u00bb custom_padding=\u00bb136px|||||\u00bb global_colors_info=\u00bb{}\u00bb]<\/p>\n<p class=\"p1\" style=\"text-align: center\">Culto por tutores<\/p>\n<div id=\"gtx-trans\">\n<div class=\"gtx-trans-icon\"><\/div>\n<\/div>\n<p>[\/et_pb_text][et_pb_divider color=\u00bb#010819&#8243; divider_style=\u00bbdashed\u00bb divider_weight=\u00bb1px\u00bb _builder_version=\u00bb4.14.7&#8243; _module_preset=\u00bbdefault\u00bb width=\u00bb50%\u00bb max_width=\u00bb100%\u00bb module_alignment=\u00bbcenter\u00bb custom_padding=\u00bb22px|||||\u00bb global_colors_info=\u00bb{}\u00bb][\/et_pb_divider][et_pb_text _builder_version=\u00bb4.14.7&#8243; _module_preset=\u00bbdefault\u00bb text_font=\u00bb|300|||||||\u00bb text_text_color=\u00bb#010819&#8243; custom_padding=\u00bb|39px|0px|39px||true\u00bb hover_enabled=\u00bb0&#8243; global_colors_info=\u00bb{}\u00bb sticky_enabled=\u00bb0&#8243;]<\/p>\n<p class=\"p1\" style=\"text-align: center\">Este semestre no pudimos tener nuestra reuni\u00f3n de tutores presencial pero eso no impidi\u00f3 que la tuvi\u00e9ramos aunque sea de manera virtual. Fue un tiempo de mucho aprendizaje y convivencia aunque fuera de manera virtual.\u00a0<\/p>\n<p>[\/et_pb_text][\/et_pb_column][\/et_pb_row][et_pb_row column_structure=\u00bb1_2,1_2&#8243; _builder_version=\u00bb4.14.7&#8243; _module_preset=\u00bbdefault\u00bb width=\u00bb89.9%\u00bb custom_margin=\u00bb|auto||57px||\u00bb custom_padding=\u00bb||60px|||\u00bb global_colors_info=\u00bb{}\u00bb][et_pb_column type=\u00bb1_2&#8243; _builder_version=\u00bb4.14.7&#8243; _module_preset=\u00bbdefault\u00bb global_colors_info=\u00bb{}\u00bb][et_pb_gallery gallery_ids=\u00bb1690,1691,1689,1692,1693&#8243; fullwidth=\u00bbon\u00bb _builder_version=\u00bb4.14.7&#8243; _module_preset=\u00bbdefault\u00bb global_colors_info=\u00bb{}\u00bb][\/et_pb_gallery][\/et_pb_column][et_pb_column type=\u00bb1_2&#8243; _builder_version=\u00bb4.14.7&#8243; _module_preset=\u00bbdefault\u00bb global_colors_info=\u00bb{}\u00bb][et_pb_text _builder_version=\u00bb4.14.7&#8243; _module_preset=\u00bbdefault\u00bb text_font=\u00bbPoppins|600|||||||\u00bb text_text_color=\u00bb#010819&#8243; text_font_size=\u00bb18px\u00bb custom_padding=\u00bb136px|||||\u00bb global_colors_info=\u00bb{}\u00bb]<\/p>\n<p class=\"p1\" style=\"text-align: center\">@yahairasart<\/p>\n<p>[\/et_pb_text][et_pb_divider color=\u00bb#010819&#8243; divider_style=\u00bbdashed\u00bb divider_weight=\u00bb1px\u00bb _builder_version=\u00bb4.14.7&#8243; _module_preset=\u00bbdefault\u00bb width=\u00bb50%\u00bb max_width=\u00bb100%\u00bb module_alignment=\u00bbcenter\u00bb custom_padding=\u00bb22px|||||\u00bb global_colors_info=\u00bb{}\u00bb][\/et_pb_divider][et_pb_text _builder_version=\u00bb4.14.7&#8243; _module_preset=\u00bbdefault\u00bb text_font=\u00bb|300|||||||\u00bb text_text_color=\u00bb#010819&#8243; custom_padding=\u00bb|39px|0px|39px||true\u00bb global_colors_info=\u00bb{}\u00bb]<\/p>\n<p class=\"p1\" style=\"text-align: center\">El semestre pasado comenc\u00e9 un proyecto muy especial llamado @yahairasart cree una cuenta de instagram para compartir dise\u00f1os realizados fuera del \u00e1mbito escolar, especialmente lettering pero con un enfoque cristiano, mi deseo es compartir esperanza a trav\u00e9s de mis dise\u00f1os. Ah\u00ed tambi\u00e9n compart\u00eda fondos de pantalla y hasta realic\u00e9 un live sobre el estudio de la Biblia con otra cuenta llamada @viviendosirviendo.<\/p>\n<p>[\/et_pb_text][\/et_pb_column][\/et_pb_row][et_pb_row column_structure=\u00bb1_2,1_2&#8243; _builder_version=\u00bb4.14.7&#8243; _module_preset=\u00bbdefault\u00bb width=\u00bb89.9%\u00bb custom_margin=\u00bb|auto||57px||\u00bb custom_padding=\u00bb||60px|||\u00bb global_colors_info=\u00bb{}\u00bb][et_pb_column type=\u00bb1_2&#8243; _builder_version=\u00bb4.14.7&#8243; _module_preset=\u00bbdefault\u00bb global_colors_info=\u00bb{}\u00bb][et_pb_gallery gallery_ids=\u00bb1698,1697&#8243; fullwidth=\u00bbon\u00bb _builder_version=\u00bb4.14.7&#8243; _module_preset=\u00bbdefault\u00bb global_colors_info=\u00bb{}\u00bb][\/et_pb_gallery][\/et_pb_column][et_pb_column type=\u00bb1_2&#8243; _builder_version=\u00bb4.14.7&#8243; _module_preset=\u00bbdefault\u00bb global_colors_info=\u00bb{}\u00bb][et_pb_text _builder_version=\u00bb4.14.7&#8243; _module_preset=\u00bbdefault\u00bb text_font=\u00bbPoppins|600|||||||\u00bb text_text_color=\u00bb#010819&#8243; text_font_size=\u00bb18px\u00bb custom_padding=\u00bb160px|||||\u00bb global_colors_info=\u00bb{}\u00bb]<\/p>\n<p class=\"p1\" style=\"text-align: center\">Grupo Mishpaja<\/p>\n<p>[\/et_pb_text][et_pb_divider color=\u00bb#010819&#8243; divider_style=\u00bbdashed\u00bb divider_weight=\u00bb1px\u00bb _builder_version=\u00bb4.14.7&#8243; _module_preset=\u00bbdefault\u00bb width=\u00bb50%\u00bb max_width=\u00bb100%\u00bb module_alignment=\u00bbcenter\u00bb custom_padding=\u00bb22px|||||\u00bb global_colors_info=\u00bb{}\u00bb][\/et_pb_divider][et_pb_text _builder_version=\u00bb4.14.7&#8243; _module_preset=\u00bbdefault\u00bb text_font=\u00bb|300|||||||\u00bb text_text_color=\u00bb#010819&#8243; custom_padding=\u00bb|39px|0px|39px||true\u00bb global_colors_info=\u00bb{}\u00bb]<\/p>\n<p class=\"p1\" style=\"text-align: center\">Nunca hab\u00eda tenido la oportunidad poder ser parte de un grupo peque\u00f1o juvenil, el semestre pasado Dios me dio la oportunidad de serlo. Fue una experiencia inolvidable sin duda fue de mucha bendici\u00f3n para mi vida. Como era parte de la directiva tuve la oportunidad de dirigir actividades y hasta de dar un tema.<\/p>\n<p>[\/et_pb_text][\/et_pb_column][\/et_pb_row][et_pb_row column_structure=\u00bb1_2,1_2&#8243; _builder_version=\u00bb4.14.7&#8243; _module_preset=\u00bbdefault\u00bb width=\u00bb89.9%\u00bb custom_margin=\u00bb|auto||57px||\u00bb custom_padding=\u00bb||60px|||\u00bb global_colors_info=\u00bb{}\u00bb][et_pb_column type=\u00bb1_2&#8243; _builder_version=\u00bb4.14.7&#8243; _module_preset=\u00bbdefault\u00bb global_colors_info=\u00bb{}\u00bb][et_pb_gallery gallery_ids=\u00bb1910,1906&#8243; fullwidth=\u00bbon\u00bb _builder_version=\u00bb4.14.7&#8243; _module_preset=\u00bbdefault\u00bb global_colors_info=\u00bb{}\u00bb][\/et_pb_gallery][\/et_pb_column][et_pb_column type=\u00bb1_2&#8243; _builder_version=\u00bb4.14.7&#8243; _module_preset=\u00bbdefault\u00bb global_colors_info=\u00bb{}\u00bb][et_pb_text _builder_version=\u00bb4.14.7&#8243; _module_preset=\u00bbdefault\u00bb text_font=\u00bbPoppins|600|||||||\u00bb text_text_color=\u00bb#010819&#8243; text_font_size=\u00bb18px\u00bb custom_padding=\u00bb160px|||||\u00bb global_colors_info=\u00bb{}\u00bb]<\/p>\n<p class=\"p1\" style=\"text-align: center\">JA Mutualismo<\/p>\n<p>[\/et_pb_text][et_pb_divider color=\u00bb#010819&#8243; divider_style=\u00bbdashed\u00bb divider_weight=\u00bb1px\u00bb _builder_version=\u00bb4.14.7&#8243; _module_preset=\u00bbdefault\u00bb width=\u00bb50%\u00bb max_width=\u00bb100%\u00bb module_alignment=\u00bbcenter\u00bb custom_padding=\u00bb22px|||||\u00bb global_colors_info=\u00bb{}\u00bb][\/et_pb_divider][et_pb_text _builder_version=\u00bb4.14.7&#8243; _module_preset=\u00bbdefault\u00bb text_font=\u00bb|300|||||||\u00bb text_text_color=\u00bb#010819&#8243; custom_padding=\u00bb|39px|0px|39px||true\u00bb hover_enabled=\u00bb0&#8243; global_colors_info=\u00bb{}\u00bb sticky_enabled=\u00bb0&#8243;]<\/p>\n<p class=\"p1\" style=\"text-align: center\">Este semestre Dios me llamo para ser la directora de j\u00f3venes de mi iglesia. Sin duda fue un reto que me hizo salir de mi zona de confort, sin embargo he podido ver como Dios me ha guiado para poder ser de bendici\u00f3n.<\/p>\n<p>[\/et_pb_text][\/et_pb_column][\/et_pb_row][et_pb_row column_structure=\u00bb1_2,1_2&#8243; _builder_version=\u00bb4.14.7&#8243; _module_preset=\u00bbdefault\u00bb width=\u00bb89.9%\u00bb custom_margin=\u00bb|auto||57px||\u00bb custom_padding=\u00bb||60px|||\u00bb global_colors_info=\u00bb{}\u00bb][et_pb_column type=\u00bb1_2&#8243; _builder_version=\u00bb4.14.7&#8243; _module_preset=\u00bbdefault\u00bb global_colors_info=\u00bb{}\u00bb][et_pb_gallery gallery_ids=\u00bb1911&#8243; fullwidth=\u00bbon\u00bb _builder_version=\u00bb4.14.7&#8243; _module_preset=\u00bbdefault\u00bb global_colors_info=\u00bb{}\u00bb][\/et_pb_gallery][\/et_pb_column][et_pb_column type=\u00bb1_2&#8243; _builder_version=\u00bb4.14.7&#8243; _module_preset=\u00bbdefault\u00bb global_colors_info=\u00bb{}\u00bb][et_pb_text _builder_version=\u00bb4.14.7&#8243; _module_preset=\u00bbdefault\u00bb text_font=\u00bbPoppins|600|||||||\u00bb text_text_color=\u00bb#010819&#8243; text_font_size=\u00bb18px\u00bb custom_padding=\u00bb160px|||||\u00bb global_colors_info=\u00bb{}\u00bb]<\/p>\n<p class=\"p1\" style=\"text-align: center\">Capacitaci\u00f3n EBV 2022<\/p>\n<p>[\/et_pb_text][et_pb_divider color=\u00bb#010819&#8243; divider_style=\u00bbdashed\u00bb divider_weight=\u00bb1px\u00bb _builder_version=\u00bb4.14.7&#8243; _module_preset=\u00bbdefault\u00bb width=\u00bb50%\u00bb max_width=\u00bb100%\u00bb module_alignment=\u00bbcenter\u00bb custom_padding=\u00bb22px|||||\u00bb global_colors_info=\u00bb{}\u00bb][\/et_pb_divider][et_pb_text _builder_version=\u00bb4.14.7&#8243; _module_preset=\u00bbdefault\u00bb text_font=\u00bb|300|||||||\u00bb text_text_color=\u00bb#010819&#8243; custom_padding=\u00bb|39px|0px|39px||true\u00bb hover_enabled=\u00bb0&#8243; global_colors_info=\u00bb{}\u00bb sticky_enabled=\u00bb0&#8243;]<\/p>\n<p class=\"p1\" style=\"text-align: center\">Este semestre tuve la oportunidad de asistir por primera vez a un taller de capacitaci\u00f3n de la EBV y fue de manera presencial despu\u00e9s de la pandemia. Pude aprender sobre las diferentes actividades que se har\u00e1n y sobre todo el prop\u00f3sito que tiene la EBV 2022.<\/p>\n<p>[\/et_pb_text][\/et_pb_column][\/et_pb_row][\/et_pb_section]<\/p>\n","protected":false},"excerpt":{"rendered":"<p>Act. Eclesi\u00e1sticas y Espirituales\u00a0Culto por tutores Este semestre no pudimos tener nuestra reuni\u00f3n de tutores presencial pero eso no impidi\u00f3 que la tuvi\u00e9ramos aunque sea de manera virtual. Fue un tiempo de mucho aprendizaje y convivencia aunque fuera de manera virtual.\u00a0@yahairasartEl semestre pasado comenc\u00e9 un proyecto muy especial llamado @yahairasart cree una cuenta de instagram [&hellip;]<\/p>\n","protected":false},"author":10,"featured_media":0,"parent":0,"menu_order":10,"comment_status":"closed","ping_status":"closed","template":"","meta":{"_et_pb_use_builder":"on","_et_pb_old_content":"<!-- wp:divi\/placeholder \/-->","_et_gb_content_width":"","inline_featured_image":false,"footnotes":""},"_links":{"self":[{"href":"https:\/\/dcv.artcom.mx\/pda\/1170194\/wp-json\/wp\/v2\/pages\/1417"}],"collection":[{"href":"https:\/\/dcv.artcom.mx\/pda\/1170194\/wp-json\/wp\/v2\/pages"}],"about":[{"href":"https:\/\/dcv.artcom.mx\/pda\/1170194\/wp-json\/wp\/v2\/types\/page"}],"author":[{"embeddable":true,"href":"https:\/\/dcv.artcom.mx\/pda\/1170194\/wp-json\/wp\/v2\/users\/10"}],"replies":[{"embeddable":true,"href":"https:\/\/dcv.artcom.mx\/pda\/1170194\/wp-json\/wp\/v2\/comments?post=1417"}],"version-history":[{"count":11,"href":"https:\/\/dcv.artcom.mx\/pda\/1170194\/wp-json\/wp\/v2\/pages\/1417\/revisions"}],"predecessor-version":[{"id":1978,"href":"https:\/\/dcv.artcom.mx\/pda\/1170194\/wp-json\/wp\/v2\/pages\/1417\/revisions\/1978"}],"wp:attachment":[{"href":"https:\/\/dcv.artcom.mx\/pda\/1170194\/wp-json\/wp\/v2\/media?parent=1417"}],"curies":[{"name":"wp","href":"https:\/\/api.w.org\/{rel}","templated":true}]}}