{"id":1772,"date":"2022-02-06T13:53:06","date_gmt":"2022-02-06T13:53:06","guid":{"rendered":"https:\/\/dcv.artcom.mx\/pda\/1170182\/?page_id=1772"},"modified":"2022-04-01T18:38:26","modified_gmt":"2022-04-01T18:38:26","slug":"emprendimientos-personales-3ro","status":"publish","type":"page","link":"https:\/\/dcv.artcom.mx\/pda\/1170182\/evidencias\/emprendimientos-personales-3ro\/","title":{"rendered":"Emprendimientos personales 3ro"},"content":{"rendered":"<p>[et_pb_section fb_built=\u00bb1&#8243; admin_label=\u00bbHeader Section\u00bb _builder_version=\u00bb3.22&#8243; background_color=\u00bb#e9f0f6&#8243; background_position=\u00bbtop_center\u00bb custom_padding=\u00bb10%|0px|100px|0px\u00bb global_colors_info=\u00bb{}\u00bb][et_pb_row custom_padding_last_edited=\u00bboff|desktop\u00bb admin_label=\u00bbHeader Row\u00bb _builder_version=\u00bb4.9.3&#8243; background_size=\u00bbinitial\u00bb background_position=\u00bbtop_left\u00bb background_repeat=\u00bbrepeat\u00bb custom_margin=\u00bb|||\u00bb custom_padding=\u00bb|||\u00bb custom_padding_phone=\u00bb3vw|||\u00bb animation_style=\u00bbfade\u00bb global_colors_info=\u00bb{}\u00bb][et_pb_column type=\u00bb4_4&#8243; _builder_version=\u00bb3.25&#8243; custom_padding=\u00bb|||\u00bb global_colors_info=\u00bb{}\u00bb custom_padding__hover=\u00bb|||\u00bb][et_pb_text _builder_version=\u00bb4.9.0&#8243; text_font=\u00bbPoppins||||||||\u00bb text_font_size=\u00bb16px\u00bb text_line_height=\u00bb1.8em\u00bb header_font=\u00bbMontserrat|700|||||||\u00bb header_text_align=\u00bbcenter\u00bb header_text_color=\u00bb#fe414d\u00bb header_font_size=\u00bb56px\u00bb header_line_height=\u00bb1.4em\u00bb header_2_font=\u00bb||||||||\u00bb header_3_font=\u00bb||||||||\u00bb max_width=\u00bb886px\u00bb module_alignment=\u00bbcenter\u00bb custom_margin=\u00bb|-75px||||\u00bb custom_padding=\u00bb|0px||||\u00bb header_font_size_tablet=\u00bb40px\u00bb header_font_size_phone=\u00bb\u00bb header_font_size_last_edited=\u00bbon|tablet\u00bb locked=\u00bboff\u00bb global_colors_info=\u00bb{}\u00bb]<\/p>\n<h1>Emprendimientos personales<\/h1>\n<p>[\/et_pb_text][et_pb_text admin_label=\u00bbTitle &amp; Paragraph\u00bb _builder_version=\u00bb4.9.0&#8243; text_font=\u00bbPoppins||||||||\u00bb text_font_size=\u00bb16px\u00bb text_line_height=\u00bb1.8em\u00bb header_font=\u00bb||||||||\u00bb header_2_font=\u00bbMuli|700|||||||\u00bb header_2_font_size=\u00bb50px\u00bb header_2_line_height=\u00bb1.4em\u00bb max_width=\u00bb766px\u00bb max_width_tablet=\u00bb\u00bb max_width_phone=\u00bb\u00bb max_width_last_edited=\u00bbon|phone\u00bb module_alignment=\u00bbcenter\u00bb custom_margin=\u00bb|||\u00bb custom_padding=\u00bb|||\u00bb custom_padding_last_edited=\u00bboff|desktop\u00bb header_2_font_size_tablet=\u00bb\u00bb header_2_font_size_phone=\u00bb40px\u00bb header_2_font_size_last_edited=\u00bbon|desktop\u00bb locked=\u00bboff\u00bb global_colors_info=\u00bb{}\u00bb]<\/p>\n<p style=\"text-align: center\"><span style=\"font-weight: 400\">Trabajos que he realizado fuera del a\u0301mbito acade\u0301mico y actividades de intere\u0301s personal que puedan tener un vi\u0301nculo con la profesio\u0301n.<\/span><\/p>\n<p>[\/et_pb_text][\/et_pb_column][\/et_pb_row][et_pb_row column_structure=\u00bb1_2,1_2&#8243; use_custom_gutter=\u00bbon\u00bb gutter_width=\u00bb1&#8243; make_equal=\u00bbon\u00bb admin_label=\u00bbCase Study Row\u00bb _builder_version=\u00bb4.9.3&#8243; custom_margin=\u00bb35px|auto||auto||\u00bb animation_style=\u00bbslide\u00bb animation_direction=\u00bbbottom\u00bb animation_intensity_slide=\u00bb4%\u00bb global_colors_info=\u00bb{}\u00bb][et_pb_column type=\u00bb1_2&#8243; _builder_version=\u00bb3.25&#8243; custom_padding=\u00bb|||\u00bb global_colors_info=\u00bb{}\u00bb custom_padding__hover=\u00bb|||\u00bb][et_pb_gallery gallery_ids=\u00bb2002,2007&#8243; fullwidth=\u00bbon\u00bb _builder_version=\u00bb4.14.7&#8243; _module_preset=\u00bbdefault\u00bb hover_enabled=\u00bb0&#8243; locked=\u00bboff\u00bb global_colors_info=\u00bb{}\u00bb sticky_enabled=\u00bb0&#8243;][\/et_pb_gallery][\/et_pb_column][et_pb_column type=\u00bb1_2&#8243; _builder_version=\u00bb3.25&#8243; background_color=\u00bb#ffffff\u00bb custom_padding=\u00bb60px|60px|60px|60px\u00bb global_colors_info=\u00bb{}\u00bb custom_padding__hover=\u00bb|||\u00bb][et_pb_text admin_label=\u00bbTitle &amp; Paragraph\u00bb _builder_version=\u00bb4.14.7&#8243; text_font=\u00bbPoppins||||||||\u00bb text_font_size=\u00bb16px\u00bb text_line_height=\u00bb1.8em\u00bb header_font=\u00bb||||||||\u00bb header_2_font=\u00bbMuli|700|||||||\u00bb header_2_font_size=\u00bb50px\u00bb header_2_line_height=\u00bb1.4em\u00bb header_4_font=\u00bbMontserrat|700|||||||\u00bb header_4_text_color=\u00bbgcid-4ce3445c-22a7-4920-8883-f6899a36ff9b\u00bb header_4_font_size=\u00bb30px\u00bb max_width=\u00bb766px\u00bb max_width_tablet=\u00bb\u00bb max_width_phone=\u00bb\u00bb max_width_last_edited=\u00bbon|phone\u00bb module_alignment=\u00bbcenter\u00bb custom_margin=\u00bb||21px|||\u00bb custom_padding=\u00bb||4px|||\u00bb custom_padding_last_edited=\u00bboff|desktop\u00bb header_2_font_size_tablet=\u00bb\u00bb header_2_font_size_phone=\u00bb40px\u00bb header_2_font_size_last_edited=\u00bbon|desktop\u00bb locked=\u00bboff\u00bb inline_fonts=\u00bbMontserrat\u00bb global_colors_info=\u00bb{%22gcid-9e1f9faf-32cc-4ae3-88fe-f416a57011aa%22:%91%93,%22gcid-5ea2646d-ef78-42ea-bf11-0e7b8b934098%22:%91%93,%22gcid-4ce3445c-22a7-4920-8883-f6899a36ff9b%22:%91%22header_4_text_color%22%93,%22gcid-509bc0cb-73d4-4619-bd16-20a15d62ca65%22:%91%93}\u00bb]<\/p>\n<h4 class=\"et_pb_module_header et-fb-editable-element et-fb-editable-element__editing\" data-shortcode-id=\"0.1.1.1-1614032645905\" data-quickaccess-id=\"header\"><span style=\"font-family: Montserrat\">Tejido de amigurumis<\/span><\/h4>\n<p>[\/et_pb_text][et_pb_divider color=\u00bb#002d40&#8243; divider_weight=\u00bb2px\u00bb _builder_version=\u00bb4.9.0&#8243; max_width=\u00bb150px\u00bb height=\u00bb2px\u00bb custom_margin=\u00bb|||\u00bb custom_padding=\u00bb|||-80px\u00bb custom_padding_tablet=\u00bb|0px||\u00bb custom_padding_last_edited=\u00bboff|desktop\u00bb locked=\u00bboff\u00bb global_colors_info=\u00bb{}\u00bb][\/et_pb_divider][et_pb_text admin_label=\u00bbTitle &amp; Paragraph\u00bb _builder_version=\u00bb4.9.0&#8243; text_font=\u00bbPoppins||||||||\u00bb text_font_size=\u00bb16px\u00bb text_line_height=\u00bb1.8em\u00bb header_font=\u00bb||||||||\u00bb header_2_font=\u00bbMuli|700|||||||\u00bb header_2_font_size=\u00bb50px\u00bb header_2_line_height=\u00bb1.4em\u00bb header_4_font=\u00bbMontserrat|700|||||||\u00bb header_4_text_color=\u00bbgcid-9e1f9faf-32cc-4ae3-88fe-f416a57011aa\u00bb header_4_font_size=\u00bb30px\u00bb max_width=\u00bb766px\u00bb max_width_tablet=\u00bb\u00bb max_width_phone=\u00bb\u00bb max_width_last_edited=\u00bbon|phone\u00bb module_alignment=\u00bbcenter\u00bb custom_margin=\u00bb32px|||||\u00bb custom_padding=\u00bb|||\u00bb custom_padding_last_edited=\u00bboff|desktop\u00bb header_2_font_size_tablet=\u00bb\u00bb header_2_font_size_phone=\u00bb40px\u00bb header_2_font_size_last_edited=\u00bbon|desktop\u00bb locked=\u00bboff\u00bb inline_fonts=\u00bbMontserrat\u00bb global_colors_info=\u00bb{%22gcid-9e1f9faf-32cc-4ae3-88fe-f416a57011aa%22:%91%22header_4_text_color%22%93,%22gcid-5ea2646d-ef78-42ea-bf11-0e7b8b934098%22:%91%93}\u00bb]<\/p>\n<p style=\"text-align: left\"><span style=\"font-weight: 400\">En el invierno practiqu\u00e9 m\u00e1s el tejido a crochet con unos cursos gratis, espec\u00edficamente de amigurumis, que hice unos pedidos para vender durante el semestre.<\/span><\/p>\n<p>[\/et_pb_text][\/et_pb_column][\/et_pb_row][et_pb_row column_structure=\u00bb1_2,1_2&#8243; use_custom_gutter=\u00bbon\u00bb gutter_width=\u00bb1&#8243; make_equal=\u00bbon\u00bb admin_label=\u00bbCase Study Row\u00bb _builder_version=\u00bb4.9.3&#8243; animation_style=\u00bbslide\u00bb animation_direction=\u00bbbottom\u00bb animation_intensity_slide=\u00bb4%\u00bb global_colors_info=\u00bb{}\u00bb][et_pb_column type=\u00bb1_2&#8243; _builder_version=\u00bb3.25&#8243; background_color=\u00bb#ffffff\u00bb custom_padding=\u00bb60px|60px|60px|60px\u00bb global_colors_info=\u00bb{}\u00bb custom_padding__hover=\u00bb|||\u00bb][et_pb_text admin_label=\u00bbTitle &amp; Paragraph\u00bb _builder_version=\u00bb4.14.7&#8243; text_font=\u00bbPoppins||||||||\u00bb text_font_size=\u00bb16px\u00bb text_line_height=\u00bb1.8em\u00bb header_font=\u00bb||||||||\u00bb header_2_font=\u00bbMuli|700|||||||\u00bb header_2_font_size=\u00bb50px\u00bb header_2_line_height=\u00bb1.4em\u00bb header_4_font=\u00bbMontserrat|700|||||||\u00bb header_4_text_color=\u00bbgcid-509bc0cb-73d4-4619-bd16-20a15d62ca65&#8243; header_4_font_size=\u00bb30px\u00bb max_width=\u00bb766px\u00bb max_width_tablet=\u00bb\u00bb max_width_phone=\u00bb\u00bb max_width_last_edited=\u00bbon|phone\u00bb module_alignment=\u00bbcenter\u00bb custom_margin=\u00bb||21px|||\u00bb custom_padding=\u00bb||4px|||\u00bb custom_padding_last_edited=\u00bboff|desktop\u00bb header_2_font_size_tablet=\u00bb\u00bb header_2_font_size_phone=\u00bb40px\u00bb header_2_font_size_last_edited=\u00bbon|desktop\u00bb locked=\u00bboff\u00bb inline_fonts=\u00bbMontserrat\u00bb global_colors_info=\u00bb{%22gcid-9e1f9faf-32cc-4ae3-88fe-f416a57011aa%22:%91%93,%22gcid-5ea2646d-ef78-42ea-bf11-0e7b8b934098%22:%91%93,%22gcid-4ce3445c-22a7-4920-8883-f6899a36ff9b%22:%91%93,%22gcid-509bc0cb-73d4-4619-bd16-20a15d62ca65%22:%91%22header_4_text_color%22%93}\u00bb]<\/p>\n<h4 class=\"et_pb_module_header et-fb-editable-element et-fb-editable-element__editing\" data-shortcode-id=\"0.1.1.1-1614032645905\" data-quickaccess-id=\"header\" style=\"text-align: right\"><span style=\"font-family: Montserrat\">Separadores\/nombres<\/span><\/h4>\n<p>[\/et_pb_text][et_pb_divider color=\u00bbgcid-9e1f9faf-32cc-4ae3-88fe-f416a57011aa\u00bb divider_weight=\u00bb2px\u00bb _builder_version=\u00bb4.9.0&#8243; max_width=\u00bb150px\u00bb module_alignment=\u00bbright\u00bb height=\u00bb2px\u00bb custom_margin=\u00bb|||\u00bb custom_padding=\u00bb|-60px||\u00bb custom_padding_tablet=\u00bb|0px||\u00bb custom_padding_last_edited=\u00bboff|desktop\u00bb locked=\u00bboff\u00bb global_colors_info=\u00bb{%22gcid-9e1f9faf-32cc-4ae3-88fe-f416a57011aa%22:%91%22color%22%93}\u00bb][\/et_pb_divider][et_pb_text admin_label=\u00bbTitle &amp; Paragraph\u00bb _builder_version=\u00bb4.9.0&#8243; text_font=\u00bbPoppins||||||||\u00bb text_font_size=\u00bb16px\u00bb text_line_height=\u00bb1.8em\u00bb header_font=\u00bb||||||||\u00bb header_2_font=\u00bbMuli|700|||||||\u00bb header_2_font_size=\u00bb50px\u00bb header_2_line_height=\u00bb1.4em\u00bb header_4_font=\u00bbMontserrat|700|||||||\u00bb header_4_text_color=\u00bbgcid-9e1f9faf-32cc-4ae3-88fe-f416a57011aa\u00bb header_4_font_size=\u00bb30px\u00bb max_width=\u00bb766px\u00bb max_width_tablet=\u00bb\u00bb max_width_phone=\u00bb\u00bb max_width_last_edited=\u00bbon|phone\u00bb module_alignment=\u00bbcenter\u00bb custom_margin=\u00bb32px|||||\u00bb custom_padding=\u00bb|||11px||\u00bb custom_padding_last_edited=\u00bboff|desktop\u00bb header_2_font_size_tablet=\u00bb\u00bb header_2_font_size_phone=\u00bb40px\u00bb header_2_font_size_last_edited=\u00bbon|desktop\u00bb locked=\u00bboff\u00bb inline_fonts=\u00bbMontserrat\u00bb global_colors_info=\u00bb{%22gcid-9e1f9faf-32cc-4ae3-88fe-f416a57011aa%22:%91%22header_4_text_color%22%93,%22gcid-5ea2646d-ef78-42ea-bf11-0e7b8b934098%22:%91%93}\u00bb]<\/p>\n<p style=\"text-align: right\"><span style=\"font-weight: 400\">Por el contacto de mi hermana, realic\u00e9 unos separadores para los alumnos de 4to a\u00f1o del Colegio Fernando Montes de Oca en Tecate, Baja California.<\/span><\/p>\n<p style=\"text-align: right\"><span style=\"font-weight: 400\">Estos los realic\u00e9 a mano, los decor\u00e9 son sus colores favoritos y los enmiqu\u00e9 para que no se maltraten y est\u00e9n protegidos.<\/span><\/p>\n<p style=\"text-align: right\"><span style=\"font-weight: 400\"><\/span><\/p>\n<p>[\/et_pb_text][\/et_pb_column][et_pb_column type=\u00bb1_2&#8243; _builder_version=\u00bb3.25&#8243; custom_padding=\u00bb|||\u00bb global_colors_info=\u00bb{}\u00bb custom_padding__hover=\u00bb|||\u00bb][et_pb_gallery gallery_ids=\u00bb1964,1962,1965&#8243; fullwidth=\u00bbon\u00bb _builder_version=\u00bb4.14.7&#8243; _module_preset=\u00bbdefault\u00bb locked=\u00bboff\u00bb global_colors_info=\u00bb{}\u00bb][\/et_pb_gallery][\/et_pb_column][\/et_pb_row][\/et_pb_section]<\/p>\n","protected":false},"excerpt":{"rendered":"<p>Emprendimientos personalesTrabajos que he realizado fuera del a\u0301mbito acade\u0301mico y actividades de intere\u0301s personal que puedan tener un vi\u0301nculo con la profesio\u0301n.Tejido de amigurumisEn el invierno practiqu\u00e9 m\u00e1s el tejido a crochet con unos cursos gratis, espec\u00edficamente de amigurumis, que hice unos pedidos para vender durante el semestre.Separadores\/nombresPor el contacto de mi hermana, realic\u00e9 unos [&hellip;]<\/p>\n","protected":false},"author":23,"featured_media":0,"parent":11,"menu_order":4,"comment_status":"closed","ping_status":"closed","template":"","meta":{"_et_pb_use_builder":"on","_et_pb_old_content":"<!-- wp:divi\/placeholder \/-->","_et_gb_content_width":"","inline_featured_image":false,"footnotes":""},"_links":{"self":[{"href":"https:\/\/dcv.artcom.mx\/pda\/1170182\/wp-json\/wp\/v2\/pages\/1772"}],"collection":[{"href":"https:\/\/dcv.artcom.mx\/pda\/1170182\/wp-json\/wp\/v2\/pages"}],"about":[{"href":"https:\/\/dcv.artcom.mx\/pda\/1170182\/wp-json\/wp\/v2\/types\/page"}],"author":[{"embeddable":true,"href":"https:\/\/dcv.artcom.mx\/pda\/1170182\/wp-json\/wp\/v2\/users\/23"}],"replies":[{"embeddable":true,"href":"https:\/\/dcv.artcom.mx\/pda\/1170182\/wp-json\/wp\/v2\/comments?post=1772"}],"version-history":[{"count":11,"href":"https:\/\/dcv.artcom.mx\/pda\/1170182\/wp-json\/wp\/v2\/pages\/1772\/revisions"}],"predecessor-version":[{"id":2008,"href":"https:\/\/dcv.artcom.mx\/pda\/1170182\/wp-json\/wp\/v2\/pages\/1772\/revisions\/2008"}],"up":[{"embeddable":true,"href":"https:\/\/dcv.artcom.mx\/pda\/1170182\/wp-json\/wp\/v2\/pages\/11"}],"wp:attachment":[{"href":"https:\/\/dcv.artcom.mx\/pda\/1170182\/wp-json\/wp\/v2\/media?parent=1772"}],"curies":[{"name":"wp","href":"https:\/\/api.w.org\/{rel}","templated":true}]}}