{"id":1767,"date":"2022-02-06T13:50:28","date_gmt":"2022-02-06T13:50:28","guid":{"rendered":"https:\/\/dcv.artcom.mx\/pda\/1170182\/?page_id=1767"},"modified":"2022-05-10T04:18:50","modified_gmt":"2022-05-10T04:18:50","slug":"diarios-metacognitivos-3ro","status":"publish","type":"page","link":"https:\/\/dcv.artcom.mx\/pda\/1170182\/evidencias\/diarios-metacognitivos-3ro\/","title":{"rendered":"Diarios Metacognitivos 3ro"},"content":{"rendered":"<p>[et_pb_section fb_built=\u00bb1&#8243; admin_label=\u00bbHero Section\u00bb _builder_version=\u00bb3.22&#8243; custom_padding=\u00bb0|0px|0px|0px\u00bb global_colors_info=\u00bb{}\u00bb][et_pb_row column_structure=\u00bb1_2,1_2&#8243; make_equal=\u00bbon\u00bb _builder_version=\u00bb4.9.3&#8243; width=\u00bb100%\u00bb max_width=\u00bb100%\u00bb custom_padding=\u00bb0px|0|0px|\u00bb use_custom_width=\u00bbon\u00bb width_unit=\u00bboff\u00bb custom_width_percent=\u00bb100%\u00bb global_colors_info=\u00bb{}\u00bb][et_pb_column type=\u00bb1_2&#8243; _builder_version=\u00bb3.25&#8243; custom_padding=\u00bb200px|8%|260px|8%\u00bb custom_padding_tablet=\u00bb80px|10%|80px|10%\u00bb custom_padding_phone=\u00bb\u00bb custom_padding_last_edited=\u00bbon|tablet\u00bb global_colors_info=\u00bb{}\u00bb padding_tablet=\u00bb80px|10%|80px|10%\u00bb padding_last_edited=\u00bbon|tablet\u00bb custom_padding__hover=\u00bb|||\u00bb padding_phone=\u00bb80px|10%|80px|10%\u00bb][et_pb_text _builder_version=\u00bb4.9.3&#8243; text_font=\u00bbPoppins||||||||\u00bb text_font_size=\u00bb16px\u00bb text_line_height=\u00bb1.8em\u00bb header_font=\u00bbMontserrat|700|||||||\u00bb header_text_color=\u00bb#fe414d\u00bb header_font_size=\u00bb56px\u00bb header_line_height=\u00bb1.4em\u00bb header_2_font=\u00bb||||||||\u00bb header_3_font=\u00bb||||||||\u00bb max_width=\u00bb694px\u00bb custom_margin=\u00bb|-75px||||\u00bb custom_padding=\u00bb|0px||3px||\u00bb animation_style=\u00bbfade\u00bb header_font_size_tablet=\u00bb40px\u00bb header_font_size_phone=\u00bb\u00bb header_font_size_last_edited=\u00bbon|tablet\u00bb locked=\u00bboff\u00bb global_colors_info=\u00bb{}\u00bb]<\/p>\n<h1>Diarios metacognitivos<\/h1>\n<p><span style=\"font-weight: 400\">Aqu\u00ed se encuentra el proceso por etapas que realic\u00e9 en dos proyectos de tercer a\u00f1o.<\/span><\/p>\n<p>[\/et_pb_text][\/et_pb_column][et_pb_column type=\u00bb1_2&#8243; _builder_version=\u00bb4.9.3&#8243; background_color=\u00bb#000000&#8243; use_background_color_gradient=\u00bbon\u00bb background_color_gradient_start=\u00bbrgba(18,18,18,0.5)\u00bb background_color_gradient_end=\u00bb#002d40&#8243; background_color_gradient_overlays_image=\u00bbon\u00bb background_image=\u00bbhttp:\/\/dcv.artcom.mx\/pda\/1170182\/wp-content\/uploads\/sites\/19\/2021\/04\/oli-dale-xjSkI_seiZY-unsplash-scaled.jpg\u00bb custom_padding=\u00bb200px||260px|8%\u00bb custom_padding_tablet=\u00bb80px|10%|80px|10%\u00bb custom_padding_phone=\u00bb\u00bb custom_padding_last_edited=\u00bbon|desktop\u00bb global_colors_info=\u00bb{%22gcid-9e1f9faf-32cc-4ae3-88fe-f416a57011aa%22:%91%22colorEnd%22%93}\u00bb padding_tablet=\u00bb80px|10%|80px|10%\u00bb padding_last_edited=\u00bbon|desktop\u00bb custom_padding__hover=\u00bb|||\u00bb padding_phone=\u00bb80px|10%|80px|10%\u00bb][et_pb_divider show_divider=\u00bboff\u00bb _builder_version=\u00bb3.2&#8243; height=\u00bb100px\u00bb global_colors_info=\u00bb{}\u00bb][\/et_pb_divider][\/et_pb_column][\/et_pb_row][\/et_pb_section][et_pb_section fb_built=\u00bb1&#8243; admin_label=\u00bbprojects\u00bb _builder_version=\u00bb4.9.0&#8243; background_color=\u00bbgcid-9e1f9faf-32cc-4ae3-88fe-f416a57011aa\u00bb use_background_color_gradient=\u00bbon\u00bb background_color_gradient_start=\u00bb#002d40&#8243; background_color_gradient_end=\u00bb#1ba5b7&#8243; custom_padding=\u00bb100px|0px|100px|0px\u00bb global_colors_info=\u00bb{%22gcid-9e1f9faf-32cc-4ae3-88fe-f416a57011aa%22:%91%22background_color%22,%22colorStart%22%93,%22gcid-5ea2646d-ef78-42ea-bf11-0e7b8b934098%22:%91%93,%22gcid-509bc0cb-73d4-4619-bd16-20a15d62ca65%22:%91%93,%22gcid-c1a082fc-4a30-48d6-a873-4ecf6c1abb36%22:%91%93,%22gcid-4ce3445c-22a7-4920-8883-f6899a36ff9b%22:%91%22colorEnd%22%93}\u00bb][et_pb_row _builder_version=\u00bb4.14.7&#8243; use_background_color_gradient=\u00bbon\u00bb background_color_gradient_start=\u00bbrgba(255,255,255,0.9)\u00bb background_color_gradient_end=\u00bbrgba(255,255,255,0.6)\u00bb background_color_gradient_overlays_image=\u00bbon\u00bb background_image=\u00bbhttp:\/\/dcv.artcom.mx\/pda\/1170182\/wp-content\/uploads\/sites\/19\/2022\/03\/sala-isome\u0301trica-2.png\u00bb custom_margin=\u00bb||75px|\u00bb custom_padding=\u00bb50px||50px|50px\u00bb animation_style=\u00bbslide\u00bb animation_direction=\u00bbbottom\u00bb animation_intensity_slide=\u00bb4%\u00bb global_colors_info=\u00bb{}\u00bb][et_pb_column type=\u00bb4_4&#8243; _builder_version=\u00bb3.25&#8243; custom_padding=\u00bb|||\u00bb global_colors_info=\u00bb{}\u00bb custom_padding__hover=\u00bb|||\u00bb][et_pb_text _builder_version=\u00bb4.14.7&#8243; text_font=\u00bbPoppins|700||on|||||\u00bb text_text_color=\u00bbgcid-509bc0cb-73d4-4619-bd16-20a15d62ca65&#8243; text_letter_spacing=\u00bb2px\u00bb text_line_height=\u00bb1.8em\u00bb global_colors_info=\u00bb{%22gcid-509bc0cb-73d4-4619-bd16-20a15d62ca65%22:%91%22text_text_color%22%93}\u00bb]<\/p>\n<p>5to semestre<\/p>\n<p>[\/et_pb_text][et_pb_text _builder_version=\u00bb4.14.7&#8243; text_font=\u00bbPoppins||||||||\u00bb text_text_color=\u00bb#666666&#8243; text_font_size=\u00bb16px\u00bb text_line_height=\u00bb1.8em\u00bb header_font=\u00bb||||||||\u00bb header_2_font=\u00bbMontserrat|700|||||||\u00bb header_2_text_color=\u00bbgcid-5ea2646d-ef78-42ea-bf11-0e7b8b934098&#8243; header_2_font_size=\u00bb40px\u00bb background_layout=\u00bbdark\u00bb custom_margin=\u00bb||0.6%|||\u00bb global_colors_info=\u00bb{%22gcid-5ea2646d-ef78-42ea-bf11-0e7b8b934098%22:%91%22header_2_text_color%22%93,%22gcid-509bc0cb-73d4-4619-bd16-20a15d62ca65%22:%91%93,%22gcid-4ce3445c-22a7-4920-8883-f6899a36ff9b%22:%91%93}\u00bb]<\/p>\n<h2>Dise\u00f1o de Informaci\u00f3n Ambiental<\/h2>\n<h2>para Biblioteca UM<\/h2>\n<p>[\/et_pb_text][et_pb_text _builder_version=\u00bb4.14.7&#8243; text_font=\u00bbPoppins||||||||\u00bb text_text_color=\u00bb#666666&#8243; text_font_size=\u00bb16px\u00bb text_line_height=\u00bb1.8em\u00bb header_font=\u00bb||||||||\u00bb header_2_font=\u00bbMontserrat|700|||||||\u00bb header_2_text_color=\u00bbgcid-5ea2646d-ef78-42ea-bf11-0e7b8b934098&#8243; header_2_font_size=\u00bb40px\u00bb header_2_line_height=\u00bb1.1em\u00bb background_layout=\u00bbdark\u00bb custom_margin=\u00bb27px||16%|||\u00bb global_colors_info=\u00bb{%22gcid-5ea2646d-ef78-42ea-bf11-0e7b8b934098%22:%91%22header_2_text_color%22%93,%22gcid-509bc0cb-73d4-4619-bd16-20a15d62ca65%22:%91%93,%22gcid-4ce3445c-22a7-4920-8883-f6899a36ff9b%22:%91%93}\u00bb]<\/p>\n<p>Materia: Dise\u00f1o de Informaci\u00f3n Ambiental<\/p>\n<p>[\/et_pb_text][et_pb_button button_url=\u00bbhttps:\/\/dcv.artcom.mx\/pda\/1170182\/evidencias\/diario-metacognitivo-5\/\u00bb button_text=\u00bbver proyecto\u00bb _builder_version=\u00bb4.14.7&#8243; custom_button=\u00bbon\u00bb button_text_size=\u00bb13px\u00bb button_text_color=\u00bb#ffffff\u00bb button_bg_color=\u00bbgcid-5ea2646d-ef78-42ea-bf11-0e7b8b934098&#8243; button_bg_use_color_gradient=\u00bbon\u00bb button_bg_color_gradient_start=\u00bb#fe414d\u00bb button_bg_color_gradient_end=\u00bb#f46a79&#8243; button_bg_color_gradient_direction=\u00bb268deg\u00bb button_border_width=\u00bb0px\u00bb button_border_color=\u00bb#ffffff\u00bb button_border_radius=\u00bb93px\u00bb button_letter_spacing=\u00bb2px\u00bb button_font=\u00bbPoppins|600||on|||||\u00bb background_layout=\u00bbdark\u00bb custom_padding=\u00bb10px||10px|\u00bb button_letter_spacing_hover=\u00bb2px\u00bb locked=\u00bboff\u00bb global_colors_info=\u00bb{%22gcid-5ea2646d-ef78-42ea-bf11-0e7b8b934098%22:%91%22button_bg_color%22,%22colorStart%22%93,%22gcid-509bc0cb-73d4-4619-bd16-20a15d62ca65%22:%91%22colorEnd%22%93}\u00bb button_text_size__hover_enabled=\u00bboff\u00bb button_one_text_size__hover_enabled=\u00bboff\u00bb button_two_text_size__hover_enabled=\u00bboff\u00bb button_text_color__hover_enabled=\u00bboff\u00bb button_one_text_color__hover_enabled=\u00bboff\u00bb button_two_text_color__hover_enabled=\u00bboff\u00bb button_border_width__hover_enabled=\u00bboff\u00bb button_one_border_width__hover_enabled=\u00bboff\u00bb button_two_border_width__hover_enabled=\u00bboff\u00bb button_border_color__hover_enabled=\u00bboff\u00bb button_one_border_color__hover_enabled=\u00bboff\u00bb button_two_border_color__hover_enabled=\u00bboff\u00bb button_border_radius__hover_enabled=\u00bboff\u00bb button_one_border_radius__hover_enabled=\u00bboff\u00bb button_two_border_radius__hover_enabled=\u00bboff\u00bb button_letter_spacing__hover_enabled=\u00bbon\u00bb button_letter_spacing__hover=\u00bb2px\u00bb button_one_letter_spacing__hover_enabled=\u00bboff\u00bb button_two_letter_spacing__hover_enabled=\u00bboff\u00bb button_bg_color__hover_enabled=\u00bboff\u00bb button_one_bg_color__hover_enabled=\u00bboff\u00bb button_two_bg_color__hover_enabled=\u00bboff\u00bb][\/et_pb_button][\/et_pb_column][\/et_pb_row][et_pb_row _builder_version=\u00bb4.9.0&#8243; use_background_color_gradient=\u00bbon\u00bb background_color_gradient_start=\u00bb#ffffff\u00bb background_color_gradient_end=\u00bbrgba(255,255,255,0.82)\u00bb background_color_gradient_overlays_image=\u00bbon\u00bb background_image=\u00bbhttp:\/\/dcv.artcom.mx\/pda\/1170182\/wp-content\/uploads\/sites\/19\/2021\/02\/architect-firm-10.jpg\u00bb custom_margin=\u00bb||75px|\u00bb custom_padding=\u00bb50px||50px|50px\u00bb animation_style=\u00bbslide\u00bb animation_direction=\u00bbbottom\u00bb animation_intensity_slide=\u00bb4%\u00bb global_colors_info=\u00bb{}\u00bb][et_pb_column type=\u00bb4_4&#8243; _builder_version=\u00bb3.25&#8243; custom_padding=\u00bb|||\u00bb global_colors_info=\u00bb{}\u00bb custom_padding__hover=\u00bb|||\u00bb][et_pb_text _builder_version=\u00bb4.14.7&#8243; text_font=\u00bbPoppins|700||on|||||\u00bb text_text_color=\u00bbgcid-509bc0cb-73d4-4619-bd16-20a15d62ca65&#8243; text_letter_spacing=\u00bb2px\u00bb text_line_height=\u00bb1.8em\u00bb locked=\u00bboff\u00bb global_colors_info=\u00bb{%22gcid-509bc0cb-73d4-4619-bd16-20a15d62ca65%22:%91%22text_text_color%22%93}\u00bb]<\/p>\n<p>6to semestre<\/p>\n<p>[\/et_pb_text][et_pb_text _builder_version=\u00bb4.9.0&#8243; text_font=\u00bbPoppins||||||||\u00bb text_text_color=\u00bb#666666&#8243; text_font_size=\u00bb16px\u00bb text_line_height=\u00bb1.8em\u00bb header_font=\u00bb||||||||\u00bb header_2_font=\u00bbMontserrat|700|||||||\u00bb header_2_text_color=\u00bbgcid-5ea2646d-ef78-42ea-bf11-0e7b8b934098&#8243; header_2_font_size=\u00bb40px\u00bb header_2_line_height=\u00bb1.4em\u00bb background_layout=\u00bbdark\u00bb custom_margin=\u00bb||16%|\u00bb global_colors_info=\u00bb{%22gcid-5ea2646d-ef78-42ea-bf11-0e7b8b934098%22:%91%22header_2_text_color%22%93}\u00bb]<\/p>\n<h2>\u00c1lbum: Personajes de la Escuela Bauhaus<\/h2>\n<p>Materia: Dise\u00f1o Contempor\u00e1neo<\/p>\n<p>[\/et_pb_text][et_pb_button button_url=\u00bbhttp:\/\/dcv.artcom.mx\/pda\/1170182\/evidencias\/diario-metacognitivo-6\/\u00bb button_text=\u00bbver proyecto\u00bb _builder_version=\u00bb4.14.7&#8243; custom_button=\u00bbon\u00bb button_text_size=\u00bb13px\u00bb button_text_color=\u00bb#ffffff\u00bb button_bg_color=\u00bbgcid-5ea2646d-ef78-42ea-bf11-0e7b8b934098&#8243; button_bg_use_color_gradient=\u00bbon\u00bb button_bg_color_gradient_start=\u00bb#fe414d\u00bb button_bg_color_gradient_end=\u00bb#f46a79&#8243; button_bg_color_gradient_direction=\u00bb268deg\u00bb button_border_width=\u00bb0px\u00bb button_border_color=\u00bb#ffffff\u00bb button_border_radius=\u00bb93px\u00bb button_letter_spacing=\u00bb2px\u00bb button_font=\u00bbPoppins|600||on|||||\u00bb background_layout=\u00bbdark\u00bb custom_padding=\u00bb10px||10px|\u00bb button_letter_spacing_hover=\u00bb2px\u00bb locked=\u00bboff\u00bb global_colors_info=\u00bb{%22gcid-5ea2646d-ef78-42ea-bf11-0e7b8b934098%22:%91%22button_bg_color%22,%22colorStart%22%93,%22gcid-509bc0cb-73d4-4619-bd16-20a15d62ca65%22:%91%22colorEnd%22%93}\u00bb button_text_size__hover_enabled=\u00bboff\u00bb button_one_text_size__hover_enabled=\u00bboff\u00bb button_two_text_size__hover_enabled=\u00bboff\u00bb button_text_color__hover_enabled=\u00bboff\u00bb button_one_text_color__hover_enabled=\u00bboff\u00bb button_two_text_color__hover_enabled=\u00bboff\u00bb button_border_width__hover_enabled=\u00bboff\u00bb button_one_border_width__hover_enabled=\u00bboff\u00bb button_two_border_width__hover_enabled=\u00bboff\u00bb button_border_color__hover_enabled=\u00bboff\u00bb button_one_border_color__hover_enabled=\u00bboff\u00bb button_two_border_color__hover_enabled=\u00bboff\u00bb button_border_radius__hover_enabled=\u00bboff\u00bb button_one_border_radius__hover_enabled=\u00bboff\u00bb button_two_border_radius__hover_enabled=\u00bboff\u00bb button_letter_spacing__hover_enabled=\u00bbon\u00bb button_letter_spacing__hover=\u00bb2px\u00bb button_one_letter_spacing__hover_enabled=\u00bboff\u00bb button_two_letter_spacing__hover_enabled=\u00bboff\u00bb button_bg_color__hover_enabled=\u00bboff\u00bb button_one_bg_color__hover_enabled=\u00bboff\u00bb button_two_bg_color__hover_enabled=\u00bboff\u00bb][\/et_pb_button][\/et_pb_column][\/et_pb_row][\/et_pb_section]<\/p>\n","protected":false},"excerpt":{"rendered":"<p>Diarios metacognitivos Aqu\u00ed se encuentra el proceso por etapas que realic\u00e9 en dos proyectos de tercer a\u00f1o.5to semestreDise\u00f1o de Informaci\u00f3n Ambiental para Biblioteca UMMateria: Dise\u00f1o de Informaci\u00f3n Ambiental6to semestre\u00c1lbum: Personajes de la Escuela Bauhaus Materia: Dise\u00f1o Contempor\u00e1neo<\/p>\n","protected":false},"author":23,"featured_media":0,"parent":11,"menu_order":2,"comment_status":"closed","ping_status":"closed","template":"","meta":{"_et_pb_use_builder":"on","_et_pb_old_content":"<!-- wp:divi\/placeholder \/-->","_et_gb_content_width":"","inline_featured_image":false,"footnotes":""},"_links":{"self":[{"href":"https:\/\/dcv.artcom.mx\/pda\/1170182\/wp-json\/wp\/v2\/pages\/1767"}],"collection":[{"href":"https:\/\/dcv.artcom.mx\/pda\/1170182\/wp-json\/wp\/v2\/pages"}],"about":[{"href":"https:\/\/dcv.artcom.mx\/pda\/1170182\/wp-json\/wp\/v2\/types\/page"}],"author":[{"embeddable":true,"href":"https:\/\/dcv.artcom.mx\/pda\/1170182\/wp-json\/wp\/v2\/users\/23"}],"replies":[{"embeddable":true,"href":"https:\/\/dcv.artcom.mx\/pda\/1170182\/wp-json\/wp\/v2\/comments?post=1767"}],"version-history":[{"count":9,"href":"https:\/\/dcv.artcom.mx\/pda\/1170182\/wp-json\/wp\/v2\/pages\/1767\/revisions"}],"predecessor-version":[{"id":2219,"href":"https:\/\/dcv.artcom.mx\/pda\/1170182\/wp-json\/wp\/v2\/pages\/1767\/revisions\/2219"}],"up":[{"embeddable":true,"href":"https:\/\/dcv.artcom.mx\/pda\/1170182\/wp-json\/wp\/v2\/pages\/11"}],"wp:attachment":[{"href":"https:\/\/dcv.artcom.mx\/pda\/1170182\/wp-json\/wp\/v2\/media?parent=1767"}],"curies":[{"name":"wp","href":"https:\/\/api.w.org\/{rel}","templated":true}]}}