{"id":849,"date":"2021-04-04T21:41:50","date_gmt":"2021-04-04T21:41:50","guid":{"rendered":"http:\/\/dcv.artcom.mx\/pda\/1170171\/?page_id=849"},"modified":"2021-05-07T17:57:12","modified_gmt":"2021-05-07T17:57:12","slug":"mss","status":"publish","type":"page","link":"https:\/\/dcv.artcom.mx\/pda\/1170171\/mss\/","title":{"rendered":"DDI- MSS"},"content":{"rendered":"<p>[et_pb_section fb_built=\u00bb1&#8243; make_equal=\u00bbon\u00bb use_custom_gutter=\u00bbon\u00bb gutter_width=\u00bb1&#8243; specialty=\u00bbon\u00bb padding_top_1=\u00bb140px\u00bb padding_top_2=\u00bb0px\u00bb padding_left_1=\u00bb10%\u00bb admin_label=\u00bbFeature Section\u00bb module_class=\u00bb et_pb_specialty_fullwidth\u00bb _builder_version=\u00bb3.22&#8243; background_color=\u00bb#f7f7f7&#8243; inner_width=\u00bb100%\u00bb inner_width_tablet=\u00bb100%\u00bb inner_width_phone=\u00bb\u00bb inner_width_last_edited=\u00bbon|desktop\u00bb inner_max_width=\u00bb100%\u00bb inner_max_width_tablet=\u00bb100%\u00bb inner_max_width_phone=\u00bb\u00bb inner_max_width_last_edited=\u00bbon|desktop\u00bb custom_margin=\u00bb|||\u00bb custom_padding=\u00bb0px|||\u00bb box_shadow_style=\u00bbpreset7&#8243; box_shadow_horizontal=\u00bb0px\u00bb box_shadow_vertical=\u00bb100px\u00bb box_shadow_color=\u00bb#ffffff\u00bb make_fullwidth=\u00bbon\u00bb][et_pb_column type=\u00bb1_2&#8243; specialty_columns=\u00bb2&#8243; _builder_version=\u00bb3.25&#8243; custom_padding=\u00bb|||\u00bb padding_left__hover=\u00bb10%\u00bb padding_top__hover=\u00bb140px\u00bb parallax__hover=\u00bboff\u00bb parallax_method__hover=\u00bbon\u00bb custom_padding__hover=\u00bb|||\u00bb][et_pb_row_inner use_custom_gutter=\u00bbon\u00bb make_equal=\u00bbon\u00bb admin_label=\u00bbFeature Titile\u00bb _builder_version=\u00bb3.25&#8243; max_width=\u00bb75%\u00bb custom_margin=\u00bb|||\u00bb custom_padding=\u00bb||10px|\u00bb][et_pb_column_inner saved_specialty_column_type=\u00bb1_2&#8243; _builder_version=\u00bb3.25&#8243; custom_padding=\u00bb|||\u00bb parallax__hover=\u00bboff\u00bb parallax_method__hover=\u00bbon\u00bb custom_padding__hover=\u00bb|||\u00bb][et_pb_text _builder_version=\u00bb4.9.3&#8243; _module_preset=\u00bbdefault\u00bb text_font=\u00bbOpen Sans|600|||||||\u00bb animation_style=\u00bbslide\u00bb link_option_url=\u00bbhttp:\/\/dcv.artcom.mx\/pda\/1170171\/evidencias\/proyectos-academicos\/\u00bb]<\/p>\n<p>\u2190\u00a0Regresar<\/p>\n<p>[\/et_pb_text][et_pb_text admin_label=\u00bbTitle\u00bb _builder_version=\u00bb3.27.4&#8243; text_font=\u00bbMontserrat||||||||\u00bb text_text_color=\u00bb#747d88&#8243; text_font_size=\u00bb16px\u00bb text_line_height=\u00bb1.9em\u00bb header_font=\u00bb||||||||\u00bb header_text_align=\u00bbleft\u00bb header_2_font=\u00bbMontserrat|700||on|||||\u00bb header_2_font_size=\u00bb42px\u00bb header_2_line_height=\u00bb1.3em\u00bb max_width=\u00bb700px\u00bb module_alignment=\u00bbleft\u00bb animation_style=\u00bbslide\u00bb animation_direction=\u00bbbottom\u00bb animation_intensity_slide=\u00bb4%\u00bb locked=\u00bboff\u00bb]<\/p>\n<h2><span style=\"color: #be1724\">ddi &#8211; Ministerio de salvaci\u00f3n en s\u00edmbolos<\/span><\/h2>\n<p><span style=\"color: #122ed4\"><\/span><\/p>\n<p>[\/et_pb_text][et_pb_text admin_label=\u00bbSubtitle\u00bb _builder_version=\u00bb4.9.3&#8243; text_font=\u00bbMontserrat||||\u00bb text_text_color=\u00bb#747d88&#8243; text_font_size=\u00bb16px\u00bb text_line_height=\u00bb1.8em\u00bb header_font=\u00bb||||||||\u00bb max_width=\u00bb700px\u00bb module_alignment=\u00bbleft\u00bb custom_margin=\u00bb|||\u00bb custom_padding=\u00bb||20px|\u00bb animation_style=\u00bbslide\u00bb animation_direction=\u00bbbottom\u00bb animation_delay=\u00bb100ms\u00bb animation_intensity_slide=\u00bb4%\u00bb locked=\u00bboff\u00bb]<\/p>\n<p><span>Este proyecto de dise\u00f1o de informaci\u00f3n ambiental ha sido realizado para mejorar la experiencia del visitante al formar parte de un recorrido guiado por la r\u00e9plica del tabern\u00e1culo de Mois\u00e9s.<\/span><\/p>\n<p>El santuario es el eje central de nuestras creencias como Adventistas del S\u00e9ptimo d\u00eda, el \u00abMinisterio de Salvaci\u00f3n en S\u00edmbolos\u00bb dependiente del \u00abMinisterio Juvenil Doulos\u00bb de la Iglesia Universitaria cuenta con una r\u00e9plica a escala real del santuario. Su misi\u00f3n es compartir el mensaje de salvaci\u00f3n a trav\u00e9s de s\u00edmbolos, viajando por diferentes lugares.<\/p>\n<p>Este proyecto fue ideado con el prop\u00f3sito de mejorar la experiencia del recorrido de los visitantes y la compresi\u00f3n de los s\u00edmbolos. Implementando mediante se\u00f1al\u00e9tica y dise\u00f1o de informaci\u00f3n ambiental piezas de dise\u00f1o que ayuden a los usuarios a comprender el plan de salvaci\u00f3n de una manera clara que los conecte con Jes\u00fas como Sumo Sacerdote, quien es nuestro abogado y se preparen para su segunda venida.<\/p>\n<p>[\/et_pb_text][et_pb_text admin_label=\u00bbSubtitle\u00bb _builder_version=\u00bb3.27.4&#8243; text_font=\u00bbMontserrat||||\u00bb text_text_color=\u00bb#747d88&#8243; text_font_size=\u00bb16px\u00bb text_line_height=\u00bb1.8em\u00bb header_font=\u00bb||||||||\u00bb max_width=\u00bb700px\u00bb module_alignment=\u00bbleft\u00bb custom_margin=\u00bb|||\u00bb custom_padding=\u00bb||20px|\u00bb animation_style=\u00bbslide\u00bb animation_direction=\u00bbbottom\u00bb animation_delay=\u00bb100ms\u00bb animation_intensity_slide=\u00bb4%\u00bb locked=\u00bboff\u00bb]<\/p>\n<p><span>Cliente: Ministerio Salvaci\u00f3n en S\u00edmbolos<\/span><\/p>\n<p><span>Materia: Dise\u00f1o de\u00a0Informaci\u00f3n Ambiental<\/span><span><\/span><\/p>\n<p>Maestro: Mois\u00e9s Varela<span><\/span>\u00a0<\/p>\n<p>Enfoque: F\u00e9<\/p>\n<p>Especificaciones: Realizaci\u00f3n de sistema de se\u00f1ales para el ministerio de Salvaci\u00f3n en S\u00edmbolos<\/p>\n<p>&nbsp;<\/p>\n<p>&nbsp;<\/p>\n<p><span><\/span><\/p>\n<p>[\/et_pb_text][\/et_pb_column_inner][\/et_pb_row_inner][\/et_pb_column][et_pb_column type=\u00bb1_2&#8243; _builder_version=\u00bb3.25&#8243; custom_padding=\u00bb|||\u00bb padding_top__hover=\u00bb0px\u00bb parallax__hover=\u00bboff\u00bb parallax_method__hover=\u00bbon\u00bb custom_padding__hover=\u00bb|||\u00bb][et_pb_image src=\u00bbhttp:\/\/dcv.artcom.mx\/pda\/1170171\/wp-content\/uploads\/sites\/28\/2021\/04\/Piezas-finales5-03.jpg\u00bb title_text=\u00bbPiezas-finales5-03&#8243; force_fullwidth=\u00bbon\u00bb align_tablet=\u00bbcenter\u00bb align_phone=\u00bb\u00bb align_last_edited=\u00bbon|desktop\u00bb _builder_version=\u00bb4.9.3&#8243; custom_margin=\u00bb|||\u00bb custom_padding=\u00bb|||\u00bb animation_style=\u00bbslide\u00bb animation_direction=\u00bbright\u00bb animation_intensity_slide=\u00bb6%\u00bb animation_starting_opacity=\u00bb100%\u00bb][\/et_pb_image][et_pb_image src=\u00bbhttp:\/\/dcv.artcom.mx\/pda\/1170171\/wp-content\/uploads\/sites\/28\/2021\/04\/DDIA-01.jpg\u00bb title_text=\u00bbDDIA-01&#8243; force_fullwidth=\u00bbon\u00bb align_tablet=\u00bbcenter\u00bb align_phone=\u00bb\u00bb align_last_edited=\u00bbon|desktop\u00bb _builder_version=\u00bb4.9.3&#8243; custom_margin=\u00bb|||\u00bb custom_padding=\u00bb|||\u00bb animation_style=\u00bbslide\u00bb animation_direction=\u00bbbottom\u00bb animation_intensity_slide=\u00bb6%\u00bb animation_starting_opacity=\u00bb100%\u00bb][\/et_pb_image][et_pb_image src=\u00bbhttp:\/\/dcv.artcom.mx\/pda\/1170171\/wp-content\/uploads\/sites\/28\/2021\/04\/DDIA-03.jpg\u00bb title_text=\u00bbDDIA-03&#8243; force_fullwidth=\u00bbon\u00bb align_tablet=\u00bbcenter\u00bb align_phone=\u00bb\u00bb align_last_edited=\u00bbon|desktop\u00bb _builder_version=\u00bb4.9.3&#8243; custom_margin=\u00bb|||\u00bb custom_padding=\u00bb|||\u00bb animation_style=\u00bbslide\u00bb animation_direction=\u00bbright\u00bb animation_intensity_slide=\u00bb6%\u00bb animation_starting_opacity=\u00bb100%\u00bb][\/et_pb_image][\/et_pb_column][\/et_pb_section][et_pb_section fb_built=\u00bb1&#8243; _builder_version=\u00bb4.9.3&#8243; _module_preset=\u00bbdefault\u00bb][et_pb_row _builder_version=\u00bb4.9.3&#8243; _module_preset=\u00bbdefault\u00bb][et_pb_column type=\u00bb4_4&#8243; _builder_version=\u00bb4.9.3&#8243; _module_preset=\u00bbdefault\u00bb][et_pb_video src=\u00bbhttps:\/\/www.youtube.com\/watch?v=5F3b0hEe9zo\u00bb _builder_version=\u00bb4.9.3&#8243; _module_preset=\u00bbdefault\u00bb][\/et_pb_video][\/et_pb_column][\/et_pb_row][et_pb_row _builder_version=\u00bb4.9.3&#8243; _module_preset=\u00bbdefault\u00bb][et_pb_column type=\u00bb4_4&#8243; _builder_version=\u00bb4.9.3&#8243; _module_preset=\u00bbdefault\u00bb][et_pb_image src=\u00bbhttp:\/\/dcv.artcom.mx\/pda\/1170171\/wp-content\/uploads\/sites\/28\/2021\/04\/Senales-Cuadricula.png\u00bb title_text=\u00bbSe\u00f1ales Cuadricula\u00bb _builder_version=\u00bb4.9.3&#8243; _module_preset=\u00bbdefault\u00bb][\/et_pb_image][\/et_pb_column][\/et_pb_row][\/et_pb_section][et_pb_section fb_built=\u00bb1&#8243; _builder_version=\u00bb4.9.3&#8243; _module_preset=\u00bbdefault\u00bb][et_pb_row _builder_version=\u00bb4.9.3&#8243; _module_preset=\u00bbdefault\u00bb][et_pb_column type=\u00bb4_4&#8243; _builder_version=\u00bb4.9.3&#8243; _module_preset=\u00bbdefault\u00bb][et_pb_image src=\u00bbhttp:\/\/dcv.artcom.mx\/pda\/1170171\/wp-content\/uploads\/sites\/28\/2021\/04\/01.-Iconografia.gif\u00bb title_text=\u00bb01.-Iconografia\u00bb _builder_version=\u00bb4.9.3&#8243; _module_preset=\u00bbdefault\u00bb][\/et_pb_image][\/et_pb_column][\/et_pb_row][et_pb_row _builder_version=\u00bb4.9.3&#8243; _module_preset=\u00bbdefault\u00bb][et_pb_column type=\u00bb4_4&#8243; _builder_version=\u00bb4.9.3&#8243; _module_preset=\u00bbdefault\u00bb][et_pb_image src=\u00bbhttp:\/\/dcv.artcom.mx\/pda\/1170171\/wp-content\/uploads\/sites\/28\/2021\/04\/\u00bfQue-soluciona.png\u00bb title_text=\u00bb\u00bfQue soluciona?\u00bb _builder_version=\u00bb4.9.3&#8243; _module_preset=\u00bbdefault\u00bb][\/et_pb_image][\/et_pb_column][\/et_pb_row][et_pb_row _builder_version=\u00bb4.9.3&#8243; _module_preset=\u00bbdefault\u00bb][et_pb_column type=\u00bb4_4&#8243; _builder_version=\u00bb4.9.3&#8243; _module_preset=\u00bbdefault\u00bb][et_pb_code _builder_version=\u00bb4.9.4&#8243; _module_preset=\u00bbdefault\u00bb custom_padding=\u00bb||205px|||\u00bb]<!-- [et_pb_line_break_holder] --><!-- [et_pb_line_break_holder] -->[\/et_pb_code][et_pb_code _builder_version=\u00bb4.9.4&#8243; _module_preset=\u00bbdefault\u00bb hover_enabled=\u00bb0&#8243; sticky_enabled=\u00bb0&#8243;]<!-- [et_pb_line_break_holder] --><!-- [et_pb_line_break_holder] -->[\/et_pb_code][et_pb_code _builder_version=\u00bb4.9.4&#8243; _module_preset=\u00bbdefault\u00bb]<!-- [et_pb_line_break_holder] --><!-- [et_pb_line_break_holder] -->[\/et_pb_code][\/et_pb_column][\/et_pb_row][et_pb_row _builder_version=\u00bb4.9.4&#8243; _module_preset=\u00bbdefault\u00bb][et_pb_column _builder_version=\u00bb4.9.4&#8243; _module_preset=\u00bbdefault\u00bb type=\u00bb4_4&#8243;][et_pb_gallery _builder_version=\u00bb4.9.4&#8243; _module_preset=\u00bbdefault\u00bb gallery_ids=\u00bb1253&#8243; hover_enabled=\u00bb0&#8243; sticky_enabled=\u00bb0&#8243;][\/et_pb_gallery][\/et_pb_column][\/et_pb_row][et_pb_row _builder_version=\u00bb4.9.4&#8243; _module_preset=\u00bbdefault\u00bb][et_pb_column _builder_version=\u00bb4.9.4&#8243; _module_preset=\u00bbdefault\u00bb type=\u00bb4_4&#8243;][et_pb_image src=\u00bbhttp:\/\/dcv.artcom.mx\/pda\/1170171\/wp-content\/uploads\/sites\/28\/2021\/05\/Lado-lateral-Derecho.png\u00bb _builder_version=\u00bb4.9.4&#8243; _module_preset=\u00bbdefault\u00bb title_text=\u00bbLado lateral Derecho\u00bb hover_enabled=\u00bb0&#8243; sticky_enabled=\u00bb0&#8243;][\/et_pb_image][\/et_pb_column][\/et_pb_row][\/et_pb_section][et_pb_section fb_built=\u00bb1&#8243; _builder_version=\u00bb4.9.4&#8243; _module_preset=\u00bbdefault\u00bb][\/et_pb_section][et_pb_section fb_built=\u00bb1&#8243; fullwidth=\u00bbon\u00bb _builder_version=\u00bb4.9.3&#8243; _module_preset=\u00bbdefault\u00bb][\/et_pb_section][et_pb_section fb_built=\u00bb1&#8243; _builder_version=\u00bb4.9.3&#8243; _module_preset=\u00bbdefault\u00bb background_color=\u00bb#0125cb\u00bb min_height=\u00bb188px\u00bb custom_margin=\u00bb0px||-2px|||\u00bb custom_padding=\u00bb||0px|||\u00bb][et_pb_row _builder_version=\u00bb4.9.3&#8243; _module_preset=\u00bbdefault\u00bb custom_padding=\u00bb0px||0px|||\u00bb][et_pb_column type=\u00bb4_4&#8243; _builder_version=\u00bb4.9.3&#8243; _module_preset=\u00bbdefault\u00bb link_option_url=\u00bbhttp:\/\/dcv.artcom.mx\/pda\/1170171\/evidencias\/proyectos-academicos\/\u00bb][et_pb_text _builder_version=\u00bb4.9.3&#8243; _module_preset=\u00bbdefault\u00bb text_font=\u00bbOpen Sans|600|||||||\u00bb text_text_color=\u00bb#ffffff\u00bb animation_style=\u00bbslide\u00bb link_option_url=\u00bbhttp:\/\/dcv.artcom.mx\/pda\/1170171\/evidencias\/proyectos-academicos\/\u00bb]<\/p>\n<p>\u2190\u00a0Regresar<\/p>\n<p>[\/et_pb_text][et_pb_text admin_label=\u00bbHero Title\u00bb _builder_version=\u00bb4.9.3&#8243; text_font=\u00bbOpen Sans||||||||\u00bb text_font_size=\u00bb7px\u00bb text_letter_spacing=\u00bb13px\u00bb header_font=\u00bbOpen Sans||||||||\u00bb header_text_color=\u00bb#FFFFFF\u00bb header_font_size=\u00bb79px\u00bb header_letter_spacing=\u00bb2px\u00bb header_line_height=\u00bb1.1em\u00bb min_height=\u00bb16px\u00bb custom_margin=\u00bb-8px||-57px|||\u00bb custom_padding=\u00bb0px||0px|||\u00bb animation_style=\u00bbslide\u00bb animation_direction=\u00bbleft\u00bb animation_intensity_slide=\u00bb5%\u00bb animation_starting_opacity=\u00bb100%\u00bb text_font_size_last_edited=\u00bboff|desktop\u00bb header_font_size_tablet=\u00bb\u00bb header_font_size_phone=\u00bb60px\u00bb header_font_size_last_edited=\u00bbon|phone\u00bb]<\/p>\n<h1><span style=\"font-size: xx-large\">M\u00c1S PROYECTOS<\/span><\/h1>\n<p>[\/et_pb_text][\/et_pb_column][\/et_pb_row][\/et_pb_section][et_pb_section fb_built=\u00bb1&#8243; admin_label=\u00bbOur Services\u00bb module_id=\u00bbQUINTO\u00bb _builder_version=\u00bb4.9.2&#8243; background_color=\u00bb#0125cb\u00bb custom_padding=\u00bb0px|||||\u00bb locked=\u00bboff\u00bb][et_pb_row column_structure=\u00bb1_3,1_3,1_3&#8243; _builder_version=\u00bb3.25&#8243; custom_margin=\u00bb|||\u00bb custom_padding=\u00bb|||\u00bb][et_pb_column type=\u00bb1_3&#8243; _builder_version=\u00bb3.25&#8243; custom_padding=\u00bb|||\u00bb custom_padding__hover=\u00bb|||\u00bb][et_pb_blurb url=\u00bbhttp:\/\/dcv.artcom.mx\/pda\/1170171\/little-caesars\/\u00bb image=\u00bbhttp:\/\/dcv.artcom.mx\/pda\/1170171\/wp-content\/uploads\/sites\/28\/2021\/03\/TPA-Little-Caesars.jpg\u00bb _builder_version=\u00bb4.9.3&#8243; header_font=\u00bbOpen Sans||||||||\u00bb header_font_size=\u00bb24px\u00bb header_line_height=\u00bb1.2em\u00bb body_font=\u00bbOpen Sans||||||||\u00bb body_font_size=\u00bb16px\u00bb body_line_height=\u00bb1.8em\u00bb background_color=\u00bbRGBA(0,0,0,0)\u00bb module_alignment=\u00bbleft\u00bb min_height=\u00bb100px\u00bb height=\u00bb361px\u00bb custom_margin=\u00bb||-3px||false|false\u00bb custom_padding=\u00bb0px|0px|0px|0px|true|true\u00bb animation_style=\u00bbfold\u00bb animation_delay=\u00bb200ms\u00bb animation=\u00bboff\u00bb header_font_tablet=\u00bb\u00bb header_font_phone=\u00bb\u00bb header_font_last_edited=\u00bbon|desktop\u00bb border_color_all=\u00bbrgba(21,49,78,0.17)\u00bb locked=\u00bboff\u00bb][\/et_pb_blurb][et_pb_toggle title=\u00bbLITTLE CAESARS\u00bb open_toggle_text_color=\u00bb#0125cb\u00bb closed_toggle_text_color=\u00bb#0125cb\u00bb _builder_version=\u00bb4.9.2&#8243; title_text_color=\u00bb#0125cb\u00bb title_font=\u00bbOpen Sans|700|||||||\u00bb title_font_size=\u00bb21px\u00bb closed_title_font=\u00bbOpen Sans||||||||\u00bb body_font=\u00bbOpen Sans||||||||\u00bb background_color=\u00bb#f1f1f1&#8243; min_height=\u00bb51px\u00bb custom_margin=\u00bb||8px|\u00bb custom_padding=\u00bb|||30px|false\u00bb border_width_all=\u00bb0px\u00bb locked=\u00bboff\u00bb]<\/p>\n<p>Recreacion de escena para publicidad audivisual de Little Caesars<\/p>\n<p>[\/et_pb_toggle][\/et_pb_column][et_pb_column type=\u00bb1_3&#8243; _builder_version=\u00bb3.25&#8243; custom_padding=\u00bb|||\u00bb custom_padding__hover=\u00bb|||\u00bb][et_pb_blurb url=\u00bbhttp:\/\/dcv.artcom.mx\/pda\/1170171\/recetario-de-temporadas\/\u00bb image=\u00bbhttp:\/\/dcv.artcom.mx\/pda\/1170171\/wp-content\/uploads\/sites\/28\/2021\/03\/DE-Recetario.gif\u00bb _builder_version=\u00bb4.9.3&#8243; header_font=\u00bbOpen Sans||||||||\u00bb header_font_size=\u00bb24px\u00bb header_line_height=\u00bb1.2em\u00bb body_font=\u00bbOpen Sans||||||||\u00bb body_font_size=\u00bb16px\u00bb body_line_height=\u00bb1.8em\u00bb background_color=\u00bb#ffffff\u00bb module_alignment=\u00bbleft\u00bb min_height=\u00bb233px\u00bb custom_margin=\u00bb||-26px||false|false\u00bb custom_padding=\u00bb0px|0px|0px|0px|true|true\u00bb animation_style=\u00bbfold\u00bb animation_delay=\u00bb200ms\u00bb animation=\u00bboff\u00bb header_font_tablet=\u00bb\u00bb header_font_phone=\u00bb\u00bb header_font_last_edited=\u00bbon|desktop\u00bb border_width_all=\u00bb1px\u00bb border_color_all=\u00bbrgba(21,49,78,0.17)\u00bb locked=\u00bboff\u00bb][\/et_pb_blurb][et_pb_toggle title=\u00bbRECETARIO TEMPORADAS\u00bb open_toggle_text_color=\u00bb#0125cb\u00bb closed_toggle_text_color=\u00bb#0125cb\u00bb _builder_version=\u00bb4.9.2&#8243; title_text_color=\u00bb#0125cb\u00bb title_font=\u00bbOpen Sans|700|||||||\u00bb closed_title_font=\u00bbOpen Sans||||||||\u00bb body_font=\u00bbOpen Sans||||||||\u00bb background_color=\u00bb#f1f1f1&#8243; custom_margin=\u00bb||8px|\u00bb custom_padding=\u00bb|||30px|false\u00bb border_width_all=\u00bb0px\u00bb locked=\u00bboff\u00bb]<\/p>\n<p>Dise\u00f1o de portada y contenido para recetario de bebidas por temporadas&#8230;\u00a0<\/p>\n<p>[\/et_pb_toggle][\/et_pb_column][et_pb_column type=\u00bb1_3&#8243; _builder_version=\u00bb3.25&#8243; custom_padding=\u00bb|||\u00bb custom_padding__hover=\u00bb|||\u00bb][et_pb_blurb url=\u00bbhttp:\/\/dcv.artcom.mx\/pda\/1170171\/garden\/\u00bb image=\u00bbhttp:\/\/dcv.artcom.mx\/pda\/1170171\/wp-content\/uploads\/sites\/28\/2021\/03\/P-garden.gif\u00bb _builder_version=\u00bb4.9.3&#8243; header_font=\u00bbOpen Sans||||||||\u00bb header_font_size=\u00bb24px\u00bb header_line_height=\u00bb1.2em\u00bb body_font=\u00bbOpen Sans||||||||\u00bb body_font_size=\u00bb16px\u00bb body_line_height=\u00bb1.8em\u00bb background_color=\u00bbRGBA(0,0,0,0)\u00bb module_alignment=\u00bbleft\u00bb min_height=\u00bb233px\u00bb height=\u00bb385px\u00bb custom_margin=\u00bb||-26px||false|false\u00bb custom_padding=\u00bb0px|0px|0px|0px|true|true\u00bb animation_style=\u00bbfold\u00bb animation_delay=\u00bb200ms\u00bb animation=\u00bboff\u00bb header_font_tablet=\u00bb\u00bb header_font_phone=\u00bb\u00bb header_font_last_edited=\u00bbon|desktop\u00bb border_color_all=\u00bbrgba(21,49,78,0.17)\u00bb locked=\u00bboff\u00bb][\/et_pb_blurb][et_pb_toggle title=\u00bbGARDEN\u00bb open_toggle_text_color=\u00bb#0125cb\u00bb closed_toggle_text_color=\u00bb#0125cb\u00bb _builder_version=\u00bb4.9.2&#8243; title_text_color=\u00bb#0125cb\u00bb title_font=\u00bbOpen Sans|700|||||||\u00bb title_font_size=\u00bb21px\u00bb closed_title_font=\u00bbOpen Sans||||||||\u00bb body_font=\u00bbOpen Sans||||||||\u00bb background_color=\u00bb#f1f1f1&#8243; custom_margin=\u00bb||8px|\u00bb custom_padding=\u00bb|||30px|false\u00bb border_width_all=\u00bb0px\u00bb locked=\u00bboff\u00bb]<\/p>\n<p>Campa\u00f1a publicitaria para Garden, la tienda de Alimentos Colpac&#8230;<\/p>\n<p>[\/et_pb_toggle][\/et_pb_column][\/et_pb_row][\/et_pb_section]<\/p>\n","protected":false},"excerpt":{"rendered":"<p>\u2190\u00a0Regresarddi &#8211; Ministerio de salvaci\u00f3n en s\u00edmbolos Este proyecto de dise\u00f1o de informaci\u00f3n ambiental ha sido realizado para mejorar la experiencia del visitante al formar parte de un recorrido guiado por la r\u00e9plica del tabern\u00e1culo de Mois\u00e9s. El santuario es el eje central de nuestras creencias como Adventistas del S\u00e9ptimo d\u00eda, el \u00abMinisterio de Salvaci\u00f3n [&hellip;]<\/p>\n","protected":false},"author":32,"featured_media":0,"parent":0,"menu_order":6,"comment_status":"closed","ping_status":"closed","template":"","meta":{"_et_pb_use_builder":"on","_et_pb_old_content":"<!-- wp:divi\/placeholder \/-->","_et_gb_content_width":"","inline_featured_image":false,"footnotes":""},"_links":{"self":[{"href":"https:\/\/dcv.artcom.mx\/pda\/1170171\/wp-json\/wp\/v2\/pages\/849"}],"collection":[{"href":"https:\/\/dcv.artcom.mx\/pda\/1170171\/wp-json\/wp\/v2\/pages"}],"about":[{"href":"https:\/\/dcv.artcom.mx\/pda\/1170171\/wp-json\/wp\/v2\/types\/page"}],"author":[{"embeddable":true,"href":"https:\/\/dcv.artcom.mx\/pda\/1170171\/wp-json\/wp\/v2\/users\/32"}],"replies":[{"embeddable":true,"href":"https:\/\/dcv.artcom.mx\/pda\/1170171\/wp-json\/wp\/v2\/comments?post=849"}],"version-history":[{"count":22,"href":"https:\/\/dcv.artcom.mx\/pda\/1170171\/wp-json\/wp\/v2\/pages\/849\/revisions"}],"predecessor-version":[{"id":1258,"href":"https:\/\/dcv.artcom.mx\/pda\/1170171\/wp-json\/wp\/v2\/pages\/849\/revisions\/1258"}],"wp:attachment":[{"href":"https:\/\/dcv.artcom.mx\/pda\/1170171\/wp-json\/wp\/v2\/media?parent=849"}],"curies":[{"name":"wp","href":"https:\/\/api.w.org\/{rel}","templated":true}]}}