{"id":7,"date":"2020-03-03T22:17:35","date_gmt":"2020-03-04T04:17:35","guid":{"rendered":"http:\/\/pdadcv.artcom.mx\/portafolio-demo\/?page_id=7"},"modified":"2021-05-14T03:58:09","modified_gmt":"2021-05-14T03:58:09","slug":"mi-carrera","status":"publish","type":"page","link":"https:\/\/dcv.artcom.mx\/pda\/1170171\/mi-carrera\/","title":{"rendered":"Mi carrera"},"content":{"rendered":"<p>[et_pb_section fb_built=\u00bb1&#8243; admin_label=\u00bbHero Section\u00bb _builder_version=\u00bb4.9.0&#8243; background_color=\u00bb#0125cb\u00bb background_color_gradient_direction=\u00bb90deg\u00bb background_enable_image=\u00bboff\u00bb min_height=\u00bb817px\u00bb custom_margin=\u00bb||-9px|||\u00bb custom_padding=\u00bb0.5%|0px|6.2%|0px||\u00bb][et_pb_row column_structure=\u00bb1_2,1_2&#8243; custom_padding_last_edited=\u00bboff|desktop\u00bb admin_label=\u00bbHero Area\u00bb _builder_version=\u00bb3.25&#8243; custom_padding=\u00bb27px|0px|0px|0px\u00bb][et_pb_column type=\u00bb1_2&#8243; _builder_version=\u00bb3.25&#8243; custom_padding=\u00bb|||\u00bb custom_padding__hover=\u00bb|||\u00bb][et_pb_text admin_label=\u00bbHero Title\u00bb _builder_version=\u00bb4.9.3&#8243; text_font=\u00bbOpen Sans||||||||\u00bb text_letter_spacing=\u00bb13px\u00bb header_font=\u00bbOpen Sans||||||||\u00bb header_text_color=\u00bb#FFFFFF\u00bb header_font_size=\u00bb79px\u00bb header_letter_spacing=\u00bb2px\u00bb header_line_height=\u00bb1.1em\u00bb min_height=\u00bb32px\u00bb custom_margin=\u00bb209px|||||\u00bb custom_padding=\u00bb||0px|||\u00bb animation_style=\u00bbslide\u00bb animation_direction=\u00bbleft\u00bb animation_intensity_slide=\u00bb5%\u00bb animation_starting_opacity=\u00bb100%\u00bb text_font_size_last_edited=\u00bboff|desktop\u00bb header_font_size_tablet=\u00bb\u00bb header_font_size_phone=\u00bb60px\u00bb header_font_size_last_edited=\u00bbon|phone\u00bb]<\/p>\n<h1>DCV ?<\/h1>\n<p>[\/et_pb_text][et_pb_text _builder_version=\u00bb4.9.3&#8243; text_font=\u00bb||||||||\u00bb text_font_size=\u00bb18px\u00bb text_line_height=\u00bb1.8em\u00bb header_font=\u00bb||||||||\u00bb max_width=\u00bb500px\u00bb min_height=\u00bb532px\u00bb custom_margin=\u00bb||-47px|||\u00bb custom_padding=\u00bb2px||0px|||\u00bb animation_style=\u00bbslide\u00bb animation_direction=\u00bbleft\u00bb animation_intensity_slide=\u00bb5%\u00bb animation_starting_opacity=\u00bb100%\u00bb]<\/p>\n<p><span style=\"color: #ffffff\">Actualmente soy estudiante del 6to Semestre de la carrera de Dise\u00f1o de\u00a0Comunicaci\u00f3n Visual en la Escuela de Artes y Comunicaci\u00f3n de la Universidad de Montemorelos.<\/span><\/p>\n<p><span style=\"color: #ffffff\">He\u00a0decidido estudiar esta carrera porque es donde puedo conectar las habilidades que Dios me ha regalado con el\u00a0conocimiento que voy\u00a0adquiriendo en el aula de\u00a0clases.<\/span><\/p>\n<p><span style=\"color: #ffffff\">Cada d\u00eda que pasa me enamoro m\u00e1s de\u00a0esta carrera, aunque en muchos momentos me siento\u00a0<span>frustrado<\/span>\u00a0por\u00a0algunos proyectos, \u00a0s\u00e9 que todo lleva un proceso y toma tiempo.<\/span><\/p>\n<p><span style=\"color: #ffffff\"><\/span><\/p>\n<p>[\/et_pb_text][\/et_pb_column][et_pb_column type=\u00bb1_2&#8243; _builder_version=\u00bb4.9.0&#8243; _module_preset=\u00bbdefault\u00bb][et_pb_image src=\u00bbhttp:\/\/dcv.artcom.mx\/pda\/1170171\/wp-content\/uploads\/sites\/28\/2021\/02\/Screen-Shot-2020-05-04-at-14.12.30.png\u00bb title_text=\u00bbScreen Shot 2020-05-04 at 14.12.30&#8243; _builder_version=\u00bb4.9.3&#8243; _module_preset=\u00bbdefault\u00bb custom_margin=\u00bb-34px|||||\u00bb][\/et_pb_image][\/et_pb_column][\/et_pb_row][\/et_pb_section][et_pb_section fb_built=\u00bb1&#8243; admin_label=\u00bbPromo Banner\u00bb _builder_version=\u00bb4.9.0&#8243; background_color=\u00bb#14cdda\u00bb custom_padding=\u00bb0px|0px|0px|0px\u00bb animation_style=\u00bbslide\u00bb animation_direction=\u00bbtop\u00bb][et_pb_row _builder_version=\u00bb3.25&#8243;][et_pb_column type=\u00bb4_4&#8243; _builder_version=\u00bb3.25&#8243; custom_padding=\u00bb|||\u00bb custom_padding__hover=\u00bb|||\u00bb][\/et_pb_column][\/et_pb_row][\/et_pb_section][et_pb_section fb_built=\u00bb1&#8243; admin_label=\u00bbPromo Banner\u00bb _builder_version=\u00bb4.9.0&#8243; background_color=\u00bb#14cdda\u00bb custom_padding=\u00bb0px|0px|0px|0px\u00bb animation_style=\u00bbslide\u00bb animation_direction=\u00bbtop\u00bb][et_pb_row _builder_version=\u00bb3.25&#8243;][et_pb_column type=\u00bb4_4&#8243; _builder_version=\u00bb3.25&#8243; custom_padding=\u00bb|||\u00bb custom_padding__hover=\u00bb|||\u00bb][et_pb_text _builder_version=\u00bb4.9.2&#8243; text_font=\u00bbOpen Sans||||||||\u00bb text_font_size=\u00bb16px\u00bb link_font=\u00bb|600|||on||||\u00bb link_text_color=\u00bbrgba(12,12,12,0.59)\u00bb header_font=\u00bbOpen Sans||||||||\u00bb header_2_font=\u00bbAlice||||||||\u00bb header_2_line_height=\u00bb1.5em\u00bb text_orientation=\u00bbcenter\u00bb background_layout=\u00bbdark\u00bb link_option_url=\u00bbhttps:\/\/www.um.edu.mx\/estudia\/diseno-comunicacion-visual\u00bb link_option_url_new_window=\u00bbon\u00bb inline_fonts=\u00bbOpen Sans\u00bb]<\/p>\n<h2><span style=\"font-family: 'Open Sans'\"><b>\u00abDCV, DISE\u00d1AR PARA UNA NUEVA REALIDAD\u00bb<\/b><\/span><\/h2>\n<p>[\/et_pb_text][\/et_pb_column][\/et_pb_row][\/et_pb_section][et_pb_section fb_built=\u00bb1&#8243; admin_label=\u00bbOur Specialties Section\u00bb _builder_version=\u00bb3.22&#8243; custom_margin=\u00bb-3px|||||\u00bb custom_padding=\u00bb110px||110px|\u00bb][et_pb_row column_structure=\u00bb1_3,1_3,1_3&#8243; admin_label=\u00bbOur Specialties\u00bb _builder_version=\u00bb3.25&#8243; custom_margin=\u00bb40px|||\u00bb][et_pb_column type=\u00bb1_3&#8243; _builder_version=\u00bb3.25&#8243; custom_padding=\u00bb|||\u00bb custom_padding__hover=\u00bb|||\u00bb][et_pb_image src=\u00bbhttp:\/\/dcv.artcom.mx\/pda\/1170171\/wp-content\/uploads\/sites\/28\/2021\/02\/Screen-Shot-2020-05-03-at-22.59.55.png\u00bb title_text=\u00bbScreen Shot 2020-05-03 at 22.59.55&#8243; force_fullwidth=\u00bbon\u00bb align_tablet=\u00bbcenter\u00bb align_phone=\u00bb\u00bb align_last_edited=\u00bbon|desktop\u00bb _builder_version=\u00bb4.9.0&#8243; animation_style=\u00bbzoom\u00bb animation_direction=\u00bbtop\u00bb animation_intensity_zoom=\u00bb10%\u00bb animation_starting_opacity=\u00bb100%\u00bb][\/et_pb_image][et_pb_text _builder_version=\u00bb3.27.4&#8243; text_font=\u00bb||||||||\u00bb text_font_size=\u00bb16px\u00bb text_line_height=\u00bb1.8em\u00bb header_font=\u00bb||||||||\u00bb header_3_font=\u00bb|600|||||||\u00bb header_3_line_height=\u00bb1.5em\u00bb custom_margin=\u00bb40px||10px|\u00bb custom_padding=\u00bb|||\u00bb animation_style=\u00bbflip\u00bb animation_starting_opacity=\u00bb100%\u00bb]<\/p>\n<h3>\u00bfC\u00f3mo ha sido tu experiencia en ESART?<\/h3>\n<p>El estudiar DCV en esta escuela ha sido una buena experiencia, ya que los maestros y personal de apoyo siempre est\u00e1n dispuestos a ayudarte en lo que necesites.<\/p>\n<p>[\/et_pb_text][\/et_pb_column][et_pb_column type=\u00bb1_3&#8243; _builder_version=\u00bb3.25&#8243; custom_padding=\u00bb|||\u00bb custom_padding__hover=\u00bb|||\u00bb][et_pb_image src=\u00bbhttp:\/\/dcv.artcom.mx\/pda\/1170171\/wp-content\/uploads\/sites\/28\/2021\/02\/Screen-Shot-2021-02-21-at-20.47.38.png\u00bb title_text=\u00bbScreen Shot 2021-02-21 at 20.47.38&#8243; force_fullwidth=\u00bbon\u00bb align_tablet=\u00bbcenter\u00bb align_phone=\u00bb\u00bb align_last_edited=\u00bbon|desktop\u00bb _builder_version=\u00bb4.9.0&#8243; animation_style=\u00bbzoom\u00bb animation_direction=\u00bbtop\u00bb animation_intensity_zoom=\u00bb10%\u00bb animation_starting_opacity=\u00bb100%\u00bb][\/et_pb_image][et_pb_text _builder_version=\u00bb3.27.4&#8243; text_font=\u00bb||||||||\u00bb text_font_size=\u00bb16px\u00bb text_line_height=\u00bb1.8em\u00bb header_font=\u00bb||||||||\u00bb header_3_font=\u00bb|600|||||||\u00bb header_3_line_height=\u00bb1.5em\u00bb custom_margin=\u00bb40px||10px|\u00bb custom_padding=\u00bb|||\u00bb animation_style=\u00bbflip\u00bb animation_starting_opacity=\u00bb100%\u00bb]<\/p>\n<h3>\u00bfPorqu\u00e9 la Universidad de Montemorelos?<\/h3>\n<p>Bueno, decid\u00ed estudiar en la UM porque primeramente es una Universidad de promueve mantener una relaci\u00f3n real con Dios y segundo por el programa integral, el estilo de vida y porqu\u00e9 est\u00e1 en un pa\u00eds nuevo para mi.<\/p>\n<p>[\/et_pb_text][\/et_pb_column][et_pb_column type=\u00bb1_3&#8243; _builder_version=\u00bb3.25&#8243; custom_padding=\u00bb|||\u00bb custom_padding__hover=\u00bb|||\u00bb][et_pb_image src=\u00bbhttp:\/\/dcv.artcom.mx\/pda\/1170171\/wp-content\/uploads\/sites\/28\/2021\/02\/Screen-Shot-2020-05-04-at-12.59.00.png\u00bb title_text=\u00bbScreen Shot 2020-05-04 at 12.59.00&#8243; force_fullwidth=\u00bbon\u00bb align_tablet=\u00bbcenter\u00bb align_phone=\u00bb\u00bb align_last_edited=\u00bbon|desktop\u00bb _builder_version=\u00bb4.9.0&#8243; animation_style=\u00bbzoom\u00bb animation_direction=\u00bbtop\u00bb animation_intensity_zoom=\u00bb10%\u00bb animation_starting_opacity=\u00bb100%\u00bb][\/et_pb_image][et_pb_text _builder_version=\u00bb3.27.4&#8243; text_font=\u00bb||||||||\u00bb text_font_size=\u00bb16px\u00bb text_line_height=\u00bb1.8em\u00bb header_font=\u00bb||||||||\u00bb header_3_font=\u00bb|600|||||||\u00bb header_3_line_height=\u00bb1.5em\u00bb custom_margin=\u00bb40px||10px|\u00bb custom_padding=\u00bb|||\u00bb animation_style=\u00bbflip\u00bb animation_starting_opacity=\u00bb100%\u00bb]<\/p>\n<h3>\u00bfQu\u00e9 me motiva a estudiar DCV?<\/h3>\n<p>Varias cosas, mi familia, mis amigos, alcanzar mis metas, ser un profesional, pero sobre todo porqu\u00e9 quiero aprender nuevas habilidades para as\u00ed estar preparado al prestar un mejor servicio a Dios y a la gente que me rodea. \u00a0<\/p>\n<p>[\/et_pb_text][\/et_pb_column][\/et_pb_row][\/et_pb_section][et_pb_section fb_built=\u00bb1&#8243; admin_label=\u00bbSeasonal Collection\u00bb _builder_version=\u00bb4.9.2&#8243; background_color=\u00bb#264059&#8243; use_background_color_gradient=\u00bbon\u00bb background_color_gradient_start=\u00bb#264059&#8243; background_color_gradient_end=\u00bbrgba(38,64,89,0)\u00bb background_color_gradient_direction=\u00bb1deg\u00bb background_image=\u00bbhttp:\/\/dcv.artcom.mx\/pda\/1170171\/wp-content\/uploads\/sites\/28\/2021\/02\/0011_EMPRENDUM_2.png.jpeg\u00bb parallax=\u00bbon\u00bb parallax_method=\u00bboff\u00bb min_height=\u00bb345px\u00bb custom_margin=\u00bb|||\u00bb custom_padding=\u00bb16%|0px|16%|0px\u00bb][\/et_pb_section][et_pb_section fb_built=\u00bb1&#8243; fullwidth=\u00bbon\u00bb _builder_version=\u00bb4.9.2&#8243; _module_preset=\u00bbdefault\u00bb background_color=\u00bb#0125cb\u00bb][et_pb_fullwidth_image src=\u00bbhttp:\/\/dcv.artcom.mx\/pda\/1170171\/wp-content\/uploads\/sites\/28\/2021\/02\/frase.gif\u00bb title_text=\u00bbfrase\u00bb _builder_version=\u00bb4.9.2&#8243; _module_preset=\u00bbdefault\u00bb background_color=\u00bb#0125cb\u00bb width=\u00bb53%\u00bb module_alignment=\u00bbcenter\u00bb][\/et_pb_fullwidth_image][\/et_pb_section]<\/p>\n","protected":false},"excerpt":{"rendered":"<p>DCV ?Actualmente soy estudiante del 6to Semestre de la carrera de Dise\u00f1o de\u00a0Comunicaci\u00f3n Visual en la Escuela de Artes y Comunicaci\u00f3n de la Universidad de Montemorelos. He\u00a0decidido estudiar esta carrera porque es donde puedo conectar las habilidades que Dios me ha regalado con el\u00a0conocimiento que voy\u00a0adquiriendo en el aula de\u00a0clases. Cada d\u00eda que pasa me [&hellip;]<\/p>\n","protected":false},"author":32,"featured_media":0,"parent":0,"menu_order":3,"comment_status":"closed","ping_status":"closed","template":"","meta":{"_et_pb_use_builder":"on","_et_pb_old_content":"","_et_gb_content_width":"","inline_featured_image":false,"footnotes":""},"_links":{"self":[{"href":"https:\/\/dcv.artcom.mx\/pda\/1170171\/wp-json\/wp\/v2\/pages\/7"}],"collection":[{"href":"https:\/\/dcv.artcom.mx\/pda\/1170171\/wp-json\/wp\/v2\/pages"}],"about":[{"href":"https:\/\/dcv.artcom.mx\/pda\/1170171\/wp-json\/wp\/v2\/types\/page"}],"author":[{"embeddable":true,"href":"https:\/\/dcv.artcom.mx\/pda\/1170171\/wp-json\/wp\/v2\/users\/32"}],"replies":[{"embeddable":true,"href":"https:\/\/dcv.artcom.mx\/pda\/1170171\/wp-json\/wp\/v2\/comments?post=7"}],"version-history":[{"count":19,"href":"https:\/\/dcv.artcom.mx\/pda\/1170171\/wp-json\/wp\/v2\/pages\/7\/revisions"}],"predecessor-version":[{"id":1535,"href":"https:\/\/dcv.artcom.mx\/pda\/1170171\/wp-json\/wp\/v2\/pages\/7\/revisions\/1535"}],"wp:attachment":[{"href":"https:\/\/dcv.artcom.mx\/pda\/1170171\/wp-json\/wp\/v2\/media?parent=7"}],"curies":[{"name":"wp","href":"https:\/\/api.w.org\/{rel}","templated":true}]}}