{"id":63,"date":"2020-03-03T17:43:09","date_gmt":"2020-03-03T23:43:09","guid":{"rendered":"http:\/\/pdadcv.artcom.mx\/portafolio-demo\/?page_id=63"},"modified":"2021-05-10T16:38:38","modified_gmt":"2021-05-10T16:38:38","slug":"actividades-eclesiasticas-y-espirituales","status":"publish","type":"page","link":"https:\/\/dcv.artcom.mx\/pda\/1170171\/evidencias\/actividades-eclesiasticas-y-espirituales\/","title":{"rendered":"Actividades eclesi\u00e1sticas y espirituales"},"content":{"rendered":"<p>[et_pb_section fb_built=\u00bb1&#8243; admin_label=\u00bbHero Section\u00bb _builder_version=\u00bb4.9.0&#8243; background_color=\u00bb#122ed4&#8243; background_color_gradient_direction=\u00bb131deg\u00bb custom_padding=\u00bb100px|0px|0px|0px||\u00bb animation_style=\u00bbslide\u00bb animation_direction=\u00bbtop\u00bb animation_intensity_slide=\u00bb2%\u00bb animation_starting_opacity=\u00bb100%\u00bb locked=\u00bboff\u00bb][et_pb_row column_structure=\u00bb1_2,1_2&#8243; _builder_version=\u00bb4.9.3&#8243; max_width=\u00bb1575px\u00bb use_custom_width=\u00bbon\u00bb custom_width_px=\u00bb1440px\u00bb][et_pb_column type=\u00bb1_2&#8243; _builder_version=\u00bb4.9.3&#8243; background_image=\u00bbhttp:\/\/dcv.artcom.mx\/pda\/1170171\/wp-content\/uploads\/sites\/28\/2021\/02\/Screen-Shot-2020-04-05-at-22.22.50.png\u00bb custom_padding=\u00bb|||\u00bb animation_style=\u00bbslide\u00bb custom_padding__hover=\u00bb|||\u00bb][et_pb_image src=\u00bbhttp:\/\/dcv.artcom.mx\/pda\/1170171\/wp-content\/uploads\/sites\/28\/2021\/02\/Screen-Shot-2020-04-05-at-22.22.50.png\u00bb title_text=\u00bbScreen Shot 2020-04-05 at 22.22.50&#8243; _builder_version=\u00bb4.9.3&#8243; _module_preset=\u00bbdefault\u00bb][\/et_pb_image][\/et_pb_column][et_pb_column type=\u00bb1_2&#8243; _builder_version=\u00bb3.25&#8243; custom_padding=\u00bb40px|||\u00bb custom_padding__hover=\u00bb|||\u00bb][et_pb_cta title=\u00bbActividades Eclesi\u00e1sticas  y Espirituales \u00bb button_url=\u00bb#TOP\u00bb _builder_version=\u00bb4.9.3&#8243; header_font=\u00bbOpen Sans|700|||||||\u00bb header_text_color=\u00bb#FFFFFF\u00bb header_font_size=\u00bb42px\u00bb header_line_height=\u00bb1.5em\u00bb body_font=\u00bbOpen Sans|600|||||||\u00bb body_font_size=\u00bb17px\u00bb body_line_height=\u00bb2em\u00bb use_background_color=\u00bboff\u00bb custom_button=\u00bbon\u00bb button_text_size=\u00bb17px\u00bb button_text_color=\u00bb#ffffff\u00bb button_bg_color=\u00bb#5265af\u00bb button_border_width=\u00bb5px\u00bb button_border_color=\u00bb#5265af\u00bb button_border_radius=\u00bb100px\u00bb button_font=\u00bbNoto Sans|700||on|||||\u00bb button_use_icon=\u00bboff\u00bb text_orientation=\u00bbleft\u00bb background_layout=\u00bblight\u00bb min_height=\u00bb547px\u00bb custom_margin=\u00bb36px|||||\u00bb custom_padding=\u00bb|0px||||\u00bb animation_style=\u00bbslide\u00bb animation_direction=\u00bbright\u00bb animation_duration=\u00bb1300ms\u00bb header_font_size_tablet=\u00bb\u00bb header_font_size_phone=\u00bb34px\u00bb header_font_size_last_edited=\u00bbon|phone\u00bb button_text_color_hover=\u00bb#ffffff\u00bb button_border_color_hover=\u00bb#ff9e59&#8243; button_bg_color_hover=\u00bb#ff9e59&#8243; locked=\u00bboff\u00bb button_text_size__hover_enabled=\u00bboff\u00bb button_one_text_size__hover_enabled=\u00bboff\u00bb button_two_text_size__hover_enabled=\u00bboff\u00bb button_text_color__hover_enabled=\u00bbon\u00bb button_text_color__hover=\u00bb#ffffff\u00bb button_one_text_color__hover_enabled=\u00bboff\u00bb button_two_text_color__hover_enabled=\u00bboff\u00bb button_border_width__hover_enabled=\u00bboff\u00bb button_one_border_width__hover_enabled=\u00bboff\u00bb button_two_border_width__hover_enabled=\u00bboff\u00bb button_border_color__hover_enabled=\u00bbon\u00bb button_border_color__hover=\u00bb#ff9e59&#8243; button_one_border_color__hover_enabled=\u00bboff\u00bb button_two_border_color__hover_enabled=\u00bboff\u00bb button_border_radius__hover_enabled=\u00bboff\u00bb button_one_border_radius__hover_enabled=\u00bboff\u00bb button_two_border_radius__hover_enabled=\u00bboff\u00bb button_letter_spacing__hover_enabled=\u00bboff\u00bb button_one_letter_spacing__hover_enabled=\u00bboff\u00bb button_two_letter_spacing__hover_enabled=\u00bboff\u00bb button_bg_color__hover_enabled=\u00bbon\u00bb button_bg_color__hover=\u00bb#ff9e59&#8243; button_one_bg_color__hover_enabled=\u00bboff\u00bb button_two_bg_color__hover_enabled=\u00bboff\u00bb]<\/p>\n<p><span style=\"color: #919191\"><span style=\"color: #ffffff\"><\/span><\/span><\/p>\n<p><span><span style=\"color: #ffffff\"><span>Durante<\/span>\u00a0este semestre estuve involucrado en las\u00a0actividades del ministerio juvenil DOULOS especificamente en el\u00a0ministerio de Salvaci\u00f3n en S\u00edmbolos.<\/span><\/span><\/p>\n<p><span style=\"font-size: 17px\">\u00a0<\/span><\/p>\n<p>[\/et_pb_cta][\/et_pb_column][\/et_pb_row][\/et_pb_section][et_pb_section fb_built=\u00bb1&#8243; admin_label=\u00bbFeatured Products\u00bb _builder_version=\u00bb3.22&#8243; custom_margin=\u00bb-143px|||||\u00bb custom_padding=\u00bb68px|||||\u00bb][et_pb_row column_structure=\u00bb1_4,1_4,1_4,1_4&#8243; use_custom_gutter=\u00bbon\u00bb gutter_width=\u00bb2&#8243; _builder_version=\u00bb3.25&#8243; custom_padding=\u00bb||39px|||\u00bb][et_pb_column type=\u00bb1_4&#8243; _builder_version=\u00bb3.25&#8243; custom_padding=\u00bb|||\u00bb custom_padding__hover=\u00bb|||\u00bb][et_pb_image src=\u00bbhttp:\/\/dcv.artcom.mx\/pda\/1170171\/wp-content\/uploads\/sites\/28\/2021\/04\/IMG_9547-3.jpg\u00bb title_text=\u00bbIMG_9547 3&#8243; show_in_lightbox=\u00bbon\u00bb use_overlay=\u00bbon\u00bb overlay_icon_color=\u00bb#ffffff\u00bb hover_overlay_color=\u00bbrgba(255,86,117,0.73)\u00bb hover_icon=\u00bb%%182%%\u00bb align_tablet=\u00bbcenter\u00bb align_phone=\u00bb\u00bb align_last_edited=\u00bbon|desktop\u00bb _builder_version=\u00bb4.9.4&#8243; animation_style=\u00bbfade\u00bb][\/et_pb_image][et_pb_text _builder_version=\u00bb4.9.4&#8243; text_font=\u00bbOpen Sans|600|||||||\u00bb text_text_color=\u00bb#2b2b2b\u00bb text_line_height=\u00bb1.3em\u00bb hover_enabled=\u00bb0&#8243; sticky_enabled=\u00bb0&#8243;]<\/p>\n<p>Con los Levitas en participaci\u00f3n de recorridos y especialidades impartida a los \u00a0clubes de conquistadores y gu\u00edas mayores ahora en esta nueva modalidad virtual.<\/p>\n<p>[\/et_pb_text][\/et_pb_column][et_pb_column type=\u00bb1_4&#8243; _builder_version=\u00bb3.25&#8243; custom_padding=\u00bb|||\u00bb custom_padding__hover=\u00bb|||\u00bb][et_pb_image src=\u00bbhttp:\/\/dcv.artcom.mx\/pda\/1170171\/wp-content\/uploads\/sites\/28\/2021\/04\/San-2.png\u00bb title_text=\u00bbSan 2&#8243; use_overlay=\u00bbon\u00bb overlay_icon_color=\u00bb#ffffff\u00bb hover_overlay_color=\u00bbrgba(255,86,117,0.73)\u00bb hover_icon=\u00bb%%182%%\u00bb align_tablet=\u00bbcenter\u00bb align_phone=\u00bb\u00bb align_last_edited=\u00bbon|desktop\u00bb _builder_version=\u00bb4.9.4&#8243; animation_style=\u00bbfade\u00bb animation_delay=\u00bb100ms\u00bb hover_enabled=\u00bb0&#8243; show_in_lightbox=\u00bbon\u00bb sticky_enabled=\u00bb0&#8243;][\/et_pb_image][et_pb_text _builder_version=\u00bb4.9.4&#8243; text_font=\u00bbOpen Sans|600|||||||\u00bb text_text_color=\u00bb#2b2b2b\u00bb text_line_height=\u00bb1.3em\u00bb hover_enabled=\u00bb0&#8243; sticky_enabled=\u00bb0&#8243;]<\/p>\n<p>Realizaci\u00f3n de reconocimientos por haber participado en los recorridos impartidos de manera virtual. De la misma manera los reconocimientos se hicieron extensivos a quienes estuvieron apoyando que no son parte del Ministerio.<\/p>\n<p>[\/et_pb_text][\/et_pb_column][et_pb_column type=\u00bb1_4&#8243; _builder_version=\u00bb3.25&#8243; custom_padding=\u00bb|||\u00bb custom_padding__hover=\u00bb|||\u00bb][et_pb_image src=\u00bbhttp:\/\/dcv.artcom.mx\/pda\/1170171\/wp-content\/uploads\/sites\/28\/2021\/02\/Screen-Shot-2020-04-05-at-22.38.55.png\u00bb title_text=\u00bbScreen Shot 2020-04-05 at 22.38.55&#8243; use_overlay=\u00bbon\u00bb overlay_icon_color=\u00bb#ffffff\u00bb hover_overlay_color=\u00bbrgba(255,86,117,0.73)\u00bb hover_icon=\u00bb%%182%%\u00bb align_tablet=\u00bbcenter\u00bb align_phone=\u00bb\u00bb align_last_edited=\u00bbon|desktop\u00bb _builder_version=\u00bb4.9.4&#8243; use_background_color_gradient=\u00bbon\u00bb background_color_gradient_start=\u00bb#ff6a88&#8243; background_color_gradient_end=\u00bb#ff99ac\u00bb background_color_gradient_direction=\u00bb9deg\u00bb animation_style=\u00bbfade\u00bb animation_delay=\u00bb200ms\u00bb hover_enabled=\u00bb0&#8243; show_in_lightbox=\u00bbon\u00bb sticky_enabled=\u00bb0&#8243;][\/et_pb_image][et_pb_text _builder_version=\u00bb4.9.4&#8243; text_font=\u00bbOpen Sans|600|||||||\u00bb text_text_color=\u00bb#2b2b2b\u00bb text_line_height=\u00bb1.3em\u00bb hover_enabled=\u00bb0&#8243; sticky_enabled=\u00bb0&#8243;]<\/p>\n<p>Junto con el Ministerio se ha podido participar en eventos como el Global Youth Day. D\u00f3nde se testifica a trav\u00e9s de los recorridos, ayuda a los necesitados, compartir un mensaje de esperanza y dejar un libro con las personas.\u00a0<\/p>\n<p>[\/et_pb_text][\/et_pb_column][et_pb_column type=\u00bb1_4&#8243; _builder_version=\u00bb3.25&#8243; custom_padding=\u00bb|||\u00bb custom_padding__hover=\u00bb|||\u00bb][et_pb_image src=\u00bbhttp:\/\/dcv.artcom.mx\/pda\/1170171\/wp-content\/uploads\/sites\/28\/2021\/04\/San.gif\u00bb title_text=\u00bbSan\u00bb use_overlay=\u00bbon\u00bb overlay_icon_color=\u00bb#ffffff\u00bb hover_overlay_color=\u00bbrgba(255,86,117,0.73)\u00bb hover_icon=\u00bb%%182%%\u00bb align_tablet=\u00bbcenter\u00bb align_phone=\u00bb\u00bb align_last_edited=\u00bbon|desktop\u00bb _builder_version=\u00bb4.9.4&#8243; animation_style=\u00bbfade\u00bb animation_delay=\u00bb300ms\u00bb hover_enabled=\u00bb0&#8243; sticky_enabled=\u00bb0&#8243; show_in_lightbox=\u00bbon\u00bb][\/et_pb_image][et_pb_text _builder_version=\u00bb4.9.3&#8243; text_font=\u00bbOpen Sans|600|||||||\u00bb text_text_color=\u00bb#2b2b2b\u00bb text_line_height=\u00bb1.3em\u00bb hover_enabled=\u00bb0&#8243; sticky_enabled=\u00bb0&#8243;]<\/p>\n<p>Como ministerio tuvimos el privilegio de Participaci\u00f3n en el 1er Camporee Online de Conquistadores de la Uni\u00f3n Mexicana del Norte. El cual se llev\u00f3 a cabo desde el 31 de marzo al 3 de abril del 2021.<\/p>\n<p>[\/et_pb_text][\/et_pb_column][\/et_pb_row][\/et_pb_section][et_pb_section fb_built=\u00bb1&#8243; admin_label=\u00bbHero Section\u00bb _builder_version=\u00bb4.9.0&#8243; background_color=\u00bb#122ed4&#8243; background_color_gradient_direction=\u00bb131deg\u00bb custom_padding=\u00bb100px|0px|0px|0px||\u00bb animation_style=\u00bbslide\u00bb animation_direction=\u00bbtop\u00bb animation_intensity_slide=\u00bb2%\u00bb animation_starting_opacity=\u00bb100%\u00bb locked=\u00bboff\u00bb min_height=\u00bb689px\u00bb custom_margin=\u00bb38px|||||\u00bb][et_pb_row column_structure=\u00bb1_2,1_2&#8243; _builder_version=\u00bb4.9.4&#8243; max_width=\u00bb1575px\u00bb hover_enabled=\u00bb0&#8243; use_custom_width=\u00bbon\u00bb custom_width_px=\u00bb1440px\u00bb sticky_enabled=\u00bb0&#8243; min_height=\u00bb491px\u00bb custom_margin=\u00bb|auto|-107px|auto||\u00bb][et_pb_column type=\u00bb1_2&#8243; _builder_version=\u00bb4.9.4&#8243; custom_padding=\u00bb|||\u00bb animation_style=\u00bbslide\u00bb hover_enabled=\u00bb0&#8243; custom_padding__hover=\u00bb|||\u00bb background_enable_image=\u00bboff\u00bb sticky_enabled=\u00bb0&#8243;][et_pb_image src=\u00bbhttp:\/\/dcv.artcom.mx\/pda\/1170171\/wp-content\/uploads\/sites\/28\/2021\/05\/DCV-Aniversario.png\u00bb title_text=\u00bbDCV Aniversario\u00bb _builder_version=\u00bb4.9.4&#8243; _module_preset=\u00bbdefault\u00bb hover_enabled=\u00bb0&#8243; sticky_enabled=\u00bb0&#8243; transform_translate_linked=\u00bboff\u00bb transform_translate=\u00bb0px|77px\u00bb][\/et_pb_image][\/et_pb_column][et_pb_column type=\u00bb1_2&#8243; _builder_version=\u00bb3.25&#8243; custom_padding=\u00bb40px|||\u00bb custom_padding__hover=\u00bb|||\u00bb][et_pb_cta title=\u00bb78 ANIVERSARIO UM\u00bb button_url=\u00bb#TOP\u00bb _builder_version=\u00bb4.9.3&#8243; header_font=\u00bbOpen Sans|700|||||||\u00bb header_text_color=\u00bb#FFFFFF\u00bb header_font_size=\u00bb42px\u00bb header_line_height=\u00bb1.5em\u00bb body_font=\u00bbOpen Sans|600|||||||\u00bb body_font_size=\u00bb17px\u00bb body_line_height=\u00bb2em\u00bb use_background_color=\u00bboff\u00bb custom_button=\u00bbon\u00bb button_text_size=\u00bb17px\u00bb button_text_color=\u00bb#ffffff\u00bb button_bg_color=\u00bb#5265af\u00bb button_border_width=\u00bb5px\u00bb button_border_color=\u00bb#5265af\u00bb button_border_radius=\u00bb100px\u00bb button_font=\u00bbNoto Sans|700||on|||||\u00bb button_use_icon=\u00bboff\u00bb text_orientation=\u00bbleft\u00bb background_layout=\u00bblight\u00bb min_height=\u00bb547px\u00bb custom_margin=\u00bb36px||-123px|||\u00bb custom_padding=\u00bb|0px|0px|||\u00bb animation_style=\u00bbslide\u00bb animation_direction=\u00bbright\u00bb animation_duration=\u00bb1300ms\u00bb header_font_size_tablet=\u00bb\u00bb header_font_size_phone=\u00bb34px\u00bb header_font_size_last_edited=\u00bbon|phone\u00bb button_text_color_hover=\u00bb#ffffff\u00bb button_border_color_hover=\u00bb#ff9e59&#8243; button_bg_color_hover=\u00bb#ff9e59&#8243; locked=\u00bboff\u00bb button_text_size__hover_enabled=\u00bboff\u00bb button_one_text_size__hover_enabled=\u00bboff\u00bb button_two_text_size__hover_enabled=\u00bboff\u00bb button_text_color__hover_enabled=\u00bbon\u00bb button_text_color__hover=\u00bb#ffffff\u00bb button_one_text_color__hover_enabled=\u00bboff\u00bb button_two_text_color__hover_enabled=\u00bboff\u00bb button_border_width__hover_enabled=\u00bboff\u00bb button_one_border_width__hover_enabled=\u00bboff\u00bb button_two_border_width__hover_enabled=\u00bboff\u00bb button_border_color__hover_enabled=\u00bbon\u00bb button_border_color__hover=\u00bb#ff9e59&#8243; button_one_border_color__hover_enabled=\u00bboff\u00bb button_two_border_color__hover_enabled=\u00bboff\u00bb button_border_radius__hover_enabled=\u00bboff\u00bb button_one_border_radius__hover_enabled=\u00bboff\u00bb button_two_border_radius__hover_enabled=\u00bboff\u00bb button_letter_spacing__hover_enabled=\u00bboff\u00bb button_one_letter_spacing__hover_enabled=\u00bboff\u00bb button_two_letter_spacing__hover_enabled=\u00bboff\u00bb button_bg_color__hover_enabled=\u00bbon\u00bb button_bg_color__hover=\u00bb#ff9e59&#8243; button_one_bg_color__hover_enabled=\u00bboff\u00bb button_two_bg_color__hover_enabled=\u00bboff\u00bb]<\/p>\n<p><span style=\"color: #919191\"><span style=\"color: #ffffff\"><\/span><\/span><\/p>\n<p><span><span style=\"color: #ffffff\">Participaci\u00f3n en la\u00a0actividad de\u00a0repaso de\u00a0escuela\u00a0<span>sab\u00e1tica<\/span>\u00a0en la Iglesia Universitaria en el marco de la\u00a0celebraci\u00f3n de los 25 a\u00f1os de nuestra carrera de Dise\u00f1o de Comunicaci\u00f3n Visual.<\/span><\/span><span style=\"font-size: 17px\"><\/span><\/p>\n<p>[\/et_pb_cta][\/et_pb_column][\/et_pb_row][\/et_pb_section][et_pb_section fb_built=\u00bb1&#8243; admin_label=\u00bbHero Section\u00bb _builder_version=\u00bb4.9.4&#8243; background_color=\u00bb#FFFFFF\u00bb background_color_gradient_direction=\u00bb131deg\u00bb custom_padding=\u00bb100px|0px|0px|0px||\u00bb animation_style=\u00bbslide\u00bb animation_direction=\u00bbtop\u00bb animation_intensity_slide=\u00bb2%\u00bb animation_starting_opacity=\u00bb100%\u00bb hover_enabled=\u00bb0&#8243; locked=\u00bboff\u00bb min_height=\u00bb689px\u00bb custom_margin=\u00bb38px|||||\u00bb sticky_enabled=\u00bb0&#8243;][et_pb_row column_structure=\u00bb1_2,1_2&#8243; _builder_version=\u00bb4.9.4&#8243; max_width=\u00bb1575px\u00bb hover_enabled=\u00bb0&#8243; use_custom_width=\u00bbon\u00bb custom_width_px=\u00bb1440px\u00bb sticky_enabled=\u00bb0&#8243; min_height=\u00bb491px\u00bb custom_margin=\u00bb|auto|-107px|auto||\u00bb][et_pb_column type=\u00bb1_2&#8243; _builder_version=\u00bb4.9.4&#8243; custom_padding=\u00bb|||\u00bb animation_style=\u00bbslide\u00bb hover_enabled=\u00bb0&#8243; custom_padding__hover=\u00bb|||\u00bb background_enable_image=\u00bboff\u00bb sticky_enabled=\u00bb0&#8243;][et_pb_image src=\u00bbhttp:\/\/dcv.artcom.mx\/pda\/1170171\/wp-content\/uploads\/sites\/28\/2021\/05\/IMG_9150.png\u00bb title_text=\u00bbIMG_9150&#8243; _builder_version=\u00bb4.9.4&#8243; _module_preset=\u00bbdefault\u00bb hover_enabled=\u00bb0&#8243; sticky_enabled=\u00bb0&#8243; transform_translate_linked=\u00bboff\u00bb transform_translate=\u00bb0px|77px\u00bb][\/et_pb_image][\/et_pb_column][et_pb_column type=\u00bb1_2&#8243; _builder_version=\u00bb3.25&#8243; custom_padding=\u00bb40px|||\u00bb custom_padding__hover=\u00bb|||\u00bb][et_pb_cta title=\u00bbSEMANA DE ORACI\u00d3N UM\u00bb button_url=\u00bb#TOP\u00bb _builder_version=\u00bb4.9.4&#8243; header_font=\u00bbOpen Sans|700|||||||\u00bb header_text_color=\u00bb#665f55&#8243; header_font_size=\u00bb42px\u00bb header_line_height=\u00bb1.5em\u00bb body_font=\u00bbOpen Sans|600|||||||\u00bb body_font_size=\u00bb17px\u00bb body_line_height=\u00bb2em\u00bb use_background_color=\u00bboff\u00bb custom_button=\u00bbon\u00bb button_text_size=\u00bb17px\u00bb button_text_color=\u00bb#ffffff\u00bb button_bg_color=\u00bb#5265af\u00bb button_border_width=\u00bb5px\u00bb button_border_color=\u00bb#5265af\u00bb button_border_radius=\u00bb100px\u00bb button_font=\u00bbNoto Sans|700||on|||||\u00bb button_use_icon=\u00bboff\u00bb text_orientation=\u00bbleft\u00bb background_layout=\u00bblight\u00bb min_height=\u00bb547px\u00bb custom_margin=\u00bb36px||-123px|||\u00bb custom_padding=\u00bb|0px|0px|||\u00bb animation_style=\u00bbslide\u00bb animation_direction=\u00bbright\u00bb animation_duration=\u00bb1300ms\u00bb hover_enabled=\u00bb0&#8243; header_font_size_tablet=\u00bb\u00bb header_font_size_phone=\u00bb34px\u00bb header_font_size_last_edited=\u00bbon|phone\u00bb button_text_color_hover=\u00bb#ffffff\u00bb button_border_color_hover=\u00bb#ff9e59&#8243; button_bg_color_hover=\u00bb#ff9e59&#8243; locked=\u00bboff\u00bb button_text_size__hover_enabled=\u00bboff\u00bb button_one_text_size__hover_enabled=\u00bboff\u00bb button_two_text_size__hover_enabled=\u00bboff\u00bb button_text_color__hover_enabled=\u00bbon\u00bb button_text_color__hover=\u00bb#ffffff\u00bb button_one_text_color__hover_enabled=\u00bboff\u00bb button_two_text_color__hover_enabled=\u00bboff\u00bb button_border_width__hover_enabled=\u00bboff\u00bb button_one_border_width__hover_enabled=\u00bboff\u00bb button_two_border_width__hover_enabled=\u00bboff\u00bb button_border_color__hover_enabled=\u00bbon\u00bb button_border_color__hover=\u00bb#ff9e59&#8243; button_one_border_color__hover_enabled=\u00bboff\u00bb button_two_border_color__hover_enabled=\u00bboff\u00bb button_border_radius__hover_enabled=\u00bboff\u00bb button_one_border_radius__hover_enabled=\u00bboff\u00bb button_two_border_radius__hover_enabled=\u00bboff\u00bb button_letter_spacing__hover_enabled=\u00bboff\u00bb button_one_letter_spacing__hover_enabled=\u00bboff\u00bb button_two_letter_spacing__hover_enabled=\u00bboff\u00bb button_bg_color__hover_enabled=\u00bbon\u00bb button_bg_color__hover=\u00bb#ff9e59&#8243; button_one_bg_color__hover_enabled=\u00bboff\u00bb button_two_bg_color__hover_enabled=\u00bboff\u00bb sticky_enabled=\u00bb0&#8243;]<\/p>\n<p><span style=\"color: #444444\"><\/span><\/p>\n<p><span style=\"color: #444444\">Participaci\u00f3n en el repaso de la\u00a0<span>lecci\u00f3n<\/span>\u00a0en el marco de la\u00a0semana de\u00a0oraci\u00f3n Universitaria. Dirigida por el Dr. Terlow Harper a cerca del deseado de todas las gentes.\u00a0<\/span><span style=\"font-size: 17px\"><\/span><\/p>\n<p>[\/et_pb_cta][\/et_pb_column][\/et_pb_row][\/et_pb_section]<\/p>\n","protected":false},"excerpt":{"rendered":"<p>Durante\u00a0este semestre estuve involucrado en las\u00a0actividades del ministerio juvenil DOULOS especificamente en el\u00a0ministerio de Salvaci\u00f3n en S\u00edmbolos. \u00a0Con los Levitas en participaci\u00f3n de recorridos y especialidades impartida a los \u00a0clubes de conquistadores y gu\u00edas mayores ahora en esta nueva modalidad virtual.Realizaci\u00f3n de reconocimientos por haber participado en los recorridos impartidos de manera virtual. De la [&hellip;]<\/p>\n","protected":false},"author":32,"featured_media":0,"parent":11,"menu_order":5,"comment_status":"closed","ping_status":"closed","template":"","meta":{"_et_pb_use_builder":"on","_et_pb_old_content":"<!-- wp:divi\/placeholder \/-->","_et_gb_content_width":"","inline_featured_image":false,"footnotes":""},"_links":{"self":[{"href":"https:\/\/dcv.artcom.mx\/pda\/1170171\/wp-json\/wp\/v2\/pages\/63"}],"collection":[{"href":"https:\/\/dcv.artcom.mx\/pda\/1170171\/wp-json\/wp\/v2\/pages"}],"about":[{"href":"https:\/\/dcv.artcom.mx\/pda\/1170171\/wp-json\/wp\/v2\/types\/page"}],"author":[{"embeddable":true,"href":"https:\/\/dcv.artcom.mx\/pda\/1170171\/wp-json\/wp\/v2\/users\/32"}],"replies":[{"embeddable":true,"href":"https:\/\/dcv.artcom.mx\/pda\/1170171\/wp-json\/wp\/v2\/comments?post=63"}],"version-history":[{"count":9,"href":"https:\/\/dcv.artcom.mx\/pda\/1170171\/wp-json\/wp\/v2\/pages\/63\/revisions"}],"predecessor-version":[{"id":1495,"href":"https:\/\/dcv.artcom.mx\/pda\/1170171\/wp-json\/wp\/v2\/pages\/63\/revisions\/1495"}],"up":[{"embeddable":true,"href":"https:\/\/dcv.artcom.mx\/pda\/1170171\/wp-json\/wp\/v2\/pages\/11"}],"wp:attachment":[{"href":"https:\/\/dcv.artcom.mx\/pda\/1170171\/wp-json\/wp\/v2\/media?parent=63"}],"curies":[{"name":"wp","href":"https:\/\/api.w.org\/{rel}","templated":true}]}}