{"id":1399,"date":"2021-05-10T10:07:11","date_gmt":"2021-05-10T10:07:11","guid":{"rendered":"http:\/\/dcv.artcom.mx\/pda\/1170171\/?page_id=1399"},"modified":"2021-05-10T10:20:45","modified_gmt":"2021-05-10T10:20:45","slug":"contenido-garden","status":"publish","type":"page","link":"https:\/\/dcv.artcom.mx\/pda\/1170171\/contenido-garden\/","title":{"rendered":"Contenido Garden"},"content":{"rendered":"<p>[et_pb_section fb_built=\u00bb1&#8243; make_equal=\u00bbon\u00bb use_custom_gutter=\u00bbon\u00bb gutter_width=\u00bb1&#8243; specialty=\u00bbon\u00bb padding_top_1=\u00bb140px\u00bb padding_top_2=\u00bb0px\u00bb padding_left_1=\u00bb10%\u00bb admin_label=\u00bbFeature Section\u00bb module_class=\u00bb et_pb_specialty_fullwidth\u00bb _builder_version=\u00bb3.22&#8243; background_color=\u00bb#f7f7f7&#8243; inner_width=\u00bb100%\u00bb inner_width_tablet=\u00bb100%\u00bb inner_width_phone=\u00bb\u00bb inner_width_last_edited=\u00bbon|desktop\u00bb inner_max_width=\u00bb100%\u00bb inner_max_width_tablet=\u00bb100%\u00bb inner_max_width_phone=\u00bb\u00bb inner_max_width_last_edited=\u00bbon|desktop\u00bb custom_margin=\u00bb|||\u00bb custom_padding=\u00bb0px||0px|||\u00bb hover_enabled=\u00bb0&#8243; box_shadow_style=\u00bbpreset7&#8243; box_shadow_horizontal=\u00bb0px\u00bb box_shadow_vertical=\u00bb100px\u00bb box_shadow_color=\u00bb#ffffff\u00bb make_fullwidth=\u00bbon\u00bb sticky_enabled=\u00bb0&#8243;][et_pb_column type=\u00bb1_2&#8243; specialty_columns=\u00bb2&#8243; _builder_version=\u00bb3.25&#8243; custom_padding=\u00bb|||\u00bb padding_left__hover=\u00bb10%\u00bb padding_top__hover=\u00bb140px\u00bb parallax__hover=\u00bboff\u00bb parallax_method__hover=\u00bbon\u00bb custom_padding__hover=\u00bb|||\u00bb][et_pb_row_inner use_custom_gutter=\u00bbon\u00bb make_equal=\u00bbon\u00bb admin_label=\u00bbFeature Titile\u00bb _builder_version=\u00bb3.25&#8243; max_width=\u00bb75%\u00bb custom_margin=\u00bb|||\u00bb custom_padding=\u00bb||10px|\u00bb][et_pb_column_inner saved_specialty_column_type=\u00bb1_2&#8243; _builder_version=\u00bb3.25&#8243; custom_padding=\u00bb|||\u00bb parallax__hover=\u00bboff\u00bb parallax_method__hover=\u00bbon\u00bb custom_padding__hover=\u00bb|||\u00bb][et_pb_text _builder_version=\u00bb4.9.3&#8243; _module_preset=\u00bbdefault\u00bb text_font=\u00bbOpen Sans|600|||||||\u00bb animation_style=\u00bbslide\u00bb link_option_url=\u00bbhttp:\/\/dcv.artcom.mx\/pda\/1170171\/evidencias\/proyectos-academicos\/\u00bb]<\/p>\n<p>\u2190\u00a0Regresar<\/p>\n<p>[\/et_pb_text][et_pb_text admin_label=\u00bbTitle\u00bb _builder_version=\u00bb3.27.4&#8243; text_font=\u00bbMontserrat||||||||\u00bb text_text_color=\u00bb#747d88&#8243; text_font_size=\u00bb16px\u00bb text_line_height=\u00bb1.9em\u00bb header_font=\u00bb||||||||\u00bb header_text_align=\u00bbleft\u00bb header_2_font=\u00bbMontserrat|700||on|||||\u00bb header_2_font_size=\u00bb42px\u00bb header_2_line_height=\u00bb1.3em\u00bb max_width=\u00bb700px\u00bb module_alignment=\u00bbleft\u00bb animation_style=\u00bbslide\u00bb animation_direction=\u00bbbottom\u00bb animation_intensity_slide=\u00bb4%\u00bb locked=\u00bboff\u00bb]<\/p>\n<h2><span style=\"color: #2a910e\">GARDEN<\/span><\/h2>\n<p><span style=\"color: #122ed4\"><\/span><\/p>\n<p>[\/et_pb_text][et_pb_text admin_label=\u00bbSubtitle\u00bb _builder_version=\u00bb4.9.3&#8243; text_font=\u00bbMontserrat||||\u00bb text_text_color=\u00bb#747d88&#8243; text_font_size=\u00bb16px\u00bb text_line_height=\u00bb1.8em\u00bb header_font=\u00bb||||||||\u00bb max_width=\u00bb700px\u00bb module_alignment=\u00bbleft\u00bb custom_margin=\u00bb|||\u00bb custom_padding=\u00bb||20px|\u00bb animation_style=\u00bbslide\u00bb animation_direction=\u00bbbottom\u00bb animation_delay=\u00bb100ms\u00bb animation_intensity_slide=\u00bb4%\u00bb locked=\u00bboff\u00bb]<\/p>\n<p>Creaci\u00f3n de contenido para la tienda Garden by Alimentos Colpac en Montemorelos, NL. Este se realiz\u00f3 a\u00a0trav\u00e9z de piezas de Dise\u00f1o para los diferentes medios sociales. La tem\u00e1tica principal fue los productos con la levadura producida por Alimentos Colpac.<\/p>\n<p><span style=\"font-size: 16px\"><\/span><\/p>\n<p>[\/et_pb_text][et_pb_text admin_label=\u00bbSubtitle\u00bb _builder_version=\u00bb3.27.4&#8243; text_font=\u00bbMontserrat||||\u00bb text_text_color=\u00bb#747d88&#8243; text_font_size=\u00bb16px\u00bb text_line_height=\u00bb1.8em\u00bb header_font=\u00bb||||||||\u00bb max_width=\u00bb700px\u00bb module_alignment=\u00bbleft\u00bb custom_margin=\u00bb|||\u00bb custom_padding=\u00bb||20px|\u00bb animation_style=\u00bbslide\u00bb animation_direction=\u00bbbottom\u00bb animation_delay=\u00bb100ms\u00bb animation_intensity_slide=\u00bb4%\u00bb locked=\u00bboff\u00bb]<\/p>\n<p><span>Cliente: Alimentos Colpac<\/span><\/p>\n<p><span>Materia: Publicidad<\/span><span><\/span><\/p>\n<p>Maestro: Kevin Zapien<\/p>\n<p>Enfoque: Negocios<\/p>\n<p>Especificaciones: Realizaci\u00f3n de contenido de GARDEN para redes sociales, (Facebook &amp; Instagram)<\/p>\n<p>Tama\u00f1o piezas gr\u00e1ficas: \u00a0En<span>\u00a0formatos est\u00e1ndar, <\/span><span>para Facebook- horizontal (<\/span><span>1200*628px<\/span><span>)<\/span><span>, para Facebook e Instagram cuadrado (1080*1080), para Instagram Vertical (1200*628px) y para Stories (1920*1080).<\/span><\/p>\n<p><span><\/span><\/p>\n<p>[\/et_pb_text][\/et_pb_column_inner][\/et_pb_row_inner][\/et_pb_column][et_pb_column type=\u00bb1_2&#8243; _builder_version=\u00bb3.25&#8243; custom_padding=\u00bb|||\u00bb padding_top__hover=\u00bb0px\u00bb parallax__hover=\u00bboff\u00bb parallax_method__hover=\u00bbon\u00bb custom_padding__hover=\u00bb|||\u00bb][et_pb_image src=\u00bbhttp:\/\/dcv.artcom.mx\/pda\/1170171\/wp-content\/uploads\/sites\/28\/2021\/05\/Deliciosos-Burritos.png\u00bb title_text=\u00bbDeliciosos Burritos\u00bb force_fullwidth=\u00bbon\u00bb align_tablet=\u00bbcenter\u00bb align_phone=\u00bb\u00bb align_last_edited=\u00bbon|desktop\u00bb _builder_version=\u00bb4.9.4&#8243; transform_translate=\u00bb33px|-165px\u00bb custom_margin=\u00bb|||\u00bb custom_padding=\u00bb|||\u00bb animation_style=\u00bbslide\u00bb animation_direction=\u00bbright\u00bb animation_intensity_slide=\u00bb6%\u00bb animation_starting_opacity=\u00bb100%\u00bb hover_enabled=\u00bb0&#8243; transform_scale=\u00bb50%|50%\u00bb transform_translate_linked=\u00bboff\u00bb sticky_enabled=\u00bb0&#8243;][\/et_pb_image][\/et_pb_column][\/et_pb_section][et_pb_section fb_built=\u00bb1&#8243; _builder_version=\u00bb4.9.4&#8243; _module_preset=\u00bbdefault\u00bb custom_padding=\u00bb0px|||||\u00bb][et_pb_row _builder_version=\u00bb4.9.4&#8243; _module_preset=\u00bbdefault\u00bb column_structure=\u00bb1_3,1_3,1_3&#8243; custom_margin=\u00bb-261px|auto||auto||\u00bb][et_pb_column _builder_version=\u00bb4.9.4&#8243; _module_preset=\u00bbdefault\u00bb type=\u00bb1_3&#8243;][et_pb_image src=\u00bbhttp:\/\/dcv.artcom.mx\/pda\/1170171\/wp-content\/uploads\/sites\/28\/2021\/05\/a_Viernes-Ig.jpg\u00bb _builder_version=\u00bb4.9.4&#8243; _module_preset=\u00bbdefault\u00bb title_text=\u00bba_Viernes Ig\u00bb][\/et_pb_image][\/et_pb_column][et_pb_column _builder_version=\u00bb4.9.4&#8243; _module_preset=\u00bbdefault\u00bb type=\u00bb1_3&#8243;][et_pb_image src=\u00bbhttp:\/\/dcv.artcom.mx\/pda\/1170171\/wp-content\/uploads\/sites\/28\/2021\/05\/Post_Lunes-Ig.jpg\u00bb _builder_version=\u00bb4.9.4&#8243; _module_preset=\u00bbdefault\u00bb title_text=\u00bbPost_Lunes Ig\u00bb hover_enabled=\u00bb0&#8243; sticky_enabled=\u00bb0&#8243;][\/et_pb_image][\/et_pb_column][et_pb_column _builder_version=\u00bb4.9.4&#8243; _module_preset=\u00bbdefault\u00bb type=\u00bb1_3&#8243;][et_pb_image src=\u00bbhttp:\/\/dcv.artcom.mx\/pda\/1170171\/wp-content\/uploads\/sites\/28\/2021\/05\/Beneficios.png\u00bb _builder_version=\u00bb4.9.4&#8243; _module_preset=\u00bbdefault\u00bb title_text=\u00bbBeneficios\u00bb hover_enabled=\u00bb0&#8243; sticky_enabled=\u00bb0&#8243;][\/et_pb_image][\/et_pb_column][\/et_pb_row][\/et_pb_section][et_pb_section fb_built=\u00bb1&#8243; _builder_version=\u00bb4.9.3&#8243; _module_preset=\u00bbdefault\u00bb][\/et_pb_section][et_pb_section fb_built=\u00bb1&#8243; _builder_version=\u00bb4.9.3&#8243; _module_preset=\u00bbdefault\u00bb background_color=\u00bb#0125cb\u00bb min_height=\u00bb188px\u00bb custom_margin=\u00bb0px||-2px|||\u00bb custom_padding=\u00bb||0px|||\u00bb][et_pb_row _builder_version=\u00bb4.9.3&#8243; _module_preset=\u00bbdefault\u00bb custom_padding=\u00bb0px||0px|||\u00bb][et_pb_column type=\u00bb4_4&#8243; _builder_version=\u00bb4.9.3&#8243; _module_preset=\u00bbdefault\u00bb link_option_url=\u00bbhttp:\/\/dcv.artcom.mx\/pda\/1170171\/evidencias\/proyectos-academicos\/\u00bb][et_pb_text _builder_version=\u00bb4.9.3&#8243; _module_preset=\u00bbdefault\u00bb text_font=\u00bbOpen Sans|600|||||||\u00bb text_text_color=\u00bb#ffffff\u00bb animation_style=\u00bbslide\u00bb link_option_url=\u00bbhttp:\/\/dcv.artcom.mx\/pda\/1170171\/evidencias\/proyectos-academicos\/\u00bb]<\/p>\n<p>\u2190\u00a0Regresar<\/p>\n<p>[\/et_pb_text][et_pb_text admin_label=\u00bbHero Title\u00bb _builder_version=\u00bb4.9.3&#8243; text_font=\u00bbOpen Sans||||||||\u00bb text_font_size=\u00bb7px\u00bb text_letter_spacing=\u00bb13px\u00bb header_font=\u00bbOpen Sans||||||||\u00bb header_text_color=\u00bb#FFFFFF\u00bb header_font_size=\u00bb79px\u00bb header_letter_spacing=\u00bb2px\u00bb header_line_height=\u00bb1.1em\u00bb min_height=\u00bb16px\u00bb custom_margin=\u00bb-8px||-57px|||\u00bb custom_padding=\u00bb0px||0px|||\u00bb animation_style=\u00bbslide\u00bb animation_direction=\u00bbleft\u00bb animation_intensity_slide=\u00bb5%\u00bb animation_starting_opacity=\u00bb100%\u00bb text_font_size_last_edited=\u00bboff|desktop\u00bb header_font_size_tablet=\u00bb\u00bb header_font_size_phone=\u00bb60px\u00bb header_font_size_last_edited=\u00bbon|phone\u00bb]<\/p>\n<h1><span style=\"font-size: xx-large\">M\u00c1S PROYECTOS<\/span><\/h1>\n<p>[\/et_pb_text][\/et_pb_column][\/et_pb_row][\/et_pb_section][et_pb_section fb_built=\u00bb1&#8243; admin_label=\u00bbOur Services\u00bb module_id=\u00bbQUINTO\u00bb _builder_version=\u00bb4.9.2&#8243; background_color=\u00bb#0125cb\u00bb custom_padding=\u00bb0px|||||\u00bb locked=\u00bboff\u00bb][et_pb_row column_structure=\u00bb1_3,1_3,1_3&#8243; _builder_version=\u00bb3.25&#8243; custom_margin=\u00bb|||\u00bb custom_padding=\u00bb|||\u00bb][et_pb_column type=\u00bb1_3&#8243; _builder_version=\u00bb3.25&#8243; custom_padding=\u00bb|||\u00bb custom_padding__hover=\u00bb|||\u00bb][et_pb_blurb image=\u00bbhttp:\/\/dcv.artcom.mx\/pda\/1170171\/wp-content\/uploads\/sites\/28\/2021\/03\/TPA-Little-Caesars.jpg\u00bb _builder_version=\u00bb4.9.2&#8243; header_font=\u00bbOpen Sans||||||||\u00bb header_font_size=\u00bb24px\u00bb header_line_height=\u00bb1.2em\u00bb body_font=\u00bbOpen Sans||||||||\u00bb body_font_size=\u00bb16px\u00bb body_line_height=\u00bb1.8em\u00bb background_color=\u00bbRGBA(0,0,0,0)\u00bb module_alignment=\u00bbleft\u00bb min_height=\u00bb100px\u00bb height=\u00bb361px\u00bb custom_margin=\u00bb||-3px||false|false\u00bb custom_padding=\u00bb0px|0px|0px|0px|true|true\u00bb animation_style=\u00bbfold\u00bb animation_delay=\u00bb200ms\u00bb animation=\u00bboff\u00bb header_font_tablet=\u00bb\u00bb header_font_phone=\u00bb\u00bb header_font_last_edited=\u00bbon|desktop\u00bb border_color_all=\u00bbrgba(21,49,78,0.17)\u00bb locked=\u00bboff\u00bb][\/et_pb_blurb][et_pb_toggle title=\u00bbLITTLE CAESARS\u00bb open_toggle_text_color=\u00bb#0125cb\u00bb closed_toggle_text_color=\u00bb#0125cb\u00bb _builder_version=\u00bb4.9.2&#8243; title_text_color=\u00bb#0125cb\u00bb title_font=\u00bbOpen Sans|700|||||||\u00bb title_font_size=\u00bb21px\u00bb closed_title_font=\u00bbOpen Sans||||||||\u00bb body_font=\u00bbOpen Sans||||||||\u00bb background_color=\u00bb#f1f1f1&#8243; min_height=\u00bb51px\u00bb custom_margin=\u00bb||8px|\u00bb custom_padding=\u00bb|||30px|false\u00bb border_width_all=\u00bb0px\u00bb locked=\u00bboff\u00bb]<\/p>\n<p>Recreacion de escena para publicidad audivisual de Little Caesars<\/p>\n<p>[\/et_pb_toggle][\/et_pb_column][et_pb_column type=\u00bb1_3&#8243; _builder_version=\u00bb3.25&#8243; custom_padding=\u00bb|||\u00bb custom_padding__hover=\u00bb|||\u00bb][et_pb_blurb image=\u00bbhttp:\/\/dcv.artcom.mx\/pda\/1170171\/wp-content\/uploads\/sites\/28\/2021\/03\/DE-Recetario.gif\u00bb _builder_version=\u00bb4.9.2&#8243; header_font=\u00bbOpen Sans||||||||\u00bb header_font_size=\u00bb24px\u00bb header_line_height=\u00bb1.2em\u00bb body_font=\u00bbOpen Sans||||||||\u00bb body_font_size=\u00bb16px\u00bb body_line_height=\u00bb1.8em\u00bb background_color=\u00bb#ffffff\u00bb module_alignment=\u00bbleft\u00bb min_height=\u00bb233px\u00bb custom_margin=\u00bb||-26px||false|false\u00bb custom_padding=\u00bb0px|0px|0px|0px|true|true\u00bb animation_style=\u00bbfold\u00bb animation_delay=\u00bb200ms\u00bb animation=\u00bboff\u00bb header_font_tablet=\u00bb\u00bb header_font_phone=\u00bb\u00bb header_font_last_edited=\u00bbon|desktop\u00bb border_width_all=\u00bb1px\u00bb border_color_all=\u00bbrgba(21,49,78,0.17)\u00bb locked=\u00bboff\u00bb][\/et_pb_blurb][et_pb_toggle title=\u00bbRECETARIO TEMPORADAS\u00bb open_toggle_text_color=\u00bb#0125cb\u00bb closed_toggle_text_color=\u00bb#0125cb\u00bb _builder_version=\u00bb4.9.2&#8243; title_text_color=\u00bb#0125cb\u00bb title_font=\u00bbOpen Sans|700|||||||\u00bb closed_title_font=\u00bbOpen Sans||||||||\u00bb body_font=\u00bbOpen Sans||||||||\u00bb background_color=\u00bb#f1f1f1&#8243; custom_margin=\u00bb||8px|\u00bb custom_padding=\u00bb|||30px|false\u00bb border_width_all=\u00bb0px\u00bb locked=\u00bboff\u00bb]<\/p>\n<p>Dise\u00f1o de portada y contenido para recetario de bebidas por temporadas&#8230;\u00a0<\/p>\n<p>[\/et_pb_toggle][\/et_pb_column][et_pb_column type=\u00bb1_3&#8243; _builder_version=\u00bb3.25&#8243; custom_padding=\u00bb|||\u00bb custom_padding__hover=\u00bb|||\u00bb][et_pb_blurb image=\u00bbhttp:\/\/dcv.artcom.mx\/pda\/1170171\/wp-content\/uploads\/sites\/28\/2021\/04\/Don-Manuel.gif\u00bb _builder_version=\u00bb4.9.4&#8243; header_font=\u00bbOpen Sans||||||||\u00bb header_font_size=\u00bb24px\u00bb header_line_height=\u00bb1.2em\u00bb body_font=\u00bbOpen Sans||||||||\u00bb body_font_size=\u00bb16px\u00bb body_line_height=\u00bb1.8em\u00bb background_color=\u00bbRGBA(0,0,0,0)\u00bb module_alignment=\u00bbleft\u00bb min_height=\u00bb233px\u00bb height=\u00bb385px\u00bb custom_margin=\u00bb||-26px||false|false\u00bb custom_padding=\u00bb0px|0px|0px|0px|true|true\u00bb animation_style=\u00bbfold\u00bb animation_delay=\u00bb200ms\u00bb animation=\u00bboff\u00bb header_font_tablet=\u00bb\u00bb header_font_phone=\u00bb\u00bb header_font_last_edited=\u00bbon|desktop\u00bb border_color_all=\u00bbrgba(21,49,78,0.17)\u00bb locked=\u00bboff\u00bb][\/et_pb_blurb][et_pb_toggle title=\u00bbHAZA\u00d1AS DE UN H\u00c9ROE\u00bb open_toggle_text_color=\u00bb#0125cb\u00bb closed_toggle_text_color=\u00bb#0125cb\u00bb _builder_version=\u00bb4.9.4&#8243; title_text_color=\u00bb#0125cb\u00bb title_font=\u00bbOpen Sans|700|||||||\u00bb title_font_size=\u00bb18px\u00bb closed_title_font=\u00bbOpen Sans||||||||\u00bb body_font=\u00bbOpen Sans||||||||\u00bb background_color=\u00bb#f1f1f1&#8243; custom_margin=\u00bb||8px|\u00bb custom_padding=\u00bb|||30px|false\u00bb border_width_all=\u00bb0px\u00bb locked=\u00bboff\u00bb]<\/p>\n<p>Dise\u00f1o de portada, maquetaci\u00f3n&#8230;<\/p>\n<p>[\/et_pb_toggle][\/et_pb_column][\/et_pb_row][\/et_pb_section]<\/p>\n","protected":false},"excerpt":{"rendered":"<p>\u2190\u00a0RegresarGARDEN Creaci\u00f3n de contenido para la tienda Garden by Alimentos Colpac en Montemorelos, NL. Este se realiz\u00f3 a\u00a0trav\u00e9z de piezas de Dise\u00f1o para los diferentes medios sociales. La tem\u00e1tica principal fue los productos con la levadura producida por Alimentos Colpac. Cliente: Alimentos Colpac Materia: Publicidad Maestro: Kevin Zapien Enfoque: Negocios Especificaciones: Realizaci\u00f3n de contenido de [&hellip;]<\/p>\n","protected":false},"author":32,"featured_media":0,"parent":0,"menu_order":6,"comment_status":"closed","ping_status":"closed","template":"","meta":{"_et_pb_use_builder":"on","_et_pb_old_content":"<!-- wp:divi\/placeholder \/-->","_et_gb_content_width":"","inline_featured_image":false,"footnotes":""},"_links":{"self":[{"href":"https:\/\/dcv.artcom.mx\/pda\/1170171\/wp-json\/wp\/v2\/pages\/1399"}],"collection":[{"href":"https:\/\/dcv.artcom.mx\/pda\/1170171\/wp-json\/wp\/v2\/pages"}],"about":[{"href":"https:\/\/dcv.artcom.mx\/pda\/1170171\/wp-json\/wp\/v2\/types\/page"}],"author":[{"embeddable":true,"href":"https:\/\/dcv.artcom.mx\/pda\/1170171\/wp-json\/wp\/v2\/users\/32"}],"replies":[{"embeddable":true,"href":"https:\/\/dcv.artcom.mx\/pda\/1170171\/wp-json\/wp\/v2\/comments?post=1399"}],"version-history":[{"count":2,"href":"https:\/\/dcv.artcom.mx\/pda\/1170171\/wp-json\/wp\/v2\/pages\/1399\/revisions"}],"predecessor-version":[{"id":1406,"href":"https:\/\/dcv.artcom.mx\/pda\/1170171\/wp-json\/wp\/v2\/pages\/1399\/revisions\/1406"}],"wp:attachment":[{"href":"https:\/\/dcv.artcom.mx\/pda\/1170171\/wp-json\/wp\/v2\/media?parent=1399"}],"curies":[{"name":"wp","href":"https:\/\/api.w.org\/{rel}","templated":true}]}}