{"id":1330,"date":"2021-05-10T04:46:52","date_gmt":"2021-05-10T04:46:52","guid":{"rendered":"http:\/\/dcv.artcom.mx\/pda\/1170171\/?page_id=1330"},"modified":"2021-05-10T04:56:40","modified_gmt":"2021-05-10T04:56:40","slug":"distorcion-photoshop-2","status":"publish","type":"page","link":"https:\/\/dcv.artcom.mx\/pda\/1170171\/distorcion-photoshop-2\/","title":{"rendered":"Distorci\u00f3n Photoshop"},"content":{"rendered":"<p>[et_pb_section fb_built=\u00bb1&#8243; make_equal=\u00bbon\u00bb use_custom_gutter=\u00bbon\u00bb gutter_width=\u00bb1&#8243; specialty=\u00bbon\u00bb padding_top_1=\u00bb140px\u00bb padding_top_2=\u00bb0px\u00bb padding_left_1=\u00bb10%\u00bb admin_label=\u00bbFeature Section\u00bb module_class=\u00bb et_pb_specialty_fullwidth\u00bb _builder_version=\u00bb3.22&#8243; background_color=\u00bb#f7f7f7&#8243; inner_width=\u00bb100%\u00bb inner_width_tablet=\u00bb100%\u00bb inner_width_phone=\u00bb\u00bb inner_width_last_edited=\u00bbon|desktop\u00bb inner_max_width=\u00bb100%\u00bb inner_max_width_tablet=\u00bb100%\u00bb inner_max_width_phone=\u00bb\u00bb inner_max_width_last_edited=\u00bbon|desktop\u00bb custom_margin=\u00bb|||\u00bb custom_padding=\u00bb0px|||\u00bb box_shadow_style=\u00bbpreset7&#8243; box_shadow_horizontal=\u00bb0px\u00bb box_shadow_vertical=\u00bb100px\u00bb box_shadow_color=\u00bb#ffffff\u00bb make_fullwidth=\u00bbon\u00bb][et_pb_column type=\u00bb1_2&#8243; specialty_columns=\u00bb2&#8243; _builder_version=\u00bb3.25&#8243; custom_padding=\u00bb|||\u00bb padding_left__hover=\u00bb10%\u00bb padding_top__hover=\u00bb140px\u00bb parallax__hover=\u00bboff\u00bb parallax_method__hover=\u00bbon\u00bb custom_padding__hover=\u00bb|||\u00bb][et_pb_row_inner use_custom_gutter=\u00bbon\u00bb make_equal=\u00bbon\u00bb admin_label=\u00bbFeature Titile\u00bb _builder_version=\u00bb3.25&#8243; max_width=\u00bb75%\u00bb custom_margin=\u00bb|||\u00bb custom_padding=\u00bb||10px|\u00bb][et_pb_column_inner saved_specialty_column_type=\u00bb1_2&#8243; _builder_version=\u00bb3.25&#8243; custom_padding=\u00bb|||\u00bb parallax__hover=\u00bboff\u00bb parallax_method__hover=\u00bbon\u00bb custom_padding__hover=\u00bb|||\u00bb][et_pb_text _builder_version=\u00bb4.9.3&#8243; _module_preset=\u00bbdefault\u00bb text_font=\u00bbOpen Sans|600|||||||\u00bb animation_style=\u00bbslide\u00bb link_option_url=\u00bbhttp:\/\/dcv.artcom.mx\/pda\/1170171\/evidencias\/proyectos-academicos\/\u00bb]<\/p>\n<p>\u2190\u00a0Regresar<\/p>\n<p>[\/et_pb_text][et_pb_text admin_label=\u00bbTitle\u00bb _builder_version=\u00bb4.9.4&#8243; text_font=\u00bbMontserrat||||||||\u00bb text_text_color=\u00bb#747d88&#8243; text_font_size=\u00bb16px\u00bb text_line_height=\u00bb1.9em\u00bb header_font=\u00bb||||||||\u00bb header_text_align=\u00bbleft\u00bb header_text_color=\u00bb#4800a0&#8243; header_2_font=\u00bbMontserrat|700||on|||||\u00bb header_2_font_size=\u00bb42px\u00bb header_2_line_height=\u00bb1.3em\u00bb max_width=\u00bb700px\u00bb module_alignment=\u00bbleft\u00bb animation_style=\u00bbslide\u00bb animation_direction=\u00bbbottom\u00bb animation_intensity_slide=\u00bb4%\u00bb hover_enabled=\u00bb0&#8243; locked=\u00bboff\u00bb header_font_size=\u00bb31px\u00bb sticky_enabled=\u00bb0&#8243;]<\/p>\n<h2><span style=\"color: #9e0da3;font-size: x-large\">Distorci\u00f3n pHOTOSHOP<\/span><\/h2>\n<p><span style=\"color: #122ed4\"><\/span><\/p>\n<p>[\/et_pb_text][et_pb_text admin_label=\u00bbSubtitle\u00bb _builder_version=\u00bb4.9.3&#8243; text_font=\u00bbMontserrat||||\u00bb text_text_color=\u00bb#747d88&#8243; text_font_size=\u00bb16px\u00bb text_line_height=\u00bb1.8em\u00bb header_font=\u00bb||||||||\u00bb max_width=\u00bb700px\u00bb module_alignment=\u00bbleft\u00bb custom_margin=\u00bb|||\u00bb custom_padding=\u00bb||20px|\u00bb animation_style=\u00bbslide\u00bb animation_direction=\u00bbbottom\u00bb animation_delay=\u00bb100ms\u00bb animation_intensity_slide=\u00bb4%\u00bb locked=\u00bboff\u00bb]<\/p>\n<p>Creaci\u00f3n de\u00a0composici\u00f3n en photoshop con texturas de imagenes. En la cual se utiliz\u00f3 el software photoshop para llevar a cabo esto proyecto.<\/p>\n<p>Fue un total de 9 im\u00e1genes de texturas para generar esta obra. \u00a0<\/p>\n<p><span><\/span><\/p>\n<p>[\/et_pb_text][et_pb_text admin_label=\u00bbSubtitle\u00bb _builder_version=\u00bb3.27.4&#8243; text_font=\u00bbMontserrat||||\u00bb text_text_color=\u00bb#747d88&#8243; text_font_size=\u00bb16px\u00bb text_line_height=\u00bb1.8em\u00bb header_font=\u00bb||||||||\u00bb max_width=\u00bb700px\u00bb module_alignment=\u00bbleft\u00bb custom_margin=\u00bb|||\u00bb custom_padding=\u00bb||20px|\u00bb animation_style=\u00bbslide\u00bb animation_direction=\u00bbbottom\u00bb animation_delay=\u00bb100ms\u00bb animation_intensity_slide=\u00bb4%\u00bb locked=\u00bboff\u00bb]<\/p>\n<p><span>Materia: Dise\u00f1o Gr\u00e1fico 3D<\/span><span><\/span><\/p>\n<p>Maestro: Jos\u00e9 Fabi\u00e1n\u00a0<\/p>\n<p>Especificaciones: Manipulaci\u00f3n de im\u00e1genes en Photoshop\u00a0<\/p>\n<p>Medidas: 30 cm x 27 cm<\/p>\n<p>&nbsp;<\/p>\n<p>&nbsp;<\/p>\n<p><span><\/span><\/p>\n<p>[\/et_pb_text][\/et_pb_column_inner][\/et_pb_row_inner][\/et_pb_column][et_pb_column type=\u00bb1_2&#8243; _builder_version=\u00bb3.25&#8243; custom_padding=\u00bb|||\u00bb padding_top__hover=\u00bb0px\u00bb parallax__hover=\u00bboff\u00bb parallax_method__hover=\u00bbon\u00bb custom_padding__hover=\u00bb|||\u00bb][et_pb_image src=\u00bbhttp:\/\/dcv.artcom.mx\/pda\/1170171\/wp-content\/uploads\/sites\/28\/2021\/05\/t1.png\u00bb title_text=\u00bbt1&#8243; force_fullwidth=\u00bbon\u00bb align_tablet=\u00bbcenter\u00bb align_phone=\u00bb\u00bb align_last_edited=\u00bbon|desktop\u00bb _builder_version=\u00bb4.9.4&#8243; custom_margin=\u00bb|||\u00bb custom_padding=\u00bb|||\u00bb animation_style=\u00bbslide\u00bb animation_direction=\u00bbright\u00bb animation_intensity_slide=\u00bb6%\u00bb animation_starting_opacity=\u00bb100%\u00bb hover_enabled=\u00bb0&#8243; sticky_enabled=\u00bb0&#8243;][\/et_pb_image][et_pb_image src=\u00bbhttp:\/\/dcv.artcom.mx\/pda\/1170171\/wp-content\/uploads\/sites\/28\/2021\/05\/t2.png\u00bb title_text=\u00bbt2&#8243; force_fullwidth=\u00bbon\u00bb align_tablet=\u00bbcenter\u00bb align_phone=\u00bb\u00bb align_last_edited=\u00bbon|desktop\u00bb _builder_version=\u00bb4.9.4&#8243; custom_margin=\u00bb|||\u00bb custom_padding=\u00bb|||\u00bb animation_style=\u00bbslide\u00bb animation_direction=\u00bbbottom\u00bb animation_intensity_slide=\u00bb6%\u00bb animation_starting_opacity=\u00bb100%\u00bb hover_enabled=\u00bb0&#8243; sticky_enabled=\u00bb0&#8243;][\/et_pb_image][\/et_pb_column][\/et_pb_section][et_pb_section fb_built=\u00bb1&#8243; _builder_version=\u00bb4.9.3&#8243; _module_preset=\u00bbdefault\u00bb][et_pb_row _builder_version=\u00bb4.9.3&#8243; _module_preset=\u00bbdefault\u00bb][et_pb_column type=\u00bb4_4&#8243; _builder_version=\u00bb4.9.3&#8243; _module_preset=\u00bbdefault\u00bb][et_pb_image src=\u00bbhttp:\/\/dcv.artcom.mx\/pda\/1170171\/wp-content\/uploads\/sites\/28\/2021\/05\/Distorcion-Photoshop.png\u00bb title_text=\u00bbDistorci\u00f3n Photoshop\u00bb _builder_version=\u00bb4.9.4&#8243; _module_preset=\u00bbdefault\u00bb hover_enabled=\u00bb0&#8243; sticky_enabled=\u00bb0&#8243;][\/et_pb_image][\/et_pb_column][\/et_pb_row][et_pb_row _builder_version=\u00bb4.9.3&#8243; _module_preset=\u00bbdefault\u00bb][et_pb_column type=\u00bb4_4&#8243; _builder_version=\u00bb4.9.3&#8243; _module_preset=\u00bbdefault\u00bb][\/et_pb_column][\/et_pb_row][\/et_pb_section][et_pb_section fb_built=\u00bb1&#8243; _builder_version=\u00bb4.9.3&#8243; _module_preset=\u00bbdefault\u00bb][\/et_pb_section][et_pb_section fb_built=\u00bb1&#8243; fullwidth=\u00bbon\u00bb _builder_version=\u00bb4.9.3&#8243; _module_preset=\u00bbdefault\u00bb][\/et_pb_section][et_pb_section fb_built=\u00bb1&#8243; _builder_version=\u00bb4.9.3&#8243; _module_preset=\u00bbdefault\u00bb background_color=\u00bb#0125cb\u00bb min_height=\u00bb188px\u00bb custom_margin=\u00bb0px||-2px|||\u00bb custom_padding=\u00bb||0px|||\u00bb][et_pb_row _builder_version=\u00bb4.9.3&#8243; _module_preset=\u00bbdefault\u00bb custom_padding=\u00bb0px||0px|||\u00bb][et_pb_column type=\u00bb4_4&#8243; _builder_version=\u00bb4.9.3&#8243; _module_preset=\u00bbdefault\u00bb link_option_url=\u00bbhttp:\/\/dcv.artcom.mx\/pda\/1170171\/evidencias\/proyectos-academicos\/\u00bb][et_pb_text _builder_version=\u00bb4.9.3&#8243; _module_preset=\u00bbdefault\u00bb text_font=\u00bbOpen Sans|600|||||||\u00bb text_text_color=\u00bb#ffffff\u00bb animation_style=\u00bbslide\u00bb link_option_url=\u00bbhttp:\/\/dcv.artcom.mx\/pda\/1170171\/evidencias\/proyectos-academicos\/\u00bb]<\/p>\n<p>\u2190\u00a0Regresar<\/p>\n<p>[\/et_pb_text][et_pb_text admin_label=\u00bbHero Title\u00bb _builder_version=\u00bb4.9.3&#8243; text_font=\u00bbOpen Sans||||||||\u00bb text_font_size=\u00bb7px\u00bb text_letter_spacing=\u00bb13px\u00bb header_font=\u00bbOpen Sans||||||||\u00bb header_text_color=\u00bb#FFFFFF\u00bb header_font_size=\u00bb79px\u00bb header_letter_spacing=\u00bb2px\u00bb header_line_height=\u00bb1.1em\u00bb min_height=\u00bb16px\u00bb custom_margin=\u00bb-8px||-57px|||\u00bb custom_padding=\u00bb0px||0px|||\u00bb animation_style=\u00bbslide\u00bb animation_direction=\u00bbleft\u00bb animation_intensity_slide=\u00bb5%\u00bb animation_starting_opacity=\u00bb100%\u00bb text_font_size_last_edited=\u00bboff|desktop\u00bb header_font_size_tablet=\u00bb\u00bb header_font_size_phone=\u00bb60px\u00bb header_font_size_last_edited=\u00bbon|phone\u00bb]<\/p>\n<h1><span style=\"font-size: xx-large\">M\u00c1S PROYECTOS<\/span><\/h1>\n<p>[\/et_pb_text][\/et_pb_column][\/et_pb_row][\/et_pb_section][et_pb_section fb_built=\u00bb1&#8243; admin_label=\u00bbOur Services\u00bb module_id=\u00bbQUINTO\u00bb _builder_version=\u00bb4.9.2&#8243; background_color=\u00bb#0125cb\u00bb custom_padding=\u00bb0px|||||\u00bb locked=\u00bboff\u00bb][et_pb_row column_structure=\u00bb1_3,1_3,1_3&#8243; _builder_version=\u00bb3.25&#8243; custom_margin=\u00bb|||\u00bb custom_padding=\u00bb|||\u00bb][et_pb_column type=\u00bb1_3&#8243; _builder_version=\u00bb3.25&#8243; custom_padding=\u00bb|||\u00bb custom_padding__hover=\u00bb|||\u00bb][et_pb_blurb url=\u00bbhttp:\/\/dcv.artcom.mx\/pda\/1170171\/little-caesars\/\u00bb image=\u00bbhttp:\/\/dcv.artcom.mx\/pda\/1170171\/wp-content\/uploads\/sites\/28\/2021\/03\/TPA-Little-Caesars.jpg\u00bb _builder_version=\u00bb4.9.3&#8243; header_font=\u00bbOpen Sans||||||||\u00bb header_font_size=\u00bb24px\u00bb header_line_height=\u00bb1.2em\u00bb body_font=\u00bbOpen Sans||||||||\u00bb body_font_size=\u00bb16px\u00bb body_line_height=\u00bb1.8em\u00bb background_color=\u00bbRGBA(0,0,0,0)\u00bb module_alignment=\u00bbleft\u00bb min_height=\u00bb100px\u00bb height=\u00bb361px\u00bb custom_margin=\u00bb||-3px||false|false\u00bb custom_padding=\u00bb0px|0px|0px|0px|true|true\u00bb animation_style=\u00bbfold\u00bb animation_delay=\u00bb200ms\u00bb animation=\u00bboff\u00bb header_font_tablet=\u00bb\u00bb header_font_phone=\u00bb\u00bb header_font_last_edited=\u00bbon|desktop\u00bb border_color_all=\u00bbrgba(21,49,78,0.17)\u00bb locked=\u00bboff\u00bb][\/et_pb_blurb][et_pb_toggle title=\u00bbLITTLE CAESARS\u00bb open_toggle_text_color=\u00bb#0125cb\u00bb closed_toggle_text_color=\u00bb#0125cb\u00bb _builder_version=\u00bb4.9.2&#8243; title_text_color=\u00bb#0125cb\u00bb title_font=\u00bbOpen Sans|700|||||||\u00bb title_font_size=\u00bb21px\u00bb closed_title_font=\u00bbOpen Sans||||||||\u00bb body_font=\u00bbOpen Sans||||||||\u00bb background_color=\u00bb#f1f1f1&#8243; min_height=\u00bb51px\u00bb custom_margin=\u00bb||8px|\u00bb custom_padding=\u00bb|||30px|false\u00bb border_width_all=\u00bb0px\u00bb locked=\u00bboff\u00bb]<\/p>\n<p>Recreacion de escena para publicidad audivisual de Little Caesars<\/p>\n<p>[\/et_pb_toggle][\/et_pb_column][et_pb_column type=\u00bb1_3&#8243; _builder_version=\u00bb3.25&#8243; custom_padding=\u00bb|||\u00bb custom_padding__hover=\u00bb|||\u00bb][et_pb_blurb url=\u00bbhttp:\/\/dcv.artcom.mx\/pda\/1170171\/recetario-de-temporadas\/\u00bb image=\u00bbhttp:\/\/dcv.artcom.mx\/pda\/1170171\/wp-content\/uploads\/sites\/28\/2021\/03\/DE-Recetario.gif\u00bb _builder_version=\u00bb4.9.3&#8243; header_font=\u00bbOpen Sans||||||||\u00bb header_font_size=\u00bb24px\u00bb header_line_height=\u00bb1.2em\u00bb body_font=\u00bbOpen Sans||||||||\u00bb body_font_size=\u00bb16px\u00bb body_line_height=\u00bb1.8em\u00bb background_color=\u00bb#ffffff\u00bb module_alignment=\u00bbleft\u00bb min_height=\u00bb233px\u00bb custom_margin=\u00bb||-26px||false|false\u00bb custom_padding=\u00bb0px|0px|0px|0px|true|true\u00bb animation_style=\u00bbfold\u00bb animation_delay=\u00bb200ms\u00bb animation=\u00bboff\u00bb header_font_tablet=\u00bb\u00bb header_font_phone=\u00bb\u00bb header_font_last_edited=\u00bbon|desktop\u00bb border_width_all=\u00bb1px\u00bb border_color_all=\u00bbrgba(21,49,78,0.17)\u00bb locked=\u00bboff\u00bb][\/et_pb_blurb][et_pb_toggle title=\u00bbRECETARIO TEMPORADAS\u00bb open_toggle_text_color=\u00bb#0125cb\u00bb closed_toggle_text_color=\u00bb#0125cb\u00bb _builder_version=\u00bb4.9.2&#8243; title_text_color=\u00bb#0125cb\u00bb title_font=\u00bbOpen Sans|700|||||||\u00bb closed_title_font=\u00bbOpen Sans||||||||\u00bb body_font=\u00bbOpen Sans||||||||\u00bb background_color=\u00bb#f1f1f1&#8243; custom_margin=\u00bb||8px|\u00bb custom_padding=\u00bb|||30px|false\u00bb border_width_all=\u00bb0px\u00bb locked=\u00bboff\u00bb]<\/p>\n<p>Dise\u00f1o de portada y contenido para recetario de bebidas por temporadas&#8230;\u00a0<\/p>\n<p>[\/et_pb_toggle][\/et_pb_column][et_pb_column type=\u00bb1_3&#8243; _builder_version=\u00bb3.25&#8243; custom_padding=\u00bb|||\u00bb custom_padding__hover=\u00bb|||\u00bb][et_pb_blurb url=\u00bbhttp:\/\/dcv.artcom.mx\/pda\/1170171\/garden\/\u00bb image=\u00bbhttp:\/\/dcv.artcom.mx\/pda\/1170171\/wp-content\/uploads\/sites\/28\/2021\/03\/P-garden.gif\u00bb _builder_version=\u00bb4.9.3&#8243; header_font=\u00bbOpen Sans||||||||\u00bb header_font_size=\u00bb24px\u00bb header_line_height=\u00bb1.2em\u00bb body_font=\u00bbOpen Sans||||||||\u00bb body_font_size=\u00bb16px\u00bb body_line_height=\u00bb1.8em\u00bb background_color=\u00bbRGBA(0,0,0,0)\u00bb module_alignment=\u00bbleft\u00bb min_height=\u00bb233px\u00bb height=\u00bb385px\u00bb custom_margin=\u00bb||-26px||false|false\u00bb custom_padding=\u00bb0px|0px|0px|0px|true|true\u00bb animation_style=\u00bbfold\u00bb animation_delay=\u00bb200ms\u00bb animation=\u00bboff\u00bb header_font_tablet=\u00bb\u00bb header_font_phone=\u00bb\u00bb header_font_last_edited=\u00bbon|desktop\u00bb border_color_all=\u00bbrgba(21,49,78,0.17)\u00bb locked=\u00bboff\u00bb][\/et_pb_blurb][et_pb_toggle title=\u00bbGARDEN\u00bb open_toggle_text_color=\u00bb#0125cb\u00bb closed_toggle_text_color=\u00bb#0125cb\u00bb _builder_version=\u00bb4.9.2&#8243; title_text_color=\u00bb#0125cb\u00bb title_font=\u00bbOpen Sans|700|||||||\u00bb title_font_size=\u00bb21px\u00bb closed_title_font=\u00bbOpen Sans||||||||\u00bb body_font=\u00bbOpen Sans||||||||\u00bb background_color=\u00bb#f1f1f1&#8243; custom_margin=\u00bb||8px|\u00bb custom_padding=\u00bb|||30px|false\u00bb border_width_all=\u00bb0px\u00bb locked=\u00bboff\u00bb]<\/p>\n<p>Campa\u00f1a publicitaria para Garden, la tienda de Alimentos Colpac&#8230;<\/p>\n<p>[\/et_pb_toggle][\/et_pb_column][\/et_pb_row][\/et_pb_section]<\/p>\n","protected":false},"excerpt":{"rendered":"<p>\u2190\u00a0RegresarDistorci\u00f3n pHOTOSHOP Creaci\u00f3n de\u00a0composici\u00f3n en photoshop con texturas de imagenes. En la cual se utiliz\u00f3 el software photoshop para llevar a cabo esto proyecto. Fue un total de 9 im\u00e1genes de texturas para generar esta obra. \u00a0 Materia: Dise\u00f1o Gr\u00e1fico 3D Maestro: Jos\u00e9 Fabi\u00e1n\u00a0 Especificaciones: Manipulaci\u00f3n de im\u00e1genes en Photoshop\u00a0 Medidas: 30 cm x 27 [&hellip;]<\/p>\n","protected":false},"author":32,"featured_media":0,"parent":0,"menu_order":6,"comment_status":"closed","ping_status":"closed","template":"","meta":{"_et_pb_use_builder":"on","_et_pb_old_content":"<!-- wp:divi\/placeholder \/-->","_et_gb_content_width":"","inline_featured_image":false,"footnotes":""},"_links":{"self":[{"href":"https:\/\/dcv.artcom.mx\/pda\/1170171\/wp-json\/wp\/v2\/pages\/1330"}],"collection":[{"href":"https:\/\/dcv.artcom.mx\/pda\/1170171\/wp-json\/wp\/v2\/pages"}],"about":[{"href":"https:\/\/dcv.artcom.mx\/pda\/1170171\/wp-json\/wp\/v2\/types\/page"}],"author":[{"embeddable":true,"href":"https:\/\/dcv.artcom.mx\/pda\/1170171\/wp-json\/wp\/v2\/users\/32"}],"replies":[{"embeddable":true,"href":"https:\/\/dcv.artcom.mx\/pda\/1170171\/wp-json\/wp\/v2\/comments?post=1330"}],"version-history":[{"count":2,"href":"https:\/\/dcv.artcom.mx\/pda\/1170171\/wp-json\/wp\/v2\/pages\/1330\/revisions"}],"predecessor-version":[{"id":1336,"href":"https:\/\/dcv.artcom.mx\/pda\/1170171\/wp-json\/wp\/v2\/pages\/1330\/revisions\/1336"}],"wp:attachment":[{"href":"https:\/\/dcv.artcom.mx\/pda\/1170171\/wp-json\/wp\/v2\/media?parent=1330"}],"curies":[{"name":"wp","href":"https:\/\/api.w.org\/{rel}","templated":true}]}}