{"id":7,"date":"2020-03-03T22:17:35","date_gmt":"2020-03-04T04:17:35","guid":{"rendered":"http:\/\/pdadcv.artcom.mx\/portafolio-demo\/?page_id=7"},"modified":"2021-04-05T02:40:13","modified_gmt":"2021-04-05T02:40:13","slug":"mi-carrera","status":"publish","type":"page","link":"https:\/\/dcv.artcom.mx\/pda\/1160926\/mi-carrera\/","title":{"rendered":"Mi carrera"},"content":{"rendered":"<p>[et_pb_section fb_built=\u00bb1&#8243; make_equal=\u00bbon\u00bb use_custom_gutter=\u00bbon\u00bb specialty=\u00bbon\u00bb bg_img_1=\u00bbhttp:\/\/pdadcv.artcom.mx\/portafolio-demo\/wp-content\/uploads\/sites\/2\/2020\/03\/fashion-21.jpg\u00bb padding_top_2=\u00bb100px\u00bb padding_right_2=\u00bb40px\u00bb padding_bottom_2=\u00bb100px\u00bb padding_left_2=\u00bb40px\u00bb _builder_version=\u00bb3.22&#8243; inner_width=\u00bb100%\u00bb inner_max_width=\u00bb100%\u00bb custom_margin=\u00bb|||\u00bb custom_padding=\u00bb0px|0px|0px|34px||\u00bb custom_css_main_element=\u00bbmargin-left: 0 !important;\u00bb use_custom_width=\u00bbon\u00bb width_unit=\u00bboff\u00bb custom_width_percent=\u00bb100%\u00bb][et_pb_column type=\u00bb1_2&#8243; _builder_version=\u00bb3.25&#8243; custom_padding=\u00bb|||\u00bb custom_padding__hover=\u00bb|||\u00bb][et_pb_image src=\u00bbhttp:\/\/dcv.artcom.mx\/pda\/1160926\/wp-content\/uploads\/sites\/14\/2021\/02\/Captura-de-pantalla-2021-02-21-a-las-17.33.05.png\u00bb title_text=\u00bbCaptura de pantalla 2021-02-21 a la(s) 17.33.05&#8243; _builder_version=\u00bb4.9.2&#8243; _module_preset=\u00bbdefault\u00bb][\/et_pb_image][et_pb_counters use_percentages=\u00bboff\u00bb _builder_version=\u00bb4.9.3&#8243; percent_font_size=\u00bb5px\u00bb background_color=\u00bbrgba(221,221,221,0.45)\u00bb background_size=\u00bbinitial\u00bb background_position=\u00bbtop_left\u00bb background_repeat=\u00bbrepeat\u00bb custom_margin=\u00bb|73px|62px|||\u00bb custom_padding=\u00bb||0px|\u00bb hover_enabled=\u00bb0&#8243; locked=\u00bboff\u00bb sticky_enabled=\u00bb0&#8243;][et_pb_counter percent=\u00bb97&#8243; bar_background_color=\u00bb#66ECFB\u00bb _builder_version=\u00bb4.9.3&#8243; title_font=\u00bbAlegreya Sans||||||||\u00bb title_font_size=\u00bb24px\u00bb title_line_height=\u00bb3em\u00bb percent_font=\u00bbMontserrat||||\u00bb hover_enabled=\u00bb0&#8243; background_color_default=\u00bbrgba(221,221,221,0.45)\u00bb background_enable_color_default=\u00bbon\u00bb parallax_default=\u00bboff\u00bb parallax_method_default=\u00bbon\u00bb bar_background_color_default=\u00bb#2ea3f2&#8243; use_percentages=\u00bboff\u00bb allow_player_pause_default=\u00bboff\u00bb background_color=\u00bb#9242BD\u00bb background_enable_color=\u00bbon\u00bb sticky_enabled=\u00bb0&#8243;]Ilustraci\u00f3n[\/et_pb_counter][et_pb_counter percent=\u00bb90&#8243; bar_background_color=\u00bb#66ECFB\u00bb _builder_version=\u00bb4.9.3&#8243; title_font=\u00bbAlegreya Sans||||||||\u00bb title_font_size=\u00bb24px\u00bb title_line_height=\u00bb3em\u00bb percent_font=\u00bbMontserrat||||\u00bb hover_enabled=\u00bb0&#8243; background_color_default=\u00bbrgba(221,221,221,0.45)\u00bb background_enable_color_default=\u00bbon\u00bb parallax_default=\u00bboff\u00bb parallax_method_default=\u00bbon\u00bb bar_background_color_default=\u00bb#2ea3f2&#8243; use_percentages=\u00bboff\u00bb allow_player_pause_default=\u00bboff\u00bb background_color=\u00bb#9242BD\u00bb background_enable_color=\u00bbon\u00bb sticky_enabled=\u00bb0&#8243;]Dise\u00f1o[\/et_pb_counter][et_pb_counter percent=\u00bb85&#8243; bar_background_color=\u00bb#66ECFB\u00bb _builder_version=\u00bb4.9.3&#8243; title_font=\u00bbAlegreya Sans||||||||\u00bb title_font_size=\u00bb25px\u00bb title_line_height=\u00bb3em\u00bb percent_font=\u00bbMontserrat||||\u00bb hover_enabled=\u00bb0&#8243; background_color_default=\u00bbrgba(221,221,221,0.45)\u00bb background_enable_color_default=\u00bbon\u00bb parallax_default=\u00bboff\u00bb parallax_method_default=\u00bbon\u00bb bar_background_color_default=\u00bb#2ea3f2&#8243; use_percentages=\u00bboff\u00bb allow_player_pause_default=\u00bboff\u00bb background_color=\u00bb#9242BD\u00bb background_enable_color=\u00bbon\u00bb sticky_enabled=\u00bb0&#8243;]Fotograf\u00eda[\/et_pb_counter][et_pb_counter percent=\u00bb90&#8243; bar_background_color=\u00bb#66ECFB\u00bb _builder_version=\u00bb4.9.3&#8243; title_font=\u00bbAlegreya Sans||||||||\u00bb title_font_size=\u00bb25px\u00bb title_line_height=\u00bb3em\u00bb percent_font=\u00bbMontserrat||||\u00bb hover_enabled=\u00bb0&#8243; background_color_default=\u00bbrgba(221,221,221,0.45)\u00bb background_enable_color_default=\u00bbon\u00bb parallax_default=\u00bboff\u00bb parallax_method_default=\u00bbon\u00bb bar_background_color_default=\u00bb#2ea3f2&#8243; use_percentages=\u00bboff\u00bb allow_player_pause_default=\u00bboff\u00bb background_color=\u00bb#9242BD\u00bb background_enable_color=\u00bbon\u00bb sticky_enabled=\u00bb0&#8243;]Edici\u00f3n fotogr\u00e1fica[\/et_pb_counter][et_pb_counter percent=\u00bb50&#8243; _builder_version=\u00bb4.9.3&#8243; _module_preset=\u00bbdefault\u00bb background_color_default=\u00bbrgba(221,221,221,0.45)\u00bb background_enable_color_default=\u00bbon\u00bb parallax_default=\u00bboff\u00bb parallax_method_default=\u00bbon\u00bb bar_background_color_default=\u00bb#2ea3f2&#8243; use_percentages=\u00bboff\u00bb allow_player_pause_default=\u00bboff\u00bb bar_background_color=\u00bb#66ECFB\u00bb background_color=\u00bb#9242BD\u00bb background_enable_color=\u00bbon\u00bb title_font=\u00bbAlegreya Sans||||||||\u00bb title_font_size=\u00bb25px\u00bb hover_enabled=\u00bb0&#8243; sticky_enabled=\u00bb0&#8243;]<\/p>\n<p>Edici\u00f3n de video<\/p>\n<p>[\/et_pb_counter][et_pb_counter percent=\u00bb90&#8243; _builder_version=\u00bb4.9.3&#8243; _module_preset=\u00bbdefault\u00bb background_color_default=\u00bbrgba(221,221,221,0.45)\u00bb background_enable_color_default=\u00bbon\u00bb parallax_default=\u00bboff\u00bb parallax_method_default=\u00bbon\u00bb bar_background_color_default=\u00bb#2ea3f2&#8243; use_percentages=\u00bboff\u00bb allow_player_pause_default=\u00bboff\u00bb background_color=\u00bb#9242BD\u00bb background_enable_color=\u00bbon\u00bb bar_background_color=\u00bb#66ECFB\u00bb title_font=\u00bbAlegreya Sans||||||||\u00bb title_font_size=\u00bb26px\u00bb hover_enabled=\u00bb0&#8243; sticky_enabled=\u00bb0&#8243;]<\/p>\n<p>Creaci\u00f3n de logos<\/p>\n<p>[\/et_pb_counter][et_pb_counter percent=\u00bb89&#8243; _builder_version=\u00bb4.9.3&#8243; _module_preset=\u00bbdefault\u00bb background_color_default=\u00bbrgba(221,221,221,0.45)\u00bb background_enable_color_default=\u00bbon\u00bb parallax_default=\u00bboff\u00bb parallax_method_default=\u00bbon\u00bb bar_background_color_default=\u00bb#2ea3f2&#8243; use_percentages=\u00bboff\u00bb allow_player_pause_default=\u00bboff\u00bb background_color=\u00bb#9242BD\u00bb background_enable_color=\u00bbon\u00bb title_font=\u00bbAlegreya Sans||||||||\u00bb title_font_size=\u00bb25px\u00bb bar_background_color=\u00bb#66ECFB\u00bb hover_enabled=\u00bb0&#8243; sticky_enabled=\u00bb0&#8243;]<\/p>\n<p>Dise\u00f1o Editorial<\/p>\n<p>[\/et_pb_counter][\/et_pb_counters][\/et_pb_column][et_pb_column type=\u00bb1_2&#8243; specialty_columns=\u00bb2&#8243; _builder_version=\u00bb3.25&#8243; custom_padding=\u00bb|||\u00bb custom_padding__hover=\u00bb|||\u00bb][et_pb_row_inner _builder_version=\u00bb3.25&#8243; max_width=\u00bb800px\u00bb custom_padding=\u00bb30px|0px|30px|0px\u00bb animation_style=\u00bbslide\u00bb animation_direction=\u00bbbottom\u00bb animation_intensity_slide=\u00bb10%\u00bb][et_pb_column_inner saved_specialty_column_type=\u00bb1_2&#8243; _builder_version=\u00bb3.25&#8243; custom_padding=\u00bb|||\u00bb custom_padding__hover=\u00bb|||\u00bb][et_pb_text _builder_version=\u00bb3.27.4&#8243; text_font=\u00bb||||||||\u00bb header_font=\u00bbPoppins|600|||||||\u00bb header_text_align=\u00bbcenter\u00bb header_font_size=\u00bb56px\u00bb]<\/p>\n<h1>Mi carrera<\/h1>\n<p>[\/et_pb_text][et_pb_text _builder_version=\u00bb4.3.4&#8243; text_font=\u00bbPlayfair Display||on||||||\u00bb text_text_color=\u00bbrgba(0,0,0,0.31)\u00bb text_letter_spacing=\u00bb1px\u00bb text_line_height=\u00bb1.8em\u00bb text_orientation=\u00bbcenter\u00bb module_alignment=\u00bbcenter\u00bb min_height=\u00bb32px\u00bb custom_padding=\u00bb||0px|||\u00bb]<\/p>\n<p>Dise\u00f1o en Comunicaci\u00f3n Visual<\/p>\n<p>[\/et_pb_text][\/et_pb_column_inner][\/et_pb_row_inner][et_pb_row_inner _builder_version=\u00bb3.25&#8243; max_width=\u00bb800px\u00bb custom_padding=\u00bb30px|0px|30px|0px\u00bb animation_style=\u00bbslide\u00bb animation_direction=\u00bbbottom\u00bb animation_intensity_slide=\u00bb10%\u00bb][et_pb_column_inner saved_specialty_column_type=\u00bb1_2&#8243; _builder_version=\u00bb3.25&#8243; custom_padding=\u00bb|||\u00bb custom_padding__hover=\u00bb|||\u00bb][et_pb_text _builder_version=\u00bb4.9.0&#8243; text_font=\u00bbAlegreya Sans|600|||||||\u00bb text_text_color=\u00bbrgba(0,0,0,0.6)\u00bb text_font_size=\u00bb19px\u00bb text_line_height=\u00bb1.9em\u00bb header_font=\u00bb||||||||\u00bb header_2_font=\u00bb||||||||\u00bb module_alignment=\u00bbcenter\u00bb custom_margin=\u00bb|||\u00bb custom_padding=\u00bb||2px|||\u00bb locked=\u00bboff\u00bb inline_fonts=\u00bbAlegreya Sans\u00bb]<\/p>\n<p>Actualmente estudio la carrera de dise\u00f1o en comunicaci\u00f3n visual. Una de las principales razones por las que eleg\u00ed estudiar esta fue gracias a mi hermana y mi maestro de dibujo que me inspiraron a seguir sus pasos como ilustradora, ya que ellos estudiaron esa carrera.<\/p>\n<p>Como me encanta dibujar, uno de mis grandes sue\u00f1os es hacer que mis dibujos cobren vida y verlos en una pantalla, por los cuales, en un futuro quiero especializarme o hacer una maestr\u00eda en animaci\u00f3n.<\/p>\n<p>Muchas veces durante la carrera dud\u00e9 en seguir estudiando, porque muchas de las materias que llev\u00e9 no eran de mi agrado ya que no era lo que precisamente me quer\u00eda dedicar en un futuro, yo quer\u00eda saber m\u00e1s a fondo sobre la ilustraci\u00f3n y animaci\u00f3n, pero los tiempos llegar\u00e1n. Siempre es bueno aprender de todo, aunque no te guste porque alg\u00fan d\u00eda te servir\u00e1.<\/p>\n<p>En lo poco que llevo en esta carrera me he dado cuenta de las actitudes y aptitudes que tengo, las que he adquirido y las que debo mejorar. Por ejemplo, una de las \u00e1reas que m\u00e1s me destaco es en el dibujo, aunque nunca es tarde para seguir fortaleciendo esa capacidad. Normalmente tuve la mala costumbre de solo limitarme a una pantalla y no expandirlo en un papel, siempre me saltaba ese proceso, pero aprend\u00ed que cada paso es de vital importancia. Espero que en esta carrera pueda aprender un sin fin de cosas para estar muy preparada para el mundo laboral y en cualquier \u00e1mbito que me desempe\u00f1e.<\/p>\n<p><strong>\u00a0<\/strong><\/p>\n<p>He decidido que si me voy a dedicar al dise\u00f1o gr\u00e1fico laboralmente ser\u00eda por hacer las cosas \u00fanicas y diferentes, no como los dem\u00e1s lo hacen, pero claro, que sean est\u00e9ticas y funcionales, crear una tendencia nueva, hasta quiz\u00e1s romper las reglas del dise\u00f1o. No s\u00e9 qu\u00e9 tan factible suene eso, pero me gustar\u00eda ser recordada, dejar una huella, ser una inspiraci\u00f3n para los dem\u00e1s y sobre todo hacer un cambio en el mundo con el mensaje que proyecte.<\/p>\n<p>[\/et_pb_text][\/et_pb_column_inner][\/et_pb_row_inner][\/et_pb_column][\/et_pb_section]<\/p>\n","protected":false},"excerpt":{"rendered":"<p>Ilustraci\u00f3nDise\u00f1oFotograf\u00edaEdici\u00f3n fotogr\u00e1fica Edici\u00f3n de video Creaci\u00f3n de logos Dise\u00f1o Editorial Mi carreraDise\u00f1o en Comunicaci\u00f3n VisualActualmente estudio la carrera de dise\u00f1o en comunicaci\u00f3n visual. Una de las principales razones por las que eleg\u00ed estudiar esta fue gracias a mi hermana y mi maestro de dibujo que me inspiraron a seguir sus pasos como ilustradora, ya que [&hellip;]<\/p>\n","protected":false},"author":18,"featured_media":0,"parent":0,"menu_order":3,"comment_status":"closed","ping_status":"closed","template":"","meta":{"_et_pb_use_builder":"on","_et_pb_old_content":"","_et_gb_content_width":"","inline_featured_image":false,"footnotes":""},"_links":{"self":[{"href":"https:\/\/dcv.artcom.mx\/pda\/1160926\/wp-json\/wp\/v2\/pages\/7"}],"collection":[{"href":"https:\/\/dcv.artcom.mx\/pda\/1160926\/wp-json\/wp\/v2\/pages"}],"about":[{"href":"https:\/\/dcv.artcom.mx\/pda\/1160926\/wp-json\/wp\/v2\/types\/page"}],"author":[{"embeddable":true,"href":"https:\/\/dcv.artcom.mx\/pda\/1160926\/wp-json\/wp\/v2\/users\/18"}],"replies":[{"embeddable":true,"href":"https:\/\/dcv.artcom.mx\/pda\/1160926\/wp-json\/wp\/v2\/comments?post=7"}],"version-history":[{"count":7,"href":"https:\/\/dcv.artcom.mx\/pda\/1160926\/wp-json\/wp\/v2\/pages\/7\/revisions"}],"predecessor-version":[{"id":706,"href":"https:\/\/dcv.artcom.mx\/pda\/1160926\/wp-json\/wp\/v2\/pages\/7\/revisions\/706"}],"wp:attachment":[{"href":"https:\/\/dcv.artcom.mx\/pda\/1160926\/wp-json\/wp\/v2\/media?parent=7"}],"curies":[{"name":"wp","href":"https:\/\/api.w.org\/{rel}","templated":true}]}}