{"id":67,"date":"2020-03-03T18:04:14","date_gmt":"2020-03-03T18:04:14","guid":{"rendered":"http:\/\/pdadcv.artcom.mx\/portafolio-demo\/?page_id=67"},"modified":"2021-05-10T20:05:48","modified_gmt":"2021-05-10T20:05:48","slug":"diarios-metacognitivos","status":"publish","type":"page","link":"https:\/\/dcv.artcom.mx\/pda\/1160635\/evidencias\/diarios-metacognitivos\/","title":{"rendered":"Diarios Metacognitivos"},"content":{"rendered":"<p>[et_pb_section fb_built=\u00bb1&#8243; specialty=\u00bbon\u00bb padding_top_bottom_link_2=\u00bbfalse\u00bb padding_left_right_link_2=\u00bbfalse\u00bb padding_top_2=\u00bb0px\u00bb admin_label=\u00bbHeader\u00bb _builder_version=\u00bb4.9.0&#8243; _module_preset=\u00bbdefault\u00bb background_color=\u00bb#fcf8f3&#8243; overflow-x=\u00bbhidden\u00bb overflow-y=\u00bbhidden\u00bb][et_pb_column type=\u00bb1_2&#8243; specialty_columns=\u00bb2&#8243; _builder_version=\u00bb3.25&#8243; custom_padding=\u00bb|||\u00bb custom_padding__hover=\u00bb|||\u00bb][et_pb_row_inner _builder_version=\u00bb4.9.0&#8243; _module_preset=\u00bbdefault\u00bb][et_pb_column_inner saved_specialty_column_type=\u00bb1_2&#8243; _builder_version=\u00bb4.9.0&#8243; _module_preset=\u00bbdefault\u00bb][et_pb_text _builder_version=\u00bb4.9.3&#8243; _module_preset=\u00bbb0bf5418-994a-43d1-aef8-7d7c6764119d\u00bb header_font=\u00bbYusei Magic||||||||\u00bb header_text_color=\u00bb#000000&#8243; header_font_size=\u00bb80px\u00bb header_line_height=\u00bb1.2em\u00bb width=\u00bb100%\u00bb custom_margin=\u00bb|-69px||-94px||\u00bb header_font_size_tablet=\u00bb72px\u00bb header_font_size_phone=\u00bb32px\u00bb header_font_size_last_edited=\u00bbon|phone\u00bb locked=\u00bboff\u00bb]<\/p>\n<h1 style=\"text-align: justify\"><span style=\"font-size: xx-large\">Diarios Metacognitivos<\/span><\/h1>\n<p>[\/et_pb_text][\/et_pb_column_inner][\/et_pb_row_inner][\/et_pb_column][et_pb_column type=\u00bb1_2&#8243; _builder_version=\u00bb3.25&#8243; custom_padding=\u00bb|||\u00bb custom_padding__hover=\u00bb|||\u00bb][\/et_pb_column][\/et_pb_section][et_pb_section fb_built=\u00bb1&#8243; admin_label=\u00bbDevice Mockup\u00bb _builder_version=\u00bb4.9.0&#8243; _module_preset=\u00bbdefault\u00bb background_color=\u00bb#fcf8f3&#8243; custom_padding=\u00bb||0px|||\u00bb][et_pb_row _builder_version=\u00bb4.9.0&#8243; _module_preset=\u00bbdefault\u00bb custom_padding=\u00bb||0px||false|false\u00bb][et_pb_column type=\u00bb4_4&#8243; _builder_version=\u00bb4.9.0&#8243; _module_preset=\u00bbdefault\u00bb][et_pb_text _builder_version=\u00bb4.9.0&#8243; _module_preset=\u00bbc3c1179e-80e4-4396-b700-51b845e1c46f\u00bb header_2_font=\u00bbYusei Magic||||||||\u00bb header_2_text_color=\u00bb#000000&#8243; header_2_font_size=\u00bb50px\u00bb header_2_line_height=\u00bb1.2em\u00bb text_orientation=\u00bbcenter\u00bb header_2_font_size_tablet=\u00bb30px\u00bb header_2_font_size_phone=\u00bb24px\u00bb header_2_font_size_last_edited=\u00bbon|phone\u00bb locked=\u00bboff\u00bb]<\/p>\n<h2>Proyecto UniWash<\/h2>\n<p>[\/et_pb_text][\/et_pb_column][\/et_pb_row][\/et_pb_section][et_pb_section fb_built=\u00bb1&#8243; admin_label=\u00bbClasses\u00bb _builder_version=\u00bb4.9.0&#8243; _module_preset=\u00bbdefault\u00bb background_color=\u00bb#FCF8F3&#8243; custom_padding=\u00bb0px|||||\u00bb locked=\u00bboff\u00bb][\/et_pb_section][et_pb_section fb_built=\u00bb1&#8243; admin_label=\u00bbAbout\u00bb _builder_version=\u00bb4.9.0&#8243; _module_preset=\u00bbdefault\u00bb background_color=\u00bb#fcf8f3&#8243; locked=\u00bboff\u00bb][et_pb_row _builder_version=\u00bb4.9.0&#8243; _module_preset=\u00bbdefault\u00bb background_image=\u00bbhttp:\/\/dcv.artcom.mx\/pda\/1160635\/wp-content\/uploads\/sites\/13\/2021\/04\/craft-school-02.png\u00bb background_size=\u00bbcontain\u00bb locked=\u00bboff\u00bb][et_pb_column type=\u00bb4_4&#8243; _builder_version=\u00bb4.9.0&#8243; _module_preset=\u00bbdefault\u00bb background_enable_image=\u00bboff\u00bb background_size=\u00bbinitial\u00bb][et_pb_text _builder_version=\u00bb4.9.0&#8243; _module_preset=\u00bbc3c1179e-80e4-4396-b700-51b845e1c46f\u00bb header_2_font=\u00bbYusei Magic||||||||\u00bb header_2_text_color=\u00bb#000000&#8243; header_2_font_size=\u00bb50px\u00bb header_2_line_height=\u00bb1.2em\u00bb background_enable_image=\u00bboff\u00bb text_orientation=\u00bbcenter\u00bb header_2_font_size_tablet=\u00bb30px\u00bb header_2_font_size_phone=\u00bb24px\u00bb header_2_font_size_last_edited=\u00bbon|phone\u00bb]<\/p>\n<h2>Proceso\u00a0<\/h2>\n<p>[\/et_pb_text][\/et_pb_column][\/et_pb_row][et_pb_row column_structure=\u00bb1_3,1_3,1_3&#8243; _builder_version=\u00bb4.9.0&#8243; _module_preset=\u00bbdefault\u00bb][et_pb_column type=\u00bb1_3&#8243; _builder_version=\u00bb4.9.0&#8243; _module_preset=\u00bbdefault\u00bb][et_pb_text _builder_version=\u00bb4.9.3&#8243; _module_preset=\u00bb2e1ca0a8-a515-4ca3-8814-65eea4b82393&#8243; text_font=\u00bb||||||||\u00bb text_font_size=\u00bb15px\u00bb text_line_height=\u00bb1.9em\u00bb text_font_size_tablet=\u00bb15px\u00bb text_font_size_phone=\u00bb13px\u00bb text_font_size_last_edited=\u00bbon|phone\u00bb locked=\u00bboff\u00bb]<\/p>\n<p style=\"text-align: justify\">En este proyecto integrador se nos pidi\u00f3 que di\u00e9ramos una soluci\u00f3n\u00a0 por medio de una app, en el cual fue un largo proceso, mi app trat\u00f3 poder ayudar a los estudiantes de la universidad, que pudieran recoger f\u00e1cil su ropa de la lavander\u00eda. En ella se dar\u00edan formas de env\u00edo, cobro, horarios etc.<\/p>\n<p style=\"text-align: justify\">Me gusto su elaboraci\u00f3n de ella al principio no fue tan f\u00e1cil, ya que no dominaba el\u00a0 programa de ilustrador y photoshop.\u00a0 Pero verlo finalizado me agrado bastante.<\/p>\n<p style=\"text-align: justify\">\u00a0\u00a0<\/p>\n<p>[\/et_pb_text][\/et_pb_column][et_pb_column type=\u00bb1_3&#8243; _builder_version=\u00bb4.9.4&#8243; _module_preset=\u00bbdefault\u00bb][et_pb_image src=\u00bbhttp:\/\/dcv.artcom.mx\/pda\/1160635\/wp-content\/uploads\/sites\/13\/2021\/05\/Tabloide-PRESENTACION-APLICACION.jpg\u00bb title_text=\u00bbcraft-school-42&#8243; _builder_version=\u00bb4.9.4&#8243; _module_preset=\u00bbdefault\u00bb][\/et_pb_image][\/et_pb_column][et_pb_column type=\u00bb1_3&#8243; _builder_version=\u00bb4.9.0&#8243; _module_preset=\u00bbdefault\u00bb][et_pb_text _builder_version=\u00bb4.9.3&#8243; _module_preset=\u00bb62c07917-228d-4fe0-9120-e44b2c6fb18e\u00bb header_font=\u00bb||||||||\u00bb header_3_font=\u00bbYusei Magic||||||||\u00bb header_3_text_color=\u00bb#000000&#8243; header_3_font_size=\u00bb18px\u00bb header_3_line_height=\u00bb1.5em\u00bb custom_margin=\u00bb||0px||false|false\u00bb header_3_font_size_tablet=\u00bb16px\u00bb header_3_font_size_phone=\u00bb14px\u00bb header_3_font_size_last_edited=\u00bbon|desktop\u00bb locked=\u00bboff\u00bb]<\/p>\n<h3>Bocetos y Ret\u00edcula<\/h3>\n<p>&nbsp;<\/p>\n<p>[\/et_pb_text][et_pb_gallery gallery_ids=\u00bb664,665,663,672&#8243; _builder_version=\u00bb4.9.4&#8243; _module_preset=\u00bbdefault\u00bb][\/et_pb_gallery][et_pb_text _builder_version=\u00bb4.9.4&#8243; _module_preset=\u00bb62c07917-228d-4fe0-9120-e44b2c6fb18e\u00bb header_font=\u00bb||||||||\u00bb header_3_font=\u00bbYusei Magic||||||||\u00bb header_3_text_color=\u00bb#000000&#8243; header_3_font_size=\u00bb18px\u00bb header_3_line_height=\u00bb1.5em\u00bb custom_margin=\u00bb||0px||false|false\u00bb header_3_font_size_tablet=\u00bb16px\u00bb header_3_font_size_phone=\u00bb14px\u00bb header_3_font_size_last_edited=\u00bbon|desktop\u00bb]<\/p>\n<h3>Logo y Mockup<\/h3>\n<p>&nbsp;<\/p>\n<p>[\/et_pb_text][et_pb_gallery gallery_ids=\u00bb668,676&#8243; _builder_version=\u00bb4.9.4&#8243; _module_preset=\u00bbdefault\u00bb][\/et_pb_gallery][et_pb_text _builder_version=\u00bb4.9.3&#8243; _module_preset=\u00bb62c07917-228d-4fe0-9120-e44b2c6fb18e\u00bb header_font=\u00bb||||||||\u00bb header_3_font=\u00bbYusei Magic||||||||\u00bb header_3_text_color=\u00bb#000000&#8243; header_3_font_size=\u00bb18px\u00bb header_3_line_height=\u00bb1.5em\u00bb custom_margin=\u00bb||0px||false|false\u00bb header_3_font_size_tablet=\u00bb16px\u00bb header_3_font_size_phone=\u00bb14px\u00bb header_3_font_size_last_edited=\u00bbon|desktop\u00bb]<\/p>\n<h3>Colores<\/h3>\n<p>&nbsp;<\/p>\n<p>[\/et_pb_text][et_pb_gallery gallery_ids=\u00bb671&#8243; _builder_version=\u00bb4.9.4&#8243; _module_preset=\u00bbdefault\u00bb][\/et_pb_gallery][et_pb_text _builder_version=\u00bb4.9.4&#8243; _module_preset=\u00bb62c07917-228d-4fe0-9120-e44b2c6fb18e\u00bb header_font=\u00bb||||||||\u00bb header_3_font=\u00bbYusei Magic||||||||\u00bb header_3_text_color=\u00bb#000000&#8243; header_3_font_size=\u00bb18px\u00bb header_3_line_height=\u00bb1.5em\u00bb custom_margin=\u00bb||0px||false|false\u00bb header_3_font_size_tablet=\u00bb16px\u00bb header_3_font_size_phone=\u00bb14px\u00bb header_3_font_size_last_edited=\u00bbon|desktop\u00bb]<\/p>\n<h3>Iconograf\u00eda<\/h3>\n<p>&nbsp;<\/p>\n<p>&nbsp;<\/p>\n<p>[\/et_pb_text][et_pb_gallery gallery_ids=\u00bb673&#8243; _builder_version=\u00bb4.9.4&#8243; _module_preset=\u00bbdefault\u00bb][\/et_pb_gallery][et_pb_text _builder_version=\u00bb4.9.3&#8243; _module_preset=\u00bb62c07917-228d-4fe0-9120-e44b2c6fb18e\u00bb header_font=\u00bb||||||||\u00bb header_3_font=\u00bbYusei Magic||||||||\u00bb header_3_text_color=\u00bb#000000&#8243; header_3_font_size=\u00bb18px\u00bb header_3_line_height=\u00bb1.5em\u00bb custom_margin=\u00bb||0px||false|false\u00bb header_3_font_size_tablet=\u00bb16px\u00bb header_3_font_size_phone=\u00bb14px\u00bb header_3_font_size_last_edited=\u00bbon|desktop\u00bb]<\/p>\n<h3>Tipograf\u00eda<\/h3>\n<p>&nbsp;<\/p>\n<p>&nbsp;<\/p>\n<p>[\/et_pb_text][et_pb_gallery gallery_ids=\u00bb675&#8243; _builder_version=\u00bb4.9.4&#8243; _module_preset=\u00bbdefault\u00bb][\/et_pb_gallery][\/et_pb_column][\/et_pb_row][\/et_pb_section]<\/p>\n","protected":false},"excerpt":{"rendered":"<p>Diarios MetacognitivosProyecto UniWashProceso\u00a0En este proyecto integrador se nos pidi\u00f3 que di\u00e9ramos una soluci\u00f3n\u00a0 por medio de una app, en el cual fue un largo proceso, mi app trat\u00f3 poder ayudar a los estudiantes de la universidad, que pudieran recoger f\u00e1cil su ropa de la lavander\u00eda. En ella se dar\u00edan formas de env\u00edo, cobro, horarios etc. [&hellip;]<\/p>\n","protected":false},"author":17,"featured_media":0,"parent":11,"menu_order":2,"comment_status":"closed","ping_status":"closed","template":"","meta":{"_et_pb_use_builder":"on","_et_pb_old_content":"<!-- wp:divi\/placeholder \/-->","_et_gb_content_width":"","inline_featured_image":false,"footnotes":""},"_links":{"self":[{"href":"https:\/\/dcv.artcom.mx\/pda\/1160635\/wp-json\/wp\/v2\/pages\/67"}],"collection":[{"href":"https:\/\/dcv.artcom.mx\/pda\/1160635\/wp-json\/wp\/v2\/pages"}],"about":[{"href":"https:\/\/dcv.artcom.mx\/pda\/1160635\/wp-json\/wp\/v2\/types\/page"}],"author":[{"embeddable":true,"href":"https:\/\/dcv.artcom.mx\/pda\/1160635\/wp-json\/wp\/v2\/users\/17"}],"replies":[{"embeddable":true,"href":"https:\/\/dcv.artcom.mx\/pda\/1160635\/wp-json\/wp\/v2\/comments?post=67"}],"version-history":[{"count":8,"href":"https:\/\/dcv.artcom.mx\/pda\/1160635\/wp-json\/wp\/v2\/pages\/67\/revisions"}],"predecessor-version":[{"id":681,"href":"https:\/\/dcv.artcom.mx\/pda\/1160635\/wp-json\/wp\/v2\/pages\/67\/revisions\/681"}],"up":[{"embeddable":true,"href":"https:\/\/dcv.artcom.mx\/pda\/1160635\/wp-json\/wp\/v2\/pages\/11"}],"wp:attachment":[{"href":"https:\/\/dcv.artcom.mx\/pda\/1160635\/wp-json\/wp\/v2\/media?parent=67"}],"curies":[{"name":"wp","href":"https:\/\/api.w.org\/{rel}","templated":true}]}}