{"id":63,"date":"2020-03-03T17:43:09","date_gmt":"2020-03-03T23:43:09","guid":{"rendered":"http:\/\/pdadcv.artcom.mx\/portafolio-demo\/?page_id=63"},"modified":"2021-05-10T08:02:01","modified_gmt":"2021-05-10T08:02:01","slug":"actividades-eclesiasticas-y-espirituales","status":"publish","type":"page","link":"https:\/\/dcv.artcom.mx\/pda\/1160635\/evidencias\/actividades-eclesiasticas-y-espirituales\/","title":{"rendered":"Actividades eclesi\u00e1sticas y espirituales"},"content":{"rendered":"<p>[et_pb_section fb_built=\u00bb1&#8243; admin_label=\u00bbHeader\u00bb _builder_version=\u00bb4.9.0&#8243; _module_preset=\u00bbdefault\u00bb background_color=\u00bb#fcf8f3&#8243;][et_pb_row _builder_version=\u00bb4.9.0&#8243; _module_preset=\u00bbdefault\u00bb][et_pb_column type=\u00bb4_4&#8243; _builder_version=\u00bb4.9.0&#8243; _module_preset=\u00bbdefault\u00bb][et_pb_text _builder_version=\u00bb4.9.0&#8243; _module_preset=\u00bbb0bf5418-994a-43d1-aef8-7d7c6764119d\u00bb header_font=\u00bbYusei Magic||||||||\u00bb header_text_color=\u00bb#000000&#8243; header_font_size=\u00bb80px\u00bb header_line_height=\u00bb1.2em\u00bb header_font_size_tablet=\u00bb72px\u00bb header_font_size_phone=\u00bb32px\u00bb header_font_size_last_edited=\u00bbon|phone\u00bb locked=\u00bboff\u00bb]<\/p>\n<h1>Actividades ecles\u00edasticas y espirituales<\/h1>\n<p>[\/et_pb_text][\/et_pb_column][\/et_pb_row][\/et_pb_section][et_pb_section fb_built=\u00bb1&#8243; admin_label=\u00bbAbout\u00bb _builder_version=\u00bb4.9.0&#8243; _module_preset=\u00bbdefault\u00bb background_color=\u00bb#fcf8f3&#8243;][et_pb_row column_structure=\u00bb1_2,1_2&#8243; _builder_version=\u00bb4.9.0&#8243; _module_preset=\u00bbdefault\u00bb][et_pb_column type=\u00bb1_2&#8243; _builder_version=\u00bb4.9.0&#8243; _module_preset=\u00bbdefault\u00bb background_image=\u00bbhttp:\/\/dcv.artcom.mx\/pda\/1160635\/wp-content\/uploads\/sites\/13\/2021\/04\/craft-school-38.png\u00bb background_size=\u00bbcontain\u00bb][et_pb_image src=\u00bbhttp:\/\/dcv.artcom.mx\/pda\/1160635\/wp-content\/uploads\/sites\/13\/2021\/04\/received_1900923826636477.jpeg\u00bb title_text=\u00bbcraft-school-48&#8243; _builder_version=\u00bb4.9.3&#8243; _module_preset=\u00bbdefault\u00bb width=\u00bb90%\u00bb custom_margin=\u00bb||||false|false\u00bb border_width_all=\u00bb20px\u00bb border_color_all=\u00bb#FCF8F3&#8243; box_shadow_style=\u00bbpreset3&#8243; box_shadow_blur=\u00bb78px\u00bb box_shadow_color=\u00bbrgba(0,0,0,0.1)\u00bb][\/et_pb_image][et_pb_image src=\u00bbhttp:\/\/dcv.artcom.mx\/pda\/1160635\/wp-content\/uploads\/sites\/13\/2021\/04\/20479727_1112582175542752_6674257869762696254_n.jpg\u00bb title_text=\u00bbcraft-school-48&#8243; _builder_version=\u00bb4.9.4&#8243; _module_preset=\u00bbdefault\u00bb width=\u00bb90%\u00bb custom_margin=\u00bb||||false|false\u00bb border_width_all=\u00bb20px\u00bb border_color_all=\u00bb#FCF8F3&#8243; box_shadow_style=\u00bbpreset3&#8243; box_shadow_blur=\u00bb78px\u00bb box_shadow_color=\u00bbrgba(0,0,0,0.1)\u00bb][\/et_pb_image][\/et_pb_column][et_pb_column type=\u00bb1_2&#8243; _builder_version=\u00bb4.9.0&#8243; _module_preset=\u00bbdefault\u00bb][et_pb_text _builder_version=\u00bb4.9.0&#8243; _module_preset=\u00bbc3c1179e-80e4-4396-b700-51b845e1c46f\u00bb header_2_font=\u00bbYusei Magic||||||||\u00bb header_2_text_color=\u00bb#000000&#8243; header_2_font_size=\u00bb50px\u00bb header_2_line_height=\u00bb1.2em\u00bb header_2_font_size_tablet=\u00bb30px\u00bb header_2_font_size_phone=\u00bb24px\u00bb header_2_font_size_last_edited=\u00bbon|phone\u00bb locked=\u00bboff\u00bb]<\/p>\n<h2>Escuelita B\u00edblica de Vacaciones\u00a0\u00a0<\/h2>\n<p>[\/et_pb_text][et_pb_text _builder_version=\u00bb4.9.4&#8243; _module_preset=\u00bb2e1ca0a8-a515-4ca3-8814-65eea4b82393&#8243; text_font=\u00bb||||||||\u00bb text_font_size=\u00bb15px\u00bb text_line_height=\u00bb1.9em\u00bb text_font_size_tablet=\u00bb15px\u00bb text_font_size_phone=\u00bb13px\u00bb text_font_size_last_edited=\u00bbon|phone\u00bb locked=\u00bboff\u00bb]<\/p>\n<p style=\"text-align: justify\">En los distritos que ha podido estar mi pap\u00e1 laborando siempre me ha gustado involucrarme en los veranos con los departamentos de los ni\u00f1os y ser maestra de ellos.<\/p>\n<p>[\/et_pb_text][et_pb_image src=\u00bbhttp:\/\/dcv.artcom.mx\/pda\/1160635\/wp-content\/uploads\/sites\/13\/2021\/04\/WhatsApp-Image-2021-04-06-at-4.45.17-AM.jpeg\u00bb title_text=\u00bbcraft-school-48&#8243; _builder_version=\u00bb4.9.4&#8243; _module_preset=\u00bbdefault\u00bb width=\u00bb90%\u00bb custom_margin=\u00bb||||false|false\u00bb custom_padding=\u00bb|90px||||\u00bb border_width_all=\u00bb20px\u00bb border_color_all=\u00bb#FCF8F3&#8243; box_shadow_style=\u00bbpreset3&#8243; box_shadow_blur=\u00bb78px\u00bb box_shadow_color=\u00bbrgba(0,0,0,0.1)\u00bb][\/et_pb_image][\/et_pb_column][\/et_pb_row][\/et_pb_section][et_pb_section fb_built=\u00bb1&#8243; admin_label=\u00bbAbout\u00bb _builder_version=\u00bb4.9.0&#8243; _module_preset=\u00bbdefault\u00bb background_color=\u00bb#fcf8f3&#8243; min_height=\u00bb1109px\u00bb custom_margin=\u00bb||316px|||\u00bb][et_pb_row column_structure=\u00bb1_2,1_2&#8243; _builder_version=\u00bb4.9.0&#8243; _module_preset=\u00bbdefault\u00bb][et_pb_column type=\u00bb1_2&#8243; _builder_version=\u00bb4.9.0&#8243; _module_preset=\u00bbdefault\u00bb background_image=\u00bbhttp:\/\/dcv.artcom.mx\/pda\/1160635\/wp-content\/uploads\/sites\/13\/2021\/04\/craft-school-38.png\u00bb background_size=\u00bbcontain\u00bb][et_pb_image src=\u00bbhttp:\/\/dcv.artcom.mx\/pda\/1160635\/wp-content\/uploads\/sites\/13\/2021\/04\/WhatsApp-Image-2021-04-06-at-4.45.17-AM-1.jpeg\u00bb title_text=\u00bbcraft-school-48&#8243; _builder_version=\u00bb4.9.3&#8243; _module_preset=\u00bbdefault\u00bb width=\u00bb90%\u00bb custom_margin=\u00bb||||false|false\u00bb border_width_all=\u00bb20px\u00bb border_color_all=\u00bb#FCF8F3&#8243; box_shadow_style=\u00bbpreset3&#8243; box_shadow_blur=\u00bb78px\u00bb box_shadow_color=\u00bbrgba(0,0,0,0.1)\u00bb][\/et_pb_image][et_pb_image src=\u00bbhttp:\/\/dcv.artcom.mx\/pda\/1160635\/wp-content\/uploads\/sites\/13\/2021\/04\/WhatsApp-Image-2021-04-06-at-4.45.17-AM-1-1.jpeg\u00bb title_text=\u00bbcraft-school-48&#8243; _builder_version=\u00bb4.9.3&#8243; _module_preset=\u00bbdefault\u00bb width=\u00bb90%\u00bb custom_margin=\u00bb||||false|false\u00bb border_width_all=\u00bb20px\u00bb border_color_all=\u00bb#FCF8F3&#8243; box_shadow_style=\u00bbpreset3&#8243; box_shadow_blur=\u00bb78px\u00bb box_shadow_color=\u00bbrgba(0,0,0,0.1)\u00bb][\/et_pb_image][et_pb_image src=\u00bbhttp:\/\/dcv.artcom.mx\/pda\/1160635\/wp-content\/uploads\/sites\/13\/2021\/05\/music.jpg\u00bb title_text=\u00bbmusic\u00bb _builder_version=\u00bb4.9.4&#8243; _module_preset=\u00bbdefault\u00bb width=\u00bb90%\u00bb custom_margin=\u00bb||||false|false\u00bb hover_enabled=\u00bb0&#8243; border_width_all=\u00bb20px\u00bb border_color_all=\u00bb#FCF8F3&#8243; box_shadow_style=\u00bbpreset3&#8243; box_shadow_blur=\u00bb78px\u00bb box_shadow_color=\u00bbrgba(0,0,0,0.1)\u00bb sticky_enabled=\u00bb0&#8243;][\/et_pb_image][\/et_pb_column][et_pb_column type=\u00bb1_2&#8243; _builder_version=\u00bb4.9.0&#8243; _module_preset=\u00bbdefault\u00bb][et_pb_text _builder_version=\u00bb4.9.0&#8243; _module_preset=\u00bbc3c1179e-80e4-4396-b700-51b845e1c46f\u00bb header_2_font=\u00bbYusei Magic||||||||\u00bb header_2_text_color=\u00bb#000000&#8243; header_2_font_size=\u00bb50px\u00bb header_2_line_height=\u00bb1.2em\u00bb header_2_font_size_tablet=\u00bb30px\u00bb header_2_font_size_phone=\u00bb24px\u00bb header_2_font_size_last_edited=\u00bbon|phone\u00bb locked=\u00bboff\u00bb]<\/p>\n<h2>Una gu\u00eda para los estudiantes que no conocen la Universidad<\/h2>\n<p>[\/et_pb_text][et_pb_text _builder_version=\u00bb4.9.0&#8243; _module_preset=\u00bb2e1ca0a8-a515-4ca3-8814-65eea4b82393&#8243; text_font=\u00bb||||||||\u00bb text_font_size=\u00bb15px\u00bb text_line_height=\u00bb1.9em\u00bb text_font_size_tablet=\u00bb15px\u00bb text_font_size_phone=\u00bb13px\u00bb text_font_size_last_edited=\u00bbon|phone\u00bb locked=\u00bboff\u00bb]<\/p>\n<p style=\"text-align: justify\">Durante las vacaciones he podido trabajar con el \u00e1rea de reclutamiento para los futuros estudiantes de la Universidad de Montemorelos. Para ello se realizan Educamps donde vienen muchos estudiantes de diferentes escuelas adventistas y no adventistas. Les he proporcionado un conocimiento m\u00e1s amplio de como se convive en la universidad y les hablamos siempre de como la educaci\u00f3n cristiana es muy indispensable en nuestras vidas y que se distingue de otra cualquier instituci\u00f3n.\u00a0<\/p>\n<p>[\/et_pb_text][et_pb_text _builder_version=\u00bb4.9.0&#8243; _module_preset=\u00bbc3c1179e-80e4-4396-b700-51b845e1c46f\u00bb header_2_font=\u00bbYusei Magic||||||||\u00bb header_2_text_color=\u00bb#000000&#8243; header_2_font_size=\u00bb50px\u00bb header_2_line_height=\u00bb1.2em\u00bb header_2_font_size_tablet=\u00bb30px\u00bb header_2_font_size_phone=\u00bb24px\u00bb header_2_font_size_last_edited=\u00bbon|phone\u00bb locked=\u00bboff\u00bb]<\/p>\n<h2>Coro Universitario<\/h2>\n<p>[\/et_pb_text][et_pb_text _builder_version=\u00bb4.9.0&#8243; _module_preset=\u00bb2e1ca0a8-a515-4ca3-8814-65eea4b82393&#8243; text_font=\u00bb||||||||\u00bb text_font_size=\u00bb15px\u00bb text_line_height=\u00bb1.9em\u00bb text_font_size_tablet=\u00bb15px\u00bb text_font_size_phone=\u00bb13px\u00bb text_font_size_last_edited=\u00bbon|phone\u00bb locked=\u00bboff\u00bb]<\/p>\n<p style=\"text-align: justify\">Estuve un semestre en el coro universitario quien lo dirige el profesor David Aguilar. Me gusto la experiencia el,poder estar con ellos y me ayudo en mi vida espiritual.\u00a0<\/p>\n<p>[\/et_pb_text][\/et_pb_column][\/et_pb_row][\/et_pb_section]<\/p>\n","protected":false},"excerpt":{"rendered":"<p>Actividades ecles\u00edasticas y espiritualesEscuelita B\u00edblica de Vacaciones\u00a0\u00a0En los distritos que ha podido estar mi pap\u00e1 laborando siempre me ha gustado involucrarme en los veranos con los departamentos de los ni\u00f1os y ser maestra de ellos.Una gu\u00eda para los estudiantes que no conocen la UniversidadDurante las vacaciones he podido trabajar con el \u00e1rea de reclutamiento para [&hellip;]<\/p>\n","protected":false},"author":17,"featured_media":0,"parent":11,"menu_order":5,"comment_status":"closed","ping_status":"closed","template":"","meta":{"_et_pb_use_builder":"on","_et_pb_old_content":"<!-- wp:divi\/placeholder \/-->","_et_gb_content_width":"","inline_featured_image":false,"footnotes":""},"_links":{"self":[{"href":"https:\/\/dcv.artcom.mx\/pda\/1160635\/wp-json\/wp\/v2\/pages\/63"}],"collection":[{"href":"https:\/\/dcv.artcom.mx\/pda\/1160635\/wp-json\/wp\/v2\/pages"}],"about":[{"href":"https:\/\/dcv.artcom.mx\/pda\/1160635\/wp-json\/wp\/v2\/types\/page"}],"author":[{"embeddable":true,"href":"https:\/\/dcv.artcom.mx\/pda\/1160635\/wp-json\/wp\/v2\/users\/17"}],"replies":[{"embeddable":true,"href":"https:\/\/dcv.artcom.mx\/pda\/1160635\/wp-json\/wp\/v2\/comments?post=63"}],"version-history":[{"count":7,"href":"https:\/\/dcv.artcom.mx\/pda\/1160635\/wp-json\/wp\/v2\/pages\/63\/revisions"}],"predecessor-version":[{"id":708,"href":"https:\/\/dcv.artcom.mx\/pda\/1160635\/wp-json\/wp\/v2\/pages\/63\/revisions\/708"}],"up":[{"embeddable":true,"href":"https:\/\/dcv.artcom.mx\/pda\/1160635\/wp-json\/wp\/v2\/pages\/11"}],"wp:attachment":[{"href":"https:\/\/dcv.artcom.mx\/pda\/1160635\/wp-json\/wp\/v2\/media?parent=63"}],"curies":[{"name":"wp","href":"https:\/\/api.w.org\/{rel}","templated":true}]}}