{"id":13,"date":"2020-03-03T22:19:04","date_gmt":"2020-03-04T04:19:04","guid":{"rendered":"http:\/\/pdadcv.artcom.mx\/portafolio-demo\/?page_id=13"},"modified":"2021-05-10T05:54:10","modified_gmt":"2021-05-10T05:54:10","slug":"actividades-laborales-y-certificaciones","status":"publish","type":"page","link":"https:\/\/dcv.artcom.mx\/pda\/1160635\/evidencias\/actividades-laborales-y-certificaciones\/","title":{"rendered":"Actividades laborales y certificaciones"},"content":{"rendered":"<p>[et_pb_section fb_built=\u00bb1&#8243; admin_label=\u00bbHeader\u00bb _builder_version=\u00bb4.9.0&#8243; _module_preset=\u00bbdefault\u00bb background_color=\u00bb#fcf8f3&#8243;][et_pb_row _builder_version=\u00bb4.9.0&#8243; _module_preset=\u00bbdefault\u00bb][et_pb_column type=\u00bb4_4&#8243; _builder_version=\u00bb4.9.0&#8243; _module_preset=\u00bbdefault\u00bb][et_pb_text _builder_version=\u00bb4.9.0&#8243; _module_preset=\u00bbb0bf5418-994a-43d1-aef8-7d7c6764119d\u00bb header_font=\u00bbYusei Magic||||||||\u00bb header_text_color=\u00bb#000000&#8243; header_font_size=\u00bb80px\u00bb header_line_height=\u00bb1.2em\u00bb header_font_size_tablet=\u00bb72px\u00bb header_font_size_phone=\u00bb32px\u00bb header_font_size_last_edited=\u00bbon|phone\u00bb locked=\u00bboff\u00bb]<\/p>\n<h1>Actividades laborales y certificaciones<\/h1>\n<p>[\/et_pb_text][\/et_pb_column][\/et_pb_row][et_pb_row column_structure=\u00bb1_2,1_2&#8243; _builder_version=\u00bb4.9.0&#8243; _module_preset=\u00bbdefault\u00bb][et_pb_column type=\u00bb1_2&#8243; _builder_version=\u00bb4.9.0&#8243; _module_preset=\u00bbdefault\u00bb][et_pb_text _builder_version=\u00bb4.9.4&#8243; _module_preset=\u00bb2e1ca0a8-a515-4ca3-8814-65eea4b82393&#8243; text_font=\u00bb||||||||\u00bb text_font_size=\u00bb15px\u00bb text_line_height=\u00bb1.9em\u00bb text_font_size_tablet=\u00bb15px\u00bb text_font_size_phone=\u00bb13px\u00bb text_font_size_last_edited=\u00bbon|phone\u00bb locked=\u00bboff\u00bb]<\/p>\n<p style=\"text-align: justify\">Estuve trabajando con una cl\u00ednica que se llama DIMECO y el Doctor Jos\u00e9 Napole\u00f3n, me solicit\u00f3 que deseaba un redise\u00f1o de su logo. Y lo realice con mucho gusto. Me gusto poder llevar mis conocimientos a la pr\u00e1ctica ya que tuve ponerlos a prueba. Y hacerlo de manera ya profesional.\u00a0 Realice 3 diferentes propuestas y opt\u00f3 es por la\u00a0 primer imagen.<\/p>\n<p>&nbsp;<\/p>\n<p>&nbsp;<\/p>\n<p>&nbsp;<\/p>\n<p>[\/et_pb_text][et_pb_image src=\u00bbhttp:\/\/dcv.artcom.mx\/pda\/1160635\/wp-content\/uploads\/sites\/13\/2021\/05\/WhatsApp-Image-2021-05-10-at-12.46.37-AM-4.jpeg\u00bb title_text=\u00bbcraft-school-48&#8243; _builder_version=\u00bb4.9.4&#8243; _module_preset=\u00bbdefault\u00bb width=\u00bb90%\u00bb custom_margin=\u00bb||||false|false\u00bb hover_enabled=\u00bb0&#8243; border_width_all=\u00bb20px\u00bb border_color_all=\u00bb#FCF8F3&#8243; box_shadow_style=\u00bbpreset3&#8243; box_shadow_blur=\u00bb78px\u00bb box_shadow_color=\u00bbrgba(0,0,0,0.1)\u00bb sticky_enabled=\u00bb0&#8243;][\/et_pb_image][et_pb_image src=\u00bbhttp:\/\/dcv.artcom.mx\/pda\/1160635\/wp-content\/uploads\/sites\/13\/2021\/05\/WhatsApp-Image-2021-05-10-at-12.46.37-AM-3.jpeg\u00bb title_text=\u00bbcraft-school-48&#8243; _builder_version=\u00bb4.9.4&#8243; _module_preset=\u00bbdefault\u00bb width=\u00bb90%\u00bb custom_margin=\u00bb||||false|false\u00bb hover_enabled=\u00bb0&#8243; border_width_all=\u00bb20px\u00bb border_color_all=\u00bb#FCF8F3&#8243; box_shadow_style=\u00bbpreset3&#8243; box_shadow_blur=\u00bb78px\u00bb box_shadow_color=\u00bbrgba(0,0,0,0.1)\u00bb sticky_enabled=\u00bb0&#8243;][\/et_pb_image][et_pb_image src=\u00bbhttp:\/\/dcv.artcom.mx\/pda\/1160635\/wp-content\/uploads\/sites\/13\/2021\/05\/WhatsApp-Image-2021-05-10-at-12.46.37-AM-1.jpeg\u00bb title_text=\u00bbcraft-school-48&#8243; _builder_version=\u00bb4.9.4&#8243; _module_preset=\u00bbdefault\u00bb width=\u00bb90%\u00bb custom_margin=\u00bb||||false|false\u00bb hover_enabled=\u00bb0&#8243; border_width_all=\u00bb20px\u00bb border_color_all=\u00bb#FCF8F3&#8243; box_shadow_style=\u00bbpreset3&#8243; box_shadow_blur=\u00bb78px\u00bb box_shadow_color=\u00bbrgba(0,0,0,0.1)\u00bb sticky_enabled=\u00bb0&#8243;][\/et_pb_image][\/et_pb_column][et_pb_column type=\u00bb1_2&#8243; _builder_version=\u00bb4.9.0&#8243; _module_preset=\u00bbdefault\u00bb][\/et_pb_column][\/et_pb_row][\/et_pb_section][et_pb_section fb_built=\u00bb1&#8243; admin_label=\u00bbAbout\u00bb _builder_version=\u00bb4.9.0&#8243; _module_preset=\u00bbdefault\u00bb background_color=\u00bb#fcf8f3&#8243;][\/et_pb_section][et_pb_section fb_built=\u00bb1&#8243; _builder_version=\u00bb4.9.4&#8243; _module_preset=\u00bbdefault\u00bb][et_pb_row _builder_version=\u00bb4.9.4&#8243; _module_preset=\u00bbdefault\u00bb][et_pb_column _builder_version=\u00bb4.9.4&#8243; _module_preset=\u00bbdefault\u00bb type=\u00bb4_4&#8243;][\/et_pb_column][\/et_pb_row][\/et_pb_section]<\/p>\n","protected":false},"excerpt":{"rendered":"<p>Actividades laborales y certificacionesEstuve trabajando con una cl\u00ednica que se llama DIMECO y el Doctor Jos\u00e9 Napole\u00f3n, me solicit\u00f3 que deseaba un redise\u00f1o de su logo. Y lo realice con mucho gusto. Me gusto poder llevar mis conocimientos a la pr\u00e1ctica ya que tuve ponerlos a prueba. Y hacerlo de manera ya profesional.\u00a0 Realice 3 [&hellip;]<\/p>\n","protected":false},"author":17,"featured_media":0,"parent":11,"menu_order":3,"comment_status":"closed","ping_status":"closed","template":"","meta":{"_et_pb_use_builder":"on","_et_pb_old_content":"","_et_gb_content_width":"","inline_featured_image":false,"footnotes":""},"_links":{"self":[{"href":"https:\/\/dcv.artcom.mx\/pda\/1160635\/wp-json\/wp\/v2\/pages\/13"}],"collection":[{"href":"https:\/\/dcv.artcom.mx\/pda\/1160635\/wp-json\/wp\/v2\/pages"}],"about":[{"href":"https:\/\/dcv.artcom.mx\/pda\/1160635\/wp-json\/wp\/v2\/types\/page"}],"author":[{"embeddable":true,"href":"https:\/\/dcv.artcom.mx\/pda\/1160635\/wp-json\/wp\/v2\/users\/17"}],"replies":[{"embeddable":true,"href":"https:\/\/dcv.artcom.mx\/pda\/1160635\/wp-json\/wp\/v2\/comments?post=13"}],"version-history":[{"count":8,"href":"https:\/\/dcv.artcom.mx\/pda\/1160635\/wp-json\/wp\/v2\/pages\/13\/revisions"}],"predecessor-version":[{"id":690,"href":"https:\/\/dcv.artcom.mx\/pda\/1160635\/wp-json\/wp\/v2\/pages\/13\/revisions\/690"}],"up":[{"embeddable":true,"href":"https:\/\/dcv.artcom.mx\/pda\/1160635\/wp-json\/wp\/v2\/pages\/11"}],"wp:attachment":[{"href":"https:\/\/dcv.artcom.mx\/pda\/1160635\/wp-json\/wp\/v2\/media?parent=13"}],"curies":[{"name":"wp","href":"https:\/\/api.w.org\/{rel}","templated":true}]}}