{"id":936,"date":"2022-04-29T22:44:54","date_gmt":"2022-04-29T22:44:54","guid":{"rendered":"https:\/\/dcv.artcom.mx\/pda\/1160624\/?page_id=936"},"modified":"2022-05-10T18:49:27","modified_gmt":"2022-05-10T18:49:27","slug":"gestion-profesional-2","status":"publish","type":"page","link":"https:\/\/dcv.artcom.mx\/pda\/1160624\/evidencias\/proyectos-academicos-6to-semestre\/gestion-profesional-2\/","title":{"rendered":"Gesti\u00f3n profesional"},"content":{"rendered":"<p>[et_pb_section fb_built=\u00bb1&#8243; _builder_version=\u00bb4.14.7&#8243; _module_preset=\u00bbdefault\u00bb use_background_color_gradient=\u00bbon\u00bb background_color_gradient_start=\u00bb#a69b97&#8243; background_color_gradient_end=\u00bb#bf907e\u00bb global_colors_info=\u00bb{}\u00bb][et_pb_row _builder_version=\u00bb4.14.7&#8243; _module_preset=\u00bbdefault\u00bb global_colors_info=\u00bb{}\u00bb][et_pb_column type=\u00bb4_4&#8243; _builder_version=\u00bb4.14.7&#8243; _module_preset=\u00bbdefault\u00bb global_colors_info=\u00bb{}\u00bb][et_pb_text _builder_version=\u00bb4.14.7&#8243; _module_preset=\u00bbdefault\u00bb text_font=\u00bbOswald||||||||\u00bb global_colors_info=\u00bb{}\u00bb]<\/p>\n<h1 style=\"text-align: center\"><span style=\"color: #d9c9c7\">GESTI\u00d3N PROFESIONAL<\/span><\/h1>\n<p>[\/et_pb_text][\/et_pb_column][\/et_pb_row][et_pb_row column_structure=\u00bb1_2,1_2&#8243; _builder_version=\u00bb4.14.7&#8243; _module_preset=\u00bbdefault\u00bb width=\u00bb100%\u00bb global_colors_info=\u00bb{}\u00bb][et_pb_column type=\u00bb1_2&#8243; _builder_version=\u00bb4.14.7&#8243; _module_preset=\u00bbdefault\u00bb global_colors_info=\u00bb{}\u00bb][et_pb_image src=\u00bbhttp:\/\/dcv.artcom.mx\/pda\/1160624\/wp-content\/uploads\/sites\/7\/2022\/05\/Freevivors.jpg\u00bb title_text=\u00bbFreevivors\u00bb _builder_version=\u00bb4.14.7&#8243; _module_preset=\u00bbdefault\u00bb global_colors_info=\u00bb{}\u00bb][\/et_pb_image][\/et_pb_column][et_pb_column type=\u00bb1_2&#8243; _builder_version=\u00bb4.14.7&#8243; _module_preset=\u00bbdefault\u00bb global_colors_info=\u00bb{}\u00bb][et_pb_image src=\u00bbhttp:\/\/dcv.artcom.mx\/pda\/1160624\/wp-content\/uploads\/sites\/7\/2022\/05\/Freevivors-escenarios.jpg\u00bb title_text=\u00bbFreevivors escenarios\u00bb _builder_version=\u00bb4.14.7&#8243; _module_preset=\u00bbdefault\u00bb width=\u00bb100%\u00bb min_height=\u00bb376.9px\u00bb global_colors_info=\u00bb{}\u00bb][\/et_pb_image][\/et_pb_column][\/et_pb_row][et_pb_row _builder_version=\u00bb4.14.7&#8243; _module_preset=\u00bbdefault\u00bb global_colors_info=\u00bb{}\u00bb][et_pb_column type=\u00bb4_4&#8243; _builder_version=\u00bb4.14.7&#8243; _module_preset=\u00bbdefault\u00bb global_colors_info=\u00bb{}\u00bb][et_pb_text _builder_version=\u00bb4.14.7&#8243; _module_preset=\u00bbdefault\u00bb text_font=\u00bbAnnie Use Your Telescope||||||||\u00bb text_text_color=\u00bb#d9c9c7&#8243; global_colors_info=\u00bb{}\u00bb]<\/p>\n<p><span style=\"font-size: large\"><strong><\/strong><\/span><\/p>\n<p><span style=\"font-size: large\"><strong><\/strong><\/span><\/p>\n<p><span style=\"font-size: large\"><strong><\/strong><\/span><\/p>\n<p><span style=\"font-size: large\"><strong><\/strong><\/span><\/p>\n<p><span style=\"font-size: large\"><strong><\/strong><\/span><\/p>\n<p><strong style=\"font-size: large\">Descripci\u00f3n:<\/strong><span style=\"font-size: large\"> Este fue un proyecto grupal el cual fue elaborado para la \u00abSemana de la creatividad y el dise\u00f1o\u00bb Durante todo el semestre estuvimos abordando puntos para su realizaci\u00f3n, comenzando desde elegir la tem\u00e1tica, realizar un cronograma de actividades hasta ponerlo en acci\u00f3n.<\/span><\/p>\n<p><span style=\"font-size: large\"><\/span><\/p>\n<p>[\/et_pb_text][\/et_pb_column][\/et_pb_row][\/et_pb_section]<\/p>\n","protected":false},"excerpt":{"rendered":"<p>GESTI\u00d3N PROFESIONAL Descripci\u00f3n: Este fue un proyecto grupal el cual fue elaborado para la \u00abSemana de la creatividad y el dise\u00f1o\u00bb Durante todo el semestre estuvimos abordando puntos para su realizaci\u00f3n, comenzando desde elegir la tem\u00e1tica, realizar un cronograma de actividades hasta ponerlo en acci\u00f3n.<\/p>\n","protected":false},"author":11,"featured_media":0,"parent":921,"menu_order":1,"comment_status":"closed","ping_status":"closed","template":"","meta":{"_et_pb_use_builder":"on","_et_pb_old_content":"","_et_gb_content_width":"","inline_featured_image":false,"footnotes":""},"_links":{"self":[{"href":"https:\/\/dcv.artcom.mx\/pda\/1160624\/wp-json\/wp\/v2\/pages\/936"}],"collection":[{"href":"https:\/\/dcv.artcom.mx\/pda\/1160624\/wp-json\/wp\/v2\/pages"}],"about":[{"href":"https:\/\/dcv.artcom.mx\/pda\/1160624\/wp-json\/wp\/v2\/types\/page"}],"author":[{"embeddable":true,"href":"https:\/\/dcv.artcom.mx\/pda\/1160624\/wp-json\/wp\/v2\/users\/11"}],"replies":[{"embeddable":true,"href":"https:\/\/dcv.artcom.mx\/pda\/1160624\/wp-json\/wp\/v2\/comments?post=936"}],"version-history":[{"count":3,"href":"https:\/\/dcv.artcom.mx\/pda\/1160624\/wp-json\/wp\/v2\/pages\/936\/revisions"}],"predecessor-version":[{"id":1018,"href":"https:\/\/dcv.artcom.mx\/pda\/1160624\/wp-json\/wp\/v2\/pages\/936\/revisions\/1018"}],"up":[{"embeddable":true,"href":"https:\/\/dcv.artcom.mx\/pda\/1160624\/wp-json\/wp\/v2\/pages\/921"}],"wp:attachment":[{"href":"https:\/\/dcv.artcom.mx\/pda\/1160624\/wp-json\/wp\/v2\/media?parent=936"}],"curies":[{"name":"wp","href":"https:\/\/api.w.org\/{rel}","templated":true}]}}