{"id":928,"date":"2022-04-29T22:39:38","date_gmt":"2022-04-29T22:39:38","guid":{"rendered":"https:\/\/dcv.artcom.mx\/pda\/1160624\/?page_id=928"},"modified":"2022-05-10T17:25:29","modified_gmt":"2022-05-10T17:25:29","slug":"desarrollo-personal-vision-de-servicio","status":"publish","type":"page","link":"https:\/\/dcv.artcom.mx\/pda\/1160624\/evidencias\/proyectos-academicos-6to-semestre\/desarrollo-personal-vision-de-servicio\/","title":{"rendered":"Desarrollo personal: Visi\u00f3n de servicio"},"content":{"rendered":"<p>[et_pb_section fb_built=\u00bb1&#8243; _builder_version=\u00bb4.14.7&#8243; _module_preset=\u00bbdefault\u00bb use_background_color_gradient=\u00bbon\u00bb background_color_gradient_start=\u00bb#a69b97&#8243; background_color_gradient_end=\u00bb#bf907e\u00bb global_colors_info=\u00bb{}\u00bb][et_pb_row _builder_version=\u00bb4.14.7&#8243; _module_preset=\u00bbdefault\u00bb global_colors_info=\u00bb{}\u00bb][et_pb_column type=\u00bb4_4&#8243; _builder_version=\u00bb4.14.7&#8243; _module_preset=\u00bbdefault\u00bb global_colors_info=\u00bb{}\u00bb][et_pb_text _builder_version=\u00bb4.14.7&#8243; _module_preset=\u00bbdefault\u00bb text_font=\u00bbOswald||||||||\u00bb global_colors_info=\u00bb{}\u00bb]<\/p>\n<h1 style=\"text-align: center\"><span style=\"color: #d9c9c7\">DESARROLLO PERSONAL VISI\u00d3N DE SERVICIO<\/span><\/h1>\n<p>[\/et_pb_text][\/et_pb_column][\/et_pb_row][et_pb_row column_structure=\u00bb1_2,1_2&#8243; _builder_version=\u00bb4.14.7&#8243; _module_preset=\u00bbdefault\u00bb global_colors_info=\u00bb{}\u00bb][et_pb_column type=\u00bb1_2&#8243; _builder_version=\u00bb4.14.7&#8243; _module_preset=\u00bbdefault\u00bb global_colors_info=\u00bb{}\u00bb][et_pb_text _builder_version=\u00bb4.14.7&#8243; _module_preset=\u00bbdefault\u00bb text_font=\u00bbAnnie Use Your Telescope||||||||\u00bb text_text_color=\u00bb#d9c9c7&#8243; min_height=\u00bb99.2px\u00bb global_colors_info=\u00bb{}\u00bb]<\/p>\n<p><span style=\"font-size: large\"><strong><\/strong><\/span><\/p>\n<p><span style=\"font-size: large\"><strong><\/strong><\/span><\/p>\n<p><span style=\"font-size: large\"><strong><\/strong><\/span><\/p>\n<p><strong style=\"font-size: large\">Descripci\u00f3n:<\/strong><span style=\"font-size: large\"> Este semestre en la materia de \u00abServicio comunitario\u00bb seguimos desarrollando el proyecto de \u00abADOGTAME\u00bb pero en este caso llevamos a cabo la feria de ba\u00f1o y esterilizaci\u00f3n de perros para recaudar fondos para la fundaci\u00f3n. En el video que\u00a0 est\u00e1 abajo puedes echarle un vistazo a lo que hicimos en la feria.<\/span><\/p>\n<p>[\/et_pb_text][\/et_pb_column][et_pb_column type=\u00bb1_2&#8243; _builder_version=\u00bb4.14.7&#8243; _module_preset=\u00bbdefault\u00bb global_colors_info=\u00bb{}\u00bb][et_pb_gallery gallery_ids=\u00bb975&#8243; fullwidth=\u00bbon\u00bb _builder_version=\u00bb4.14.7&#8243; _module_preset=\u00bbdefault\u00bb box_shadow_style=\u00bbpreset2&#8243; global_colors_info=\u00bb{}\u00bb][\/et_pb_gallery][\/et_pb_column][\/et_pb_row][et_pb_row _builder_version=\u00bb4.14.7&#8243; _module_preset=\u00bbdefault\u00bb custom_padding=\u00bb|5px||||\u00bb global_colors_info=\u00bb{}\u00bb][et_pb_column type=\u00bb4_4&#8243; _builder_version=\u00bb4.14.7&#8243; _module_preset=\u00bbdefault\u00bb global_colors_info=\u00bb{}\u00bb][et_pb_video src=\u00bbhttps:\/\/youtu.be\/1A9IY-rfnFw\u00bb _builder_version=\u00bb4.14.7&#8243; _module_preset=\u00bbdefault\u00bb width=\u00bb47.7%\u00bb min_height=\u00bb195px\u00bb box_shadow_style=\u00bbpreset2&#8243; global_colors_info=\u00bb{}\u00bb][\/et_pb_video][\/et_pb_column][\/et_pb_row][\/et_pb_section]<\/p>\n","protected":false},"excerpt":{"rendered":"<p>DESARROLLO PERSONAL VISI\u00d3N DE SERVICIO Descripci\u00f3n: Este semestre en la materia de \u00abServicio comunitario\u00bb seguimos desarrollando el proyecto de \u00abADOGTAME\u00bb pero en este caso llevamos a cabo la feria de ba\u00f1o y esterilizaci\u00f3n de perros para recaudar fondos para la fundaci\u00f3n. En el video que\u00a0 est\u00e1 abajo puedes echarle un vistazo a lo que hicimos [&hellip;]<\/p>\n","protected":false},"author":11,"featured_media":0,"parent":921,"menu_order":1,"comment_status":"closed","ping_status":"closed","template":"","meta":{"_et_pb_use_builder":"on","_et_pb_old_content":"","_et_gb_content_width":"","inline_featured_image":false,"footnotes":""},"_links":{"self":[{"href":"https:\/\/dcv.artcom.mx\/pda\/1160624\/wp-json\/wp\/v2\/pages\/928"}],"collection":[{"href":"https:\/\/dcv.artcom.mx\/pda\/1160624\/wp-json\/wp\/v2\/pages"}],"about":[{"href":"https:\/\/dcv.artcom.mx\/pda\/1160624\/wp-json\/wp\/v2\/types\/page"}],"author":[{"embeddable":true,"href":"https:\/\/dcv.artcom.mx\/pda\/1160624\/wp-json\/wp\/v2\/users\/11"}],"replies":[{"embeddable":true,"href":"https:\/\/dcv.artcom.mx\/pda\/1160624\/wp-json\/wp\/v2\/comments?post=928"}],"version-history":[{"count":6,"href":"https:\/\/dcv.artcom.mx\/pda\/1160624\/wp-json\/wp\/v2\/pages\/928\/revisions"}],"predecessor-version":[{"id":982,"href":"https:\/\/dcv.artcom.mx\/pda\/1160624\/wp-json\/wp\/v2\/pages\/928\/revisions\/982"}],"up":[{"embeddable":true,"href":"https:\/\/dcv.artcom.mx\/pda\/1160624\/wp-json\/wp\/v2\/pages\/921"}],"wp:attachment":[{"href":"https:\/\/dcv.artcom.mx\/pda\/1160624\/wp-json\/wp\/v2\/media?parent=928"}],"curies":[{"name":"wp","href":"https:\/\/api.w.org\/{rel}","templated":true}]}}