{"id":905,"date":"2022-04-29T22:07:49","date_gmt":"2022-04-29T22:07:49","guid":{"rendered":"https:\/\/dcv.artcom.mx\/pda\/1160624\/?page_id=905"},"modified":"2022-05-10T17:46:14","modified_gmt":"2022-05-10T17:46:14","slug":"literatura-apocaliptica-del-antiguo-testamento","status":"publish","type":"page","link":"https:\/\/dcv.artcom.mx\/pda\/1160624\/evidencias\/proyectos-academicos-6to-semestre\/literatura-apocaliptica-del-antiguo-testamento\/","title":{"rendered":"Literatura apocal\u00edptica del antiguo testamento"},"content":{"rendered":"<p>[et_pb_section fb_built=\u00bb1&#8243; _builder_version=\u00bb4.14.7&#8243; _module_preset=\u00bbdefault\u00bb use_background_color_gradient=\u00bbon\u00bb background_color_gradient_start=\u00bb#a69b97&#8243; background_color_gradient_end=\u00bb#bf907e\u00bb global_colors_info=\u00bb{}\u00bb][et_pb_row _builder_version=\u00bb4.14.7&#8243; _module_preset=\u00bbdefault\u00bb global_colors_info=\u00bb{}\u00bb][et_pb_column type=\u00bb4_4&#8243; _builder_version=\u00bb4.14.7&#8243; _module_preset=\u00bbdefault\u00bb global_colors_info=\u00bb{}\u00bb][et_pb_text _builder_version=\u00bb4.14.7&#8243; _module_preset=\u00bbdefault\u00bb text_font=\u00bbOswald||||||||\u00bb global_colors_info=\u00bb{}\u00bb]<\/p>\n<h1 style=\"text-align: center\"><span style=\"color: #d9c9c7\">LITERATURA APOCAL\u00cdPTICA\u00a0DEL ANTIGUO TESTAMENTO<\/span><\/h1>\n<p>[\/et_pb_text][\/et_pb_column][\/et_pb_row][et_pb_row column_structure=\u00bb1_2,1_2&#8243; _builder_version=\u00bb4.14.7&#8243; _module_preset=\u00bbdefault\u00bb global_colors_info=\u00bb{}\u00bb][et_pb_column type=\u00bb1_2&#8243; _builder_version=\u00bb4.14.7&#8243; _module_preset=\u00bbdefault\u00bb global_colors_info=\u00bb{}\u00bb][et_pb_gallery gallery_ids=\u00bb985,986,987,988,989,990,991&#8243; fullwidth=\u00bbon\u00bb _builder_version=\u00bb4.14.7&#8243; _module_preset=\u00bbdefault\u00bb hover_enabled=\u00bb0&#8243; box_shadow_style=\u00bbpreset2&#8243; global_colors_info=\u00bb{}\u00bb sticky_enabled=\u00bb0&#8243;][\/et_pb_gallery][et_pb_text _builder_version=\u00bb4.14.7&#8243; _module_preset=\u00bbdefault\u00bb text_font=\u00bbAnnie Use Your Telescope||||||||\u00bb text_text_color=\u00bb#d9c9c7&#8243; global_colors_info=\u00bb{}\u00bb]<\/p>\n<p><span style=\"font-size: large\"><strong><\/strong><\/span><\/p>\n<p><span style=\"font-size: large\"><strong><\/strong><\/span><\/p>\n<p><span style=\"font-size: large\"><strong><\/strong><\/span><\/p>\n<p><span style=\"font-size: large\"><strong><\/strong><\/span><\/p>\n<p><span style=\"font-size: large\"><strong><\/strong><\/span><\/p>\n<p><strong style=\"font-size: large\">Descripci\u00f3n:<\/strong><span style=\"font-size: large\"> Esta es una actividad en la que analic\u00e9 los puntos m\u00e1s importantes del cap\u00edtulo 5 de Daniel\u00a0<\/span><\/p>\n<p>[\/et_pb_text][\/et_pb_column][et_pb_column type=\u00bb1_2&#8243; _builder_version=\u00bb4.14.7&#8243; _module_preset=\u00bbdefault\u00bb global_colors_info=\u00bb{}\u00bb][et_pb_text _builder_version=\u00bb4.14.7&#8243; _module_preset=\u00bbdefault\u00bb text_font=\u00bbAnnie Use Your Telescope||||||||\u00bb text_text_color=\u00bb#d9c9c7&#8243; global_colors_info=\u00bb{}\u00bb]<\/p>\n<p><span style=\"font-size: large\"><strong><\/strong><\/span><\/p>\n<p><span style=\"font-size: large\"><strong><\/strong><\/span><\/p>\n<p><span style=\"font-size: large\"><strong><\/strong><\/span><\/p>\n<p><span style=\"font-size: large\"><strong><\/strong><\/span><\/p>\n<p><span style=\"font-size: large\"><strong><\/strong><\/span><\/p>\n<p><strong style=\"font-size: large\">Descripci\u00f3n:<\/strong><span style=\"font-size: large\"> En esta ocasi\u00f3n realizamos una exposici\u00f3n para poder realizar un an\u00e1lisis de c\u00f3mo es que era el rol de Daniel en el palacio de Babilonia.\u00a0<\/span><\/p>\n<p>[\/et_pb_text][et_pb_gallery gallery_ids=\u00bb993&#8243; fullwidth=\u00bbon\u00bb _builder_version=\u00bb4.14.7&#8243; _module_preset=\u00bbdefault\u00bb hover_enabled=\u00bb0&#8243; box_shadow_style=\u00bbpreset2&#8243; global_colors_info=\u00bb{}\u00bb sticky_enabled=\u00bb0&#8243;][\/et_pb_gallery][\/et_pb_column][\/et_pb_row][\/et_pb_section]<\/p>\n","protected":false},"excerpt":{"rendered":"<p>LITERATURA APOCAL\u00cdPTICA\u00a0DEL ANTIGUO TESTAMENTO Descripci\u00f3n: Esta es una actividad en la que analic\u00e9 los puntos m\u00e1s importantes del cap\u00edtulo 5 de Daniel\u00a0 Descripci\u00f3n: En esta ocasi\u00f3n realizamos una exposici\u00f3n para poder realizar un an\u00e1lisis de c\u00f3mo es que era el rol de Daniel en el palacio de Babilonia.\u00a0<\/p>\n","protected":false},"author":11,"featured_media":0,"parent":921,"menu_order":1,"comment_status":"closed","ping_status":"closed","template":"","meta":{"_et_pb_use_builder":"on","_et_pb_old_content":"","_et_gb_content_width":"","inline_featured_image":false,"footnotes":""},"_links":{"self":[{"href":"https:\/\/dcv.artcom.mx\/pda\/1160624\/wp-json\/wp\/v2\/pages\/905"}],"collection":[{"href":"https:\/\/dcv.artcom.mx\/pda\/1160624\/wp-json\/wp\/v2\/pages"}],"about":[{"href":"https:\/\/dcv.artcom.mx\/pda\/1160624\/wp-json\/wp\/v2\/types\/page"}],"author":[{"embeddable":true,"href":"https:\/\/dcv.artcom.mx\/pda\/1160624\/wp-json\/wp\/v2\/users\/11"}],"replies":[{"embeddable":true,"href":"https:\/\/dcv.artcom.mx\/pda\/1160624\/wp-json\/wp\/v2\/comments?post=905"}],"version-history":[{"count":3,"href":"https:\/\/dcv.artcom.mx\/pda\/1160624\/wp-json\/wp\/v2\/pages\/905\/revisions"}],"predecessor-version":[{"id":994,"href":"https:\/\/dcv.artcom.mx\/pda\/1160624\/wp-json\/wp\/v2\/pages\/905\/revisions\/994"}],"up":[{"embeddable":true,"href":"https:\/\/dcv.artcom.mx\/pda\/1160624\/wp-json\/wp\/v2\/pages\/921"}],"wp:attachment":[{"href":"https:\/\/dcv.artcom.mx\/pda\/1160624\/wp-json\/wp\/v2\/media?parent=905"}],"curies":[{"name":"wp","href":"https:\/\/api.w.org\/{rel}","templated":true}]}}