{"id":744,"date":"2022-04-03T05:11:26","date_gmt":"2022-04-03T05:11:26","guid":{"rendered":"https:\/\/dcv.artcom.mx\/pda\/1160624\/?page_id=744"},"modified":"2022-04-03T21:21:51","modified_gmt":"2022-04-03T21:21:51","slug":"diseno-editorial","status":"publish","type":"page","link":"https:\/\/dcv.artcom.mx\/pda\/1160624\/evidencias\/proyectos-academicos\/diseno-editorial\/","title":{"rendered":"Dise\u00f1o editorial"},"content":{"rendered":"<p>[et_pb_section fb_built=\u00bb1&#8243; _builder_version=\u00bb4.14.7&#8243; _module_preset=\u00bbdefault\u00bb use_background_color_gradient=\u00bbon\u00bb background_color_gradient_start=\u00bb#a69b97&#8243; background_color_gradient_end=\u00bb#bf907e\u00bb global_colors_info=\u00bb{}\u00bb][et_pb_row _builder_version=\u00bb4.14.7&#8243; _module_preset=\u00bbdefault\u00bb global_colors_info=\u00bb{}\u00bb][et_pb_column type=\u00bb4_4&#8243; _builder_version=\u00bb4.14.7&#8243; _module_preset=\u00bbdefault\u00bb global_colors_info=\u00bb{}\u00bb][et_pb_text _builder_version=\u00bb4.14.7&#8243; _module_preset=\u00bbdefault\u00bb text_font=\u00bbOswald||||||||\u00bb global_colors_info=\u00bb{}\u00bb]<\/p>\n<h1 style=\"text-align: center\"><span style=\"color: #d9c9c7\">DISE\u00d1O EDITORIAL<\/span><\/h1>\n<p>[\/et_pb_text][\/et_pb_column][\/et_pb_row][et_pb_row column_structure=\u00bb1_2,1_2&#8243; _builder_version=\u00bb4.14.7&#8243; _module_preset=\u00bbdefault\u00bb global_colors_info=\u00bb{}\u00bb][et_pb_column type=\u00bb1_2&#8243; _builder_version=\u00bb4.14.7&#8243; _module_preset=\u00bbdefault\u00bb global_colors_info=\u00bb{}\u00bb][et_pb_gallery _builder_version=\u00bb4.14.7&#8243; _module_preset=\u00bbdefault\u00bb hover_enabled=\u00bb0&#8243; sticky_enabled=\u00bb0&#8243; gallery_ids=\u00bb804,805,806,807,808,809,810,811,812,813,815&#8243; fullwidth=\u00bbon\u00bb box_shadow_style=\u00bbpreset2&#8243;][\/et_pb_gallery][\/et_pb_column][et_pb_column type=\u00bb1_2&#8243; _builder_version=\u00bb4.14.7&#8243; _module_preset=\u00bbdefault\u00bb global_colors_info=\u00bb{}\u00bb][et_pb_text _builder_version=\u00bb4.14.7&#8243; _module_preset=\u00bbdefault\u00bb text_font=\u00bbAnnie Use Your Telescope||||||||\u00bb text_text_color=\u00bb#d9c9c7&#8243; hover_enabled=\u00bb0&#8243; sticky_enabled=\u00bb0&#8243;]<\/p>\n<p><span style=\"font-size: large\"><strong><\/strong><\/span><\/p>\n<p><span style=\"font-size: large\"><strong><\/strong><\/span><\/p>\n<p><span style=\"font-size: large\"><strong><\/strong><\/span><\/p>\n<p><span style=\"font-size: large\"><strong><\/strong><\/span><\/p>\n<p><span style=\"font-size: large\"><strong><\/strong><\/span><\/p>\n<p><span style=\"font-size: large\"><strong>Descripci\u00f3n:\u00a0\u00a0<\/strong>La clase nos prepar\u00f3 para poder crear dise\u00f1os editoriales y uno de ellos fue esta revista que realic\u00e9. Se usaron ret\u00edculas para distribuir los diferentes elementos que incluye.<\/span><\/p>\n<p>[\/et_pb_text][\/et_pb_column][\/et_pb_row][et_pb_row column_structure=\u00bb1_2,1_2&#8243; _builder_version=\u00bb4.14.7&#8243; _module_preset=\u00bbdefault\u00bb global_colors_info=\u00bb{}\u00bb][et_pb_column type=\u00bb1_2&#8243; _builder_version=\u00bb4.14.7&#8243; _module_preset=\u00bbdefault\u00bb global_colors_info=\u00bb{}\u00bb][et_pb_text _builder_version=\u00bb4.14.7&#8243; _module_preset=\u00bbdefault\u00bb text_font=\u00bbAnnie Use Your Telescope||||||||\u00bb text_text_color=\u00bb#d9c9c7&#8243; hover_enabled=\u00bb0&#8243; sticky_enabled=\u00bb0&#8243;]<\/p>\n<p><span style=\"font-size: large\"><strong><\/strong><\/span><\/p>\n<p><span style=\"font-size: large\"><strong><\/strong><\/span><\/p>\n<p><span style=\"font-size: large\"><strong><\/strong><\/span><\/p>\n<p><span style=\"font-size: large\"><strong><\/strong><\/span><\/p>\n<p><span style=\"font-size: large\"><strong><\/strong><\/span><\/p>\n<p><span style=\"font-size: large\"><strong><\/strong><\/span><\/p>\n<p><span style=\"font-size: large\"><strong><\/strong><\/span><\/p>\n<p><span style=\"font-size: large\"><strong>Descripci\u00f3n:\u00a0<\/strong>Actividad realizada en la clase de dise\u00f1o editorial, la cual consta de la elaboraci\u00f3n de una primera plana de un peri\u00f3dico tomando en cuenta el n\u00famero de columnas y la ret\u00edcula de la misma.<\/span><\/p>\n<p>[\/et_pb_text][\/et_pb_column][et_pb_column type=\u00bb1_2&#8243; _builder_version=\u00bb4.14.7&#8243; _module_preset=\u00bbdefault\u00bb global_colors_info=\u00bb{}\u00bb][et_pb_image src=\u00bbhttp:\/\/dcv.artcom.mx\/pda\/1160624\/wp-content\/uploads\/sites\/7\/2022\/04\/WhatsApp-Image-2022-04-03-at-1.38.05-PM.jpeg\u00bb _builder_version=\u00bb4.14.7&#8243; _module_preset=\u00bbdefault\u00bb title_text=\u00bbWhatsApp Image 2022-04-03 at 1.38.05 PM\u00bb box_shadow_style=\u00bbpreset2&#8243; hover_enabled=\u00bb0&#8243; sticky_enabled=\u00bb0&#8243;][\/et_pb_image][\/et_pb_column][\/et_pb_row][\/et_pb_section]<\/p>\n","protected":false},"excerpt":{"rendered":"<p>DISE\u00d1O EDITORIAL Descripci\u00f3n:\u00a0\u00a0La clase nos prepar\u00f3 para poder crear dise\u00f1os editoriales y uno de ellos fue esta revista que realic\u00e9. Se usaron ret\u00edculas para distribuir los diferentes elementos que incluye. Descripci\u00f3n:\u00a0Actividad realizada en la clase de dise\u00f1o editorial, la cual consta de la elaboraci\u00f3n de una primera plana de un peri\u00f3dico tomando en cuenta el [&hellip;]<\/p>\n","protected":false},"author":11,"featured_media":0,"parent":71,"menu_order":1,"comment_status":"closed","ping_status":"closed","template":"","meta":{"_et_pb_use_builder":"on","_et_pb_old_content":"","_et_gb_content_width":"","inline_featured_image":false,"footnotes":""},"_links":{"self":[{"href":"https:\/\/dcv.artcom.mx\/pda\/1160624\/wp-json\/wp\/v2\/pages\/744"}],"collection":[{"href":"https:\/\/dcv.artcom.mx\/pda\/1160624\/wp-json\/wp\/v2\/pages"}],"about":[{"href":"https:\/\/dcv.artcom.mx\/pda\/1160624\/wp-json\/wp\/v2\/types\/page"}],"author":[{"embeddable":true,"href":"https:\/\/dcv.artcom.mx\/pda\/1160624\/wp-json\/wp\/v2\/users\/11"}],"replies":[{"embeddable":true,"href":"https:\/\/dcv.artcom.mx\/pda\/1160624\/wp-json\/wp\/v2\/comments?post=744"}],"version-history":[{"count":4,"href":"https:\/\/dcv.artcom.mx\/pda\/1160624\/wp-json\/wp\/v2\/pages\/744\/revisions"}],"predecessor-version":[{"id":816,"href":"https:\/\/dcv.artcom.mx\/pda\/1160624\/wp-json\/wp\/v2\/pages\/744\/revisions\/816"}],"up":[{"embeddable":true,"href":"https:\/\/dcv.artcom.mx\/pda\/1160624\/wp-json\/wp\/v2\/pages\/71"}],"wp:attachment":[{"href":"https:\/\/dcv.artcom.mx\/pda\/1160624\/wp-json\/wp\/v2\/media?parent=744"}],"curies":[{"name":"wp","href":"https:\/\/api.w.org\/{rel}","templated":true}]}}