{"id":743,"date":"2022-04-03T05:11:15","date_gmt":"2022-04-03T05:11:15","guid":{"rendered":"https:\/\/dcv.artcom.mx\/pda\/1160624\/?page_id=743"},"modified":"2022-04-03T21:52:43","modified_gmt":"2022-04-03T21:52:43","slug":"taller-de-investigacion-i","status":"publish","type":"page","link":"https:\/\/dcv.artcom.mx\/pda\/1160624\/evidencias\/proyectos-academicos\/taller-de-investigacion-i\/","title":{"rendered":"Taller de investigaci\u00f3n I"},"content":{"rendered":"<p>[et_pb_section fb_built=\u00bb1&#8243; _builder_version=\u00bb4.14.7&#8243; _module_preset=\u00bbdefault\u00bb use_background_color_gradient=\u00bbon\u00bb background_color_gradient_start=\u00bb#a69b97&#8243; background_color_gradient_end=\u00bb#bf907e\u00bb global_colors_info=\u00bb{}\u00bb][et_pb_row _builder_version=\u00bb4.14.7&#8243; _module_preset=\u00bbdefault\u00bb global_colors_info=\u00bb{}\u00bb][et_pb_column type=\u00bb4_4&#8243; _builder_version=\u00bb4.14.7&#8243; _module_preset=\u00bbdefault\u00bb global_colors_info=\u00bb{}\u00bb][et_pb_text _builder_version=\u00bb4.14.7&#8243; _module_preset=\u00bbdefault\u00bb text_font=\u00bbOswald||||||||\u00bb global_colors_info=\u00bb{}\u00bb]<\/p>\n<h1 style=\"text-align: center\"><span style=\"color: #d9c9c7\">TALLER DE INVESTIGACI\u00d3N I<\/span><\/h1>\n<p>[\/et_pb_text][\/et_pb_column][\/et_pb_row][et_pb_row column_structure=\u00bb1_2,1_2&#8243; _builder_version=\u00bb4.14.7&#8243; _module_preset=\u00bbdefault\u00bb global_colors_info=\u00bb{}\u00bb][et_pb_column type=\u00bb1_2&#8243; _builder_version=\u00bb4.14.7&#8243; _module_preset=\u00bbdefault\u00bb global_colors_info=\u00bb{}\u00bb][et_pb_gallery _builder_version=\u00bb4.14.7&#8243; _module_preset=\u00bbdefault\u00bb gallery_ids=\u00bb817,818,819,820,821,822&#8243; fullwidth=\u00bbon\u00bb box_shadow_style=\u00bbpreset2&#8243; hover_enabled=\u00bb0&#8243; sticky_enabled=\u00bb0&#8243;][\/et_pb_gallery][\/et_pb_column][et_pb_column type=\u00bb1_2&#8243; _builder_version=\u00bb4.14.7&#8243; _module_preset=\u00bbdefault\u00bb global_colors_info=\u00bb{}\u00bb][et_pb_text _builder_version=\u00bb4.14.7&#8243; _module_preset=\u00bbdefault\u00bb text_font=\u00bbAnnie Use Your Telescope||||||||\u00bb text_text_color=\u00bb#d9c9c7&#8243; hover_enabled=\u00bb0&#8243; sticky_enabled=\u00bb0&#8243;]<\/p>\n<p><span style=\"font-size: large\"><strong><\/strong><\/span><\/p>\n<p><span style=\"font-size: large\"><strong><\/strong><\/span><\/p>\n<p><span style=\"font-size: large\"><strong><\/strong><\/span><\/p>\n<p><span style=\"font-size: large\"><strong><\/strong><\/span><\/p>\n<p><span style=\"font-size: large\"><strong><\/strong><\/span><\/p>\n<p><span style=\"font-size: large\"><strong><\/strong><\/span><\/p>\n<p><span style=\"font-size: large\"><strong>Descripci\u00f3n:\u00a0<\/strong>El estado del arte es un documento que he realizado en el taller de investigaci\u00f3n que da paso a mi investigaci\u00f3n que en este caso m\u00e0s que investigaci\u00f3n es una campa\u00f1a de prevenci\u00f3n de los s\u00edntomas de \u00abTrastorno de estr\u00e9s postraum\u00e1tico\u00bb<\/span><\/p>\n<p>[\/et_pb_text][\/et_pb_column][\/et_pb_row][\/et_pb_section]<\/p>\n","protected":false},"excerpt":{"rendered":"<p>TALLER DE INVESTIGACI\u00d3N I Descripci\u00f3n:\u00a0El estado del arte es un documento que he realizado en el taller de investigaci\u00f3n que da paso a mi investigaci\u00f3n que en este caso m\u00e0s que investigaci\u00f3n es una campa\u00f1a de prevenci\u00f3n de los s\u00edntomas de \u00abTrastorno de estr\u00e9s postraum\u00e1tico\u00bb<\/p>\n","protected":false},"author":11,"featured_media":0,"parent":71,"menu_order":1,"comment_status":"closed","ping_status":"closed","template":"","meta":{"_et_pb_use_builder":"on","_et_pb_old_content":"","_et_gb_content_width":"","inline_featured_image":false,"footnotes":""},"_links":{"self":[{"href":"https:\/\/dcv.artcom.mx\/pda\/1160624\/wp-json\/wp\/v2\/pages\/743"}],"collection":[{"href":"https:\/\/dcv.artcom.mx\/pda\/1160624\/wp-json\/wp\/v2\/pages"}],"about":[{"href":"https:\/\/dcv.artcom.mx\/pda\/1160624\/wp-json\/wp\/v2\/types\/page"}],"author":[{"embeddable":true,"href":"https:\/\/dcv.artcom.mx\/pda\/1160624\/wp-json\/wp\/v2\/users\/11"}],"replies":[{"embeddable":true,"href":"https:\/\/dcv.artcom.mx\/pda\/1160624\/wp-json\/wp\/v2\/comments?post=743"}],"version-history":[{"count":3,"href":"https:\/\/dcv.artcom.mx\/pda\/1160624\/wp-json\/wp\/v2\/pages\/743\/revisions"}],"predecessor-version":[{"id":824,"href":"https:\/\/dcv.artcom.mx\/pda\/1160624\/wp-json\/wp\/v2\/pages\/743\/revisions\/824"}],"up":[{"embeddable":true,"href":"https:\/\/dcv.artcom.mx\/pda\/1160624\/wp-json\/wp\/v2\/pages\/71"}],"wp:attachment":[{"href":"https:\/\/dcv.artcom.mx\/pda\/1160624\/wp-json\/wp\/v2\/media?parent=743"}],"curies":[{"name":"wp","href":"https:\/\/api.w.org\/{rel}","templated":true}]}}