{"id":672,"date":"2022-03-25T18:42:56","date_gmt":"2022-03-25T18:42:56","guid":{"rendered":"https:\/\/dcv.artcom.mx\/pda\/1160624\/?page_id=672"},"modified":"2022-04-03T17:58:01","modified_gmt":"2022-04-03T17:58:01","slug":"proyectos-academicos-5to-semestre","status":"publish","type":"page","link":"https:\/\/dcv.artcom.mx\/pda\/1160624\/evidencias\/proyectos-academicos\/proyectos-academicos-5to-semestre\/","title":{"rendered":"Relaciones familiares"},"content":{"rendered":"<p>[et_pb_section fb_built=\u00bb1&#8243; _builder_version=\u00bb4.14.7&#8243; _module_preset=\u00bbdefault\u00bb use_background_color_gradient=\u00bbon\u00bb background_color_gradient_start=\u00bb#a69b97&#8243; background_color_gradient_end=\u00bb#bf907e\u00bb global_colors_info=\u00bb{}\u00bb][et_pb_row _builder_version=\u00bb4.14.7&#8243; _module_preset=\u00bbdefault\u00bb global_colors_info=\u00bb{}\u00bb][et_pb_column type=\u00bb4_4&#8243; _builder_version=\u00bb4.14.7&#8243; _module_preset=\u00bbdefault\u00bb global_colors_info=\u00bb{}\u00bb][et_pb_text _builder_version=\u00bb4.14.7&#8243; _module_preset=\u00bbdefault\u00bb text_font=\u00bbOswald||||||||\u00bb global_colors_info=\u00bb{}\u00bb]<\/p>\n<h1 style=\"text-align: center\"><span style=\"color: #d9c9c7\">RELACIONES FAMILIARES<\/span><\/h1>\n<p>[\/et_pb_text][\/et_pb_column][\/et_pb_row][et_pb_row column_structure=\u00bb1_2,1_2&#8243; _builder_version=\u00bb4.14.7&#8243; _module_preset=\u00bbdefault\u00bb hover_enabled=\u00bb0&#8243; global_colors_info=\u00bb{}\u00bb sticky_enabled=\u00bb0&#8243;][et_pb_column type=\u00bb1_2&#8243; _builder_version=\u00bb4.14.7&#8243; _module_preset=\u00bbdefault\u00bb global_colors_info=\u00bb{}\u00bb][et_pb_image src=\u00bbhttp:\/\/dcv.artcom.mx\/pda\/1160624\/wp-content\/uploads\/sites\/7\/2022\/04\/relaciones-fam.jpg\u00bb _builder_version=\u00bb4.14.7&#8243; _module_preset=\u00bbdefault\u00bb title_text=\u00bbrelaciones fam\u00bb hover_enabled=\u00bb0&#8243; sticky_enabled=\u00bb0&#8243; box_shadow_style=\u00bbpreset2&#8243;][\/et_pb_image][\/et_pb_column][et_pb_column type=\u00bb1_2&#8243; _builder_version=\u00bb4.14.7&#8243; _module_preset=\u00bbdefault\u00bb global_colors_info=\u00bb{}\u00bb][et_pb_text _builder_version=\u00bb4.14.7&#8243; _module_preset=\u00bbdefault\u00bb hover_enabled=\u00bb0&#8243; sticky_enabled=\u00bb0&#8243; inline_fonts=\u00bbAnnie Use Your Telescope\u00bb]<\/p>\n<p><strong><span style=\"color: #d9c9c7;font-family: 'Annie Use Your Telescope';font-size: large\"><\/span><\/strong><\/p>\n<p><strong><span style=\"color: #d9c9c7;font-family: 'Annie Use Your Telescope';font-size: large\"><\/span><\/strong><\/p>\n<p><strong><span style=\"color: #d9c9c7;font-family: 'Annie Use Your Telescope';font-size: large\"><\/span><\/strong><\/p>\n<p><strong><span style=\"color: #d9c9c7;font-family: 'Annie Use Your Telescope';font-size: large\"><\/span><\/strong><\/p>\n<p><strong><span style=\"color: #d9c9c7;font-family: 'Annie Use Your Telescope';font-size: large\"><\/span><\/strong><\/p>\n<p><strong><span style=\"color: #d9c9c7;font-family: 'Annie Use Your Telescope';font-size: large\"><\/span><\/strong><\/p>\n<p><strong><span style=\"color: #d9c9c7;font-family: 'Annie Use Your Telescope';font-size: large\"><\/span><\/strong><\/p>\n<p><strong><span style=\"color: #d9c9c7;font-family: 'Annie Use Your Telescope';font-size: large\"><\/span><\/strong><\/p>\n<p><strong><span style=\"color: #d9c9c7;font-family: 'Annie Use Your Telescope';font-size: large\"><\/span><\/strong><\/p>\n<p><strong><span style=\"color: #d9c9c7;font-family: 'Annie Use Your Telescope';font-size: large\"><\/span><\/strong><\/p>\n<p><strong><span style=\"color: #d9c9c7;font-family: 'Annie Use Your Telescope';font-size: large\">Descripci\u00f3n: <\/span><\/strong><span style=\"color: #d9c9c7;font-family: 'Annie Use Your Telescope';font-size: large\">Esta tarea fue realizada con motivo de compartir a trav\u00e9s de las redes sociales ciertas caracter\u00edsticas de relaciones saludables, lo cual fue algo aprendido en la clase de \u00abRelaciones familiares\u00bb<\/span><\/p>\n<p>[\/et_pb_text][\/et_pb_column][\/et_pb_row][\/et_pb_section]<\/p>\n","protected":false},"excerpt":{"rendered":"<p>RELACIONES FAMILIARES Descripci\u00f3n: Esta tarea fue realizada con motivo de compartir a trav\u00e9s de las redes sociales ciertas caracter\u00edsticas de relaciones saludables, lo cual fue algo aprendido en la clase de \u00abRelaciones familiares\u00bb<\/p>\n","protected":false},"author":11,"featured_media":0,"parent":71,"menu_order":1,"comment_status":"closed","ping_status":"closed","template":"","meta":{"_et_pb_use_builder":"on","_et_pb_old_content":"","_et_gb_content_width":"","inline_featured_image":false,"footnotes":""},"_links":{"self":[{"href":"https:\/\/dcv.artcom.mx\/pda\/1160624\/wp-json\/wp\/v2\/pages\/672"}],"collection":[{"href":"https:\/\/dcv.artcom.mx\/pda\/1160624\/wp-json\/wp\/v2\/pages"}],"about":[{"href":"https:\/\/dcv.artcom.mx\/pda\/1160624\/wp-json\/wp\/v2\/types\/page"}],"author":[{"embeddable":true,"href":"https:\/\/dcv.artcom.mx\/pda\/1160624\/wp-json\/wp\/v2\/users\/11"}],"replies":[{"embeddable":true,"href":"https:\/\/dcv.artcom.mx\/pda\/1160624\/wp-json\/wp\/v2\/comments?post=672"}],"version-history":[{"count":4,"href":"https:\/\/dcv.artcom.mx\/pda\/1160624\/wp-json\/wp\/v2\/pages\/672\/revisions"}],"predecessor-version":[{"id":772,"href":"https:\/\/dcv.artcom.mx\/pda\/1160624\/wp-json\/wp\/v2\/pages\/672\/revisions\/772"}],"up":[{"embeddable":true,"href":"https:\/\/dcv.artcom.mx\/pda\/1160624\/wp-json\/wp\/v2\/pages\/71"}],"wp:attachment":[{"href":"https:\/\/dcv.artcom.mx\/pda\/1160624\/wp-json\/wp\/v2\/media?parent=672"}],"curies":[{"name":"wp","href":"https:\/\/api.w.org\/{rel}","templated":true}]}}