{"id":67,"date":"2020-03-03T18:04:14","date_gmt":"2020-03-04T00:04:14","guid":{"rendered":"http:\/\/pdadcv.artcom.mx\/portafolio-demo\/?page_id=67"},"modified":"2022-04-04T06:06:04","modified_gmt":"2022-04-04T06:06:04","slug":"diarios-metacognitivos","status":"publish","type":"page","link":"https:\/\/dcv.artcom.mx\/pda\/1160624\/evidencias\/diarios-metacognitivos\/","title":{"rendered":"Diarios Metacognitivos"},"content":{"rendered":"<p>[et_pb_section fb_built=\u00bb1&#8243; _builder_version=\u00bb4.14.7&#8243; _module_preset=\u00bbdefault\u00bb use_background_color_gradient=\u00bbon\u00bb background_color_gradient_start=\u00bb#a69b97&#8243; background_color_gradient_end=\u00bb#bf907e\u00bb hover_enabled=\u00bb0&#8243; global_colors_info=\u00bb{}\u00bb sticky_enabled=\u00bb0&#8243;][et_pb_row _builder_version=\u00bb4.14.7&#8243; _module_preset=\u00bbdefault\u00bb global_colors_info=\u00bb{}\u00bb][et_pb_column type=\u00bb4_4&#8243; _builder_version=\u00bb4.14.7&#8243; _module_preset=\u00bbdefault\u00bb global_colors_info=\u00bb{}\u00bb][et_pb_text _builder_version=\u00bb4.14.7&#8243; _module_preset=\u00bbdefault\u00bb text_font=\u00bbOswald||||||||\u00bb text_text_color=\u00bb#d9c9c7&#8243; global_colors_info=\u00bb{}\u00bb]<\/p>\n<h1 style=\"text-align: center\"><span style=\"color: #d9c9c7\">DIARIOS METACOGNITIVOS<\/span><\/h1>\n<p>\u00a0 \u00a0 \u00a0 \u00a0 \u00a0 \u00a0 \u00a0 \u00a0 \u00a0 \u00a0 \u00a0 \u00a0 \u00a0 \u00a0 \u00a0 \u00a0 \u00a0 \u00a0 \u00a0 \u00a0 \u00a0 \u00a0 \u00a0 \u00a0 \u00a0 \u00a0 \u00a0 \u00a0 \u00a0 \u00a0 \u00a0 \u00a0 Proyecto de Dise\u00f1o de informaci\u00f3n ambiental: Manual de se\u00f1al\u00e9tica<span style=\"color: #d9c9c7\"><\/span><\/p>\n<p><span style=\"color: #d9c9c7\"><\/span><\/p>\n<p>[\/et_pb_text][\/et_pb_column][\/et_pb_row][et_pb_row column_structure=\u00bb1_2,1_2&#8243; _builder_version=\u00bb4.14.7&#8243; _module_preset=\u00bbdefault\u00bb global_colors_info=\u00bb{}\u00bb][et_pb_column type=\u00bb1_2&#8243; _builder_version=\u00bb4.14.7&#8243; _module_preset=\u00bbdefault\u00bb global_colors_info=\u00bb{}\u00bb][et_pb_text _builder_version=\u00bb4.14.7&#8243; _module_preset=\u00bbdefault\u00bb text_font=\u00bbAnnie Use Your Telescope||||||||\u00bb text_text_color=\u00bb#d9c9c7&#8243; global_colors_info=\u00bb{}\u00bb]<\/p>\n<p><span style=\"font-size: large\"><\/span><\/p>\n<p><span style=\"font-size: large\"><\/span><\/p>\n<p><span style=\"font-size: large\"><\/span><\/p>\n<p><span style=\"font-size: large\"><\/span><\/p>\n<p><span style=\"font-size: large\"><\/span><\/p>\n<p><span style=\"font-size: large\"><\/span><\/p>\n<p><span style=\"font-size: x-large\">1. Para comenzar con el proyecto, primero se debe tener en cuenta el contexto del entorno que se pretende intervenir, desde definir \u00bfCu\u00e1l es el proyecto? hasta redactar las ideas visuales de la soluci\u00f3n de Dise\u00f1o de informaci\u00f3n.<\/span><\/p>\n<p>[\/et_pb_text][et_pb_image src=\u00bbhttp:\/\/dcv.artcom.mx\/pda\/1160624\/wp-content\/uploads\/sites\/7\/2022\/04\/Documento-de-ideacion_page-0001.jpg\u00bb title_text=\u00bbDocumento de ideaci\u00f3n_page-0001&#8243; _builder_version=\u00bb4.14.7&#8243; _module_preset=\u00bbdefault\u00bb box_shadow_style=\u00bbpreset2&#8243; global_colors_info=\u00bb{}\u00bb][\/et_pb_image][et_pb_text _builder_version=\u00bb4.14.7&#8243; _module_preset=\u00bbdefault\u00bb text_font=\u00bbAnnie Use Your Telescope||||||||\u00bb text_text_color=\u00bb#d9c9c7&#8243; global_colors_info=\u00bb{}\u00bb]<\/p>\n<p><span style=\"font-size: x-large\">3. Un croquis del lugar a intervenir es muy buena idea para saber donde ubicar las se\u00f1ales que se dise\u00f1ar\u00e1n, por eso es que consegu\u00ed uno del comedor. Y s\u00ed&#8230; tambi\u00e9n bocet\u00e9 uno.<\/span><\/p>\n<p>[\/et_pb_text][et_pb_image src=\u00bbhttp:\/\/dcv.artcom.mx\/pda\/1160624\/wp-content\/uploads\/sites\/7\/2022\/04\/Documento-de-ideacion_page-0010.jpg\u00bb _builder_version=\u00bb4.14.7&#8243; _module_preset=\u00bbdefault\u00bb title_text=\u00bbDocumento de ideaci\u00f3n_page-0010&#8243; hover_enabled=\u00bb0&#8243; sticky_enabled=\u00bb0&#8243;][\/et_pb_image][et_pb_text _builder_version=\u00bb4.14.7&#8243; _module_preset=\u00bbdefault\u00bb text_font=\u00bbAnnie Use Your Telescope||||||||\u00bb text_text_color=\u00bb#d9c9c7&#8243; global_colors_info=\u00bb{}\u00bb]<\/p>\n<p><span style=\"font-size: x-large\">5. Posterior a esto se comenz\u00f3 a bocetar las se\u00f1ales que se iban a usar.<\/span><\/p>\n<p>[\/et_pb_text][et_pb_gallery _builder_version=\u00bb4.14.7&#8243; _module_preset=\u00bbdefault\u00bb gallery_ids=\u00bb856,855&#8243; fullwidth=\u00bbon\u00bb box_shadow_style=\u00bbpreset2&#8243; hover_enabled=\u00bb0&#8243; sticky_enabled=\u00bb0&#8243;][\/et_pb_gallery][et_pb_text _builder_version=\u00bb4.14.7&#8243; _module_preset=\u00bbdefault\u00bb text_font=\u00bbAnnie Use Your Telescope||||||||\u00bb text_text_color=\u00bb#d9c9c7&#8243; global_colors_info=\u00bb{}\u00bb]<\/p>\n<p><span style=\"font-size: x-large\">6. Luego de haber bocetado los pictogramas para las se\u00f1ales y de haber bocetado las ideas para realizar las se\u00f1ales, hice unas tablitas en las cuales clasifiqu\u00e9 las se\u00f1ales de acuerdo a su sujeci\u00f3n o colocaci\u00f3n, el \u00e1rea donde iba a ser colocada, si lleva texto e incluso la cantidad de se\u00f1ales que se har\u00edan.<\/span><\/p>\n<p>[\/et_pb_text][et_pb_text _builder_version=\u00bb4.14.7&#8243; _module_preset=\u00bbdefault\u00bb text_font=\u00bbOswald||||||||\u00bb text_text_color=\u00bb#d9c9c7&#8243; global_colors_info=\u00bb{}\u00bb]<\/p>\n<h1 style=\"text-align: center\"><span style=\"color: #d9c9c7\"><\/span><\/h1>\n<h1 style=\"text-align: center\"><span style=\"color: #d9c9c7\">RESULTADO FINAL <\/span><\/h1>\n<h1 style=\"text-align: center\"><span style=\"color: #d9c9c7\">DEL MANUAL <\/span><\/h1>\n<h1 style=\"text-align: center\"><span style=\"color: #d9c9c7\">DE SE\u00d1AL\u00c9TICA<\/span><\/h1>\n<p><span style=\"color: #d9c9c7\"><\/span><\/p>\n<p>\u00a0 \u00a0 \u00a0 \u00a0 \u00a0 \u00a0 \u00a0 \u00a0 \u00a0 \u00a0 \u00a0 \u00a0 \u00a0 \u00a0 \u00a0 \u00a0 \u00a0 \u00a0 \u00a0 \u00a0 \u00a0 \u00a0 \u00a0 \u00a0 \u00a0 \u00a0 \u00a0 \u00a0 \u00a0 \u00a0 \u00a0 \u00a0<span style=\"color: #d9c9c7\"><\/span><\/p>\n<p><span style=\"color: #d9c9c7\"><\/span><\/p>\n<p>[\/et_pb_text][et_pb_text _builder_version=\u00bb4.14.7&#8243; _module_preset=\u00bbdefault\u00bb text_font=\u00bbAnnie Use Your Telescope||||||||\u00bb text_text_color=\u00bb#d9c9c7&#8243; global_colors_info=\u00bb{}\u00bb]<\/p>\n<p><span style=\"font-size: x-large\">7. Finalmente se realizaron las se\u00f1ales y el manual de se\u00f1al\u00e9tica presentado a continuaci\u00f3n que en realidad solo es una vista previa.<\/span><\/p>\n<p>[\/et_pb_text][et_pb_gallery _builder_version=\u00bb4.14.7&#8243; _module_preset=\u00bbdefault\u00bb gallery_ids=\u00bb869,870,871,872,873,874,875,876,877,878,879,880,881,882,883&#8243; fullwidth=\u00bbon\u00bb box_shadow_style=\u00bbpreset2&#8243; hover_enabled=\u00bb0&#8243; sticky_enabled=\u00bb0&#8243;][\/et_pb_gallery][\/et_pb_column][et_pb_column type=\u00bb1_2&#8243; _builder_version=\u00bb4.14.7&#8243; _module_preset=\u00bbdefault\u00bb global_colors_info=\u00bb{}\u00bb][et_pb_image src=\u00bbhttp:\/\/dcv.artcom.mx\/pda\/1160624\/wp-content\/uploads\/sites\/7\/2022\/04\/Documento-de-ideacion_page-0002.jpg\u00bb title_text=\u00bbDocumento de ideaci\u00f3n_page-0002&#8243; _builder_version=\u00bb4.14.7&#8243; _module_preset=\u00bbdefault\u00bb hover_enabled=\u00bb0&#8243; global_colors_info=\u00bb{}\u00bb box_shadow_style=\u00bbpreset2&#8243; sticky_enabled=\u00bb0&#8243;][\/et_pb_image][et_pb_text _builder_version=\u00bb4.14.7&#8243; _module_preset=\u00bbdefault\u00bb text_font=\u00bbAnnie Use Your Telescope||||||||\u00bb text_text_color=\u00bb#d9c9c7&#8243; global_colors_info=\u00bb{}\u00bb]<\/p>\n<p><span style=\"font-size: x-large\">2. Fue muy importante agregar y tomar en cuenta las ideas visuales que fueron de ayuda al momento de crear el proyecto.<\/span><\/p>\n<p>[\/et_pb_text][et_pb_gallery _builder_version=\u00bb4.14.7&#8243; _module_preset=\u00bbdefault\u00bb gallery_ids=\u00bb845,846,857&#8243; fullwidth=\u00bbon\u00bb box_shadow_style=\u00bbpreset2&#8243; hover_enabled=\u00bb0&#8243; sticky_enabled=\u00bb0&#8243;][\/et_pb_gallery][et_pb_text _builder_version=\u00bb4.14.7&#8243; _module_preset=\u00bbdefault\u00bb text_font=\u00bbAnnie Use Your Telescope||||||||\u00bb text_text_color=\u00bb#d9c9c7&#8243; global_colors_info=\u00bb{}\u00bb]<\/p>\n<p><span style=\"font-size: x-large\">4. En este proyecto se clasificaron los elementos que se iban a dise\u00f1ar: Orientaci\u00f3n, informaci\u00f3n y regulaci\u00f3n.<\/span><\/p>\n<p>[\/et_pb_text][et_pb_image src=\u00bbhttp:\/\/dcv.artcom.mx\/pda\/1160624\/wp-content\/uploads\/sites\/7\/2022\/04\/Documento-de-ideacion_page-0009.jpg\u00bb _builder_version=\u00bb4.14.7&#8243; _module_preset=\u00bbdefault\u00bb title_text=\u00bbDocumento de ideaci\u00f3n_page-0009&#8243; box_shadow_style=\u00bbpreset2&#8243; hover_enabled=\u00bb0&#8243; sticky_enabled=\u00bb0&#8243;][\/et_pb_image][et_pb_gallery _builder_version=\u00bb4.14.7&#8243; _module_preset=\u00bbdefault\u00bb gallery_ids=\u00bb860,861,862&#8243; fullwidth=\u00bbon\u00bb box_shadow_style=\u00bbpreset2&#8243; hover_enabled=\u00bb0&#8243; sticky_enabled=\u00bb0&#8243;][\/et_pb_gallery][et_pb_text _builder_version=\u00bb4.14.7&#8243; _module_preset=\u00bbdefault\u00bb text_font=\u00bbOswald||||||||\u00bb text_text_color=\u00bb#d9c9c7&#8243; global_colors_info=\u00bb{}\u00bb]<\/p>\n<h1 style=\"text-align: center\"><span style=\"color: #d9c9c7\"><\/span><\/h1>\n<h1 style=\"text-align: center\"><span style=\"color: #d9c9c7\">RESULTADO FINAL DEL DISE\u00d1O DE INFORMACI\u00d3N\u00a0<\/span><\/h1>\n<p><span style=\"color: #d9c9c7\"><\/span><\/p>\n<p>\u00a0 \u00a0 \u00a0 \u00a0 \u00a0 \u00a0 \u00a0 \u00a0 \u00a0 \u00a0 \u00a0 \u00a0 \u00a0 \u00a0 \u00a0 \u00a0 \u00a0 \u00a0 \u00a0 \u00a0 \u00a0 \u00a0 \u00a0 \u00a0 \u00a0 \u00a0 \u00a0 \u00a0 \u00a0 \u00a0 \u00a0 \u00a0<span style=\"color: #d9c9c7\"><\/span><\/p>\n<p><span style=\"color: #d9c9c7\"><\/span><\/p>\n<p>[\/et_pb_text][et_pb_video _builder_version=\u00bb4.14.7&#8243; _module_preset=\u00bbdefault\u00bb src=\u00bbhttps:\/\/youtu.be\/QrmeOGusy2k\u00bb hover_enabled=\u00bb0&#8243; sticky_enabled=\u00bb0&#8243;][\/et_pb_video][et_pb_text _builder_version=\u00bb4.14.7&#8243; _module_preset=\u00bbdefault\u00bb text_font=\u00bbAnnie Use Your Telescope||||||||\u00bb text_text_color=\u00bb#d9c9c7&#8243; global_colors_info=\u00bb{}\u00bb][\/et_pb_text][\/et_pb_column][\/et_pb_row][\/et_pb_section]<\/p>\n","protected":false},"excerpt":{"rendered":"<p>DIARIOS METACOGNITIVOS \u00a0 \u00a0 \u00a0 \u00a0 \u00a0 \u00a0 \u00a0 \u00a0 \u00a0 \u00a0 \u00a0 \u00a0 \u00a0 \u00a0 \u00a0 \u00a0 \u00a0 \u00a0 \u00a0 \u00a0 \u00a0 \u00a0 \u00a0 \u00a0 \u00a0 \u00a0 \u00a0 \u00a0 \u00a0 \u00a0 \u00a0 \u00a0 Proyecto de Dise\u00f1o de informaci\u00f3n ambiental: Manual de se\u00f1al\u00e9tica 1. Para comenzar con el proyecto, primero se debe tener en cuenta [&hellip;]<\/p>\n","protected":false},"author":11,"featured_media":0,"parent":162,"menu_order":2,"comment_status":"closed","ping_status":"closed","template":"","meta":{"_et_pb_use_builder":"on","_et_pb_old_content":"<!-- wp:divi\/placeholder \/-->","_et_gb_content_width":"","inline_featured_image":false,"footnotes":""},"_links":{"self":[{"href":"https:\/\/dcv.artcom.mx\/pda\/1160624\/wp-json\/wp\/v2\/pages\/67"}],"collection":[{"href":"https:\/\/dcv.artcom.mx\/pda\/1160624\/wp-json\/wp\/v2\/pages"}],"about":[{"href":"https:\/\/dcv.artcom.mx\/pda\/1160624\/wp-json\/wp\/v2\/types\/page"}],"author":[{"embeddable":true,"href":"https:\/\/dcv.artcom.mx\/pda\/1160624\/wp-json\/wp\/v2\/users\/11"}],"replies":[{"embeddable":true,"href":"https:\/\/dcv.artcom.mx\/pda\/1160624\/wp-json\/wp\/v2\/comments?post=67"}],"version-history":[{"count":22,"href":"https:\/\/dcv.artcom.mx\/pda\/1160624\/wp-json\/wp\/v2\/pages\/67\/revisions"}],"predecessor-version":[{"id":884,"href":"https:\/\/dcv.artcom.mx\/pda\/1160624\/wp-json\/wp\/v2\/pages\/67\/revisions\/884"}],"up":[{"embeddable":true,"href":"https:\/\/dcv.artcom.mx\/pda\/1160624\/wp-json\/wp\/v2\/pages\/162"}],"wp:attachment":[{"href":"https:\/\/dcv.artcom.mx\/pda\/1160624\/wp-json\/wp\/v2\/media?parent=67"}],"curies":[{"name":"wp","href":"https:\/\/api.w.org\/{rel}","templated":true}]}}