{"id":165,"date":"2020-03-03T22:36:20","date_gmt":"2020-03-04T04:36:20","guid":{"rendered":"http:\/\/pdadcv.artcom.mx\/portafolio-demo\/?page_id=17"},"modified":"2022-05-10T22:00:39","modified_gmt":"2022-05-10T22:00:39","slug":"investigaciones","status":"publish","type":"page","link":"https:\/\/dcv.artcom.mx\/pda\/1160624\/investigaciones\/","title":{"rendered":"Investigaciones"},"content":{"rendered":"<p>[et_pb_section fb_built=\u00bb1&#8243; _builder_version=\u00bb4.14.7&#8243; _module_preset=\u00bbdefault\u00bb hover_enabled=\u00bb0&#8243; global_colors_info=\u00bb{}\u00bb background_color=\u00bb#a69b97&#8243; sticky_enabled=\u00bb0&#8243;][et_pb_row _builder_version=\u00bb4.9.4&#8243; _module_preset=\u00bbdefault\u00bb global_colors_info=\u00bb{}\u00bb][et_pb_column type=\u00bb4_4&#8243; _builder_version=\u00bb4.9.4&#8243; _module_preset=\u00bbdefault\u00bb global_colors_info=\u00bb{}\u00bb][et_pb_text _builder_version=\u00bb4.14.7&#8243; _module_preset=\u00bbdefault\u00bb text_font=\u00bbOswald||||||||\u00bb text_text_color=\u00bb#d9c9c7&#8243; text_font_size=\u00bb49px\u00bb header_font=\u00bbOswald||||||||\u00bb hover_enabled=\u00bb0&#8243; global_colors_info=\u00bb{}\u00bb sticky_enabled=\u00bb0&#8243;]<\/p>\n<p style=\"text-align: center\">INVESTIGACI\u00d3N<\/p>\n<p>[\/et_pb_text][\/et_pb_column][\/et_pb_row][\/et_pb_section][et_pb_section fb_built=\u00bb1&#8243; _builder_version=\u00bb4.14.7&#8243; _module_preset=\u00bbdefault\u00bb hover_enabled=\u00bb0&#8243; global_colors_info=\u00bb{}\u00bb use_background_color_gradient=\u00bbon\u00bb background_color_gradient_start=\u00bb#a69b97&#8243; background_color_gradient_end=\u00bb#bf907e\u00bb sticky_enabled=\u00bb0&#8243;][et_pb_row _builder_version=\u00bb4.9.4&#8243; _module_preset=\u00bbdefault\u00bb global_colors_info=\u00bb{}\u00bb][et_pb_column type=\u00bb4_4&#8243; _builder_version=\u00bb4.9.4&#8243; _module_preset=\u00bbdefault\u00bb global_colors_info=\u00bb{}\u00bb][et_pb_text _builder_version=\u00bb4.14.7&#8243; _module_preset=\u00bbdefault\u00bb text_font=\u00bbOswald||||||||\u00bb text_font_size=\u00bb23px\u00bb hover_enabled=\u00bb0&#8243; global_colors_info=\u00bb{}\u00bb text_text_color=\u00bb#d9c9c7&#8243; sticky_enabled=\u00bb0&#8243;]<\/p>\n<p>L\u00ednea de investigaci\u00f3n<\/p>\n<p>[\/et_pb_text][\/et_pb_column][\/et_pb_row][et_pb_row column_structure=\u00bb1_2,1_2&#8243; _builder_version=\u00bb4.9.4&#8243; _module_preset=\u00bbdefault\u00bb custom_padding=\u00bb10px|||||\u00bb global_colors_info=\u00bb{}\u00bb][et_pb_column type=\u00bb1_2&#8243; _builder_version=\u00bb4.9.4&#8243; _module_preset=\u00bbdefault\u00bb global_colors_info=\u00bb{}\u00bb][et_pb_text _builder_version=\u00bb4.14.7&#8243; _module_preset=\u00bbdefault\u00bb text_font=\u00bbAbel||||||||\u00bb text_text_color=\u00bb#d9c9c7&#8243; text_font_size=\u00bb22px\u00bb hover_enabled=\u00bb0&#8243; global_colors_info=\u00bb{}\u00bb sticky_enabled=\u00bb0&#8243; inline_fonts=\u00bbAnnie Use Your Telescope\u00bb]<\/p>\n<p><span style=\"font-weight: 400\"><strong>Tema:<\/strong> <span style=\"font-family: 'Annie Use Your Telescope'\">Violencia de G\u00e9nero autoestima y s\u00edntomas de trastorno de estr\u00e9s postraum\u00e1tico <\/span><\/span><span style=\"font-size: 22px;font-family: 'Annie Use Your Telescope'\">en mujeres que est\u00e1n o han estado en una relaci\u00f3n de pareja<\/span><\/p>\n<p><span style=\"font-weight: 400\"><strong>Docente\/Investigador principal:<\/strong><\/span><\/p>\n<p><span style=\"font-weight: normal;font-family: 'Annie Use Your Telescope'\">Zandra E. Covarrubias Quintero\/ Nitzia Z. Duran\/ Cozby Garc\u00eda\/ Kiara Gonzalez\/ Erik Yudiel\/ Iris Virgen<\/span><\/p>\n<p><span style=\"font-weight: 400\"><strong>Docente\/Investigador principal: <\/strong><span style=\"font-family: 'Annie Use Your Telescope';font-weight: normal\">Fapsi<\/span><\/span><\/p>\n<p><span style=\"font-weight: 400\"><strong><\/strong><\/span><br \/><span style=\"font-weight: 400\"><\/span><\/p>\n<p><span style=\"font-weight: 400\"><\/span><\/p>\n<p>[\/et_pb_text][\/et_pb_column][et_pb_column type=\u00bb1_2&#8243; _builder_version=\u00bb4.9.4&#8243; _module_preset=\u00bbdefault\u00bb global_colors_info=\u00bb{}\u00bb][et_pb_text _builder_version=\u00bb4.14.7&#8243; _module_preset=\u00bbdefault\u00bb text_font=\u00bbOswald||||||||\u00bb text_font_size=\u00bb23px\u00bb hover_enabled=\u00bb0&#8243; global_colors_info=\u00bb{}\u00bb text_text_color=\u00bb#d9c9c7&#8243; sticky_enabled=\u00bb0&#8243; min_height=\u00bb51.8px\u00bb]<\/p>\n<p>Aportes: <span style=\"font-weight: 400\"><span style=\"font-family: 'Annie Use Your Telescope'\">Estoy realizando la identidad visual de la campa\u00f1a contra \u00abTrastorno de estr\u00e9s postraum\u00e1tico\u00bb y tambi\u00e9n este semestre presentamos nuestra investigaci\u00f3n en la feria de investigaci\u00f3n.<\/span><\/span><\/p>\n<p>[\/et_pb_text][et_pb_gallery _builder_version=\u00bb4.14.7&#8243; _module_preset=\u00bbdefault\u00bb gallery_ids=\u00bb1060,1061&#8243; fullwidth=\u00bbon\u00bb hover_enabled=\u00bb0&#8243; sticky_enabled=\u00bb0&#8243;][\/et_pb_gallery][\/et_pb_column][\/et_pb_row][\/et_pb_section]<\/p>\n","protected":false},"excerpt":{"rendered":"<p>INVESTIGACI\u00d3NL\u00ednea de investigaci\u00f3nTema: Violencia de G\u00e9nero autoestima y s\u00edntomas de trastorno de estr\u00e9s postraum\u00e1tico en mujeres que est\u00e1n o han estado en una relaci\u00f3n de pareja Docente\/Investigador principal: Zandra E. Covarrubias Quintero\/ Nitzia Z. Duran\/ Cozby Garc\u00eda\/ Kiara Gonzalez\/ Erik Yudiel\/ Iris Virgen Docente\/Investigador principal: Fapsi Aportes: Estoy realizando la identidad visual de la campa\u00f1a [&hellip;]<\/p>\n","protected":false},"author":11,"featured_media":0,"parent":0,"menu_order":7,"comment_status":"closed","ping_status":"closed","template":"","meta":{"_et_pb_use_builder":"on","_et_pb_old_content":"<!-- wp:divi\/placeholder \/-->","_et_gb_content_width":"","inline_featured_image":false,"footnotes":""},"_links":{"self":[{"href":"https:\/\/dcv.artcom.mx\/pda\/1160624\/wp-json\/wp\/v2\/pages\/165"}],"collection":[{"href":"https:\/\/dcv.artcom.mx\/pda\/1160624\/wp-json\/wp\/v2\/pages"}],"about":[{"href":"https:\/\/dcv.artcom.mx\/pda\/1160624\/wp-json\/wp\/v2\/types\/page"}],"author":[{"embeddable":true,"href":"https:\/\/dcv.artcom.mx\/pda\/1160624\/wp-json\/wp\/v2\/users\/11"}],"replies":[{"embeddable":true,"href":"https:\/\/dcv.artcom.mx\/pda\/1160624\/wp-json\/wp\/v2\/comments?post=165"}],"version-history":[{"count":5,"href":"https:\/\/dcv.artcom.mx\/pda\/1160624\/wp-json\/wp\/v2\/pages\/165\/revisions"}],"predecessor-version":[{"id":1062,"href":"https:\/\/dcv.artcom.mx\/pda\/1160624\/wp-json\/wp\/v2\/pages\/165\/revisions\/1062"}],"wp:attachment":[{"href":"https:\/\/dcv.artcom.mx\/pda\/1160624\/wp-json\/wp\/v2\/media?parent=165"}],"curies":[{"name":"wp","href":"https:\/\/api.w.org\/{rel}","templated":true}]}}