{"id":164,"date":"2020-03-03T22:35:51","date_gmt":"2020-03-04T04:35:51","guid":{"rendered":"http:\/\/pdadcv.artcom.mx\/portafolio-demo\/?page_id=15"},"modified":"2022-05-10T21:33:26","modified_gmt":"2022-05-10T21:33:26","slug":"autoevaluaciones","status":"publish","type":"page","link":"https:\/\/dcv.artcom.mx\/pda\/1160624\/autoevaluaciones\/","title":{"rendered":"Autoevaluaciones"},"content":{"rendered":"<p>[et_pb_section fb_built=\u00bb1&#8243; _builder_version=\u00bb4.14.7&#8243; _module_preset=\u00bbdefault\u00bb min_height=\u00bb1326.2px\u00bb hover_enabled=\u00bb0&#8243; global_colors_info=\u00bb{}\u00bb use_background_color_gradient=\u00bbon\u00bb background_color_gradient_start=\u00bb#a69b97&#8243; background_color_gradient_end=\u00bb#bf907e\u00bb sticky_enabled=\u00bb0&#8243;][et_pb_row _builder_version=\u00bb4.9.4&#8243; _module_preset=\u00bbdefault\u00bb global_colors_info=\u00bb{}\u00bb][et_pb_column type=\u00bb4_4&#8243; _builder_version=\u00bb4.9.4&#8243; _module_preset=\u00bbdefault\u00bb global_colors_info=\u00bb{}\u00bb][et_pb_text _builder_version=\u00bb4.14.7&#8243; _module_preset=\u00bbdefault\u00bb text_font=\u00bbOswald||||||||\u00bb text_text_color=\u00bb#d9c9c7&#8243; text_font_size=\u00bb48px\u00bb hover_enabled=\u00bb0&#8243; global_colors_info=\u00bb{}\u00bb sticky_enabled=\u00bb0&#8243;]<\/p>\n<p style=\"text-align: center\">Quinto semestre<\/p>\n<p>[\/et_pb_text][\/et_pb_column][\/et_pb_row][et_pb_row _builder_version=\u00bb4.9.4&#8243; _module_preset=\u00bbdefault\u00bb global_colors_info=\u00bb{}\u00bb][et_pb_column type=\u00bb4_4&#8243; _builder_version=\u00bb4.9.4&#8243; _module_preset=\u00bbdefault\u00bb global_colors_info=\u00bb{}\u00bb][et_pb_counters _builder_version=\u00bb4.14.7&#8243; _module_preset=\u00bbdefault\u00bb background_color=\u00bb#F7EDE4&#8243; hover_enabled=\u00bb0&#8243; global_colors_info=\u00bb{}\u00bb sticky_enabled=\u00bb0&#8243; title_text_color=\u00bb#d9c9c7&#8243;][et_pb_counter percent=\u00bb95&#8243; bar_background_color=\u00bb#8c5b3e\u00bb _builder_version=\u00bb4.14.7&#8243; _module_preset=\u00bbdefault\u00bb title_font=\u00bbOswald||||||||\u00bb title_text_color=\u00bb#d9c9c7&#8243; title_font_size=\u00bb12px\u00bb percent_font=\u00bbOswald||||||||\u00bb background_color=\u00bb#F7EDE4&#8243; background_enable_color=\u00bbon\u00bb background_enable_video_mp4=\u00bbon\u00bb background_enable_video_webm=\u00bbon\u00bb hover_enabled=\u00bb0&#8243; global_colors_info=\u00bb{}\u00bb background_color_default=\u00bb#F7EDE4&#8243; background_enable_color_default=\u00bbon\u00bb parallax_default=\u00bboff\u00bb parallax_method_default=\u00bbon\u00bb bar_background_color_default=\u00bb#2ea3f2&#8243; use_percentages=\u00bbon\u00bb sticky_enabled=\u00bb0&#8243;]Taller de investigaci\u00f3n I[\/et_pb_counter][et_pb_counter percent=\u00bb70&#8243; bar_background_color=\u00bb#8c5b3e\u00bb _builder_version=\u00bb4.14.7&#8243; _module_preset=\u00bbdefault\u00bb title_font=\u00bbOswald||||||||\u00bb title_text_color=\u00bb#d9c9c7&#8243; percent_font=\u00bbOswald||||||||\u00bb background_enable_video_mp4=\u00bbon\u00bb background_enable_video_webm=\u00bbon\u00bb hover_enabled=\u00bb0&#8243; global_colors_info=\u00bb{}\u00bb background_color_default=\u00bb#F7EDE4&#8243; background_enable_color_default=\u00bbon\u00bb parallax_default=\u00bboff\u00bb parallax_method_default=\u00bbon\u00bb bar_background_color_default=\u00bb#2ea3f2&#8243; use_percentages=\u00bbon\u00bb sticky_enabled=\u00bb0&#8243;]Dise\u00f1o editorial[\/et_pb_counter][et_pb_counter percent=\u00bb75&#8243; bar_background_color=\u00bb#8c5b3e\u00bb _builder_version=\u00bb4.14.7&#8243; _module_preset=\u00bbdefault\u00bb title_font=\u00bbOswald||||||||\u00bb title_text_color=\u00bb#d9c9c7&#8243; percent_font=\u00bbOswald||||||||\u00bb background_enable_video_mp4=\u00bbon\u00bb background_enable_video_webm=\u00bbon\u00bb hover_enabled=\u00bb0&#8243; global_colors_info=\u00bb{}\u00bb background_color_default=\u00bb#F7EDE4&#8243; background_enable_color_default=\u00bbon\u00bb parallax_default=\u00bboff\u00bb parallax_method_default=\u00bbon\u00bb bar_background_color_default=\u00bb#2ea3f2&#8243; use_percentages=\u00bbon\u00bb sticky_enabled=\u00bb0&#8243;]Fotograf\u00eda comercial\u00a0[\/et_pb_counter][et_pb_counter percent=\u00bb90&#8243; bar_background_color=\u00bb#8c5b3e\u00bb _builder_version=\u00bb4.14.7&#8243; _module_preset=\u00bbdefault\u00bb title_font=\u00bbOswald||||||||\u00bb title_text_color=\u00bb#d9c9c7&#8243; percent_font=\u00bbOswald||||||||\u00bb background_enable_video_mp4=\u00bbon\u00bb background_enable_video_webm=\u00bbon\u00bb hover_enabled=\u00bb0&#8243; global_colors_info=\u00bb{}\u00bb background_color_default=\u00bb#F7EDE4&#8243; background_enable_color_default=\u00bbon\u00bb parallax_default=\u00bboff\u00bb parallax_method_default=\u00bbon\u00bb bar_background_color_default=\u00bb#2ea3f2&#8243; use_percentages=\u00bbon\u00bb sticky_enabled=\u00bb0&#8243;]Taller de producci\u00f3n audiovisual[\/et_pb_counter][et_pb_counter percent=\u00bb90&#8243; bar_background_color=\u00bb#8c5b3e\u00bb _builder_version=\u00bb4.14.7&#8243; _module_preset=\u00bbdefault\u00bb title_font=\u00bbOswald||||||||\u00bb title_text_color=\u00bb#d9c9c7&#8243; percent_font=\u00bbOswald||||||||\u00bb background_enable_video_mp4=\u00bbon\u00bb background_enable_video_webm=\u00bbon\u00bb hover_enabled=\u00bb0&#8243; global_colors_info=\u00bb{}\u00bb background_color_default=\u00bb#F7EDE4&#8243; background_enable_color_default=\u00bbon\u00bb parallax_default=\u00bboff\u00bb parallax_method_default=\u00bbon\u00bb bar_background_color_default=\u00bb#2ea3f2&#8243; use_percentages=\u00bbon\u00bb sticky_enabled=\u00bb0&#8243;]Publicidad[\/et_pb_counter][et_pb_counter percent=\u00bb90&#8243; bar_background_color=\u00bb#8c5b3e\u00bb _builder_version=\u00bb4.14.7&#8243; _module_preset=\u00bbdefault\u00bb title_font=\u00bbOswald||||||||\u00bb title_text_color=\u00bb#d9c9c7&#8243; percent_font=\u00bbOswald||||||||\u00bb background_enable_video_mp4=\u00bbon\u00bb background_enable_video_webm=\u00bbon\u00bb hover_enabled=\u00bb0&#8243; global_colors_info=\u00bb{}\u00bb background_color_default=\u00bb#F7EDE4&#8243; background_enable_color_default=\u00bbon\u00bb parallax_default=\u00bboff\u00bb parallax_method_default=\u00bbon\u00bb bar_background_color_default=\u00bb#2ea3f2&#8243; use_percentages=\u00bbon\u00bb sticky_enabled=\u00bb0&#8243;]DDIA[\/et_pb_counter][et_pb_counter percent=\u00bb90&#8243; bar_background_color=\u00bb#8c5b3e\u00bb _builder_version=\u00bb4.14.7&#8243; _module_preset=\u00bbdefault\u00bb title_font=\u00bbOswald||||||||\u00bb title_text_color=\u00bb#d9c9c7&#8243; percent_font=\u00bbOswald||||||||\u00bb background_enable_video_mp4=\u00bbon\u00bb background_enable_video_webm=\u00bbon\u00bb hover_enabled=\u00bb0&#8243; global_colors_info=\u00bb{}\u00bb background_color_default=\u00bb#F7EDE4&#8243; background_enable_color_default=\u00bbon\u00bb parallax_default=\u00bboff\u00bb parallax_method_default=\u00bbon\u00bb bar_background_color_default=\u00bb#2ea3f2&#8243; use_percentages=\u00bbon\u00bb sticky_enabled=\u00bb0&#8243;]Desarrollo personal: Gesti\u00f3n comunitaria[\/et_pb_counter][et_pb_counter percent=\u00bb90&#8243; bar_background_color=\u00bb#8c5b3e\u00bb _builder_version=\u00bb4.14.7&#8243; _module_preset=\u00bbdefault\u00bb title_font=\u00bbOswald||||||||\u00bb title_text_color=\u00bb#d9c9c7&#8243; percent_font=\u00bbOswald||||||||\u00bb background_enable_video_mp4=\u00bbon\u00bb background_enable_video_webm=\u00bbon\u00bb hover_enabled=\u00bb0&#8243; global_colors_info=\u00bb{}\u00bb background_color_default=\u00bb#F7EDE4&#8243; background_enable_color_default=\u00bbon\u00bb parallax_default=\u00bboff\u00bb parallax_method_default=\u00bbon\u00bb bar_background_color_default=\u00bb#2ea3f2&#8243; use_percentages=\u00bbon\u00bb sticky_enabled=\u00bb0&#8243;]Relaciones familiares[\/et_pb_counter][\/et_pb_counters][\/et_pb_column][\/et_pb_row][et_pb_row _builder_version=\u00bb4.9.4&#8243; _module_preset=\u00bbdefault\u00bb global_colors_info=\u00bb{}\u00bb][et_pb_column type=\u00bb4_4&#8243; _builder_version=\u00bb4.9.4&#8243; _module_preset=\u00bbdefault\u00bb global_colors_info=\u00bb{}\u00bb][et_pb_text _builder_version=\u00bb4.14.7&#8243; _module_preset=\u00bbdefault\u00bb text_font=\u00bbOswald||||||||\u00bb text_text_color=\u00bb#d9c9c7&#8243; text_font_size=\u00bb48px\u00bb hover_enabled=\u00bb0&#8243; global_colors_info=\u00bb{}\u00bb sticky_enabled=\u00bb0&#8243;]<\/p>\n<p style=\"text-align: center\">Sexto semestre<\/p>\n<p>[\/et_pb_text][\/et_pb_column][\/et_pb_row][et_pb_row _builder_version=\u00bb4.9.4&#8243; _module_preset=\u00bbdefault\u00bb hover_enabled=\u00bb0&#8243; global_colors_info=\u00bb{}\u00bb sticky_enabled=\u00bb0&#8243;][et_pb_column type=\u00bb4_4&#8243; _builder_version=\u00bb4.9.4&#8243; _module_preset=\u00bbdefault\u00bb global_colors_info=\u00bb{}\u00bb][et_pb_counters _builder_version=\u00bb4.14.7&#8243; _module_preset=\u00bbdefault\u00bb background_color=\u00bb#F7EDE4&#8243; hover_enabled=\u00bb0&#8243; global_colors_info=\u00bb{}\u00bb sticky_enabled=\u00bb0&#8243; title_text_color=\u00bb#d9c9c7&#8243;][et_pb_counter percent=\u00bb70&#8243; bar_background_color=\u00bb#8c5b3e\u00bb _builder_version=\u00bb4.14.7&#8243; _module_preset=\u00bbdefault\u00bb title_font=\u00bbOswald||||||||\u00bb title_text_color=\u00bb#d9c9c7&#8243; title_font_size=\u00bb12px\u00bb percent_font=\u00bbOswald||||||||\u00bb background_color=\u00bb#F7EDE4&#8243; background_enable_color=\u00bbon\u00bb background_enable_video_mp4=\u00bbon\u00bb background_enable_video_webm=\u00bbon\u00bb hover_enabled=\u00bb0&#8243; global_colors_info=\u00bb{}\u00bb background_color_default=\u00bb#F7EDE4&#8243; background_enable_color_default=\u00bbon\u00bb parallax_default=\u00bboff\u00bb parallax_method_default=\u00bbon\u00bb bar_background_color_default=\u00bb#2ea3f2&#8243; use_percentages=\u00bbon\u00bb sticky_enabled=\u00bb0&#8243;]Dise\u00f1o contempor\u00e1neo[\/et_pb_counter][et_pb_counter percent=\u00bb70&#8243; bar_background_color=\u00bb#8c5b3e\u00bb _builder_version=\u00bb4.14.7&#8243; _module_preset=\u00bbdefault\u00bb title_font=\u00bbOswald||||||||\u00bb title_text_color=\u00bb#d9c9c7&#8243; percent_font=\u00bbOswald||||||||\u00bb background_enable_video_mp4=\u00bbon\u00bb background_enable_video_webm=\u00bbon\u00bb hover_enabled=\u00bb0&#8243; global_colors_info=\u00bb{}\u00bb background_color_default=\u00bb#F7EDE4&#8243; background_enable_color_default=\u00bbon\u00bb parallax_default=\u00bboff\u00bb parallax_method_default=\u00bbon\u00bb bar_background_color_default=\u00bb#2ea3f2&#8243; use_percentages=\u00bbon\u00bb sticky_enabled=\u00bb0&#8243;]Publicaciones digitales[\/et_pb_counter][et_pb_counter percent=\u00bb75&#8243; bar_background_color=\u00bb#8c5b3e\u00bb _builder_version=\u00bb4.14.7&#8243; _module_preset=\u00bbdefault\u00bb title_font=\u00bbOswald||||||||\u00bb title_text_color=\u00bb#d9c9c7&#8243; percent_font=\u00bbOswald||||||||\u00bb background_enable_video_mp4=\u00bbon\u00bb background_enable_video_webm=\u00bbon\u00bb hover_enabled=\u00bb0&#8243; global_colors_info=\u00bb{}\u00bb background_color_default=\u00bb#F7EDE4&#8243; background_enable_color_default=\u00bbon\u00bb parallax_default=\u00bboff\u00bb parallax_method_default=\u00bbon\u00bb bar_background_color_default=\u00bb#2ea3f2&#8243; use_percentages=\u00bbon\u00bb sticky_enabled=\u00bb0&#8243;]Literatura apocal\u00edptica del antiguo testamento\u00a0[\/et_pb_counter][et_pb_counter percent=\u00bb90&#8243; bar_background_color=\u00bb#8c5b3e\u00bb _builder_version=\u00bb4.14.7&#8243; _module_preset=\u00bbdefault\u00bb title_font=\u00bbOswald||||||||\u00bb title_text_color=\u00bb#d9c9c7&#8243; percent_font=\u00bbOswald||||||||\u00bb background_enable_video_mp4=\u00bbon\u00bb background_enable_video_webm=\u00bbon\u00bb hover_enabled=\u00bb0&#8243; global_colors_info=\u00bb{}\u00bb background_color_default=\u00bb#F7EDE4&#8243; background_enable_color_default=\u00bbon\u00bb parallax_default=\u00bboff\u00bb parallax_method_default=\u00bbon\u00bb bar_background_color_default=\u00bb#2ea3f2&#8243; use_percentages=\u00bbon\u00bb sticky_enabled=\u00bb0&#8243;]Dise\u00f1o gr\u00e1fico tridimensional[\/et_pb_counter][et_pb_counter percent=\u00bb75&#8243; bar_background_color=\u00bb#8c5b3e\u00bb _builder_version=\u00bb4.14.7&#8243; _module_preset=\u00bbdefault\u00bb title_font=\u00bbOswald||||||||\u00bb title_text_color=\u00bb#d9c9c7&#8243; percent_font=\u00bbOswald||||||||\u00bb background_enable_video_mp4=\u00bbon\u00bb background_enable_video_webm=\u00bbon\u00bb hover_enabled=\u00bb0&#8243; global_colors_info=\u00bb{}\u00bb background_color_default=\u00bb#F7EDE4&#8243; background_enable_color_default=\u00bbon\u00bb parallax_default=\u00bboff\u00bb parallax_method_default=\u00bbon\u00bb bar_background_color_default=\u00bb#2ea3f2&#8243; use_percentages=\u00bbon\u00bb sticky_enabled=\u00bb0&#8243;]Desarrollo personal: Visi\u00f3n de servicio[\/et_pb_counter][et_pb_counter percent=\u00bb90&#8243; bar_background_color=\u00bb#8c5b3e\u00bb _builder_version=\u00bb4.14.7&#8243; _module_preset=\u00bbdefault\u00bb title_font=\u00bbOswald||||||||\u00bb title_text_color=\u00bb#d9c9c7&#8243; percent_font=\u00bbOswald||||||||\u00bb background_enable_video_mp4=\u00bbon\u00bb background_enable_video_webm=\u00bbon\u00bb hover_enabled=\u00bb0&#8243; global_colors_info=\u00bb{}\u00bb background_color_default=\u00bb#F7EDE4&#8243; background_enable_color_default=\u00bbon\u00bb parallax_default=\u00bboff\u00bb parallax_method_default=\u00bbon\u00bb bar_background_color_default=\u00bb#2ea3f2&#8243; use_percentages=\u00bbon\u00bb sticky_enabled=\u00bb0&#8243;]Taller de investigaci\u00f3n II[\/et_pb_counter][et_pb_counter percent=\u00bb90&#8243; bar_background_color=\u00bb#8c5b3e\u00bb _builder_version=\u00bb4.14.7&#8243; _module_preset=\u00bbdefault\u00bb title_font=\u00bbOswald||||||||\u00bb title_text_color=\u00bb#d9c9c7&#8243; percent_font=\u00bbOswald||||||||\u00bb background_enable_video_mp4=\u00bbon\u00bb background_enable_video_webm=\u00bbon\u00bb hover_enabled=\u00bb0&#8243; global_colors_info=\u00bb{}\u00bb background_color_default=\u00bb#F7EDE4&#8243; background_enable_color_default=\u00bbon\u00bb parallax_default=\u00bboff\u00bb parallax_method_default=\u00bbon\u00bb bar_background_color_default=\u00bb#2ea3f2&#8243; use_percentages=\u00bbon\u00bb sticky_enabled=\u00bb0&#8243;]Branding[\/et_pb_counter][et_pb_counter percent=\u00bb90&#8243; bar_background_color=\u00bb#8c5b3e\u00bb _builder_version=\u00bb4.14.7&#8243; _module_preset=\u00bbdefault\u00bb title_font=\u00bbOswald||||||||\u00bb title_text_color=\u00bb#d9c9c7&#8243; percent_font=\u00bbOswald||||||||\u00bb background_enable_video_mp4=\u00bbon\u00bb background_enable_video_webm=\u00bbon\u00bb hover_enabled=\u00bb0&#8243; global_colors_info=\u00bb{}\u00bb background_color_default=\u00bb#F7EDE4&#8243; background_enable_color_default=\u00bbon\u00bb parallax_default=\u00bboff\u00bb parallax_method_default=\u00bbon\u00bb bar_background_color_default=\u00bb#2ea3f2&#8243; use_percentages=\u00bbon\u00bb sticky_enabled=\u00bb0&#8243;]Gesti\u00f3n profesional[\/et_pb_counter][\/et_pb_counters][\/et_pb_column][\/et_pb_row][\/et_pb_section]<\/p>\n","protected":false},"excerpt":{"rendered":"<p>Quinto semestreTaller de investigaci\u00f3n IDise\u00f1o editorialFotograf\u00eda comercial\u00a0Taller de producci\u00f3n audiovisualPublicidadDDIADesarrollo personal: Gesti\u00f3n comunitariaRelaciones familiaresSexto semestreDise\u00f1o contempor\u00e1neoPublicaciones digitalesLiteratura apocal\u00edptica del antiguo testamento\u00a0Dise\u00f1o gr\u00e1fico tridimensionalDesarrollo personal: Visi\u00f3n de servicioTaller de investigaci\u00f3n IIBrandingGesti\u00f3n profesional<\/p>\n","protected":false},"author":11,"featured_media":0,"parent":0,"menu_order":6,"comment_status":"closed","ping_status":"closed","template":"","meta":{"_et_pb_use_builder":"on","_et_pb_old_content":"<!-- wp:divi\/placeholder \/-->","_et_gb_content_width":"","inline_featured_image":false,"footnotes":""},"_links":{"self":[{"href":"https:\/\/dcv.artcom.mx\/pda\/1160624\/wp-json\/wp\/v2\/pages\/164"}],"collection":[{"href":"https:\/\/dcv.artcom.mx\/pda\/1160624\/wp-json\/wp\/v2\/pages"}],"about":[{"href":"https:\/\/dcv.artcom.mx\/pda\/1160624\/wp-json\/wp\/v2\/types\/page"}],"author":[{"embeddable":true,"href":"https:\/\/dcv.artcom.mx\/pda\/1160624\/wp-json\/wp\/v2\/users\/11"}],"replies":[{"embeddable":true,"href":"https:\/\/dcv.artcom.mx\/pda\/1160624\/wp-json\/wp\/v2\/comments?post=164"}],"version-history":[{"count":14,"href":"https:\/\/dcv.artcom.mx\/pda\/1160624\/wp-json\/wp\/v2\/pages\/164\/revisions"}],"predecessor-version":[{"id":1057,"href":"https:\/\/dcv.artcom.mx\/pda\/1160624\/wp-json\/wp\/v2\/pages\/164\/revisions\/1057"}],"wp:attachment":[{"href":"https:\/\/dcv.artcom.mx\/pda\/1160624\/wp-json\/wp\/v2\/media?parent=164"}],"curies":[{"name":"wp","href":"https:\/\/api.w.org\/{rel}","templated":true}]}}