{"id":160,"date":"2020-03-03T22:17:35","date_gmt":"2020-03-04T04:17:35","guid":{"rendered":"http:\/\/pdadcv.artcom.mx\/portafolio-demo\/?page_id=7"},"modified":"2022-04-01T21:38:22","modified_gmt":"2022-04-01T21:38:22","slug":"mi-carrera","status":"publish","type":"page","link":"https:\/\/dcv.artcom.mx\/pda\/1160624\/mi-carrera\/","title":{"rendered":"Mi carrera"},"content":{"rendered":"<p>[et_pb_section fb_built=\u00bb1&#8243; admin_label=\u00bbStats\u00bb _builder_version=\u00bb4.14.7&#8243; background_color=\u00bb#FFFFFF\u00bb use_background_color_gradient=\u00bbon\u00bb background_color_gradient_start=\u00bb#a69b97&#8243; background_color_gradient_end=\u00bb#bf907e\u00bb min_height=\u00bb3205.3px\u00bb custom_padding=\u00bb60px|0px|120px|0px\u00bb global_colors_info=\u00bb{}\u00bb theme_builder_area=\u00bbpost_content\u00bb][et_pb_row _builder_version=\u00bb4.14.7&#8243; _module_preset=\u00bbdefault\u00bb global_colors_info=\u00bb{}\u00bb theme_builder_area=\u00bbpost_content\u00bb][et_pb_column type=\u00bb4_4&#8243; _builder_version=\u00bb4.14.7&#8243; _module_preset=\u00bbdefault\u00bb global_colors_info=\u00bb{}\u00bb theme_builder_area=\u00bbpost_content\u00bb][et_pb_text _builder_version=\u00bb4.14.7&#8243; _module_preset=\u00bbdefault\u00bb text_font=\u00bbOswald||||||||\u00bb text_text_color=\u00bb#d9c9c7&#8243; global_colors_info=\u00bb{}\u00bb theme_builder_area=\u00bbpost_content\u00bb]<\/p>\n<h1 style=\"text-align: center\"><span style=\"color: #d9c9c7\">MI CARRERA<\/span><\/h1>\n<p>[\/et_pb_text][\/et_pb_column][\/et_pb_row][et_pb_row column_structure=\u00bb2_3,1_3&#8243; _builder_version=\u00bb4.14.7&#8243; _module_preset=\u00bbdefault\u00bb global_colors_info=\u00bb{}\u00bb theme_builder_area=\u00bbpost_content\u00bb][et_pb_column type=\u00bb2_3&#8243; _builder_version=\u00bb4.14.7&#8243; _module_preset=\u00bbdefault\u00bb global_colors_info=\u00bb{}\u00bb theme_builder_area=\u00bbpost_content\u00bb][et_pb_text _builder_version=\u00bb4.14.7&#8243; _module_preset=\u00bbdefault\u00bb text_font=\u00bbAnnie Use Your Telescope||||||||\u00bb text_text_color=\u00bb#d9c9c7&#8243; text_font_size=\u00bb20px\u00bb text_line_height=\u00bb1.8em\u00bb inline_fonts=\u00bbAnnie Use Your Telescope\u00bb global_colors_info=\u00bb{}\u00bb theme_builder_area=\u00bbpost_content\u00bb]<\/p>\n<p><span style=\"font-weight: normal;font-family: 'Annie Use Your Telescope'\"><\/span><\/p>\n<p><span style=\"font-weight: normal;font-family: 'Annie Use Your Telescope'\"><\/span><\/p>\n<p><span style=\"font-weight: 400\">Cuando entr\u00e9 a la carrera de dise\u00f1o no ten\u00eda idea de lo que iba a aprender y los retos que se me presentar\u00edan y aunque no es sencillo me gusta el camino que he elegido.<\/span><\/p>\n<p><span style=\"font-weight: 400\">Entre otras cosas, creo que la convivencia entre los compa\u00f1eros de la carrera y de las dem\u00e1s es muy buena y las actividades sociales y academicas realizadas por los profesores son muy din\u00e1micas y entretenidas.<\/span><\/p>\n<p><span style=\"font-weight: 400\">Eleg\u00ed esta carrera porque me gusta la idea de poder descubrir nuevas formas para ser creativa y experimentar con eso. Adem\u00e1s la escuela ofrece oportunidades de desarrollo dentro del \u00e1rea.\u00a0<\/span><\/p>\n<p><span style=\"font-weight: 400\">Algo que me gust\u00f3 mucho de mi carrera y de la escuela de ARTCOM es que los maestros son personas muy agradables a los cuales se puede acudir y con gusto ayudar\u00e1n, la convivencia ARTCOM es muy amena y se disfruta.<\/span><\/p>\n<p><span style=\"font-weight: 400\">La carrera de Dise\u00f1o ofrece la oportunidad de poner en pr\u00e1ctica las alternativas para tener una visi\u00f3n distinta de lo que es el dise\u00f1o en el mundo. En la escuela de ARTCOM y en la carrera hay maestros que son muy amables, dispuestos a ayudar en caso de que haya temas que no se entiendan. Son personas que se entregan a su profesi\u00f3n, as\u00ed que hacen que la carrera sea amena. Es una carrera en la que he aprendido mucho<\/span><\/p>\n<p><span style=\"font-family: 'Annie Use Your Telescope';font-size: 20px\">.<\/span><\/p>\n<p>[\/et_pb_text][\/et_pb_column][et_pb_column type=\u00bb1_3&#8243; _builder_version=\u00bb4.14.7&#8243; _module_preset=\u00bbdefault\u00bb global_colors_info=\u00bb{}\u00bb theme_builder_area=\u00bbpost_content\u00bb][et_pb_image src=\u00bbhttp:\/\/dcv.artcom.mx\/pda\/1160624\/wp-content\/uploads\/sites\/7\/2022\/04\/f9bf3c9b27a0bb5ffea866c8ef2cf8aa.jpg\u00bb title_text=\u00bbf9bf3c9b27a0bb5ffea866c8ef2cf8aa\u00bb _builder_version=\u00bb4.14.7&#8243; _module_preset=\u00bbdefault\u00bb box_shadow_style=\u00bbpreset2&#8243; global_colors_info=\u00bb{}\u00bb theme_builder_area=\u00bbpost_content\u00bb][\/et_pb_image][et_pb_image src=\u00bbhttp:\/\/dcv.artcom.mx\/pda\/1160624\/wp-content\/uploads\/sites\/7\/2022\/04\/ba71d3ab423c79c68a689482e5633d97.jpg\u00bb title_text=\u00bbba71d3ab423c79c68a689482e5633d97&#8243; _builder_version=\u00bb4.14.7&#8243; _module_preset=\u00bbdefault\u00bb box_shadow_style=\u00bbpreset2&#8243; global_colors_info=\u00bb{}\u00bb theme_builder_area=\u00bbpost_content\u00bb][\/et_pb_image][\/et_pb_column][\/et_pb_row][et_pb_row _builder_version=\u00bb4.14.7&#8243; _module_preset=\u00bbdefault\u00bb global_colors_info=\u00bb{}\u00bb theme_builder_area=\u00bbpost_content\u00bb][et_pb_column type=\u00bb4_4&#8243; _builder_version=\u00bb4.14.7&#8243; _module_preset=\u00bbdefault\u00bb global_colors_info=\u00bb{}\u00bb theme_builder_area=\u00bbpost_content\u00bb][et_pb_text _builder_version=\u00bb4.14.7&#8243; _module_preset=\u00bbdefault\u00bb text_font=\u00bbOswald||||||||\u00bb text_text_color=\u00bb#d9c9c7&#8243; global_colors_info=\u00bb{}\u00bb theme_builder_area=\u00bbpost_content\u00bb]<\/p>\n<h1 style=\"text-align: center\"><span style=\"color: #d9c9c7\">MY UNIVERSITY CAREER<\/span><\/h1>\n<p>[\/et_pb_text][\/et_pb_column][\/et_pb_row][et_pb_row column_structure=\u00bb2_3,1_3&#8243; _builder_version=\u00bb4.14.7&#8243; _module_preset=\u00bbdefault\u00bb global_colors_info=\u00bb{}\u00bb theme_builder_area=\u00bbpost_content\u00bb][et_pb_column type=\u00bb2_3&#8243; _builder_version=\u00bb4.14.7&#8243; _module_preset=\u00bbdefault\u00bb global_colors_info=\u00bb{}\u00bb theme_builder_area=\u00bbpost_content\u00bb][et_pb_text _builder_version=\u00bb4.14.7&#8243; _module_preset=\u00bbdefault\u00bb text_font=\u00bbAnnie Use Your Telescope||||||||\u00bb text_text_color=\u00bb#d9c9c7&#8243; text_font_size=\u00bb20px\u00bb text_line_height=\u00bb1.8em\u00bb inline_fonts=\u00bbAnnie Use Your Telescope\u00bb global_colors_info=\u00bb{}\u00bb theme_builder_area=\u00bbpost_content\u00bb]<\/p>\n<p><span style=\"font-weight: normal;font-family: 'Annie Use Your Telescope'\"><\/span><\/p>\n<p><span style=\"font-size: 20px\">\u00a0<\/span><span style=\"font-weight: normal;font-family: 'Annie Use Your Telescope'\"><\/span><\/p>\n<p>When I entered the design career I had no idea what I was going to learn and the challenges that would come my way, and although it is not easy, I like the path I have chosen.<\/p>\n<p>Among other things, I think that the coexistence between the classmates and the others is very good and the social and academic activities carried out by the professors are very dynamic and entertaining.<\/p>\n<p>I chose this career because I like the idea of \u200b\u200bbeing able to discover new ways to be creative and experiment with it. In addition, the school offers development opportunities within the area.<\/p>\n<p>Something that I really liked about my career and the ARTCOM school is that the teachers are very nice people who you can turn to and they will gladly help you, the ARTCOM coexistence is very pleasant and enjoyable.<\/p>\n<p>The Design career offers the opportunity to put alternatives into practice in order to have a different vision of what design is in the world. In the ARTCOM school and in the career there are teachers who are very kind, willing to help in case there are issues that are not understood. They are people who dedicate themselves to their profession, so they make the career enjoyable. It is a career in which I have learned a lot.<\/p>\n<p>.<\/p>\n<p>&nbsp;<\/p>\n<p><span style=\"font-family: 'Annie Use Your Telescope';font-size: 20px\">.<\/span><\/p>\n<p>[\/et_pb_text][\/et_pb_column][et_pb_column type=\u00bb1_3&#8243; _builder_version=\u00bb4.14.7&#8243; _module_preset=\u00bbdefault\u00bb global_colors_info=\u00bb{}\u00bb theme_builder_area=\u00bbpost_content\u00bb][\/et_pb_column][\/et_pb_row][\/et_pb_section][et_pb_section fb_built=\u00bb1&#8243; fullwidth=\u00bbon\u00bb _builder_version=\u00bb4.9.4&#8243; _module_preset=\u00bbdefault\u00bb global_colors_info=\u00bb{}\u00bb theme_builder_area=\u00bbpost_content\u00bb][\/et_pb_section]<\/p>\n","protected":false},"excerpt":{"rendered":"<p>MI CARRERA Cuando entr\u00e9 a la carrera de dise\u00f1o no ten\u00eda idea de lo que iba a aprender y los retos que se me presentar\u00edan y aunque no es sencillo me gusta el camino que he elegido. Entre otras cosas, creo que la convivencia entre los compa\u00f1eros de la carrera y de las dem\u00e1s es [&hellip;]<\/p>\n","protected":false},"author":11,"featured_media":0,"parent":0,"menu_order":3,"comment_status":"closed","ping_status":"closed","template":"","meta":{"_et_pb_use_builder":"on","_et_pb_old_content":"","_et_gb_content_width":"","inline_featured_image":false,"footnotes":""},"_links":{"self":[{"href":"https:\/\/dcv.artcom.mx\/pda\/1160624\/wp-json\/wp\/v2\/pages\/160"}],"collection":[{"href":"https:\/\/dcv.artcom.mx\/pda\/1160624\/wp-json\/wp\/v2\/pages"}],"about":[{"href":"https:\/\/dcv.artcom.mx\/pda\/1160624\/wp-json\/wp\/v2\/types\/page"}],"author":[{"embeddable":true,"href":"https:\/\/dcv.artcom.mx\/pda\/1160624\/wp-json\/wp\/v2\/users\/11"}],"replies":[{"embeddable":true,"href":"https:\/\/dcv.artcom.mx\/pda\/1160624\/wp-json\/wp\/v2\/comments?post=160"}],"version-history":[{"count":10,"href":"https:\/\/dcv.artcom.mx\/pda\/1160624\/wp-json\/wp\/v2\/pages\/160\/revisions"}],"predecessor-version":[{"id":707,"href":"https:\/\/dcv.artcom.mx\/pda\/1160624\/wp-json\/wp\/v2\/pages\/160\/revisions\/707"}],"wp:attachment":[{"href":"https:\/\/dcv.artcom.mx\/pda\/1160624\/wp-json\/wp\/v2\/media?parent=160"}],"curies":[{"name":"wp","href":"https:\/\/api.w.org\/{rel}","templated":true}]}}