{"id":159,"date":"2020-03-03T22:11:41","date_gmt":"2020-03-04T04:11:41","guid":{"rendered":"http:\/\/pdadcv.artcom.mx\/portafolio-demo\/?page_id=2"},"modified":"2022-04-03T02:33:49","modified_gmt":"2022-04-03T02:33:49","slug":"acerca-de-mi","status":"publish","type":"page","link":"https:\/\/dcv.artcom.mx\/pda\/1160624\/acerca-de-mi\/","title":{"rendered":"Acerca de mi"},"content":{"rendered":"<p>[et_pb_section fb_built=\u00bb1&#8243; admin_label=\u00bbStats\u00bb _builder_version=\u00bb4.14.7&#8243; background_color=\u00bb#FFFFFF\u00bb use_background_color_gradient=\u00bbon\u00bb background_color_gradient_start=\u00bb#a69b97&#8243; background_color_gradient_end=\u00bb#bf907e\u00bb min_height=\u00bb3205.3px\u00bb custom_padding=\u00bb60px|0px|120px|0px\u00bb global_colors_info=\u00bb{}\u00bb][et_pb_row _builder_version=\u00bb4.14.7&#8243; _module_preset=\u00bbdefault\u00bb global_colors_info=\u00bb{}\u00bb][et_pb_column type=\u00bb4_4&#8243; _builder_version=\u00bb4.14.7&#8243; _module_preset=\u00bbdefault\u00bb global_colors_info=\u00bb{}\u00bb][et_pb_text _builder_version=\u00bb4.14.7&#8243; _module_preset=\u00bbdefault\u00bb text_font=\u00bbOswald||||||||\u00bb text_text_color=\u00bb#d9c9c7&#8243; global_colors_info=\u00bb{}\u00bb]<\/p>\n<h1 style=\"text-align: center\"><span style=\"color: #d9c9c7\">SOBRE M\u00cd<\/span><\/h1>\n<p>[\/et_pb_text][\/et_pb_column][\/et_pb_row][et_pb_row column_structure=\u00bb2_3,1_3&#8243; _builder_version=\u00bb4.14.7&#8243; _module_preset=\u00bbdefault\u00bb global_colors_info=\u00bb{}\u00bb][et_pb_column type=\u00bb2_3&#8243; _builder_version=\u00bb4.14.7&#8243; _module_preset=\u00bbdefault\u00bb global_colors_info=\u00bb{}\u00bb][et_pb_text _builder_version=\u00bb4.14.7&#8243; _module_preset=\u00bbdefault\u00bb text_font=\u00bbAnnie Use Your Telescope||||||||\u00bb text_text_color=\u00bb#d9c9c7&#8243; text_font_size=\u00bb20px\u00bb text_line_height=\u00bb1.8em\u00bb inline_fonts=\u00bbAnnie Use Your Telescope\u00bb global_colors_info=\u00bb{}\u00bb]<\/p>\n<p><span style=\"font-weight: normal;font-family: 'Annie Use Your Telescope'\"><\/span><\/p>\n<p><span style=\"font-weight: normal;font-family: 'Annie Use Your Telescope'\"><\/span><\/p>\n<p><span style=\"font-weight: normal;font-family: 'Annie Use Your Telescope'\">Soy originaria de Montemorelos Nuevo Le\u00f3n aunque la mayor parte de mi vida la pas\u00e9 en C.D Acu\u00f1a Coahuila, ya que siendo muy chica me mud\u00e9 ah\u00ed.<\/span><\/p>\n<p><span style=\"font-weight: normal;font-family: 'Annie Use Your Telescope'\">Cuando era el momento de estudiar el bachillerato en 2016, decid\u00ed mudarme a Montemorelos para estudiar la escuela preparatoria Ignacio Carrillo Franco, en esos a\u00f1os mis pap\u00e1s, Ricardo Govea y Guadalupe Mtz decidieron mudarse tambi\u00e9n.<\/span><\/p>\n<p style=\"text-align: left\"><span style=\"font-weight: normal;font-family: 'Annie Use Your Telescope'\">En el a\u00f1o 2019 comenc\u00e9 a estudiar la carrera de Dise\u00f1o de la comunicaci\u00f3n visual en la escuela de artes y comunicaci\u00f3n. Actualmente sigo en esa carrera y ha sido una excelente elecci\u00f3n.<\/span><\/p>\n<p>[\/et_pb_text][\/et_pb_column][et_pb_column type=\u00bb1_3&#8243; _builder_version=\u00bb4.14.7&#8243; _module_preset=\u00bbdefault\u00bb global_colors_info=\u00bb{}\u00bb][et_pb_image src=\u00bbhttp:\/\/dcv.artcom.mx\/pda\/1160624\/wp-content\/uploads\/sites\/7\/2021\/05\/WhatsApp-Image-2021-05-03-at-11.30.42-PM.jpeg\u00bb title_text=\u00bbWhatsApp Image 2021-05-03 at 11.30.42 PM\u00bb _builder_version=\u00bb4.14.7&#8243; _module_preset=\u00bbdefault\u00bb box_shadow_style=\u00bbpreset2&#8243; global_colors_info=\u00bb{}\u00bb][\/et_pb_image][\/et_pb_column][\/et_pb_row][et_pb_row column_structure=\u00bb1_4,3_4&#8243; _builder_version=\u00bb4.14.7&#8243; _module_preset=\u00bbdefault\u00bb global_colors_info=\u00bb{}\u00bb][et_pb_column type=\u00bb1_4&#8243; _builder_version=\u00bb4.14.7&#8243; _module_preset=\u00bbdefault\u00bb global_colors_info=\u00bb{}\u00bb][et_pb_image src=\u00bbhttp:\/\/dcv.artcom.mx\/pda\/1160624\/wp-content\/uploads\/sites\/7\/2022\/04\/amari.jpg\u00bb title_text=\u00bbamari\u00bb _builder_version=\u00bb4.14.7&#8243; _module_preset=\u00bbdefault\u00bb box_shadow_style=\u00bbpreset2&#8243; global_colors_info=\u00bb{}\u00bb][\/et_pb_image][\/et_pb_column][et_pb_column type=\u00bb3_4&#8243; _builder_version=\u00bb4.14.7&#8243; _module_preset=\u00bbdefault\u00bb global_colors_info=\u00bb{}\u00bb][et_pb_text _builder_version=\u00bb4.14.7&#8243; _module_preset=\u00bbdefault\u00bb text_font=\u00bbAnnie Use Your Telescope||||||||\u00bb text_text_color=\u00bb#d9c9c7&#8243; text_font_size=\u00bb20px\u00bb text_line_height=\u00bb1.8em\u00bb global_colors_info=\u00bb{}\u00bb]<\/p>\n<p><span style=\"font-weight: 400\"><\/span><\/p>\n<p><span style=\"font-weight: 400\"><\/span><\/p>\n<p><span style=\"font-weight: 400\">Mi COSMOVISI\u00d3N es que creo que existe un Dios que es amor y que cuida de todo ser humano. Tengo la certeza de que tiene las cosas y situaciones en control. As\u00ed tambi\u00e9n creo que es el creador de este mundo y que me cre\u00f3 a su imagen y semejanza.\u00a0<\/span><\/p>\n<p><span style=\"font-weight: 400\">Espero su segunda venida para vivir con \u00e9l para siempre, mientras tanto, mi deseo es que otras personas conozcan de su amor.<\/span><\/p>\n<p>&nbsp;<\/p>\n<p>[\/et_pb_text][\/et_pb_column][\/et_pb_row][et_pb_row _builder_version=\u00bb4.14.7&#8243; _module_preset=\u00bbdefault\u00bb global_colors_info=\u00bb{}\u00bb][et_pb_column type=\u00bb4_4&#8243; _builder_version=\u00bb4.14.7&#8243; _module_preset=\u00bbdefault\u00bb global_colors_info=\u00bb{}\u00bb][et_pb_text _builder_version=\u00bb4.14.7&#8243; _module_preset=\u00bbdefault\u00bb text_text_color=\u00bb#d9c9c7&#8243; global_colors_info=\u00bb{}\u00bb]<\/p>\n<h1 style=\"text-align: center\"><span style=\"color: #d9c9c7\"><strong>METAS<\/strong><\/span><\/h1>\n<p>[\/et_pb_text][\/et_pb_column][\/et_pb_row][et_pb_row column_structure=\u00bb1_3,1_3,1_3&#8243; _builder_version=\u00bb4.14.7&#8243; _module_preset=\u00bbdefault\u00bb global_colors_info=\u00bb{}\u00bb][et_pb_column type=\u00bb1_3&#8243; _builder_version=\u00bb4.14.7&#8243; _module_preset=\u00bbdefault\u00bb global_colors_info=\u00bb{}\u00bb][et_pb_text _builder_version=\u00bb4.14.7&#8243; _module_preset=\u00bbdefault\u00bb text_font_size=\u00bb20px\u00bb text_line_height=\u00bb1.8em\u00bb inline_fonts=\u00bbAnnie Use Your Telescope\u00bb global_colors_info=\u00bb{}\u00bb]<\/p>\n<p><span style=\"color: #d9c9c7\"><b>Corto plazo<\/b><\/span><\/p>\n<p><span style=\"color: #d9c9c7;font-size: 20px;font-family: 'Annie Use Your Telescope'\">Terminar el 6to semestre<\/span><\/p>\n<p><span style=\"color: #d9c9c7;font-size: 20px;font-family: 'Annie Use Your Telescope'\">Tomar fotograf\u00edas y practicar m\u00e1s con la c\u00e1mara<\/span><\/p>\n<p><span style=\"color: #d9c9c7;font-size: 20px;font-family: 'Annie Use Your Telescope'\">Tener un diario creativo<\/span><\/p>\n<p>.<\/p>\n<p>[\/et_pb_text][\/et_pb_column][et_pb_column type=\u00bb1_3&#8243; _builder_version=\u00bb4.14.7&#8243; _module_preset=\u00bbdefault\u00bb global_colors_info=\u00bb{}\u00bb][et_pb_text _builder_version=\u00bb4.14.7&#8243; _module_preset=\u00bbdefault\u00bb text_font_size=\u00bb20px\u00bb text_line_height=\u00bb1.8em\u00bb inline_fonts=\u00bbAnnie Use Your Telescope\u00bb global_colors_info=\u00bb{}\u00bb]<\/p>\n<p style=\"text-align: center\"><span style=\"color: #d9c9c7\"><b>Mediano plazo<\/b><\/span><\/p>\n<p style=\"text-align: center\"><span style=\"font-weight: normal;color: #d9c9c7;font-family: 'Annie Use Your Telescope'\">Graduarme como dise\u00f1adora<\/span><\/p>\n<p style=\"text-align: center\"><span style=\"font-weight: normal;color: #d9c9c7;font-family: 'Annie Use Your Telescope'\">Tener una p\u00e1gina en instagram con gran alcance social<\/span><\/p>\n<p>[\/et_pb_text][\/et_pb_column][et_pb_column type=\u00bb1_3&#8243; _builder_version=\u00bb4.14.7&#8243; _module_preset=\u00bbdefault\u00bb global_colors_info=\u00bb{}\u00bb][et_pb_text _builder_version=\u00bb4.14.7&#8243; _module_preset=\u00bbdefault\u00bb text_font_size=\u00bb20px\u00bb text_line_height=\u00bb1.8em\u00bb inline_fonts=\u00bbAnnie Use Your Telescope\u00bb global_colors_info=\u00bb{}\u00bb]<\/p>\n<p style=\"text-align: center\"><span style=\"color: #d9c9c7\"><b>Largo plazo<\/b><\/span><\/p>\n<p style=\"text-align: center\"><span style=\"font-weight: normal;color: #d9c9c7;font-family: 'Annie Use Your Telescope'\">Viajar de misionera<\/span><\/p>\n<p style=\"text-align: center\"><span style=\"font-weight: normal;color: #d9c9c7;font-family: 'Annie Use Your Telescope'\">Tener mi propia agencia <\/span><\/p>\n<p style=\"text-align: center\"><span style=\"font-weight: normal;color: #d9c9c7;font-family: 'Annie Use Your Telescope'\">Y tener una familia\u00a0<\/span><\/p>\n<p style=\"text-align: center\"><span style=\"font-weight: normal;color: #d9c9c7;font-family: 'Annie Use Your Telescope'\"><\/span><\/p>\n<p>[\/et_pb_text][\/et_pb_column][\/et_pb_row][et_pb_row _builder_version=\u00bb4.14.7&#8243; _module_preset=\u00bbdefault\u00bb global_colors_info=\u00bb{}\u00bb][et_pb_column type=\u00bb4_4&#8243; _builder_version=\u00bb4.14.7&#8243; _module_preset=\u00bbdefault\u00bb global_colors_info=\u00bb{}\u00bb][et_pb_text _builder_version=\u00bb4.14.7&#8243; _module_preset=\u00bbdefault\u00bb text_font=\u00bbOswald||||||||\u00bb text_text_color=\u00bb#d9c9c7&#8243; global_colors_info=\u00bb{}\u00bb]<\/p>\n<h1 style=\"text-align: center\"><span style=\"color: #d9c9c7\">ABOUT ME<\/span><\/h1>\n<p>[\/et_pb_text][\/et_pb_column][\/et_pb_row][et_pb_row column_structure=\u00bb2_3,1_3&#8243; _builder_version=\u00bb4.14.7&#8243; _module_preset=\u00bbdefault\u00bb global_colors_info=\u00bb{}\u00bb][et_pb_column type=\u00bb2_3&#8243; _builder_version=\u00bb4.14.7&#8243; _module_preset=\u00bbdefault\u00bb global_colors_info=\u00bb{}\u00bb][et_pb_text _builder_version=\u00bb4.14.7&#8243; _module_preset=\u00bbdefault\u00bb text_font=\u00bbAnnie Use Your Telescope||||||||\u00bb text_text_color=\u00bb#d9c9c7&#8243; text_font_size=\u00bb20px\u00bb text_line_height=\u00bb1.8em\u00bb inline_fonts=\u00bbAnnie Use Your Telescope\u00bb global_colors_info=\u00bb{}\u00bb]<\/p>\n<p><span style=\"font-weight: normal;font-family: 'Annie Use Your Telescope'\"><\/span><\/p>\n<p><span style=\"font-weight: normal;font-family: 'Annie Use Your Telescope'\"><\/span><\/p>\n<pre class=\"tw-data-text tw-text-large tw-ta\" data-placeholder=\"Traducci\u00f3n\" id=\"tw-target-text\"><span class=\"Y2IQFc\" lang=\"en\" style=\"font-family: 'Annie Use Your Telescope'\">I am originally from Montemorelos <br \/>Nuevo Le\u00f3n although most of my life <br \/>was spent in C.D Acu\u00f1a Coahuila, since <br \/>I moved there when I was very young.\nWhen it was time to study high school <br \/>in 2016, I decided to move to Montemorelos <br \/>to study at Ignacio Carrillo Franco High <br \/>School, in those years my parents, <br \/>Ricardo Govea and Guadalupe Mtz decided <br \/>to move too.\nIn 2019 I began to study the Visual <br \/>Communication Design career at the School<br \/>of Arts and Communication. I am still <br \/>in that career and it has been an <br \/>excellent choice.<\/span><\/pre>\n<p>[\/et_pb_text][\/et_pb_column][et_pb_column type=\u00bb1_3&#8243; _builder_version=\u00bb4.14.7&#8243; _module_preset=\u00bbdefault\u00bb global_colors_info=\u00bb{}\u00bb][et_pb_image src=\u00bbhttp:\/\/dcv.artcom.mx\/pda\/1160624\/wp-content\/uploads\/sites\/7\/2021\/05\/WhatsApp-Image-2021-05-03-at-11.30.42-PM.jpeg\u00bb title_text=\u00bbWhatsApp Image 2021-05-03 at 11.30.42 PM\u00bb _builder_version=\u00bb4.14.7&#8243; _module_preset=\u00bbdefault\u00bb box_shadow_style=\u00bbpreset2&#8243; global_colors_info=\u00bb{}\u00bb][\/et_pb_image][\/et_pb_column][\/et_pb_row][et_pb_row column_structure=\u00bb1_4,3_4&#8243; _builder_version=\u00bb4.14.7&#8243; _module_preset=\u00bbdefault\u00bb global_colors_info=\u00bb{}\u00bb][et_pb_column type=\u00bb1_4&#8243; _builder_version=\u00bb4.14.7&#8243; _module_preset=\u00bbdefault\u00bb global_colors_info=\u00bb{}\u00bb][et_pb_image src=\u00bbhttp:\/\/dcv.artcom.mx\/pda\/1160624\/wp-content\/uploads\/sites\/7\/2022\/04\/amari.jpg\u00bb title_text=\u00bbamari\u00bb _builder_version=\u00bb4.14.7&#8243; _module_preset=\u00bbdefault\u00bb box_shadow_style=\u00bbpreset2&#8243; global_colors_info=\u00bb{}\u00bb][\/et_pb_image][\/et_pb_column][et_pb_column type=\u00bb3_4&#8243; _builder_version=\u00bb4.14.7&#8243; _module_preset=\u00bbdefault\u00bb global_colors_info=\u00bb{}\u00bb][et_pb_text _builder_version=\u00bb4.14.7&#8243; _module_preset=\u00bbdefault\u00bb text_font=\u00bbAnnie Use Your Telescope||||||||\u00bb text_text_color=\u00bb#d9c9c7&#8243; text_font_size=\u00bb20px\u00bb text_line_height=\u00bb1.8em\u00bb inline_fonts=\u00bbAnnie Use Your Telescope\u00bb global_colors_info=\u00bb{}\u00bb]<\/p>\n<pre class=\"tw-data-text tw-text-large tw-ta\" data-placeholder=\"Traducci\u00f3n\" id=\"tw-target-text\"><span class=\"Y2IQFc\" lang=\"en\" style=\"font-family: 'Annie Use Your Telescope';font-weight: normal\">My WORLD VIEW is that I believe there is a God <br \/>who is love and who cares for every human being.<br \/> I am certain that he has things and situations<br \/>under control. So I also believe that he is <br \/>the creator of this world and that he created<br \/>me in his image and likeness.\n\nI await his second coming to live with him <br \/>forever, meanwhile, my wish is that other <br \/>people know of his love.<\/span><\/pre>\n<p>&nbsp;<\/p>\n<p>[\/et_pb_text][\/et_pb_column][\/et_pb_row][et_pb_row _builder_version=\u00bb4.14.7&#8243; _module_preset=\u00bbdefault\u00bb global_colors_info=\u00bb{}\u00bb][et_pb_column type=\u00bb4_4&#8243; _builder_version=\u00bb4.14.7&#8243; _module_preset=\u00bbdefault\u00bb global_colors_info=\u00bb{}\u00bb][et_pb_text _builder_version=\u00bb4.14.7&#8243; _module_preset=\u00bbdefault\u00bb text_text_color=\u00bb#d9c9c7&#8243; global_colors_info=\u00bb{}\u00bb]<\/p>\n<h1 style=\"text-align: center\"><span style=\"color: #d9c9c7\"><strong>Goals<\/strong><\/span><\/h1>\n<p>[\/et_pb_text][\/et_pb_column][\/et_pb_row][et_pb_row column_structure=\u00bb1_3,1_3,1_3&#8243; _builder_version=\u00bb4.14.7&#8243; _module_preset=\u00bbdefault\u00bb global_colors_info=\u00bb{}\u00bb][et_pb_column type=\u00bb1_3&#8243; _builder_version=\u00bb4.14.7&#8243; _module_preset=\u00bbdefault\u00bb global_colors_info=\u00bb{}\u00bb][et_pb_text _builder_version=\u00bb4.14.7&#8243; _module_preset=\u00bbdefault\u00bb text_font_size=\u00bb20px\u00bb text_line_height=\u00bb1.8em\u00bb inline_fonts=\u00bbAnnie Use Your Telescope\u00bb global_colors_info=\u00bb{}\u00bb]<\/p>\n<p><span style=\"color: #d9c9c7\"><b>In short term<\/b><\/span><\/p>\n<p><span style=\"color: #d9c9c7;font-size: 20px;font-family: 'Annie Use Your Telescope'\">I hope to finish the sixth semester\u00a0<\/span><\/p>\n<p><span style=\"color: #d9c9c7;font-size: 20px;font-family: 'Annie Use Your Telescope'\">I would love to take better photos<\/span><\/p>\n<p><span style=\"color: #d9c9c7;font-size: 20px;font-family: 'Annie Use Your Telescope'\">I want to have a creative diary on instagram<\/span><\/p>\n<p>.<\/p>\n<p>[\/et_pb_text][\/et_pb_column][et_pb_column type=\u00bb1_3&#8243; _builder_version=\u00bb4.14.7&#8243; _module_preset=\u00bbdefault\u00bb global_colors_info=\u00bb{}\u00bb][et_pb_text _builder_version=\u00bb4.14.7&#8243; _module_preset=\u00bbdefault\u00bb text_font_size=\u00bb20px\u00bb text_line_height=\u00bb1.8em\u00bb inline_fonts=\u00bbAnnie Use Your Telescope\u00bb global_colors_info=\u00bb{}\u00bb]<\/p>\n<p style=\"text-align: center\"><span style=\"color: #d9c9c7\"><b>In the medium term<\/b><\/span><\/p>\n<p style=\"text-align: center\">\n<p style=\"text-align: center\"><span style=\"font-weight: normal;color: #d9c9c7;font-family: 'Annie Use Your Telescope'\">I want to have a page on instagram very famous<\/span><\/p>\n<p style=\"text-align: center\"><span style=\"font-weight: normal;color: #d9c9c7;font-family: 'Annie Use Your Telescope'\">Graduate from the university<\/span><\/p>\n<p style=\"text-align: center\"><span style=\"font-weight: normal;color: #d9c9c7;font-family: 'Annie Use Your Telescope'\"><\/span><\/p>\n<p>[\/et_pb_text][\/et_pb_column][et_pb_column type=\u00bb1_3&#8243; _builder_version=\u00bb4.14.7&#8243; _module_preset=\u00bbdefault\u00bb global_colors_info=\u00bb{}\u00bb][et_pb_text _builder_version=\u00bb4.14.7&#8243; _module_preset=\u00bbdefault\u00bb text_font_size=\u00bb20px\u00bb text_line_height=\u00bb1.8em\u00bb inline_fonts=\u00bbAnnie Use Your Telescope\u00bb global_colors_info=\u00bb{}\u00bb]<\/p>\n<p style=\"text-align: center\"><span style=\"color: #d9c9c7\"><b><\/b><\/span><\/p>\n<p style=\"text-align: center\"><span style=\"color: #d9c9c7\"><b>Long term<\/b><\/span><\/p>\n<p style=\"text-align: center\"><span style=\"font-weight: normal;color: #d9c9c7;font-family: 'Annie Use Your Telescope'\">I want to travel as a missionary<\/span><\/p>\n<p style=\"text-align: center\"><span style=\"font-weight: normal;color: #d9c9c7;font-family: 'Annie Use Your Telescope'\">I want to have my own agency of design <\/span><\/p>\n<p style=\"text-align: center\"><span style=\"font-weight: normal;color: #d9c9c7;font-family: 'Annie Use Your Telescope'\">I want to have a familly<\/span><\/p>\n<p>[\/et_pb_text][\/et_pb_column][\/et_pb_row][\/et_pb_section][et_pb_section fb_built=\u00bb1&#8243; fullwidth=\u00bbon\u00bb _builder_version=\u00bb4.9.4&#8243; _module_preset=\u00bbdefault\u00bb global_colors_info=\u00bb{}\u00bb][\/et_pb_section]<\/p>\n","protected":false},"excerpt":{"rendered":"<p>SOBRE M\u00cd Soy originaria de Montemorelos Nuevo Le\u00f3n aunque la mayor parte de mi vida la pas\u00e9 en C.D Acu\u00f1a Coahuila, ya que siendo muy chica me mud\u00e9 ah\u00ed. Cuando era el momento de estudiar el bachillerato en 2016, decid\u00ed mudarme a Montemorelos para estudiar la escuela preparatoria Ignacio Carrillo Franco, en esos a\u00f1os mis [&hellip;]<\/p>\n","protected":false},"author":11,"featured_media":0,"parent":0,"menu_order":2,"comment_status":"closed","ping_status":"closed","template":"","meta":{"_et_pb_use_builder":"on","_et_pb_old_content":"<!-- wp:paragraph -->\n<p>Esta es una p\u00e1gina de ejemplo. Es diferente a una entrada del blog porque permanecer\u00e1 en un solo lugar y aparecer\u00e1 en la navegaci\u00f3n de tu sitio (en la mayor\u00eda de los temas). La mayor\u00eda de las personas comienzan con una p\u00e1gina \u00abAcerca de\u00bb que les presenta a los visitantes potenciales del sitio. Podr\u00edas decir algo as\u00ed:<\/p>\n<!-- \/wp:paragraph -->\n\n<!-- wp:quote -->\n<blockquote class=\"wp-block-quote\"><p>\u00a1Bienvenido! Soy camarero de d\u00eda, aspirante a actor de noche y esta es mi web. Vivo en Mairena del Alcor, tengo un perro que se llama Firulais y me gusta el rebujito. (Y las tardes largas con caf\u00e9).<\/p><\/blockquote>\n<!-- \/wp:quote -->\n\n<!-- wp:paragraph -->\n<p>\u2026o algo as\u00ed:<\/p>\n<!-- \/wp:paragraph -->\n\n<!-- wp:quote -->\n<blockquote class=\"wp-block-quote\"><p>La empresa \u00abMariscos Recio\u00bb fue fundada por Antonio Recio Mata. Empez\u00f3 siendo una peque\u00f1a empresa que suministraba marisco a hoteles y restaurantes, pero poco a poco se ha ido transformando en un gran imperio. Mariscos Recio, el mar al mejor precio.<\/p><\/blockquote>\n<!-- \/wp:quote -->\n\n<!-- wp:paragraph -->\n<p>Como nuevo usuario de WordPress, deber\u00edas ir a <a href=\"http:\/\/pdadcv.artcom.mx\/portafolio-demo\/wp-admin\/\">tu escritorio<\/a> para borrar esta p\u00e1gina y crear nuevas p\u00e1ginas para tu contenido. \u00a1P\u00e1salo bien!<\/p>\n<!-- \/wp:paragraph -->","_et_gb_content_width":"","inline_featured_image":false,"footnotes":""},"_links":{"self":[{"href":"https:\/\/dcv.artcom.mx\/pda\/1160624\/wp-json\/wp\/v2\/pages\/159"}],"collection":[{"href":"https:\/\/dcv.artcom.mx\/pda\/1160624\/wp-json\/wp\/v2\/pages"}],"about":[{"href":"https:\/\/dcv.artcom.mx\/pda\/1160624\/wp-json\/wp\/v2\/types\/page"}],"author":[{"embeddable":true,"href":"https:\/\/dcv.artcom.mx\/pda\/1160624\/wp-json\/wp\/v2\/users\/11"}],"replies":[{"embeddable":true,"href":"https:\/\/dcv.artcom.mx\/pda\/1160624\/wp-json\/wp\/v2\/comments?post=159"}],"version-history":[{"count":26,"href":"https:\/\/dcv.artcom.mx\/pda\/1160624\/wp-json\/wp\/v2\/pages\/159\/revisions"}],"predecessor-version":[{"id":709,"href":"https:\/\/dcv.artcom.mx\/pda\/1160624\/wp-json\/wp\/v2\/pages\/159\/revisions\/709"}],"wp:attachment":[{"href":"https:\/\/dcv.artcom.mx\/pda\/1160624\/wp-json\/wp\/v2\/media?parent=159"}],"curies":[{"name":"wp","href":"https:\/\/api.w.org\/{rel}","templated":true}]}}