{"id":69,"date":"2020-03-03T18:04:36","date_gmt":"2020-03-04T00:04:36","guid":{"rendered":"http:\/\/pdadcv.artcom.mx\/portafolio-demo\/?page_id=69"},"modified":"2023-05-09T08:32:38","modified_gmt":"2023-05-09T08:32:38","slug":"emprendimientos-personales","status":"publish","type":"page","link":"https:\/\/dcv.artcom.mx\/pda\/1160571\/evidencias\/emprendimientos-personales\/","title":{"rendered":"Emprendimientos personales"},"content":{"rendered":"<p>[et_pb_section fb_built=\u00bb1&#8243; admin_label=\u00bbHero Section\u00bb _builder_version=\u00bb4.20.4&#8243; background_color=\u00bbgcid-aa1b8d5d-f381-48e4-af4b-e5df1b8f48e3&#8243; background_color_gradient_direction=\u00bb90deg\u00bb background_color_gradient_start=\u00bb#f4f0e9&#8243; background_color_gradient_end=\u00bbrgba(244,240,233,0)\u00bb background_enable_image=\u00bboff\u00bb custom_margin=\u00bb|||\u00bb custom_padding=\u00bb0.2%|0px|2.1%|0px||\u00bb global_colors_info=\u00bb{%22gcid-aa1b8d5d-f381-48e4-af4b-e5df1b8f48e3%22:%91%22background_color%22%93}\u00bb][et_pb_row custom_padding_last_edited=\u00bboff|desktop\u00bb admin_label=\u00bbHero Area\u00bb _builder_version=\u00bb4.16&#8243; custom_padding=\u00bb27px|0px|0px|0px\u00bb global_colors_info=\u00bb{}\u00bb][et_pb_column type=\u00bb4_4&#8243; _builder_version=\u00bb4.16&#8243; custom_padding=\u00bb|||\u00bb global_colors_info=\u00bb{}\u00bb custom_padding__hover=\u00bb|||\u00bb][et_pb_text admin_label=\u00bbHero Title\u00bb _builder_version=\u00bb4.20.4&#8243; text_font=\u00bbPlayfair Display||||||||\u00bb header_font=\u00bbPoppins|900|||||||\u00bb header_text_color=\u00bbgcid-1a711817-9481-4f31-bc39-c7429446f5ab\u00bb header_font_size=\u00bb80px\u00bb header_letter_spacing=\u00bb-3px\u00bb header_line_height=\u00bb1.1em\u00bb animation_style=\u00bbslide\u00bb animation_direction=\u00bbleft\u00bb animation_intensity_slide=\u00bb5%\u00bb animation_starting_opacity=\u00bb100%\u00bb text_font_size_last_edited=\u00bboff|desktop\u00bb header_font_size_tablet=\u00bb\u00bb header_font_size_phone=\u00bb60px\u00bb header_font_size_last_edited=\u00bbon|phone\u00bb global_colors_info=\u00bb{%22gcid-1a711817-9481-4f31-bc39-c7429446f5ab%22:%91%22header_text_color%22%93}\u00bb]<\/p>\n<h1>Emprendimientos Personales<\/h1>\n<p>[\/et_pb_text][\/et_pb_column][\/et_pb_row][\/et_pb_section][et_pb_section fb_built=\u00bb1&#8243; theme_builder_area=\u00bbpost_content\u00bb _builder_version=\u00bb4.20.4&#8243; _module_preset=\u00bbdefault\u00bb custom_padding=\u00bb||0px|||\u00bb][et_pb_row _builder_version=\u00bb4.20.4&#8243; _module_preset=\u00bbdefault\u00bb theme_builder_area=\u00bbpost_content\u00bb][et_pb_column _builder_version=\u00bb4.20.4&#8243; _module_preset=\u00bbdefault\u00bb type=\u00bb4_4&#8243; theme_builder_area=\u00bbpost_content\u00bb][et_pb_text _builder_version=\u00bb4.20.4&#8243; _module_preset=\u00bbdefault\u00bb text_font=\u00bbPoppins|700|||||||\u00bb text_text_color=\u00bbgcid-33ee699b-3321-446a-b427-297e35df144e\u00bb text_font_size=\u00bb35px\u00bb text_letter_spacing=\u00bb-1px\u00bb hover_enabled=\u00bb0&#8243; global_colors_info=\u00bb{%22gcid-33ee699b-3321-446a-b427-297e35df144e%22:%91%22text_text_color%22%93}\u00bb sticky_enabled=\u00bb0&#8243; theme_builder_area=\u00bbpost_content\u00bb]Expansi\u00f3n de Portafolio Fotogr\u00e1fico[\/et_pb_text][\/et_pb_column][\/et_pb_row][\/et_pb_section][et_pb_section fb_built=\u00bb1&#8243; _builder_version=\u00bb4.20.4&#8243; _module_preset=\u00bbdefault\u00bb custom_padding=\u00bb0px|||||\u00bb global_colors_info=\u00bb{}\u00bb][et_pb_row column_structure=\u00bb1_2,1_2&#8243; _builder_version=\u00bb4.20.4&#8243; _module_preset=\u00bbdefault\u00bb custom_padding=\u00bb1px|||||\u00bb global_colors_info=\u00bb{}\u00bb][et_pb_column type=\u00bb1_2&#8243; _builder_version=\u00bb4.20.4&#8243; _module_preset=\u00bbdefault\u00bb global_colors_info=\u00bb{}\u00bb][et_pb_slider _builder_version=\u00bb4.20.4&#8243; _module_preset=\u00bbdefault\u00bb background_color=\u00bb#c6b8f6&#8243; custom_margin=\u00bb||11px|||\u00bb custom_padding=\u00bb||19px|||\u00bb hover_enabled=\u00bb0&#8243; global_colors_info=\u00bb{%22gcid-aa1b8d5d-f381-48e4-af4b-e5df1b8f48e3%22:%91%22background_color%22%93}\u00bb sticky_enabled=\u00bb0&#8243; min_height=\u00bb592.8px\u00bb][et_pb_slide heading=\u00bbColab con 50 mm\u00bb image=\u00bbhttp:\/\/dcv.artcom.mx\/pda\/1160571\/wp-content\/uploads\/sites\/5\/2023\/05\/50mm_00.jpg\u00bb _builder_version=\u00bb4.20.4&#8243; _module_preset=\u00bbdefault\u00bb header_font=\u00bbPoppins|600|||||||\u00bb header_text_color=\u00bbgcid-1a711817-9481-4f31-bc39-c7429446f5ab\u00bb header_font_size=\u00bb35px\u00bb body_font=\u00bbPoppins||||||||\u00bb body_text_align=\u00bbjustify\u00bb body_text_color=\u00bbgcid-1a711817-9481-4f31-bc39-c7429446f5ab\u00bb background_color=\u00bbgcid-d78b7535-5f8d-4d97-b10a-91d60f2f813c\u00bb background_enable_color=\u00bbon\u00bb background_layout=\u00bblight\u00bb hover_enabled=\u00bb0&#8243; global_colors_info=\u00bb{%22gcid-1a711817-9481-4f31-bc39-c7429446f5ab%22:%91%22header_text_color%22,%22body_text_color%22%93,%22gcid-d78b7535-5f8d-4d97-b10a-91d60f2f813c%22:%91%22background_color%22%93}\u00bb sticky_transition=\u00bbon\u00bb sticky_enabled=\u00bb0&#8243;]<\/p>\n<p>\u00abMisi\u00f3n 50 Mil\u00edmetros\u00bb es una productora de contenido audiovisual en M\u00e9xico con quienes colabor\u00e9 haciendo una sesi\u00f3n de fotos para promocionar por redes la playera que ellos dise\u00f1an anualmente.<\/p>\n<p>[\/et_pb_slide][et_pb_slide heading=\u00bbColab con 50 mm\u00bb image=\u00bbhttp:\/\/dcv.artcom.mx\/pda\/1160571\/wp-content\/uploads\/sites\/5\/2023\/05\/50mm_02.jpg\u00bb _builder_version=\u00bb4.20.4&#8243; _module_preset=\u00bbdefault\u00bb header_font=\u00bbPoppins|600|||||||\u00bb header_text_color=\u00bbgcid-1a711817-9481-4f31-bc39-c7429446f5ab\u00bb header_font_size=\u00bb35px\u00bb body_font=\u00bbPoppins||||||||\u00bb body_text_align=\u00bbjustify\u00bb body_text_color=\u00bbgcid-1a711817-9481-4f31-bc39-c7429446f5ab\u00bb background_color=\u00bbgcid-d78b7535-5f8d-4d97-b10a-91d60f2f813c\u00bb background_enable_color=\u00bbon\u00bb background_layout=\u00bblight\u00bb hover_enabled=\u00bb0&#8243; global_colors_info=\u00bb{%22gcid-1a711817-9481-4f31-bc39-c7429446f5ab%22:%91%22header_text_color%22,%22body_text_color%22%93,%22gcid-d78b7535-5f8d-4d97-b10a-91d60f2f813c%22:%91%22background_color%22%93}\u00bb sticky_transition=\u00bbon\u00bb sticky_enabled=\u00bb0&#8243; title_text=\u00bb50mm_02&#8243;]<\/p>\n<p>\u00abMisi\u00f3n 50 Mil\u00edmetros\u00bb es una productora de contenido audiovisual en M\u00e9xico con quienes colabor\u00e9 haciendo una sesi\u00f3n de fotos para promocionar por redes la playera que ellos dise\u00f1an anualmente.<\/p>\n<p>[\/et_pb_slide][et_pb_slide heading=\u00bbColab con 50 mm\u00bb image=\u00bbhttp:\/\/dcv.artcom.mx\/pda\/1160571\/wp-content\/uploads\/sites\/5\/2023\/05\/50mm_01.jpg\u00bb _builder_version=\u00bb4.20.4&#8243; _module_preset=\u00bbdefault\u00bb header_font=\u00bbPoppins|600|||||||\u00bb header_text_color=\u00bbgcid-1a711817-9481-4f31-bc39-c7429446f5ab\u00bb header_font_size=\u00bb35px\u00bb body_font=\u00bbPoppins||||||||\u00bb body_text_align=\u00bbjustify\u00bb body_text_color=\u00bbgcid-1a711817-9481-4f31-bc39-c7429446f5ab\u00bb background_color=\u00bbgcid-d78b7535-5f8d-4d97-b10a-91d60f2f813c\u00bb background_enable_color=\u00bbon\u00bb background_layout=\u00bblight\u00bb hover_enabled=\u00bb0&#8243; global_colors_info=\u00bb{%22gcid-1a711817-9481-4f31-bc39-c7429446f5ab%22:%91%22header_text_color%22,%22body_text_color%22%93,%22gcid-d78b7535-5f8d-4d97-b10a-91d60f2f813c%22:%91%22background_color%22%93}\u00bb sticky_transition=\u00bbon\u00bb sticky_enabled=\u00bb0&#8243; title_text=\u00bb50mm_01&#8243;]<\/p>\n<p>\u00abMisi\u00f3n 50 Mil\u00edmetros\u00bb es una productora de contenido audiovisual en M\u00e9xico con quienes colabor\u00e9 haciendo una sesi\u00f3n de fotos para promocionar por redes la playera que ellos dise\u00f1an anualmente.<\/p>\n<p>[\/et_pb_slide][\/et_pb_slider][\/et_pb_column][et_pb_column type=\u00bb1_2&#8243; _builder_version=\u00bb4.20.4&#8243; _module_preset=\u00bbdefault\u00bb global_colors_info=\u00bb{}\u00bb][et_pb_slider _builder_version=\u00bb4.20.4&#8243; _module_preset=\u00bbdefault\u00bb background_color=\u00bb#c6b8f6&#8243; min_height=\u00bb621.6px\u00bb custom_padding=\u00bb||50px|||\u00bb global_colors_info=\u00bb{%22gcid-aa1b8d5d-f381-48e4-af4b-e5df1b8f48e3%22:%91%22background_color%22,%22background_color%22%93}\u00bb][et_pb_slide heading=\u00bbColab IAD\u00bb image=\u00bbhttp:\/\/dcv.artcom.mx\/pda\/1160571\/wp-content\/uploads\/sites\/5\/2023\/05\/preacher.jpg\u00bb _builder_version=\u00bb4.20.4&#8243; _module_preset=\u00bbdefault\u00bb header_font=\u00bbPoppins|600|||||||\u00bb header_text_color=\u00bbgcid-1a711817-9481-4f31-bc39-c7429446f5ab\u00bb header_font_size=\u00bb35px\u00bb body_font=\u00bbPoppins||||||||\u00bb body_text_align=\u00bbjustify\u00bb body_text_color=\u00bbgcid-1a711817-9481-4f31-bc39-c7429446f5ab\u00bb background_layout=\u00bblight\u00bb global_colors_info=\u00bb{%22gcid-1a711817-9481-4f31-bc39-c7429446f5ab%22:%91%22header_text_color%22,%22body_text_color%22%93}\u00bb sticky_transition=\u00bbon\u00bb]<\/p>\n<p>Tuve la oportunidad de asistir y fotografiar en la campa\u00f1a nacional, a partir de lo cual pude colaborar para la nota de reportaje del evento en la p\u00e1gina oficial de la Divisi\u00f3n Interamericana IAD.<\/p>\n<p>[\/et_pb_slide][\/et_pb_slider][\/et_pb_column][\/et_pb_row][\/et_pb_section][et_pb_section fb_built=\u00bb1&#8243; _builder_version=\u00bb4.20.4&#8243; _module_preset=\u00bbdefault\u00bb custom_padding=\u00bb35px||46px|||\u00bb hover_enabled=\u00bb0&#8243; global_colors_info=\u00bb{%22gcid-33ee699b-3321-446a-b427-297e35df144e%22:%91%22background_color%22%93}\u00bb background_color=\u00bbgcid-33ee699b-3321-446a-b427-297e35df144e\u00bb sticky_enabled=\u00bb0&#8243;][et_pb_row _builder_version=\u00bb4.20.4&#8243; _module_preset=\u00bbdefault\u00bb global_colors_info=\u00bb{}\u00bb][et_pb_column type=\u00bb4_4&#8243; _builder_version=\u00bb4.20.4&#8243; _module_preset=\u00bbdefault\u00bb global_colors_info=\u00bb{}\u00bb][et_pb_text _builder_version=\u00bb4.20.4&#8243; _module_preset=\u00bbdefault\u00bb text_font=\u00bbPoppins|700|||||||\u00bb text_text_color=\u00bbgcid-4cd01cf2-ba02-496f-93c3-045ac19a53c7&#8243; text_font_size=\u00bb35px\u00bb text_letter_spacing=\u00bb-1px\u00bb hover_enabled=\u00bb0&#8243; global_colors_info=\u00bb{%22gcid-4cd01cf2-ba02-496f-93c3-045ac19a53c7%22:%91%22text_text_color%22%93}\u00bb sticky_enabled=\u00bb0&#8243;]Fine Art Portraits[\/et_pb_text][\/et_pb_column][\/et_pb_row][et_pb_row column_structure=\u00bb1_3,1_3,1_3&#8243; _builder_version=\u00bb4.20.4&#8243; _module_preset=\u00bbdefault\u00bb custom_padding=\u00bb0px||0px|||\u00bb global_colors_info=\u00bb{}\u00bb][et_pb_column type=\u00bb1_3&#8243; _builder_version=\u00bb4.20.4&#8243; _module_preset=\u00bbdefault\u00bb global_colors_info=\u00bb{}\u00bb][et_pb_gallery gallery_ids=\u00bb823,818,819&#8243; fullwidth=\u00bbon\u00bb _builder_version=\u00bb4.20.4&#8243; _module_preset=\u00bbdefault\u00bb min_height=\u00bb450px\u00bb global_colors_info=\u00bb{}\u00bb][\/et_pb_gallery][\/et_pb_column][et_pb_column type=\u00bb1_3&#8243; _builder_version=\u00bb4.20.4&#8243; _module_preset=\u00bbdefault\u00bb global_colors_info=\u00bb{}\u00bb][et_pb_gallery gallery_ids=\u00bb822,943&#8243; fullwidth=\u00bbon\u00bb _builder_version=\u00bb4.20.4&#8243; _module_preset=\u00bbdefault\u00bb min_height=\u00bb450px\u00bb global_colors_info=\u00bb{}\u00bb][\/et_pb_gallery][\/et_pb_column][et_pb_column type=\u00bb1_3&#8243; _builder_version=\u00bb4.20.4&#8243; _module_preset=\u00bbdefault\u00bb global_colors_info=\u00bb{}\u00bb][et_pb_gallery gallery_ids=\u00bb945,944&#8243; fullwidth=\u00bbon\u00bb _builder_version=\u00bb4.20.4&#8243; _module_preset=\u00bbdefault\u00bb min_height=\u00bb450px\u00bb global_colors_info=\u00bb{}\u00bb][\/et_pb_gallery][\/et_pb_column][\/et_pb_row][et_pb_row column_structure=\u00bb1_3,1_3,1_3&#8243; _builder_version=\u00bb4.20.4&#8243; _module_preset=\u00bbdefault\u00bb custom_padding=\u00bb||0px|||\u00bb global_colors_info=\u00bb{}\u00bb][et_pb_column type=\u00bb1_3&#8243; _builder_version=\u00bb4.20.4&#8243; _module_preset=\u00bbdefault\u00bb global_colors_info=\u00bb{}\u00bb][\/et_pb_column][et_pb_column type=\u00bb1_3&#8243; _builder_version=\u00bb4.20.4&#8243; _module_preset=\u00bbdefault\u00bb global_colors_info=\u00bb{}\u00bb][\/et_pb_column][et_pb_column type=\u00bb1_3&#8243; _builder_version=\u00bb4.20.4&#8243; _module_preset=\u00bbdefault\u00bb global_colors_info=\u00bb{}\u00bb][\/et_pb_column][\/et_pb_row][\/et_pb_section][et_pb_section fb_built=\u00bb1&#8243; _builder_version=\u00bb4.20.4&#8243; _module_preset=\u00bbdefault\u00bb background_color=\u00bbgcid-1a711817-9481-4f31-bc39-c7429446f5ab\u00bb custom_padding=\u00bb91px||91px|||\u00bb hover_enabled=\u00bb0&#8243; global_colors_info=\u00bb{%22gcid-1a711817-9481-4f31-bc39-c7429446f5ab%22:%91%22background_color%22%93}\u00bb sticky_enabled=\u00bb0&#8243;][et_pb_row column_structure=\u00bb1_2,1_2&#8243; _builder_version=\u00bb4.20.4&#8243; _module_preset=\u00bbdefault\u00bb global_colors_info=\u00bb{}\u00bb custom_padding=\u00bb0px|||||\u00bb][et_pb_column type=\u00bb1_2&#8243; _builder_version=\u00bb4.20.4&#8243; _module_preset=\u00bbdefault\u00bb global_colors_info=\u00bb{}\u00bb][et_pb_slider _builder_version=\u00bb4.20.4&#8243; _module_preset=\u00bbdefault\u00bb background_color=\u00bb#c6b8f6&#8243; custom_margin=\u00bb||11px|||\u00bb custom_padding=\u00bb||19px|||\u00bb hover_enabled=\u00bb0&#8243; global_colors_info=\u00bb{%22gcid-aa1b8d5d-f381-48e4-af4b-e5df1b8f48e3%22:%91%22background_color%22%93}\u00bb sticky_enabled=\u00bb0&#8243; min_height=\u00bb592.8px\u00bb][et_pb_slide heading=\u00bbFotograf\u00eda de Eventos\u00bb image=\u00bbhttp:\/\/dcv.artcom.mx\/pda\/1160571\/wp-content\/uploads\/sites\/5\/2023\/05\/worship.jpg\u00bb _builder_version=\u00bb4.20.4&#8243; _module_preset=\u00bbdefault\u00bb header_font=\u00bbPoppins|600|||||||\u00bb header_text_color=\u00bbgcid-1a711817-9481-4f31-bc39-c7429446f5ab\u00bb header_font_size=\u00bb35px\u00bb body_font=\u00bbPoppins||||||||\u00bb body_text_align=\u00bbjustify\u00bb body_text_color=\u00bbgcid-1a711817-9481-4f31-bc39-c7429446f5ab\u00bb background_color=\u00bbgcid-aa1b8d5d-f381-48e4-af4b-e5df1b8f48e3&#8243; background_enable_color=\u00bbon\u00bb background_layout=\u00bblight\u00bb hover_enabled=\u00bb0&#8243; global_colors_info=\u00bb{%22gcid-1a711817-9481-4f31-bc39-c7429446f5ab%22:%91%22header_text_color%22,%22body_text_color%22%93,%22gcid-aa1b8d5d-f381-48e4-af4b-e5df1b8f48e3%22:%91%22background_color%22%93}\u00bb sticky_transition=\u00bbon\u00bb sticky_enabled=\u00bb0&#8243; title_text=\u00bbworship\u00bb][\/et_pb_slide][et_pb_slide heading=\u00bbFotograf\u00eda de Eventos\u00bb image=\u00bbhttp:\/\/dcv.artcom.mx\/pda\/1160571\/wp-content\/uploads\/sites\/5\/2023\/05\/volley.jpg\u00bb _builder_version=\u00bb4.20.4&#8243; _module_preset=\u00bbdefault\u00bb header_font=\u00bbPoppins|600|||||||\u00bb header_text_color=\u00bbgcid-1a711817-9481-4f31-bc39-c7429446f5ab\u00bb header_font_size=\u00bb35px\u00bb body_font=\u00bbPoppins||||||||\u00bb body_text_align=\u00bbjustify\u00bb body_text_color=\u00bbgcid-1a711817-9481-4f31-bc39-c7429446f5ab\u00bb background_color=\u00bbgcid-aa1b8d5d-f381-48e4-af4b-e5df1b8f48e3&#8243; background_enable_color=\u00bbon\u00bb background_layout=\u00bblight\u00bb hover_enabled=\u00bb0&#8243; global_colors_info=\u00bb{%22gcid-1a711817-9481-4f31-bc39-c7429446f5ab%22:%91%22header_text_color%22,%22body_text_color%22%93,%22gcid-aa1b8d5d-f381-48e4-af4b-e5df1b8f48e3%22:%91%22background_color%22%93}\u00bb sticky_transition=\u00bbon\u00bb sticky_enabled=\u00bb0&#8243; title_text=\u00bbvolley\u00bb][\/et_pb_slide][et_pb_slide heading=\u00bbFotograf\u00eda de Eventos\u00bb image=\u00bbhttp:\/\/dcv.artcom.mx\/pda\/1160571\/wp-content\/uploads\/sites\/5\/2023\/05\/speaker.jpg\u00bb _builder_version=\u00bb4.20.4&#8243; _module_preset=\u00bbdefault\u00bb header_font=\u00bbPoppins|600|||||||\u00bb header_text_color=\u00bbgcid-1a711817-9481-4f31-bc39-c7429446f5ab\u00bb header_font_size=\u00bb35px\u00bb body_font=\u00bbPoppins||||||||\u00bb body_text_align=\u00bbjustify\u00bb body_text_color=\u00bbgcid-1a711817-9481-4f31-bc39-c7429446f5ab\u00bb background_color=\u00bbgcid-aa1b8d5d-f381-48e4-af4b-e5df1b8f48e3&#8243; background_enable_color=\u00bbon\u00bb background_layout=\u00bblight\u00bb hover_enabled=\u00bb0&#8243; global_colors_info=\u00bb{%22gcid-1a711817-9481-4f31-bc39-c7429446f5ab%22:%91%22header_text_color%22,%22body_text_color%22%93,%22gcid-aa1b8d5d-f381-48e4-af4b-e5df1b8f48e3%22:%91%22background_color%22%93}\u00bb sticky_transition=\u00bbon\u00bb sticky_enabled=\u00bb0&#8243; title_text=\u00bbspeaker\u00bb][\/et_pb_slide][et_pb_slide heading=\u00bbFotograf\u00eda de Eventos\u00bb image=\u00bbhttp:\/\/dcv.artcom.mx\/pda\/1160571\/wp-content\/uploads\/sites\/5\/2023\/05\/singer.jpg\u00bb _builder_version=\u00bb4.20.4&#8243; _module_preset=\u00bbdefault\u00bb header_font=\u00bbPoppins|600|||||||\u00bb header_text_color=\u00bbgcid-1a711817-9481-4f31-bc39-c7429446f5ab\u00bb header_font_size=\u00bb35px\u00bb body_font=\u00bbPoppins||||||||\u00bb body_text_align=\u00bbjustify\u00bb body_text_color=\u00bbgcid-1a711817-9481-4f31-bc39-c7429446f5ab\u00bb background_color=\u00bbgcid-aa1b8d5d-f381-48e4-af4b-e5df1b8f48e3&#8243; background_enable_color=\u00bbon\u00bb background_layout=\u00bblight\u00bb hover_enabled=\u00bb0&#8243; global_colors_info=\u00bb{%22gcid-1a711817-9481-4f31-bc39-c7429446f5ab%22:%91%22header_text_color%22,%22body_text_color%22%93,%22gcid-aa1b8d5d-f381-48e4-af4b-e5df1b8f48e3%22:%91%22background_color%22%93}\u00bb sticky_transition=\u00bbon\u00bb sticky_enabled=\u00bb0&#8243; title_text=\u00bbsinger\u00bb][\/et_pb_slide][et_pb_slide heading=\u00bbFotograf\u00eda de Eventos\u00bb image=\u00bbhttp:\/\/dcv.artcom.mx\/pda\/1160571\/wp-content\/uploads\/sites\/5\/2023\/05\/encuadre.jpg\u00bb _builder_version=\u00bb4.20.4&#8243; _module_preset=\u00bbdefault\u00bb header_font=\u00bbPoppins|600|||||||\u00bb header_text_color=\u00bbgcid-1a711817-9481-4f31-bc39-c7429446f5ab\u00bb header_font_size=\u00bb35px\u00bb body_font=\u00bbPoppins||||||||\u00bb body_text_align=\u00bbjustify\u00bb body_text_color=\u00bbgcid-1a711817-9481-4f31-bc39-c7429446f5ab\u00bb background_color=\u00bbgcid-aa1b8d5d-f381-48e4-af4b-e5df1b8f48e3&#8243; background_enable_color=\u00bbon\u00bb background_layout=\u00bblight\u00bb hover_enabled=\u00bb0&#8243; global_colors_info=\u00bb{%22gcid-1a711817-9481-4f31-bc39-c7429446f5ab%22:%91%22header_text_color%22,%22body_text_color%22%93,%22gcid-aa1b8d5d-f381-48e4-af4b-e5df1b8f48e3%22:%91%22background_color%22%93}\u00bb sticky_transition=\u00bbon\u00bb sticky_enabled=\u00bb0&#8243; title_text=\u00bbencuadre\u00bb][\/et_pb_slide][et_pb_slide heading=\u00bbFotograf\u00eda de Eventos\u00bb image=\u00bbhttp:\/\/dcv.artcom.mx\/pda\/1160571\/wp-content\/uploads\/sites\/5\/2023\/05\/kid-1.jpg\u00bb _builder_version=\u00bb4.20.4&#8243; _module_preset=\u00bbdefault\u00bb header_font=\u00bbPoppins|600|||||||\u00bb header_text_color=\u00bbgcid-1a711817-9481-4f31-bc39-c7429446f5ab\u00bb header_font_size=\u00bb35px\u00bb body_font=\u00bbPoppins||||||||\u00bb body_text_align=\u00bbjustify\u00bb body_text_color=\u00bbgcid-1a711817-9481-4f31-bc39-c7429446f5ab\u00bb background_color=\u00bbgcid-aa1b8d5d-f381-48e4-af4b-e5df1b8f48e3&#8243; background_enable_color=\u00bbon\u00bb background_layout=\u00bblight\u00bb hover_enabled=\u00bb0&#8243; global_colors_info=\u00bb{%22gcid-1a711817-9481-4f31-bc39-c7429446f5ab%22:%91%22header_text_color%22,%22body_text_color%22%93,%22gcid-aa1b8d5d-f381-48e4-af4b-e5df1b8f48e3%22:%91%22background_color%22%93}\u00bb sticky_transition=\u00bbon\u00bb sticky_enabled=\u00bb0&#8243; title_text=\u00bbkid\u00bb][\/et_pb_slide][\/et_pb_slider][\/et_pb_column][et_pb_column type=\u00bb1_2&#8243; _builder_version=\u00bb4.20.4&#8243; _module_preset=\u00bbdefault\u00bb global_colors_info=\u00bb{}\u00bb][et_pb_slider _builder_version=\u00bb4.20.4&#8243; _module_preset=\u00bbdefault\u00bb background_color=\u00bb#c6b8f6&#8243; custom_margin=\u00bb||11px|||\u00bb custom_padding=\u00bb||19px|||\u00bb hover_enabled=\u00bb0&#8243; global_colors_info=\u00bb{%22gcid-aa1b8d5d-f381-48e4-af4b-e5df1b8f48e3%22:%91%22background_color%22%93}\u00bb sticky_enabled=\u00bb0&#8243; min_height=\u00bb592.8px\u00bb][et_pb_slide heading=\u00bbFotograf\u00eda Gastron\u00f3mica\u00bb image=\u00bbhttp:\/\/dcv.artcom.mx\/pda\/1160571\/wp-content\/uploads\/sites\/5\/2022\/05\/10ca85dc-25ff-47fe-9d89-f30e13edbb2a.jpg\u00bb _builder_version=\u00bb4.20.4&#8243; _module_preset=\u00bbdefault\u00bb header_font=\u00bbPoppins|600|||||||\u00bb header_text_color=\u00bbgcid-1a711817-9481-4f31-bc39-c7429446f5ab\u00bb header_font_size=\u00bb35px\u00bb body_font=\u00bbPoppins||||||||\u00bb body_text_align=\u00bbjustify\u00bb body_text_color=\u00bbgcid-1a711817-9481-4f31-bc39-c7429446f5ab\u00bb background_color=\u00bbgcid-d78b7535-5f8d-4d97-b10a-91d60f2f813c\u00bb background_enable_color=\u00bbon\u00bb background_layout=\u00bblight\u00bb hover_enabled=\u00bb0&#8243; global_colors_info=\u00bb{%22gcid-1a711817-9481-4f31-bc39-c7429446f5ab%22:%91%22header_text_color%22,%22body_text_color%22%93,%22gcid-d78b7535-5f8d-4d97-b10a-91d60f2f813c%22:%91%22background_color%22%93}\u00bb sticky_transition=\u00bbon\u00bb sticky_enabled=\u00bb0&#8243; title_text=\u00bb10ca85dc-25ff-47fe-9d89-f30e13edbb2a\u00bb][\/et_pb_slide][et_pb_slide heading=\u00bbFotograf\u00eda Gastron\u00f3mica\u00bb image=\u00bbhttp:\/\/dcv.artcom.mx\/pda\/1160571\/wp-content\/uploads\/sites\/5\/2022\/05\/pizza-scaled.jpg\u00bb _builder_version=\u00bb4.20.4&#8243; _module_preset=\u00bbdefault\u00bb header_font=\u00bbPoppins|600|||||||\u00bb header_text_color=\u00bbgcid-1a711817-9481-4f31-bc39-c7429446f5ab\u00bb header_font_size=\u00bb35px\u00bb body_font=\u00bbPoppins||||||||\u00bb body_text_align=\u00bbjustify\u00bb body_text_color=\u00bbgcid-1a711817-9481-4f31-bc39-c7429446f5ab\u00bb background_color=\u00bbgcid-d78b7535-5f8d-4d97-b10a-91d60f2f813c\u00bb background_enable_color=\u00bbon\u00bb background_layout=\u00bblight\u00bb hover_enabled=\u00bb0&#8243; global_colors_info=\u00bb{%22gcid-1a711817-9481-4f31-bc39-c7429446f5ab%22:%91%22header_text_color%22,%22body_text_color%22%93,%22gcid-d78b7535-5f8d-4d97-b10a-91d60f2f813c%22:%91%22background_color%22%93}\u00bb sticky_transition=\u00bbon\u00bb sticky_enabled=\u00bb0&#8243; title_text=\u00bbpizza\u00bb][\/et_pb_slide][et_pb_slide heading=\u00bbFotograf\u00eda Gastron\u00f3mica\u00bb image=\u00bbhttp:\/\/dcv.artcom.mx\/pda\/1160571\/wp-content\/uploads\/sites\/5\/2022\/05\/pizz-scaled.jpg\u00bb _builder_version=\u00bb4.20.4&#8243; _module_preset=\u00bbdefault\u00bb header_font=\u00bbPoppins|600|||||||\u00bb header_text_color=\u00bbgcid-1a711817-9481-4f31-bc39-c7429446f5ab\u00bb header_font_size=\u00bb35px\u00bb body_font=\u00bbPoppins||||||||\u00bb body_text_align=\u00bbjustify\u00bb body_text_color=\u00bbgcid-1a711817-9481-4f31-bc39-c7429446f5ab\u00bb background_color=\u00bbgcid-d78b7535-5f8d-4d97-b10a-91d60f2f813c\u00bb background_enable_color=\u00bbon\u00bb background_layout=\u00bblight\u00bb hover_enabled=\u00bb0&#8243; global_colors_info=\u00bb{%22gcid-1a711817-9481-4f31-bc39-c7429446f5ab%22:%91%22header_text_color%22,%22body_text_color%22%93,%22gcid-d78b7535-5f8d-4d97-b10a-91d60f2f813c%22:%91%22background_color%22%93}\u00bb sticky_transition=\u00bbon\u00bb sticky_enabled=\u00bb0&#8243; title_text=\u00bbpizz\u00bb][\/et_pb_slide][\/et_pb_slider][\/et_pb_column][\/et_pb_row][\/et_pb_section]<\/p>\n","protected":false},"excerpt":{"rendered":"<p>Emprendimientos PersonalesExpansi\u00f3n de Portafolio Fotogr\u00e1fico\u00bbMisi\u00f3n 50 Mil\u00edmetros\u00bb es una productora de contenido audiovisual en M\u00e9xico con quienes colabor\u00e9 haciendo una sesi\u00f3n de fotos para promocionar por redes la playera que ellos dise\u00f1an anualmente.\u00bbMisi\u00f3n 50 Mil\u00edmetros\u00bb es una productora de contenido audiovisual en M\u00e9xico con quienes colabor\u00e9 haciendo una sesi\u00f3n de fotos para promocionar por redes [&hellip;]<\/p>\n","protected":false},"author":9,"featured_media":0,"parent":11,"menu_order":4,"comment_status":"closed","ping_status":"closed","template":"","meta":{"_et_pb_use_builder":"on","_et_pb_old_content":"<!-- wp:divi\/placeholder \/-->","_et_gb_content_width":"","inline_featured_image":false,"footnotes":""},"_links":{"self":[{"href":"https:\/\/dcv.artcom.mx\/pda\/1160571\/wp-json\/wp\/v2\/pages\/69"}],"collection":[{"href":"https:\/\/dcv.artcom.mx\/pda\/1160571\/wp-json\/wp\/v2\/pages"}],"about":[{"href":"https:\/\/dcv.artcom.mx\/pda\/1160571\/wp-json\/wp\/v2\/types\/page"}],"author":[{"embeddable":true,"href":"https:\/\/dcv.artcom.mx\/pda\/1160571\/wp-json\/wp\/v2\/users\/9"}],"replies":[{"embeddable":true,"href":"https:\/\/dcv.artcom.mx\/pda\/1160571\/wp-json\/wp\/v2\/comments?post=69"}],"version-history":[{"count":7,"href":"https:\/\/dcv.artcom.mx\/pda\/1160571\/wp-json\/wp\/v2\/pages\/69\/revisions"}],"predecessor-version":[{"id":965,"href":"https:\/\/dcv.artcom.mx\/pda\/1160571\/wp-json\/wp\/v2\/pages\/69\/revisions\/965"}],"up":[{"embeddable":true,"href":"https:\/\/dcv.artcom.mx\/pda\/1160571\/wp-json\/wp\/v2\/pages\/11"}],"wp:attachment":[{"href":"https:\/\/dcv.artcom.mx\/pda\/1160571\/wp-json\/wp\/v2\/media?parent=69"}],"curies":[{"name":"wp","href":"https:\/\/api.w.org\/{rel}","templated":true}]}}