{"id":63,"date":"2020-03-03T17:43:09","date_gmt":"2020-03-03T23:43:09","guid":{"rendered":"http:\/\/pdadcv.artcom.mx\/portafolio-demo\/?page_id=63"},"modified":"2023-05-09T05:47:40","modified_gmt":"2023-05-09T05:47:40","slug":"actividades-eclesiasticas-y-espirituales","status":"publish","type":"page","link":"https:\/\/dcv.artcom.mx\/pda\/1160571\/evidencias\/actividades-eclesiasticas-y-espirituales\/","title":{"rendered":"Actividades eclesi\u00e1sticas y espirituales"},"content":{"rendered":"<p>[et_pb_section fb_built=\u00bb1&#8243; admin_label=\u00bbHero Section\u00bb _builder_version=\u00bb4.20.4&#8243; background_color=\u00bbgcid-aa1b8d5d-f381-48e4-af4b-e5df1b8f48e3&#8243; background_color_gradient_direction=\u00bb90deg\u00bb background_color_gradient_start=\u00bbrgba(244,240,233,0.9)\u00bb background_color_gradient_end=\u00bbrgba(244,240,233,0)\u00bb background_enable_image=\u00bboff\u00bb custom_margin=\u00bb|||\u00bb custom_padding=\u00bb25px|0px|23px|0px||\u00bb global_colors_info=\u00bb{%22gcid-aa1b8d5d-f381-48e4-af4b-e5df1b8f48e3%22:%91%22background_color%22%93}\u00bb][et_pb_row custom_padding_last_edited=\u00bboff|desktop\u00bb admin_label=\u00bbHero Area\u00bb _builder_version=\u00bb4.16&#8243; width=\u00bb96.4%\u00bb custom_padding=\u00bb0px|0px|0px|0px||\u00bb global_colors_info=\u00bb{}\u00bb][et_pb_column type=\u00bb4_4&#8243; _builder_version=\u00bb4.16&#8243; custom_padding=\u00bb|||\u00bb global_colors_info=\u00bb{}\u00bb custom_padding__hover=\u00bb|||\u00bb][et_pb_text admin_label=\u00bbHero Title\u00bb _builder_version=\u00bb4.20.4&#8243; text_font=\u00bbPlayfair Display||||||||\u00bb header_font=\u00bbPoppins|900|||||||\u00bb header_text_color=\u00bbgcid-1a711817-9481-4f31-bc39-c7429446f5ab\u00bb header_font_size=\u00bb70px\u00bb header_letter_spacing=\u00bb-2px\u00bb header_line_height=\u00bb1.1em\u00bb custom_margin=\u00bb||0px|\u00bb custom_padding=\u00bb|||\u00bb animation_style=\u00bbslide\u00bb animation_direction=\u00bbleft\u00bb animation_intensity_slide=\u00bb5%\u00bb animation_starting_opacity=\u00bb100%\u00bb text_font_size_last_edited=\u00bboff|desktop\u00bb header_font_size_tablet=\u00bb\u00bb header_font_size_phone=\u00bb60px\u00bb header_font_size_last_edited=\u00bbon|phone\u00bb global_colors_info=\u00bb{%22gcid-1a711817-9481-4f31-bc39-c7429446f5ab%22:%91%22header_text_color%22%93}\u00bb]<\/p>\n<h1>Actividades Eclesi\u00e1sticas<\/h1>\n<h1>&amp; Espirituales<\/h1>\n<p>[\/et_pb_text][\/et_pb_column][\/et_pb_row][\/et_pb_section][et_pb_section fb_built=\u00bb1&#8243; _builder_version=\u00bb4.20.4&#8243; _module_preset=\u00bbdefault\u00bb global_colors_info=\u00bb{}\u00bb][et_pb_row _builder_version=\u00bb4.20.4&#8243; _module_preset=\u00bbdefault\u00bb global_colors_info=\u00bb{}\u00bb][et_pb_column type=\u00bb4_4&#8243; _builder_version=\u00bb4.20.4&#8243; _module_preset=\u00bbdefault\u00bb global_colors_info=\u00bb{}\u00bb][et_pb_slider _builder_version=\u00bb4.20.4&#8243; _module_preset=\u00bbdefault\u00bb hover_enabled=\u00bb0&#8243; global_colors_info=\u00bb{}\u00bb sticky_enabled=\u00bb0&#8243;][et_pb_slide heading=\u00bbCurso de Misi\u00f3n Transcultural\u00bb image=\u00bbhttp:\/\/dcv.artcom.mx\/pda\/1160571\/wp-content\/uploads\/sites\/5\/2023\/05\/certificado.jpg\u00bb _builder_version=\u00bb4.20.4&#8243; _module_preset=\u00bbdefault\u00bb header_font=\u00bbPoppins|600|||||||\u00bb header_text_color=\u00bbgcid-1a711817-9481-4f31-bc39-c7429446f5ab\u00bb header_font_size=\u00bb35px\u00bb header_letter_spacing=\u00bb-1px\u00bb body_font=\u00bbPoppins||||||||\u00bb body_text_color=\u00bbgcid-1a711817-9481-4f31-bc39-c7429446f5ab\u00bb background_color=\u00bbgcid-d78b7535-5f8d-4d97-b10a-91d60f2f813c\u00bb background_enable_color=\u00bbon\u00bb background_layout=\u00bblight\u00bb hover_enabled=\u00bb0&#8243; global_colors_info=\u00bb{%22gcid-d78b7535-5f8d-4d97-b10a-91d60f2f813c%22:%91%22background_color%22%93,%22gcid-1a711817-9481-4f31-bc39-c7429446f5ab%22:%91%22header_text_color%22,%22body_text_color%22%93}\u00bb sticky_transition=\u00bbon\u00bb body_font_size=\u00bb16px\u00bb sticky_enabled=\u00bb0&#8243;]Como parte de la materia de Misi\u00f3n Mundial, asist\u00ed a un curso de parte del Institute of World Mission. Este certificado es necesario para quienes planean irse de misioneros.[\/et_pb_slide][\/et_pb_slider][\/et_pb_column][\/et_pb_row][\/et_pb_section][et_pb_section fb_built=\u00bb1&#8243; _builder_version=\u00bb4.20.4&#8243; _module_preset=\u00bbdefault\u00bb background_color=\u00bbgcid-1a711817-9481-4f31-bc39-c7429446f5ab\u00bb custom_padding=\u00bb0px||52px|||\u00bb global_colors_info=\u00bb{%22gcid-1a711817-9481-4f31-bc39-c7429446f5ab%22:%91%22background_color%22%93}\u00bb][et_pb_row column_structure=\u00bb1_2,1_2&#8243; _builder_version=\u00bb4.20.4&#8243; _module_preset=\u00bbdefault\u00bb min_height=\u00bb672.8px\u00bb custom_padding=\u00bb0px||0px|||\u00bb global_colors_info=\u00bb{}\u00bb][et_pb_column type=\u00bb1_2&#8243; _builder_version=\u00bb4.20.4&#8243; _module_preset=\u00bbdefault\u00bb global_colors_info=\u00bb{}\u00bb][et_pb_slider _builder_version=\u00bb4.20.4&#8243; _module_preset=\u00bbdefault\u00bb background_color=\u00bbgcid-4cd01cf2-ba02-496f-93c3-045ac19a53c7&#8243; custom_padding=\u00bb||38px|||\u00bb hover_enabled=\u00bb0&#8243; global_colors_info=\u00bb{%22gcid-4cd01cf2-ba02-496f-93c3-045ac19a53c7%22:%91%22background_color%22%93}\u00bb sticky_enabled=\u00bb0&#8243;][et_pb_slide heading=\u00bbMinisterio Digital\u00bb image=\u00bbhttp:\/\/dcv.artcom.mx\/pda\/1160571\/wp-content\/uploads\/sites\/5\/2023\/05\/ministerio-1.jpg\u00bb _builder_version=\u00bb4.20.4&#8243; _module_preset=\u00bbdefault\u00bb header_font=\u00bbPoppins|600|||||||\u00bb header_text_color=\u00bbgcid-1a711817-9481-4f31-bc39-c7429446f5ab\u00bb header_font_size=\u00bb35px\u00bb header_line_height=\u00bb1.1em\u00bb body_font=\u00bbPoppins||||||||\u00bb body_text_align=\u00bbjustify\u00bb body_text_color=\u00bbgcid-1a711817-9481-4f31-bc39-c7429446f5ab\u00bb background_color=\u00bbgcid-4cd01cf2-ba02-496f-93c3-045ac19a53c7&#8243; background_enable_color=\u00bbon\u00bb background_layout=\u00bblight\u00bb hover_enabled=\u00bb0&#8243; global_colors_info=\u00bb{%22gcid-1a711817-9481-4f31-bc39-c7429446f5ab%22:%91%22header_text_color%22,%22body_text_color%22%93,%22gcid-4cd01cf2-ba02-496f-93c3-045ac19a53c7%22:%91%22background_color%22%93}\u00bb sticky_transition=\u00bbon\u00bb body_font_size=\u00bb16px\u00bb sticky_enabled=\u00bb0&#8243;]<\/p>\n<p>En agosto de 2021 inici\u00e9 un ministerio por instagram con la finalidad de compartir sobre el amor De Dios por medio de redes sociales.<\/p>\n<p>[\/et_pb_slide][\/et_pb_slider][\/et_pb_column][et_pb_column type=\u00bb1_2&#8243; _builder_version=\u00bb4.20.4&#8243; _module_preset=\u00bbdefault\u00bb global_colors_info=\u00bb{}\u00bb][et_pb_slider _builder_version=\u00bb4.20.4&#8243; _module_preset=\u00bbdefault\u00bb background_color=\u00bbgcid-33ee699b-3321-446a-b427-297e35df144e\u00bb custom_margin=\u00bb||32px|||\u00bb custom_padding=\u00bb||17px|||\u00bb hover_enabled=\u00bb0&#8243; global_colors_info=\u00bb{%22gcid-33ee699b-3321-446a-b427-297e35df144e%22:%91%22background_color%22%93}\u00bb sticky_enabled=\u00bb0&#8243;][et_pb_slide heading=\u00bbJard\u00edn de Oraci\u00f3n\u00bb image=\u00bbhttp:\/\/dcv.artcom.mx\/pda\/1160571\/wp-content\/uploads\/sites\/5\/2022\/05\/tempImagextrRbx-scaled-e1652037980286.jpg\u00bb _builder_version=\u00bb4.20.4&#8243; _module_preset=\u00bbdefault\u00bb header_font=\u00bbPoppins|600|||||||\u00bb header_text_color=\u00bbgcid-1a711817-9481-4f31-bc39-c7429446f5ab\u00bb header_font_size=\u00bb35px\u00bb header_line_height=\u00bb1.1em\u00bb body_font=\u00bbPoppins||||||||\u00bb body_text_align=\u00bbjustify\u00bb body_text_color=\u00bbgcid-1a711817-9481-4f31-bc39-c7429446f5ab\u00bb background_color=\u00bbgcid-33ee699b-3321-446a-b427-297e35df144e\u00bb background_enable_color=\u00bbon\u00bb background_layout=\u00bblight\u00bb hover_enabled=\u00bb0&#8243; global_colors_info=\u00bb{%22gcid-1a711817-9481-4f31-bc39-c7429446f5ab%22:%91%22header_text_color%22,%22body_text_color%22%93,%22gcid-33ee699b-3321-446a-b427-297e35df144e%22:%91%22background_color%22%93}\u00bb sticky_transition=\u00bbon\u00bb body_font_size=\u00bb16px\u00bb sticky_enabled=\u00bb0&#8243;]<\/p>\n<p>Disfruto involucrarme en momentos de consagraci\u00f3n entre compa\u00f1eros universitarios por lo que intentaba asistir cada vez que hac\u00edan reuniones en el jard\u00edn de oraci\u00f3n como momento de reflexi\u00f3n.<\/p>\n<p>[\/et_pb_slide][\/et_pb_slider][\/et_pb_column][\/et_pb_row][\/et_pb_section][et_pb_section fb_built=\u00bb1&#8243; _builder_version=\u00bb4.20.4&#8243; _module_preset=\u00bbdefault\u00bb background_color=\u00bbgcid-d78b7535-5f8d-4d97-b10a-91d60f2f813c\u00bb global_colors_info=\u00bb{%22gcid-d78b7535-5f8d-4d97-b10a-91d60f2f813c%22:%91%22background_color%22%93}\u00bb][et_pb_row _builder_version=\u00bb4.20.4&#8243; _module_preset=\u00bbdefault\u00bb global_colors_info=\u00bb{}\u00bb][et_pb_column type=\u00bb4_4&#8243; _builder_version=\u00bb4.20.4&#8243; _module_preset=\u00bbdefault\u00bb global_colors_info=\u00bb{}\u00bb][et_pb_slider _builder_version=\u00bb4.20.4&#8243; _module_preset=\u00bbdefault\u00bb hover_enabled=\u00bb0&#8243; global_colors_info=\u00bb{}\u00bb sticky_enabled=\u00bb0&#8243;][et_pb_slide heading=\u00bbGlobal Youth Day %22Amando a los olvidados%22&#8243; image=\u00bbhttp:\/\/dcv.artcom.mx\/pda\/1160571\/wp-content\/uploads\/sites\/5\/2022\/05\/GYD22PORTFOLIO.jpg\u00bb _builder_version=\u00bb4.20.4&#8243; _module_preset=\u00bbdefault\u00bb header_font=\u00bbPoppins|600|||||||\u00bb header_text_color=\u00bbgcid-d78b7535-5f8d-4d97-b10a-91d60f2f813c\u00bb header_font_size=\u00bb35px\u00bb header_letter_spacing=\u00bb-1px\u00bb header_line_height=\u00bb1.2em\u00bb body_font=\u00bbPoppins||||||||\u00bb body_text_color=\u00bbgcid-1a711817-9481-4f31-bc39-c7429446f5ab\u00bb background_color=\u00bbgcid-aa1b8d5d-f381-48e4-af4b-e5df1b8f48e3&#8243; background_enable_color=\u00bbon\u00bb background_layout=\u00bblight\u00bb hover_enabled=\u00bb0&#8243; global_colors_info=\u00bb{%22gcid-1a711817-9481-4f31-bc39-c7429446f5ab%22:%91%22body_text_color%22%93,%22gcid-aa1b8d5d-f381-48e4-af4b-e5df1b8f48e3%22:%91%22background_color%22%93,%22gcid-d78b7535-5f8d-4d97-b10a-91d60f2f813c%22:%91%22header_text_color%22%93}\u00bb sticky_transition=\u00bbon\u00bb body_font_size=\u00bb16px\u00bb sticky_enabled=\u00bb0&#8243;]Por primera vez asist\u00ed a un GYD en el que pude compartir sobre Dios en la ciudad de May, adem\u00e1s de fotografiar algunos momentos y convivir[\/et_pb_slide][\/et_pb_slider][\/et_pb_column][\/et_pb_row][\/et_pb_section][et_pb_section fb_built=\u00bb1&#8243; _builder_version=\u00bb4.20.4&#8243; _module_preset=\u00bbdefault\u00bb background_color=\u00bbgcid-1a711817-9481-4f31-bc39-c7429446f5ab\u00bb custom_padding=\u00bb||33px|||\u00bb global_colors_info=\u00bb{%22gcid-1a711817-9481-4f31-bc39-c7429446f5ab%22:%91%22background_color%22%93}\u00bb][et_pb_row column_structure=\u00bb1_2,1_2&#8243; _builder_version=\u00bb4.20.4&#8243; _module_preset=\u00bbdefault\u00bb min_height=\u00bb672.8px\u00bb custom_padding=\u00bb20px|||||\u00bb global_colors_info=\u00bb{}\u00bb][et_pb_column type=\u00bb1_2&#8243; _builder_version=\u00bb4.20.4&#8243; _module_preset=\u00bbdefault\u00bb global_colors_info=\u00bb{}\u00bb][et_pb_slider _builder_version=\u00bb4.20.4&#8243; _module_preset=\u00bbdefault\u00bb custom_padding=\u00bb||38px|||\u00bb hover_enabled=\u00bb0&#8243; global_colors_info=\u00bb{}\u00bb sticky_enabled=\u00bb0&#8243;][et_pb_slide heading=\u00bbParticipaciones en Iglesia Universitaria\u00bb image=\u00bbhttp:\/\/dcv.artcom.mx\/pda\/1160571\/wp-content\/uploads\/sites\/5\/2022\/05\/church-1-scaled.jpg\u00bb _builder_version=\u00bb4.20.4&#8243; _module_preset=\u00bbdefault\u00bb header_font=\u00bbPoppins|600|||||||\u00bb header_text_color=\u00bbgcid-1a711817-9481-4f31-bc39-c7429446f5ab\u00bb header_font_size=\u00bb35px\u00bb header_line_height=\u00bb1.1em\u00bb body_font=\u00bbPoppins||||||||\u00bb body_text_align=\u00bbjustify\u00bb body_text_color=\u00bbgcid-1a711817-9481-4f31-bc39-c7429446f5ab\u00bb background_color=\u00bbgcid-4cd01cf2-ba02-496f-93c3-045ac19a53c7&#8243; background_enable_color=\u00bbon\u00bb background_layout=\u00bblight\u00bb hover_enabled=\u00bb0&#8243; global_colors_info=\u00bb{%22gcid-1a711817-9481-4f31-bc39-c7429446f5ab%22:%91%22header_text_color%22,%22body_text_color%22%93,%22gcid-4cd01cf2-ba02-496f-93c3-045ac19a53c7%22:%91%22background_color%22%93}\u00bb sticky_transition=\u00bbon\u00bb body_font_size=\u00bb16px\u00bb sticky_enabled=\u00bb0&#8243;]<\/p>\n<p>El ministerio digital me ha permitido en dos ocasiones dar testimonio en la Iglesia Universitaria de que no es cu\u00e1nto uno pueda, hacer sino cu\u00e1nto Dios puede hacer a trav\u00e9s de nosotros cuando estamos dispuestos a servirle.<\/p>\n<p>[\/et_pb_slide][\/et_pb_slider][\/et_pb_column][et_pb_column type=\u00bb1_2&#8243; _builder_version=\u00bb4.20.4&#8243; _module_preset=\u00bbdefault\u00bb global_colors_info=\u00bb{}\u00bb][et_pb_slider _builder_version=\u00bb4.20.4&#8243; _module_preset=\u00bbdefault\u00bb custom_margin=\u00bb||-34px|||\u00bb custom_padding=\u00bb||33px|||\u00bb hover_enabled=\u00bb0&#8243; global_colors_info=\u00bb{}\u00bb sticky_enabled=\u00bb0&#8243;][et_pb_slide heading=\u00bbEstudios B\u00edblicos Internacionales\u00bb image=\u00bbhttp:\/\/dcv.artcom.mx\/pda\/1160571\/wp-content\/uploads\/sites\/5\/2022\/05\/FINAL-scaled.jpg\u00bb _builder_version=\u00bb4.20.4&#8243; _module_preset=\u00bbdefault\u00bb header_font=\u00bbPoppins|600|||||||\u00bb header_text_color=\u00bbgcid-1a711817-9481-4f31-bc39-c7429446f5ab\u00bb header_font_size=\u00bb35px\u00bb header_line_height=\u00bb1.1em\u00bb body_font=\u00bbPoppins||||||||\u00bb body_text_align=\u00bbjustify\u00bb body_text_color=\u00bbgcid-1a711817-9481-4f31-bc39-c7429446f5ab\u00bb background_color=\u00bbgcid-b5d04338-9dea-4465-b53e-10b59cdb65d2&#8243; background_enable_color=\u00bbon\u00bb background_layout=\u00bblight\u00bb hover_enabled=\u00bb0&#8243; global_colors_info=\u00bb{%22gcid-1a711817-9481-4f31-bc39-c7429446f5ab%22:%91%22header_text_color%22,%22body_text_color%22%93,%22gcid-b5d04338-9dea-4465-b53e-10b59cdb65d2%22:%91%22background_color%22%93}\u00bb sticky_transition=\u00bbon\u00bb body_font_size=\u00bb16px\u00bb sticky_enabled=\u00bb0&#8243;]<\/p>\n<p>Gracias a Dios y en colaboraci\u00f3n de personas que \u00c9l puso en el camino, logramos dar estudios b\u00edblicos de la Fe de Jes\u00fas con un alcance internacional, hab\u00edan tanto personas de otras denominaciones como personas que no conoc\u00edan sobre Dios.<\/p>\n<p>[\/et_pb_slide][\/et_pb_slider][\/et_pb_column][\/et_pb_row][\/et_pb_section]<\/p>\n","protected":false},"excerpt":{"rendered":"<p>Actividades Eclesi\u00e1sticas &amp; EspiritualesComo parte de la materia de Misi\u00f3n Mundial, asist\u00ed a un curso de parte del Institute of World Mission. Este certificado es necesario para quienes planean irse de misioneros.En agosto de 2021 inici\u00e9 un ministerio por instagram con la finalidad de compartir sobre el amor De Dios por medio de redes sociales.Disfruto [&hellip;]<\/p>\n","protected":false},"author":9,"featured_media":0,"parent":11,"menu_order":5,"comment_status":"closed","ping_status":"closed","template":"","meta":{"_et_pb_use_builder":"on","_et_pb_old_content":"<!-- wp:divi\/placeholder \/-->","_et_gb_content_width":"","inline_featured_image":false,"footnotes":""},"_links":{"self":[{"href":"https:\/\/dcv.artcom.mx\/pda\/1160571\/wp-json\/wp\/v2\/pages\/63"}],"collection":[{"href":"https:\/\/dcv.artcom.mx\/pda\/1160571\/wp-json\/wp\/v2\/pages"}],"about":[{"href":"https:\/\/dcv.artcom.mx\/pda\/1160571\/wp-json\/wp\/v2\/types\/page"}],"author":[{"embeddable":true,"href":"https:\/\/dcv.artcom.mx\/pda\/1160571\/wp-json\/wp\/v2\/users\/9"}],"replies":[{"embeddable":true,"href":"https:\/\/dcv.artcom.mx\/pda\/1160571\/wp-json\/wp\/v2\/comments?post=63"}],"version-history":[{"count":18,"href":"https:\/\/dcv.artcom.mx\/pda\/1160571\/wp-json\/wp\/v2\/pages\/63\/revisions"}],"predecessor-version":[{"id":955,"href":"https:\/\/dcv.artcom.mx\/pda\/1160571\/wp-json\/wp\/v2\/pages\/63\/revisions\/955"}],"up":[{"embeddable":true,"href":"https:\/\/dcv.artcom.mx\/pda\/1160571\/wp-json\/wp\/v2\/pages\/11"}],"wp:attachment":[{"href":"https:\/\/dcv.artcom.mx\/pda\/1160571\/wp-json\/wp\/v2\/media?parent=63"}],"curies":[{"name":"wp","href":"https:\/\/api.w.org\/{rel}","templated":true}]}}