{"id":556,"date":"2022-05-10T08:50:27","date_gmt":"2022-05-10T08:50:27","guid":{"rendered":"https:\/\/dcv.artcom.mx\/pda\/1160571\/?page_id=556"},"modified":"2023-05-08T09:41:13","modified_gmt":"2023-05-08T09:41:13","slug":"segundo-ano-2","status":"publish","type":"page","link":"https:\/\/dcv.artcom.mx\/pda\/1160571\/segundo-ano-2\/","title":{"rendered":"Tercer a\u00f1o"},"content":{"rendered":"<p>[et_pb_section fb_built=\u00bb1&#8243; admin_label=\u00bbHero Section\u00bb _builder_version=\u00bb4.20.4&#8243; background_color=\u00bbgcid-d78b7535-5f8d-4d97-b10a-91d60f2f813c\u00bb background_color_gradient_direction=\u00bb90deg\u00bb background_color_gradient_start=\u00bb#f4f0e9&#8243; background_color_gradient_end=\u00bbrgba(244,240,233,0)\u00bb background_enable_image=\u00bboff\u00bb custom_margin=\u00bb|||\u00bb custom_padding=\u00bb0.2%|0px|2.9%|0px||\u00bb global_colors_info=\u00bb{%22gcid-d78b7535-5f8d-4d97-b10a-91d60f2f813c%22:%91%22background_color%22%93}\u00bb][et_pb_row custom_padding_last_edited=\u00bboff|desktop\u00bb admin_label=\u00bbHero Area\u00bb _builder_version=\u00bb4.16&#8243; custom_padding=\u00bb27px|0px|0px|0px\u00bb global_colors_info=\u00bb{}\u00bb][et_pb_column type=\u00bb4_4&#8243; _builder_version=\u00bb4.16&#8243; custom_padding=\u00bb|||\u00bb global_colors_info=\u00bb{}\u00bb custom_padding__hover=\u00bb|||\u00bb][et_pb_text admin_label=\u00bbHero Title\u00bb _builder_version=\u00bb4.20.4&#8243; text_font=\u00bbPlayfair Display||||||||\u00bb header_font=\u00bbPoppins|800|||||||\u00bb header_text_color=\u00bb#f5f5f5&#8243; header_font_size=\u00bb65px\u00bb header_letter_spacing=\u00bb-3px\u00bb header_line_height=\u00bb1.1em\u00bb custom_margin=\u00bb10px|||||\u00bb animation_style=\u00bbslide\u00bb animation_direction=\u00bbleft\u00bb animation_intensity_slide=\u00bb5%\u00bb animation_starting_opacity=\u00bb100%\u00bb text_font_size_last_edited=\u00bboff|desktop\u00bb header_font_size_tablet=\u00bb\u00bb header_font_size_phone=\u00bb60px\u00bb header_font_size_last_edited=\u00bbon|phone\u00bb global_colors_info=\u00bb{}\u00bb]<\/p>\n<h1>Diario Metacognitivo<\/h1>\n<p>[\/et_pb_text][\/et_pb_column][\/et_pb_row][\/et_pb_section][et_pb_section fb_built=\u00bb1&#8243; _builder_version=\u00bb4.20.4&#8243; _module_preset=\u00bbdefault\u00bb background_color=\u00bbgcid-1a711817-9481-4f31-bc39-c7429446f5ab\u00bb custom_padding=\u00bb100px||0px|||\u00bb global_colors_info=\u00bb{%22gcid-1a711817-9481-4f31-bc39-c7429446f5ab%22:%91%22background_color%22%93}\u00bb][et_pb_row _builder_version=\u00bb4.16&#8243; _module_preset=\u00bbdefault\u00bb custom_margin=\u00bb-3px|auto||auto||\u00bb custom_padding=\u00bb0px|||||\u00bb global_colors_info=\u00bb{}\u00bb][et_pb_column type=\u00bb4_4&#8243; _builder_version=\u00bb4.16&#8243; _module_preset=\u00bbdefault\u00bb global_colors_info=\u00bb{}\u00bb][et_pb_slider dot_nav_custom_color=\u00bb#fffffe\u00bb _builder_version=\u00bb4.20.4&#8243; _module_preset=\u00bbdefault\u00bb body_text_align=\u00bbjustify\u00bb body_font_size=\u00bb16px\u00bb background_color=\u00bb#90a8ed\u00bb min_height=\u00bb575px\u00bb custom_margin=\u00bb10px||81px|||\u00bb custom_padding=\u00bb120px||120px|||\u00bb border_color_all=\u00bb#FFFFFF\u00bb global_colors_info=\u00bb{%22gcid-1a711817-9481-4f31-bc39-c7429446f5ab%22:%91%22dot_nav_custom_color%22%93}\u00bb][et_pb_slide _builder_version=\u00bb4.20.4&#8243; _module_preset=\u00bbdefault\u00bb header_font=\u00bbPoppins|600|||||||\u00bb header_text_color=\u00bbgcid-d78b7535-5f8d-4d97-b10a-91d60f2f813c\u00bb header_font_size=\u00bb35px\u00bb body_font=\u00bbPoppins||||||||\u00bb body_text_color=\u00bbgcid-1a711817-9481-4f31-bc39-c7429446f5ab\u00bb background_enable_color=\u00bboff\u00bb background_image=\u00bbhttp:\/\/dcv.artcom.mx\/pda\/1160571\/wp-content\/uploads\/sites\/5\/2023\/05\/ojocreativo-2.jpg\u00bb background_enable_image=\u00bbon\u00bb background_layout=\u00bblight\u00bb global_colors_info=\u00bb{%22gcid-aa1b8d5d-f381-48e4-af4b-e5df1b8f48e3%22:%91%22background_color%22%93,%22gcid-1a711817-9481-4f31-bc39-c7429446f5ab%22:%91%22body_text_color%22%93,%22gcid-d78b7535-5f8d-4d97-b10a-91d60f2f813c%22:%91%22header_text_color%22%93}\u00bb sticky_transition=\u00bbon\u00bb][\/et_pb_slide][et_pb_slide heading=\u00bbDescripci\u00f3n\u00bb _builder_version=\u00bb4.20.4&#8243; _module_preset=\u00bbdefault\u00bb header_font=\u00bbPoppins|600|||||||\u00bb header_text_color=\u00bbgcid-1a711817-9481-4f31-bc39-c7429446f5ab\u00bb header_font_size=\u00bb35px\u00bb body_font=\u00bbPoppins||||||||\u00bb body_text_align=\u00bbcenter\u00bb body_text_color=\u00bbgcid-1a711817-9481-4f31-bc39-c7429446f5ab\u00bb background_enable_color=\u00bboff\u00bb background_image=\u00bbhttp:\/\/dcv.artcom.mx\/pda\/1160571\/wp-content\/uploads\/sites\/5\/2023\/05\/oc-fondo.jpg\u00bb background_enable_image=\u00bbon\u00bb background_layout=\u00bblight\u00bb custom_padding=\u00bb|150px||150px|false|false\u00bb global_colors_info=\u00bb{%22gcid-aa1b8d5d-f381-48e4-af4b-e5df1b8f48e3%22:%91%22background_color%22%93,%22gcid-1a711817-9481-4f31-bc39-c7429446f5ab%22:%91%22body_text_color%22,%22header_text_color%22%93}\u00bb sticky_transition=\u00bbon\u00bb]<\/p>\n<p>Este proyecto, de la materia Gesti\u00f3n Profesional, realizado en conjunto con el 6to semestre, consisti\u00f3 en crear un branding a la Semana de la Creatividad que es llevada a cabo cada a\u00f1o en nuestra facultad como carrera de Dise\u00f1o.<\/p>\n<p>[\/et_pb_slide][et_pb_slide heading=\u00bbPaleta de Colores\u00bb _builder_version=\u00bb4.20.4&#8243; _module_preset=\u00bbdefault\u00bb header_font=\u00bbPoppins|600|||||||\u00bb header_text_color=\u00bbgcid-1a711817-9481-4f31-bc39-c7429446f5ab\u00bb header_font_size=\u00bb35px\u00bb body_font=\u00bbPoppins||||||||\u00bb body_text_color=\u00bbgcid-1a711817-9481-4f31-bc39-c7429446f5ab\u00bb background_enable_color=\u00bboff\u00bb background_image=\u00bbhttp:\/\/dcv.artcom.mx\/pda\/1160571\/wp-content\/uploads\/sites\/5\/2023\/05\/paleta.jpg\u00bb background_enable_image=\u00bbon\u00bb background_layout=\u00bblight\u00bb custom_padding=\u00bb0px||220px||false|false\u00bb global_colors_info=\u00bb{%22gcid-aa1b8d5d-f381-48e4-af4b-e5df1b8f48e3%22:%91%22background_color%22%93,%22gcid-1a711817-9481-4f31-bc39-c7429446f5ab%22:%91%22body_text_color%22,%22header_text_color%22%93}\u00bb sticky_transition=\u00bbon\u00bb][\/et_pb_slide][et_pb_slide heading=\u00bbOcupaci\u00f3n\u00bb _builder_version=\u00bb4.20.4&#8243; _module_preset=\u00bbdefault\u00bb header_font=\u00bbPoppins|600|||||||\u00bb header_text_color=\u00bbgcid-1a711817-9481-4f31-bc39-c7429446f5ab\u00bb header_font_size=\u00bb35px\u00bb body_font=\u00bbPoppins||||||||\u00bb body_text_align=\u00bbcenter\u00bb body_text_color=\u00bbgcid-1a711817-9481-4f31-bc39-c7429446f5ab\u00bb background_enable_color=\u00bboff\u00bb background_image=\u00bbhttp:\/\/dcv.artcom.mx\/pda\/1160571\/wp-content\/uploads\/sites\/5\/2023\/05\/oc-fondo.jpg\u00bb background_enable_image=\u00bbon\u00bb background_layout=\u00bblight\u00bb custom_padding=\u00bb|150px||150px|false|false\u00bb global_colors_info=\u00bb{%22gcid-aa1b8d5d-f381-48e4-af4b-e5df1b8f48e3%22:%91%22background_color%22%93,%22gcid-1a711817-9481-4f31-bc39-c7429446f5ab%22:%91%22body_text_color%22,%22header_text_color%22%93}\u00bb sticky_transition=\u00bbon\u00bb]<\/p>\n<p>A cada uno de mis compa\u00f1eros nos ubicaron en distintas \u00e1reas para poder cubrir exitosamente todo el proceso de branding. <\/p>\n<p>Inicialmente estuve en el equipo de log\u00edstica para despu\u00e9s unirme al equipo de dise\u00f1o y apoyar con la paleta de colores, post de los invitados, historias de anuncios, agenda digital. <\/p>\n<p>[\/et_pb_slide][\/et_pb_slider][\/et_pb_column][\/et_pb_row][\/et_pb_section][et_pb_section fb_built=\u00bb1&#8243; _builder_version=\u00bb4.20.4&#8243; _module_preset=\u00bbdefault\u00bb background_color=\u00bbgcid-1a711817-9481-4f31-bc39-c7429446f5ab\u00bb custom_padding=\u00bb1px|||||\u00bb global_colors_info=\u00bb{%22gcid-1a711817-9481-4f31-bc39-c7429446f5ab%22:%91%22background_color%22%93}\u00bb][et_pb_row column_structure=\u00bb1_5,1_5,1_5,1_5,1_5&#8243; _builder_version=\u00bb4.16&#8243; _module_preset=\u00bbdefault\u00bb custom_margin=\u00bb-2px|auto||auto||\u00bb custom_padding=\u00bb0px|||||\u00bb global_colors_info=\u00bb{}\u00bb][et_pb_column type=\u00bb1_5&#8243; _builder_version=\u00bb4.16&#8243; _module_preset=\u00bbdefault\u00bb global_colors_info=\u00bb{}\u00bb][et_pb_image src=\u00bbhttp:\/\/dcv.artcom.mx\/pda\/1160571\/wp-content\/uploads\/sites\/5\/2023\/05\/Bratapost.jpg\u00bb title_text=\u00bbBratapost\u00bb _builder_version=\u00bb4.20.4&#8243; _module_preset=\u00bbdefault\u00bb custom_margin=\u00bb|-32px||||\u00bb global_colors_info=\u00bb{}\u00bb][\/et_pb_image][\/et_pb_column][et_pb_column type=\u00bb1_5&#8243; _builder_version=\u00bb4.16&#8243; _module_preset=\u00bbdefault\u00bb global_colors_info=\u00bb{}\u00bb][et_pb_image src=\u00bbhttp:\/\/dcv.artcom.mx\/pda\/1160571\/wp-content\/uploads\/sites\/5\/2023\/05\/Moipost.jpg\u00bb title_text=\u00bbMoipost\u00bb _builder_version=\u00bb4.20.4&#8243; _module_preset=\u00bbdefault\u00bb custom_margin=\u00bb|-26px||-7px||\u00bb custom_padding=\u00bb|0px||||\u00bb global_colors_info=\u00bb{}\u00bb][\/et_pb_image][\/et_pb_column][et_pb_column type=\u00bb1_5&#8243; _builder_version=\u00bb4.16&#8243; _module_preset=\u00bbdefault\u00bb global_colors_info=\u00bb{}\u00bb][et_pb_image src=\u00bbhttp:\/\/dcv.artcom.mx\/pda\/1160571\/wp-content\/uploads\/sites\/5\/2023\/05\/Cyanhiapost.jpg\u00bb title_text=\u00bbCyanhiapost\u00bb _builder_version=\u00bb4.20.4&#8243; _module_preset=\u00bbdefault\u00bb custom_margin=\u00bb|-24px||-14px||\u00bb custom_padding=\u00bb|5px||||\u00bb global_colors_info=\u00bb{}\u00bb][\/et_pb_image][\/et_pb_column][et_pb_column type=\u00bb1_5&#8243; _builder_version=\u00bb4.16&#8243; _module_preset=\u00bbdefault\u00bb global_colors_info=\u00bb{}\u00bb][et_pb_image src=\u00bbhttp:\/\/dcv.artcom.mx\/pda\/1160571\/wp-content\/uploads\/sites\/5\/2023\/05\/Valepost.jpg\u00bb title_text=\u00bbValepost\u00bb _builder_version=\u00bb4.20.4&#8243; _module_preset=\u00bbdefault\u00bb custom_margin=\u00bb|-11px||-21px||\u00bb global_colors_info=\u00bb{}\u00bb][\/et_pb_image][\/et_pb_column][et_pb_column type=\u00bb1_5&#8243; _builder_version=\u00bb4.16&#8243; _module_preset=\u00bbdefault\u00bb global_colors_info=\u00bb{}\u00bb][et_pb_image src=\u00bbhttp:\/\/dcv.artcom.mx\/pda\/1160571\/wp-content\/uploads\/sites\/5\/2023\/05\/Bannerpost.jpg\u00bb title_text=\u00bbBannerpost\u00bb _builder_version=\u00bb4.20.4&#8243; _module_preset=\u00bbdefault\u00bb custom_margin=\u00bb|||-31px||\u00bb global_colors_info=\u00bb{}\u00bb][\/et_pb_image][\/et_pb_column][\/et_pb_row][\/et_pb_section]<\/p>\n","protected":false},"excerpt":{"rendered":"<p>Diario MetacognitivoEste proyecto, de la materia Gesti\u00f3n Profesional, realizado en conjunto con el 6to semestre, consisti\u00f3 en crear un branding a la Semana de la Creatividad que es llevada a cabo cada a\u00f1o en nuestra facultad como carrera de Dise\u00f1o.A cada uno de mis compa\u00f1eros nos ubicaron en distintas \u00e1reas para poder cubrir exitosamente todo [&hellip;]<\/p>\n","protected":false},"author":9,"featured_media":0,"parent":0,"menu_order":0,"comment_status":"closed","ping_status":"closed","template":"","meta":{"_et_pb_use_builder":"on","_et_pb_old_content":"<!-- wp:divi\/placeholder \/-->","_et_gb_content_width":"","inline_featured_image":false,"footnotes":""},"_links":{"self":[{"href":"https:\/\/dcv.artcom.mx\/pda\/1160571\/wp-json\/wp\/v2\/pages\/556"}],"collection":[{"href":"https:\/\/dcv.artcom.mx\/pda\/1160571\/wp-json\/wp\/v2\/pages"}],"about":[{"href":"https:\/\/dcv.artcom.mx\/pda\/1160571\/wp-json\/wp\/v2\/types\/page"}],"author":[{"embeddable":true,"href":"https:\/\/dcv.artcom.mx\/pda\/1160571\/wp-json\/wp\/v2\/users\/9"}],"replies":[{"embeddable":true,"href":"https:\/\/dcv.artcom.mx\/pda\/1160571\/wp-json\/wp\/v2\/comments?post=556"}],"version-history":[{"count":21,"href":"https:\/\/dcv.artcom.mx\/pda\/1160571\/wp-json\/wp\/v2\/pages\/556\/revisions"}],"predecessor-version":[{"id":893,"href":"https:\/\/dcv.artcom.mx\/pda\/1160571\/wp-json\/wp\/v2\/pages\/556\/revisions\/893"}],"wp:attachment":[{"href":"https:\/\/dcv.artcom.mx\/pda\/1160571\/wp-json\/wp\/v2\/media?parent=556"}],"curies":[{"name":"wp","href":"https:\/\/api.w.org\/{rel}","templated":true}]}}