{"id":530,"date":"2022-05-09T13:26:32","date_gmt":"2022-05-09T13:26:32","guid":{"rendered":"https:\/\/dcv.artcom.mx\/pda\/1160571\/?page_id=530"},"modified":"2022-05-10T08:41:06","modified_gmt":"2022-05-10T08:41:06","slug":"segundo-ano","status":"publish","type":"page","link":"https:\/\/dcv.artcom.mx\/pda\/1160571\/segundo-ano\/","title":{"rendered":"Segundo a\u00f1o"},"content":{"rendered":"<p>[et_pb_section fb_built=\u00bb1&#8243; admin_label=\u00bbHero Section\u00bb _builder_version=\u00bb4.14.7&#8243; background_color=\u00bb#ebebeb\u00bb background_color_gradient_start=\u00bb#f4f0e9&#8243; background_color_gradient_end=\u00bbrgba(244,240,233,0)\u00bb background_color_gradient_direction=\u00bb90deg\u00bb background_enable_image=\u00bboff\u00bb custom_margin=\u00bb|||\u00bb custom_padding=\u00bb0.3%|0px|1.9%|0px||\u00bb global_colors_info=\u00bb{}\u00bb][et_pb_row custom_padding_last_edited=\u00bboff|desktop\u00bb admin_label=\u00bbHero Area\u00bb _builder_version=\u00bb3.25&#8243; custom_padding=\u00bb27px|0px|0px|0px\u00bb global_colors_info=\u00bb{}\u00bb][et_pb_column type=\u00bb4_4&#8243; _builder_version=\u00bb3.25&#8243; custom_padding=\u00bb|||\u00bb global_colors_info=\u00bb{}\u00bb custom_padding__hover=\u00bb|||\u00bb][et_pb_text admin_label=\u00bbHero Title\u00bb _builder_version=\u00bb4.14.7&#8243; text_font=\u00bbPlayfair Display||||||||\u00bb header_font=\u00bbMontserrat|600|||||||\u00bb header_font_size=\u00bb76px\u00bb header_letter_spacing=\u00bb-3px\u00bb header_line_height=\u00bb1.1em\u00bb animation_style=\u00bbslide\u00bb animation_direction=\u00bbleft\u00bb animation_intensity_slide=\u00bb5%\u00bb animation_starting_opacity=\u00bb100%\u00bb text_font_size_last_edited=\u00bboff|desktop\u00bb header_font_size_tablet=\u00bb\u00bb header_font_size_phone=\u00bb60px\u00bb header_font_size_last_edited=\u00bbon|phone\u00bb global_colors_info=\u00bb{}\u00bb]<\/p>\n<h1>Proyectos Acad\u00e9micos II<\/h1>\n<p>[\/et_pb_text][\/et_pb_column][\/et_pb_row][\/et_pb_section][et_pb_section fb_built=\u00bb1&#8243; _builder_version=\u00bb4.14.7&#8243; _module_preset=\u00bbdefault\u00bb background_color=\u00bb#d1c6ba\u00bb custom_padding=\u00bb101px||102px|||\u00bb global_colors_info=\u00bb{}\u00bb][et_pb_row _builder_version=\u00bb4.14.7&#8243; _module_preset=\u00bbdefault\u00bb global_colors_info=\u00bb{}\u00bb][et_pb_column type=\u00bb4_4&#8243; _builder_version=\u00bb4.14.7&#8243; _module_preset=\u00bbdefault\u00bb global_colors_info=\u00bb{}\u00bb][et_pb_slider _builder_version=\u00bb4.14.7&#8243; _module_preset=\u00bbdefault\u00bb background_color=\u00bb#FFFFFF\u00bb custom_padding=\u00bb52px||50px|||\u00bb global_colors_info=\u00bb{}\u00bb][et_pb_slide heading=\u00bbIlustraci\u00f3n M\u00e9dica\u00bb image=\u00bbhttp:\/\/dcv.artcom.mx\/pda\/1160571\/wp-content\/uploads\/sites\/5\/2022\/05\/Ilustracion-medica.jpg\u00bb _builder_version=\u00bb4.14.7&#8243; _module_preset=\u00bbdefault\u00bb header_font=\u00bbPoppins|600|||||||\u00bb body_font=\u00bbPoppins||||||||\u00bb background_layout=\u00bblight\u00bb global_colors_info=\u00bb{}\u00bb sticky_transition=\u00bbon\u00bb]<\/p>\n<p>Para este proyecto producimos una ilustraci\u00f3n en la que se representan las partes y detalles del cr\u00e1neo. La colonizaci\u00f3n y Dodge&amp;Burn se realiz\u00f3 en el programa Photoshop a trav\u00e9s de capas en las que se resalt\u00f3 la representaci\u00f3n de texturas.<\/p>\n<p>Prof. Fabi\u00e1n Oilea<\/p>\n<p>10 de febrero de 2021<\/p>\n<p>Enfoque de Entorno<\/p>\n<p>Ilustraci\u00f3n Digital<\/p>\n<p>[\/et_pb_slide][et_pb_slide heading=\u00bbIlustraciones QVS\u00bb image=\u00bbhttp:\/\/dcv.artcom.mx\/pda\/1160571\/wp-content\/uploads\/sites\/5\/2022\/05\/qvsss.jpg\u00bb _builder_version=\u00bb4.14.7&#8243; _module_preset=\u00bbdefault\u00bb header_font=\u00bbPoppins|600|||||||\u00bb body_font=\u00bbPoppins||||||||\u00bb background_layout=\u00bblight\u00bb global_colors_info=\u00bb{}\u00bb sticky_transition=\u00bbon\u00bb]<\/p>\n<p>El prop\u00f3sito de este proyecto fue la ilustraci\u00f3n de los ocho h\u00e1bitos saludables del programa Quiero Vivir Sano, que contengan el mismo estilo o coherencia entre todas las ilustraciones.<\/p>\n<p>Prof. Fabi\u00e1n Oilea<\/p>\n<p>12 de mayo de 2021<\/p>\n<p>Enfoque de Entorno<\/p>\n<p>Ilustraci\u00f3n Digital<\/p>\n<p>[\/et_pb_slide][et_pb_slide heading=\u00bbMapa de Divisi\u00f3n \u00bb image=\u00bbhttp:\/\/dcv.artcom.mx\/pda\/1160571\/wp-content\/uploads\/sites\/5\/2022\/05\/Mapa-scaled.jpg\u00bb _builder_version=\u00bb4.14.7&#8243; _module_preset=\u00bbdefault\u00bb header_font=\u00bbPoppins|600|||||||\u00bb body_font=\u00bbPoppins||||||||\u00bb background_layout=\u00bblight\u00bb global_colors_info=\u00bb{}\u00bb sticky_transition=\u00bbon\u00bb]<\/p>\n<p>En este proyecto se busca representar por medio de elementos regionales ilustrados la Divisi\u00f3n Transeuropea. Se tom\u00f3 en cuenta el uso de una paleta crom\u00e1tica y elementos llamativos para el p\u00fablico infantil.<\/p>\n<p>Prof. Fabi\u00e1n Oilea<\/p>\n<p>14 de abril de 2021<\/p>\n<p>Enfoque de Entorno-Negocio<\/p>\n<p>Ilustraci\u00f3n Digital<\/p>\n<p>[\/et_pb_slide][et_pb_slide heading=\u00bbIlustraci\u00f3n Isom\u00e9trica\u00bb image=\u00bbhttp:\/\/dcv.artcom.mx\/pda\/1160571\/wp-content\/uploads\/sites\/5\/2022\/05\/iso.jpg\u00bb _builder_version=\u00bb4.14.7&#8243; _module_preset=\u00bbdefault\u00bb header_font=\u00bbPoppins|600|||||||\u00bb body_font=\u00bbPoppins||||||||\u00bb background_layout=\u00bblight\u00bb global_colors_info=\u00bb{}\u00bb sticky_transition=\u00bbon\u00bb]<\/p>\n<p>En este proyecto se presenta una ilustraci\u00f3n conceptual vectorial en la que se representa un ba\u00f1o sanitario. Se realiz\u00f3 el uso de ret\u00edculas, herramientas y opciones vistos en clase del software Ilustrator. Para esta ilustraci\u00f3n se tomaron en cuenta algunos detalles como de transparencia, sombras y luces, paleta crom\u00e1tica armoniosa, s\u00f3lidos, degradados, entre otros.<\/p>\n<p>Prof. Fabi\u00e1n Oilea<\/p>\n<p>10 de marzo de 2021<\/p>\n<p>Enfoque de Negocio<\/p>\n<p>Ilustraci\u00f3n Digital<\/p>\n<p>[\/et_pb_slide][et_pb_slide heading=\u00bb\u00cdcono de MID\u00bb image=\u00bbhttp:\/\/dcv.artcom.mx\/pda\/1160571\/wp-content\/uploads\/sites\/5\/2022\/05\/SimboloMID-scaled.jpg\u00bb _builder_version=\u00bb4.14.7&#8243; _module_preset=\u00bbdefault\u00bb header_font=\u00bbPoppins|600|||||||\u00bb body_font=\u00bbPoppins||||||||\u00bb background_layout=\u00bblight\u00bb global_colors_info=\u00bb{}\u00bb sticky_transition=\u00bbon\u00bb]<\/p>\n<p>El objetivo de este proyecto fue la creaci\u00f3n de un s\u00edmbolo que represente mi lugar de origen, es decir, M\u00e9rida, Yucat\u00e1n, tomando en cuenta el proceso de las fases del dise\u00f1o, yendo del concepto a la idea, y despu\u00e9s a la soluci\u00f3n.<\/p>\n<p>Prof. Mois\u00e9s Varela<\/p>\n<p>17 de febrero de 2021<\/p>\n<p>Enfoque de Entorno<\/p>\n<p>Dise\u00f1o Gr\u00e1fico<\/p>\n<p>[\/et_pb_slide][et_pb_slide heading=\u00bbDoulos App\u00bb image=\u00bbhttp:\/\/dcv.artcom.mx\/pda\/1160571\/wp-content\/uploads\/sites\/5\/2022\/05\/DOULOSAPP-scaled.jpg\u00bb _builder_version=\u00bb4.14.7&#8243; _module_preset=\u00bbdefault\u00bb header_font=\u00bbPoppins|600|||||||\u00bb body_font=\u00bbPoppins||||||||\u00bb background_layout=\u00bblight\u00bb global_colors_info=\u00bb{}\u00bb sticky_transition=\u00bbon\u00bb]<\/p>\n<p>Para la realizaci\u00f3n de este proyecto se hizo un compendio de signos visuales: dise\u00f1o del \u00edcono de una app, \u00edconos, mockups, selecci\u00f3n de paleta crom\u00e1tica y tipograf\u00edas para ser utilizadas dentro de la app.<\/p>\n<p>Prof. Kevin Zapien<\/p>\n<p>26 de noviembre de 2020<\/p>\n<p>Enfoque de Entorno<\/p>\n<p>Fundamentos del Dise\u00f1o Gr\u00e1fico<\/p>\n<p>[\/et_pb_slide][et_pb_slide heading=\u00bbIlustraci\u00f3n de Naturaleza B\u00edblica\u00bb image=\u00bbhttp:\/\/dcv.artcom.mx\/pda\/1160571\/wp-content\/uploads\/sites\/5\/2022\/05\/wolf-scaled.jpg\u00bb _builder_version=\u00bb4.14.7&#8243; _module_preset=\u00bbdefault\u00bb header_font=\u00bbPoppins|600|||||||\u00bb body_font=\u00bbPoppins||||||||\u00bb background_layout=\u00bblight\u00bb global_colors_info=\u00bb{}\u00bb sticky_transition=\u00bbon\u00bb]<\/p>\n<p>Para este proyecto se busc\u00f3 hacer la representaci\u00f3n de un animal mencionado en la Biblia. Para lograr hacer al lobo se utilizaron cuatro t\u00e9cnicas diferentes: acuarela, l\u00e1piz, pintura y pastel.<\/p>\n<p>Prof. Fabi\u00e1n Oilea<\/p>\n<p>2 de octubre de 2020<\/p>\n<p>Enfoque de Negocio<\/p>\n<p>Ilustraci\u00f3n<\/p>\n<p>&nbsp;<\/p>\n<p>[\/et_pb_slide][et_pb_slide heading=\u00bbPatr\u00f3n Abstracci\u00f3n\u00bb image=\u00bbhttp:\/\/dcv.artcom.mx\/pda\/1160571\/wp-content\/uploads\/sites\/5\/2022\/05\/MOCKUPtipo-scaled.jpg\u00bb _builder_version=\u00bb4.14.7&#8243; _module_preset=\u00bbdefault\u00bb header_font=\u00bbPoppins|600|||||||\u00bb body_font=\u00bbPoppins||||||||\u00bb background_layout=\u00bblight\u00bb global_colors_info=\u00bb{}\u00bb sticky_transition=\u00bbon\u00bb]<\/p>\n<p>Para esta entrega se gener\u00f3 un patr\u00f3n por medio del acercamiento de letras que pueden usarse como piezas gr\u00e1ficas y se realiz\u00f3 una simulaci\u00f3n en elementos de papeler\u00eda corporativa.<\/p>\n<p>Prof. Mois\u00e9s Varela<\/p>\n<p>15 de septiembre de 2020<\/p>\n<p>Enfoque de Entorno<\/p>\n<p>Fundamentos de la Tipograf\u00eda<\/p>\n<p>[\/et_pb_slide][et_pb_slide heading=\u00bbPoster Sororidad\u00bb image=\u00bbhttp:\/\/dcv.artcom.mx\/pda\/1160571\/wp-content\/uploads\/sites\/5\/2022\/05\/Posterr-scaled.jpg\u00bb _builder_version=\u00bb4.14.7&#8243; _module_preset=\u00bbdefault\u00bb header_font=\u00bbPoppins|600|||||||\u00bb body_font=\u00bbPoppins||||||||\u00bb background_layout=\u00bblight\u00bb global_colors_info=\u00bb{}\u00bb sticky_transition=\u00bbon\u00bb]<\/p>\n<p>El objetivo de este proyecto fue enfoc\u00e1ndome en un tema principal de tema social como lo es la sororidad y representarlo en un cartel.<\/p>\n<p>Prof. Mois\u00e9s Varela<\/p>\n<p>6 de mayo de 2021<\/p>\n<p>Enfoque de Entorno<\/p>\n<p>Dise\u00f1o Gr\u00e1fico<\/p>\n<p>[\/et_pb_slide][et_pb_slide heading=\u00bbTipograf\u00eda Viento\u00bb image=\u00bbhttp:\/\/dcv.artcom.mx\/pda\/1160571\/wp-content\/uploads\/sites\/5\/2022\/05\/vientotipo-scaled.jpg\u00bb _builder_version=\u00bb4.14.7&#8243; _module_preset=\u00bbdefault\u00bb header_font=\u00bbPoppins|600|||||||\u00bb body_font=\u00bbPoppins||||||||\u00bb background_layout=\u00bblight\u00bb global_colors_info=\u00bb{}\u00bb sticky_transition=\u00bbon\u00bb]<\/p>\n<p>La finalidad de este proyecto fue la creaci\u00f3n completa de una tipograf\u00eda. En el proceso de creaci\u00f3n hicimos la ideaci\u00f3n inicial, ideaci\u00f3n de forma, ret\u00edcula y digitalizaci\u00f3n.<\/p>\n<p>Prof. Mois\u00e9s Varela<\/p>\n<p>26 de noviembre de 2020<\/p>\n<p>Enfoque de Entorno<\/p>\n<p>Fundamentos de la Tipograf\u00eda<\/p>\n<p>[\/et_pb_slide][\/et_pb_slider][\/et_pb_column][\/et_pb_row][\/et_pb_section]<\/p>\n","protected":false},"excerpt":{"rendered":"<p>Proyectos Acad\u00e9micos IIPara este proyecto producimos una ilustraci\u00f3n en la que se representan las partes y detalles del cr\u00e1neo. La colonizaci\u00f3n y Dodge&amp;Burn se realiz\u00f3 en el programa Photoshop a trav\u00e9s de capas en las que se resalt\u00f3 la representaci\u00f3n de texturas. Prof. Fabi\u00e1n Oilea 10 de febrero de 2021 Enfoque de Entorno Ilustraci\u00f3n DigitalEl [&hellip;]<\/p>\n","protected":false},"author":9,"featured_media":0,"parent":0,"menu_order":0,"comment_status":"closed","ping_status":"closed","template":"","meta":{"_et_pb_use_builder":"on","_et_pb_old_content":"","_et_gb_content_width":"","inline_featured_image":false,"footnotes":""},"_links":{"self":[{"href":"https:\/\/dcv.artcom.mx\/pda\/1160571\/wp-json\/wp\/v2\/pages\/530"}],"collection":[{"href":"https:\/\/dcv.artcom.mx\/pda\/1160571\/wp-json\/wp\/v2\/pages"}],"about":[{"href":"https:\/\/dcv.artcom.mx\/pda\/1160571\/wp-json\/wp\/v2\/types\/page"}],"author":[{"embeddable":true,"href":"https:\/\/dcv.artcom.mx\/pda\/1160571\/wp-json\/wp\/v2\/users\/9"}],"replies":[{"embeddable":true,"href":"https:\/\/dcv.artcom.mx\/pda\/1160571\/wp-json\/wp\/v2\/comments?post=530"}],"version-history":[{"count":5,"href":"https:\/\/dcv.artcom.mx\/pda\/1160571\/wp-json\/wp\/v2\/pages\/530\/revisions"}],"predecessor-version":[{"id":551,"href":"https:\/\/dcv.artcom.mx\/pda\/1160571\/wp-json\/wp\/v2\/pages\/530\/revisions\/551"}],"wp:attachment":[{"href":"https:\/\/dcv.artcom.mx\/pda\/1160571\/wp-json\/wp\/v2\/media?parent=530"}],"curies":[{"name":"wp","href":"https:\/\/api.w.org\/{rel}","templated":true}]}}