{"id":290,"date":"2022-04-08T17:32:53","date_gmt":"2022-04-08T17:32:53","guid":{"rendered":"https:\/\/dcv.artcom.mx\/pda\/1160571\/?page_id=290"},"modified":"2022-05-10T08:40:22","modified_gmt":"2022-05-10T08:40:22","slug":"tercer-ano","status":"publish","type":"page","link":"https:\/\/dcv.artcom.mx\/pda\/1160571\/tercer-ano\/","title":{"rendered":"Tercer a\u00f1o"},"content":{"rendered":"<p>[et_pb_section fb_built=\u00bb1&#8243; admin_label=\u00bbHero Section\u00bb _builder_version=\u00bb4.14.7&#8243; background_color=\u00bb#ebebeb\u00bb background_color_gradient_start=\u00bbrgba(244,240,233,0.9)\u00bb background_color_gradient_end=\u00bbrgba(244,240,233,0)\u00bb background_color_gradient_direction=\u00bb90deg\u00bb background_enable_image=\u00bboff\u00bb custom_margin=\u00bb|||\u00bb custom_padding=\u00bb3px|0px|2px|0px||\u00bb global_colors_info=\u00bb{}\u00bb][et_pb_row custom_padding_last_edited=\u00bboff|desktop\u00bb admin_label=\u00bbHero Area\u00bb _builder_version=\u00bb3.25&#8243; custom_padding=\u00bb2px|0px|0px|0px||\u00bb global_colors_info=\u00bb{}\u00bb][et_pb_column type=\u00bb4_4&#8243; _builder_version=\u00bb3.25&#8243; custom_padding=\u00bb|||\u00bb global_colors_info=\u00bb{}\u00bb custom_padding__hover=\u00bb|||\u00bb][et_pb_text admin_label=\u00bbHero Title\u00bb _builder_version=\u00bb4.14.7&#8243; text_font=\u00bbPlayfair Display||||||||\u00bb header_font=\u00bbMontserrat|600|||||||\u00bb header_text_color=\u00bb#242424&#8243; header_font_size=\u00bb80px\u00bb header_letter_spacing=\u00bb-3px\u00bb header_line_height=\u00bb1.1em\u00bb custom_margin=\u00bb14px||0px|||\u00bb custom_padding=\u00bb||11px|||\u00bb animation_style=\u00bbslide\u00bb animation_direction=\u00bbleft\u00bb animation_intensity_slide=\u00bb5%\u00bb animation_starting_opacity=\u00bb100%\u00bb text_font_size_last_edited=\u00bboff|desktop\u00bb header_font_size_tablet=\u00bb\u00bb header_font_size_phone=\u00bb60px\u00bb header_font_size_last_edited=\u00bbon|phone\u00bb global_colors_info=\u00bb{}\u00bb]<\/p>\n<h1>Proyectos Acad\u00e9micos III<\/h1>\n<p>[\/et_pb_text][\/et_pb_column][\/et_pb_row][\/et_pb_section][et_pb_section fb_built=\u00bb1&#8243; _builder_version=\u00bb4.14.7&#8243; _module_preset=\u00bbdefault\u00bb background_color=\u00bb#d1c6ba\u00bb custom_padding=\u00bb83px||70px|||\u00bb global_colors_info=\u00bb{}\u00bb][et_pb_row _builder_version=\u00bb4.14.7&#8243; _module_preset=\u00bbdefault\u00bb background_color=\u00bbRGBA(255,255,255,0)\u00bb global_colors_info=\u00bb{}\u00bb][et_pb_column type=\u00bb4_4&#8243; _builder_version=\u00bb4.14.7&#8243; _module_preset=\u00bbdefault\u00bb global_colors_info=\u00bb{}\u00bb][et_pb_slider _builder_version=\u00bb4.14.7&#8243; _module_preset=\u00bbdefault\u00bb body_font=\u00bbPoppins||||||||\u00bb body_line_height=\u00bb1em\u00bb background_color=\u00bb#FFFFFF\u00bb custom_padding=\u00bb50px||90px|||\u00bb global_colors_info=\u00bb{}\u00bb][et_pb_slide heading=\u00bbPor un ni\u00f1o m\u00e1s\u00bb image=\u00bbhttp:\/\/dcv.artcom.mx\/pda\/1160571\/wp-content\/uploads\/sites\/5\/2022\/04\/proyecto1-scaled.jpg\u00bb _builder_version=\u00bb4.14.7&#8243; _module_preset=\u00bbdefault\u00bb header_font=\u00bbPoppins|600|||||||\u00bb header_text_color=\u00bb#242424&#8243; body_font=\u00bbPoppins||||||||\u00bb body_text_color=\u00bb#242424&#8243; body_line_height=\u00bb1.8em\u00bb background_layout=\u00bblight\u00bb global_colors_info=\u00bb{}\u00bb sticky_transition=\u00bbon\u00bb]<\/p>\n<p>En este proyecto realizamos en equipo servicio a la comunidad de la casa-hogar \u00abEncuentro Juvenil\u00bben el cual tuvimos que hacer una investigaci\u00f3n previa para conocer las necesidades de los ni\u00f1os que se encuentran actualmente viviendo ah\u00ed y poder aportar a la satisfacci\u00f3n de sus necesidades.<\/p>\n<p>Prof. Agust\u00edn Andrade<\/p>\n<p>9 de mayo de 2022<\/p>\n<p>Enfoque de Entorno<\/p>\n<p>Servicio Comunitario<\/p>\n<p>&nbsp;<\/p>\n<p>[\/et_pb_slide][et_pb_slide heading=\u00bbChocolate Polaroid\u00bb image=\u00bbhttp:\/\/dcv.artcom.mx\/pda\/1160571\/wp-content\/uploads\/sites\/5\/2022\/04\/choco-scaled.jpg\u00bb _builder_version=\u00bb4.14.7&#8243; _module_preset=\u00bbdefault\u00bb header_font=\u00bbPoppins|600|||||||\u00bb header_text_color=\u00bb#242424&#8243; body_font=\u00bbPoppins||||||||\u00bb body_text_color=\u00bb#242424&#8243; body_line_height=\u00bb1.8em\u00bb background_color=\u00bb#FFFFFF\u00bb background_enable_color=\u00bbon\u00bb background_layout=\u00bblight\u00bb global_colors_info=\u00bb{}\u00bb sticky_transition=\u00bbon\u00bb]<\/p>\n<p><span>En este proyecto constru\u00ed un modelo original en arcilla de una c\u00e1mara polaroid para poder obtener un molde y reproducirlo en piezas de chocolate.<\/span><\/p>\n<p>Prof. Fabi\u00e1n Olea<\/p>\n<p>23 de marzo de 2022<\/p>\n<p>Enfoque de Negocio<\/p>\n<p>Dise\u00f1o Gr\u00e1fico Tridimensional<\/p>\n<p>[\/et_pb_slide][et_pb_slide heading=\u00bbClip Musical Espa\u00f1a\u00bb image=\u00bbhttp:\/\/dcv.artcom.mx\/pda\/1160571\/wp-content\/uploads\/sites\/5\/2022\/05\/spain.jpg\u00bb _builder_version=\u00bb4.14.7&#8243; _module_preset=\u00bbdefault\u00bb header_font=\u00bbPoppins|600|||||||\u00bb body_font=\u00bbPoppins||||||||\u00bb body_text_color=\u00bb#242424&#8243; body_line_height=\u00bb1.8em\u00bb background_layout=\u00bblight\u00bb global_colors_info=\u00bb{}\u00bb sticky_transition=\u00bbon\u00bb]<\/p>\n<p><span>Para la realizaci\u00f3n de este proyecto utilic\u00e9 elementos pregrabados para generar un video promocional que promueve el turismo y la cultura de Espa\u00f1a, aplicando transiciones adecuadas y coherentes con la musicalizaci\u00f3n. Esto basado en un storyboard determinado por la duraci\u00f3n de la m\u00fasica.<\/span><\/p>\n<p>Prof. Fabi\u00e1n Oilea<\/p>\n<p>26 de octubre de 2021<\/p>\n<p>Enfoque de Negocios<\/p>\n<p>Taller de Producci\u00f3n Audiovisual<\/p>\n<p>[\/et_pb_slide][et_pb_slide heading=\u00bbGu\u00eda para ser misionero UM\u00bb image=\u00bbhttp:\/\/dcv.artcom.mx\/pda\/1160571\/wp-content\/uploads\/sites\/5\/2022\/04\/misiones-scaled.jpg\u00bb _builder_version=\u00bb4.14.7&#8243; _module_preset=\u00bbdefault\u00bb header_font=\u00bbPoppins|600|||||||\u00bb header_text_color=\u00bb#242424&#8243; body_font=\u00bbPoppins||||||||\u00bb body_text_color=\u00bb#242424&#8243; body_line_height=\u00bb1.8em\u00bb background_layout=\u00bblight\u00bb global_colors_info=\u00bb{}\u00bb sticky_transition=\u00bbon\u00bb]<\/p>\n<p><span>Mediante el an\u00e1lisis a nuestro entorno me di cuenta que dentro de la comunidad UM existen muchas dudas sobre c\u00f3mo llegar a ser un misionero, por lo que en este proyecto presento la ideaci\u00f3n de una soluci\u00f3n concreta y real a la problem\u00e1tica analizada.<\/span><\/p>\n<p>Prof. Mois\u00e9s Varela<\/p>\n<p>8 de abril de 2022<\/p>\n<p>Enfoque de Entorno<\/p>\n<p>Dise\u00f1o de Informaci\u00f3n Impreso e Interactivo<\/p>\n<p>[\/et_pb_slide][et_pb_slide heading=\u00bbMemorama Bauhaus\u00bb image=\u00bbhttp:\/\/dcv.artcom.mx\/pda\/1160571\/wp-content\/uploads\/sites\/5\/2022\/05\/Bauhaus-1-scaled.jpg\u00bb _builder_version=\u00bb4.14.7&#8243; _module_preset=\u00bbdefault\u00bb header_font=\u00bbPoppins|600|||||||\u00bb header_text_color=\u00bb#242424&#8243; body_font=\u00bbPoppins||||||||\u00bb body_text_color=\u00bb#242424&#8243; body_line_height=\u00bb1.8em\u00bb background_layout=\u00bblight\u00bb inline_fonts=\u00bbPoppins\u00bb global_colors_info=\u00bb{}\u00bb sticky_transition=\u00bbon\u00bb]<\/p>\n<p><span style=\"font-family: Poppins;font-size: small\">El\u00a0prop\u00f3sito de este proyecto fue crear una pieza de dise\u00f1o\u00a0l\u00fadica, informativa y\/o funcional\u00a0que represente conceptualmente la inspiraci\u00f3n y aportes destacados de la escuela de la Bauhaus, por lo que decid\u00ed hacer un\u00a0memoraba por medio del cual se une al artista con su obra.<\/span><\/p>\n<p><span style=\"font-family: Poppins;font-size: small\">Prof. Mois\u00e9s Varela<\/span><\/p>\n<p><span style=\"font-family: Poppins;font-size: small\">01 de abril de 2022<\/span><\/p>\n<p><span style=\"font-family: Poppins;font-size: small\">Enfoque Entorno-Negocios<\/span><\/p>\n<p><span style=\"font-family: Poppins;font-size: small\">Dise\u00f1o Contempor\u00e1neo<\/span><\/p>\n<p>[\/et_pb_slide][et_pb_slide heading=\u00bbThe Vessel\u00bb image=\u00bbhttp:\/\/dcv.artcom.mx\/pda\/1160571\/wp-content\/uploads\/sites\/5\/2022\/05\/The-Vessel-scaled.jpg\u00bb _builder_version=\u00bb4.14.7&#8243; _module_preset=\u00bbdefault\u00bb header_font=\u00bbPoppins|600|||||||\u00bb header_text_color=\u00bb#242424&#8243; body_font=\u00bbPoppins||||||||\u00bb body_line_height=\u00bb1.8em\u00bb background_layout=\u00bblight\u00bb global_colors_info=\u00bb{}\u00bb sticky_transition=\u00bbon\u00bb]<\/p>\n<p><span>Para este proyecto se realiz\u00f3 la elaboraci\u00f3n de una propuesta de dise\u00f1o de un juguete de papel 3D, para lo cual se\u00a0realiz\u00f3 prototipo de un modelo plegable y armable.<\/span><\/p>\n<p>Prof. Fabian Oilea<\/p>\n<p>23 de febrero de 2022<\/p>\n<p>Enfoque de Negocios<\/p>\n<p>Dise\u00f1o Gr\u00e1fico Tridimensional<\/p>\n<p>[\/et_pb_slide][et_pb_slide heading=\u00bbLa carrera Majo&amp;Dan\u00bb image=\u00bbhttp:\/\/dcv.artcom.mx\/pda\/1160571\/wp-content\/uploads\/sites\/5\/2022\/05\/la-carrera-scaled.jpg\u00bb _builder_version=\u00bb4.14.7&#8243; _module_preset=\u00bbdefault\u00bb header_font=\u00bbPoppins|600|||||||\u00bb header_text_color=\u00bb#242424&#8243; body_text_color=\u00bb#242424&#8243; body_line_height=\u00bb1.8em\u00bb background_layout=\u00bblight\u00bb global_colors_info=\u00bb{}\u00bb sticky_transition=\u00bbon\u00bb]<\/p>\n<p><span lang=\"ES\">En base a la pista de audio de una canci\u00f3n se realiz\u00f3 la letra textual tipo karaoke incorporando animaci\u00f3n y movimiento al texto y su entorno los cuales fueron generados de manera original y fondos o elementos decorativos.<\/span><\/p>\n<p><span style=\"font-size: 14px\">Prof. Fabi\u00e1n Oilea<\/span><\/p>\n<p>6 de septiembre de 2021<\/p>\n<p>Enfoque de Entorno<\/p>\n<p>Taller de Producci\u00f3n Audiovisual<\/p>\n<p>[\/et_pb_slide][et_pb_slide heading=\u00bbVespa\u00bb image=\u00bbhttp:\/\/dcv.artcom.mx\/pda\/1160571\/wp-content\/uploads\/sites\/5\/2022\/05\/vespa-scaled.jpg\u00bb _builder_version=\u00bb4.14.7&#8243; _module_preset=\u00bbdefault\u00bb header_font=\u00bbPoppins|600|||||||\u00bb header_text_color=\u00bb#242424&#8243; body_text_color=\u00bb#242424&#8243; body_line_height=\u00bb1.8em\u00bb background_layout=\u00bblight\u00bb global_colors_info=\u00bb{}\u00bb sticky_transition=\u00bbon\u00bb]<\/p>\n<p>Para este proyecto se realiz\u00f3 el prototipo digital en un Software 3D de un juguete ensamblaje de una vespa. Previo al prototipaje se crearon las piezas individuales en Ilustrator y las vistas caballeras.<\/p>\n<p>Prof. Fabi\u00e1n Oilea<\/p>\n<p>19 de abril de 2022<\/p>\n<p>\u00a0Enfoque de Negocios<\/p>\n<p>Dise\u00f1o Gr\u00e1fico Tridimensional<\/p>\n<p>&nbsp;<\/p>\n<p>[\/et_pb_slide][et_pb_slide heading=\u00bbMi Manifiesto\u00bb image=\u00bbhttp:\/\/dcv.artcom.mx\/pda\/1160571\/wp-content\/uploads\/sites\/5\/2022\/05\/MANIFIESTO-scaled.jpg\u00bb _builder_version=\u00bb4.14.7&#8243; _module_preset=\u00bbdefault\u00bb header_font=\u00bbPoppins|600|||||||\u00bb header_text_color=\u00bb#242424&#8243; body_text_color=\u00bb#242424&#8243; body_line_height=\u00bb1.8em\u00bb background_layout=\u00bblight\u00bb global_colors_info=\u00bb{}\u00bb sticky_transition=\u00bbon\u00bb]<\/p>\n<p>En este proyecto presento mi postura personal ante el dise\u00f1o como profesi\u00f3n y las pr\u00e1cticas del mismo en la \u00e9poca contempor\u00e1nea, adem\u00e1s de representar de forma visual las caracter\u00edsticas gr\u00e1ficas que enmarcan la ideolog\u00eda planteada.<\/p>\n<p>Prof. Mois\u00e9s Varela<\/p>\n<p>4 de mayo de 2022<\/p>\n<p>Enfoque de Entorno<\/p>\n<p>Dise\u00f1o Contempor\u00e1neo<\/p>\n<p>&nbsp;<\/p>\n<p>[\/et_pb_slide][et_pb_slide heading=\u00bbEncuentra tu llamado\u00bb image=\u00bbhttp:\/\/dcv.artcom.mx\/pda\/1160571\/wp-content\/uploads\/sites\/5\/2022\/05\/Captura-de-Pantalla-2022-05-08-a-las-22.44.05.png\u00bb _builder_version=\u00bb4.14.7&#8243; _module_preset=\u00bbdefault\u00bb header_font=\u00bbPoppins|600|||||||\u00bb header_text_color=\u00bb#242424&#8243; body_text_color=\u00bb#242424&#8243; body_line_height=\u00bb1.8em\u00bb background_layout=\u00bblight\u00bb global_colors_info=\u00bb{}\u00bb sticky_transition=\u00bbon\u00bb]<\/p>\n<p><span>Mediante el an\u00e1lisis de la p\u00e1gina de misioneros VividFaith me di cuenta que carece del Dise\u00f1o de Informaci\u00f3n centrado en el Dise\u00f1o Interactivo, por lo que en este proyecto presento una propuesta de soluci\u00f3n concreta y real a la problem\u00e1tica analizada.<\/span><\/p>\n<p>Prof. Mois\u00e9s Varela<span><\/span><\/p>\n<p>4 de mayo de 2022<\/p>\n<p>Enfoque de Entorno<\/p>\n<p>Dise\u00f1o de Informaci\u00f3n Impreso e Interactivo<\/p>\n<p>&nbsp;<\/p>\n<p>[\/et_pb_slide][\/et_pb_slider][\/et_pb_column][\/et_pb_row][\/et_pb_section]<\/p>\n","protected":false},"excerpt":{"rendered":"<p>Proyectos Acad\u00e9micos IIIEn este proyecto realizamos en equipo servicio a la comunidad de la casa-hogar \u00abEncuentro Juvenil\u00bben el cual tuvimos que hacer una investigaci\u00f3n previa para conocer las necesidades de los ni\u00f1os que se encuentran actualmente viviendo ah\u00ed y poder aportar a la satisfacci\u00f3n de sus necesidades. Prof. Agust\u00edn Andrade 9 de mayo de 2022 [&hellip;]<\/p>\n","protected":false},"author":9,"featured_media":0,"parent":0,"menu_order":0,"comment_status":"closed","ping_status":"closed","template":"","meta":{"_et_pb_use_builder":"on","_et_pb_old_content":"<!-- wp:divi\/placeholder \/-->","_et_gb_content_width":"","inline_featured_image":false,"footnotes":""},"_links":{"self":[{"href":"https:\/\/dcv.artcom.mx\/pda\/1160571\/wp-json\/wp\/v2\/pages\/290"}],"collection":[{"href":"https:\/\/dcv.artcom.mx\/pda\/1160571\/wp-json\/wp\/v2\/pages"}],"about":[{"href":"https:\/\/dcv.artcom.mx\/pda\/1160571\/wp-json\/wp\/v2\/types\/page"}],"author":[{"embeddable":true,"href":"https:\/\/dcv.artcom.mx\/pda\/1160571\/wp-json\/wp\/v2\/users\/9"}],"replies":[{"embeddable":true,"href":"https:\/\/dcv.artcom.mx\/pda\/1160571\/wp-json\/wp\/v2\/comments?post=290"}],"version-history":[{"count":11,"href":"https:\/\/dcv.artcom.mx\/pda\/1160571\/wp-json\/wp\/v2\/pages\/290\/revisions"}],"predecessor-version":[{"id":550,"href":"https:\/\/dcv.artcom.mx\/pda\/1160571\/wp-json\/wp\/v2\/pages\/290\/revisions\/550"}],"wp:attachment":[{"href":"https:\/\/dcv.artcom.mx\/pda\/1160571\/wp-json\/wp\/v2\/media?parent=290"}],"curies":[{"name":"wp","href":"https:\/\/api.w.org\/{rel}","templated":true}]}}