{"id":160,"date":"2020-03-03T22:17:35","date_gmt":"2020-03-04T04:17:35","guid":{"rendered":"http:\/\/pdadcv.artcom.mx\/portafolio-demo\/?page_id=7"},"modified":"2023-05-09T12:31:31","modified_gmt":"2023-05-09T12:31:31","slug":"mi-carrera","status":"publish","type":"page","link":"https:\/\/dcv.artcom.mx\/pda\/1160571\/mi-carrera\/","title":{"rendered":"Mi carrera"},"content":{"rendered":"<p>[et_pb_section fb_built=\u00bb1&#8243; admin_label=\u00bbHero Section\u00bb _builder_version=\u00bb4.20.4&#8243; background_color=\u00bbgcid-aa1b8d5d-f381-48e4-af4b-e5df1b8f48e3&#8243; background_color_gradient_direction=\u00bb90deg\u00bb background_color_gradient_start=\u00bbrgba(244,240,233,0.9)\u00bb background_color_gradient_end=\u00bbrgba(244,240,233,0)\u00bb background_enable_image=\u00bboff\u00bb custom_margin=\u00bb|||\u00bb custom_padding=\u00bb0px|0px|3px|0px||\u00bb global_colors_info=\u00bb{%22gcid-aa1b8d5d-f381-48e4-af4b-e5df1b8f48e3%22:%91%22background_color%22%93}\u00bb][et_pb_row custom_padding_last_edited=\u00bboff|desktop\u00bb admin_label=\u00bbHero Area\u00bb _builder_version=\u00bb4.16&#8243; custom_padding=\u00bb27px|0px|9px|0px||\u00bb global_colors_info=\u00bb{}\u00bb][et_pb_column type=\u00bb4_4&#8243; _builder_version=\u00bb4.16&#8243; custom_padding=\u00bb|||\u00bb global_colors_info=\u00bb{}\u00bb custom_padding__hover=\u00bb|||\u00bb][et_pb_text admin_label=\u00bbHero Title\u00bb _builder_version=\u00bb4.20.4&#8243; text_font=\u00bbPlayfair Display||||||||\u00bb header_font=\u00bbPoppins|900|||||||\u00bb header_text_color=\u00bbgcid-1a711817-9481-4f31-bc39-c7429446f5ab\u00bb header_font_size=\u00bb70px\u00bb header_letter_spacing=\u00bb-2px\u00bb header_line_height=\u00bb1.1em\u00bb custom_margin=\u00bb||0px|\u00bb custom_padding=\u00bb0px||0px|||\u00bb animation_style=\u00bbslide\u00bb animation_direction=\u00bbleft\u00bb animation_intensity_slide=\u00bb5%\u00bb animation_starting_opacity=\u00bb100%\u00bb text_font_size_last_edited=\u00bboff|desktop\u00bb header_font_size_tablet=\u00bb\u00bb header_font_size_phone=\u00bb60px\u00bb header_font_size_last_edited=\u00bbon|phone\u00bb global_colors_info=\u00bb{%22gcid-1a711817-9481-4f31-bc39-c7429446f5ab%22:%91%22header_text_color%22%93}\u00bb]<\/p>\n<h1>Mi Carrera<\/h1>\n<p>[\/et_pb_text][\/et_pb_column][\/et_pb_row][\/et_pb_section][et_pb_section fb_built=\u00bb1&#8243; admin_label=\u00bbAbout Us Section\u00bb _builder_version=\u00bb4.16&#8243; background_image=\u00bbhttp:\/\/dcv.artcom.mx\/pda\/1160571\/wp-content\/uploads\/sites\/5\/2022\/04\/carol-scaled.jpg\u00bb min_height=\u00bb573px\u00bb custom_margin=\u00bb||0px|||\u00bb custom_padding=\u00bb1px||0px|||\u00bb global_colors_info=\u00bb{}\u00bb][et_pb_row column_structure=\u00bb3_5,2_5&#8243; admin_label=\u00bbAbout Us Area\u00bb _builder_version=\u00bb4.16&#8243; custom_margin=\u00bb|43px||254px||\u00bb custom_padding=\u00bb27px|0px|0px|0px\u00bb global_colors_info=\u00bb{}\u00bb min_height=\u00bb571px\u00bb][et_pb_column type=\u00bb3_5&#8243; _builder_version=\u00bb4.16&#8243; custom_padding=\u00bb|||\u00bb global_colors_info=\u00bb{}\u00bb custom_padding__hover=\u00bb|||\u00bb][\/et_pb_column][et_pb_column type=\u00bb2_5&#8243; _builder_version=\u00bb4.16&#8243; custom_padding=\u00bb80px||80px|\u00bb global_colors_info=\u00bb{}\u00bb custom_padding__hover=\u00bb|||\u00bb][et_pb_text _builder_version=\u00bb4.20.4&#8243; text_font=\u00bbPoppins||||||||\u00bb text_text_color=\u00bb#FFFFFF\u00bb text_font_size=\u00bb16px\u00bb text_line_height=\u00bb1.3em\u00bb text_orientation=\u00bbright\u00bb width=\u00bb99.8%\u00bb custom_margin=\u00bb291px|-120px||-37px|false|false\u00bb custom_padding=\u00bb|0px|0px|0px|false|false\u00bb animation_style=\u00bbslide\u00bb animation_direction=\u00bbtop\u00bb animation_intensity_slide=\u00bb10%\u00bb animation_starting_opacity=\u00bb100%\u00bb hover_enabled=\u00bb0&#8243; global_colors_info=\u00bb{}\u00bb sticky_enabled=\u00bb0&#8243;]<\/p>\n<p>El dise\u00f1o siempre fue un \u00e1rea que me llam\u00f3 la atenci\u00f3n, decid\u00ed estudiar esta carrera para ya no s\u00f3lo apreciarlo, sino tambi\u00e9n crearlo y a la vez transmitir un mensaje, pero la principal raz\u00f3n por la cual estoy estudiando DCV es porque creo en definitivo que mi carrera es el llamado que Dios ten\u00eda preparado para m\u00ed; en el camino he descubierto algo que me apasiona y que tambi\u00e9n puedo usar para servirle.<\/p>\n<p>&nbsp;<\/p>\n<p>La fotograf\u00eda lleg\u00f3 a mi vida a abrir muchas puertas para tener nuevas perspectivas hacia las personas, situaciones que ocurren en mi entorno y cosas tan simples que a trav\u00e9s del lente, se vuelven muy especiales.<\/p>\n<p>[\/et_pb_text][\/et_pb_column][\/et_pb_row][\/et_pb_section]<\/p>\n","protected":false},"excerpt":{"rendered":"<p>Mi CarreraEl dise\u00f1o siempre fue un \u00e1rea que me llam\u00f3 la atenci\u00f3n, decid\u00ed estudiar esta carrera para ya no s\u00f3lo apreciarlo, sino tambi\u00e9n crearlo y a la vez transmitir un mensaje, pero la principal raz\u00f3n por la cual estoy estudiando DCV es porque creo en definitivo que mi carrera es el llamado que Dios ten\u00eda [&hellip;]<\/p>\n","protected":false},"author":9,"featured_media":0,"parent":0,"menu_order":3,"comment_status":"closed","ping_status":"closed","template":"","meta":{"_et_pb_use_builder":"on","_et_pb_old_content":"","_et_gb_content_width":"","inline_featured_image":false,"footnotes":""},"_links":{"self":[{"href":"https:\/\/dcv.artcom.mx\/pda\/1160571\/wp-json\/wp\/v2\/pages\/160"}],"collection":[{"href":"https:\/\/dcv.artcom.mx\/pda\/1160571\/wp-json\/wp\/v2\/pages"}],"about":[{"href":"https:\/\/dcv.artcom.mx\/pda\/1160571\/wp-json\/wp\/v2\/types\/page"}],"author":[{"embeddable":true,"href":"https:\/\/dcv.artcom.mx\/pda\/1160571\/wp-json\/wp\/v2\/users\/9"}],"replies":[{"embeddable":true,"href":"https:\/\/dcv.artcom.mx\/pda\/1160571\/wp-json\/wp\/v2\/comments?post=160"}],"version-history":[{"count":12,"href":"https:\/\/dcv.artcom.mx\/pda\/1160571\/wp-json\/wp\/v2\/pages\/160\/revisions"}],"predecessor-version":[{"id":986,"href":"https:\/\/dcv.artcom.mx\/pda\/1160571\/wp-json\/wp\/v2\/pages\/160\/revisions\/986"}],"wp:attachment":[{"href":"https:\/\/dcv.artcom.mx\/pda\/1160571\/wp-json\/wp\/v2\/media?parent=160"}],"curies":[{"name":"wp","href":"https:\/\/api.w.org\/{rel}","templated":true}]}}