{"id":15,"date":"2020-03-03T22:35:51","date_gmt":"2020-03-04T04:35:51","guid":{"rendered":"http:\/\/pdadcv.artcom.mx\/portafolio-demo\/?page_id=15"},"modified":"2023-05-09T09:50:56","modified_gmt":"2023-05-09T09:50:56","slug":"autoevaluaciones","status":"publish","type":"page","link":"https:\/\/dcv.artcom.mx\/pda\/1160571\/autoevaluaciones\/","title":{"rendered":"Autoevaluaciones"},"content":{"rendered":"<p>[et_pb_section fb_built=\u00bb1&#8243; admin_label=\u00bbHero Section\u00bb _builder_version=\u00bb4.20.4&#8243; background_color=\u00bbgcid-4cd01cf2-ba02-496f-93c3-045ac19a53c7&#8243; background_color_gradient_direction=\u00bb90deg\u00bb background_color_gradient_start=\u00bbrgba(244,240,233,0.9)\u00bb background_color_gradient_end=\u00bbrgba(244,240,233,0)\u00bb background_enable_image=\u00bboff\u00bb custom_margin=\u00bb|||\u00bb custom_padding=\u00bb2px|0px|119px|0px||\u00bb global_colors_info=\u00bb{%22gcid-4cd01cf2-ba02-496f-93c3-045ac19a53c7%22:%91%22background_color%22%93}\u00bb][et_pb_row custom_padding_last_edited=\u00bboff|desktop\u00bb admin_label=\u00bbHero Area\u00bb _builder_version=\u00bb4.16&#8243; custom_padding=\u00bb34px|0px|0px|0px||\u00bb global_colors_info=\u00bb{}\u00bb][et_pb_column type=\u00bb4_4&#8243; _builder_version=\u00bb4.16&#8243; custom_padding=\u00bb|||\u00bb global_colors_info=\u00bb{}\u00bb custom_padding__hover=\u00bb|||\u00bb][et_pb_text admin_label=\u00bbHero Title\u00bb _builder_version=\u00bb4.20.4&#8243; text_font=\u00bbPlayfair Display||||||||\u00bb header_font=\u00bbPoppins|900|||||||\u00bb header_text_color=\u00bbgcid-1a711817-9481-4f31-bc39-c7429446f5ab\u00bb header_font_size=\u00bb70px\u00bb header_letter_spacing=\u00bb-2px\u00bb header_line_height=\u00bb1.1em\u00bb custom_margin=\u00bb||0px|\u00bb custom_padding=\u00bb|||\u00bb animation_style=\u00bbslide\u00bb animation_direction=\u00bbleft\u00bb animation_intensity_slide=\u00bb5%\u00bb animation_starting_opacity=\u00bb100%\u00bb text_font_size_last_edited=\u00bboff|desktop\u00bb header_font_size_tablet=\u00bb\u00bb header_font_size_phone=\u00bb60px\u00bb header_font_size_last_edited=\u00bbon|phone\u00bb global_colors_info=\u00bb{%22gcid-1a711817-9481-4f31-bc39-c7429446f5ab%22:%91%22header_text_color%22%93}\u00bb]<\/p>\n<h1>Autoevaluaci\u00f3n<\/h1>\n<p>[\/et_pb_text][\/et_pb_column][\/et_pb_row][\/et_pb_section][et_pb_section fb_built=\u00bb1&#8243; admin_label=\u00bbAbout Us Section\u00bb _builder_version=\u00bb4.20.4&#8243; background_color=\u00bbgcid-1a711817-9481-4f31-bc39-c7429446f5ab\u00bb min_height=\u00bb655px\u00bb custom_margin=\u00bb-91px|||||\u00bb custom_padding=\u00bb110px||0px|\u00bb hover_enabled=\u00bb0&#8243; global_colors_info=\u00bb{%22gcid-1a711817-9481-4f31-bc39-c7429446f5ab%22:%91%22background_color%22%93}\u00bb sticky_enabled=\u00bb0&#8243;][et_pb_row _builder_version=\u00bb4.20.4&#8243; _module_preset=\u00bbdefault\u00bb column_structure=\u00bb1_2,1_2&#8243; custom_padding=\u00bb0px|||||\u00bb][et_pb_column _builder_version=\u00bb4.20.4&#8243; _module_preset=\u00bbdefault\u00bb type=\u00bb1_2&#8243;][et_pb_counters _builder_version=\u00bb4.20.4&#8243; _module_preset=\u00bbdefault\u00bb hover_enabled=\u00bb0&#8243; sticky_enabled=\u00bb0&#8243;][et_pb_counter percent=\u00bb90&#8243; _builder_version=\u00bb4.20.4&#8243; _module_preset=\u00bbdefault\u00bb bar_background_color_default=\u00bb#2ea3f2&#8243; use_percentages=\u00bbon\u00bb title_font=\u00bbPoppins|700|||||||\u00bb title_font_size=\u00bb25px\u00bb global_colors_info=\u00bb{%22gcid-aa1b8d5d-f381-48e4-af4b-e5df1b8f48e3%22:%91%22title_text_color%22,%22bar_background_color%22%93}\u00bb title_text_color=\u00bbgcid-aa1b8d5d-f381-48e4-af4b-e5df1b8f48e3&#8243; percent_font=\u00bbPoppins|700|||||||\u00bb bar_background_color=\u00bbgcid-aa1b8d5d-f381-48e4-af4b-e5df1b8f48e3&#8243; custom_padding=\u00bb3px||||false|false\u00bb custom_margin=\u00bb25px||25px||false|false\u00bb hover_enabled=\u00bb0&#8243; sticky_enabled=\u00bb0&#8243; percent_font_size=\u00bb0px\u00bb]<\/p>\n<p>Gesti\u00f3n Profesional<\/p>\n<p>[\/et_pb_counter][et_pb_counter percent=\u00bb90&#8243; _builder_version=\u00bb4.20.4&#8243; _module_preset=\u00bbdefault\u00bb bar_background_color_default=\u00bb#2ea3f2&#8243; use_percentages=\u00bbon\u00bb title_font=\u00bbPoppins|700|||||||\u00bb title_font_size=\u00bb25px\u00bb global_colors_info=\u00bb{%22gcid-d78b7535-5f8d-4d97-b10a-91d60f2f813c%22:%91%22title_text_color%22,%22bar_background_color%22%93}\u00bb title_text_color=\u00bbgcid-d78b7535-5f8d-4d97-b10a-91d60f2f813c\u00bb percent_font=\u00bbPoppins|700|||||||\u00bb bar_background_color=\u00bbgcid-d78b7535-5f8d-4d97-b10a-91d60f2f813c\u00bb custom_padding=\u00bb3px||||false|false\u00bb custom_margin=\u00bb25px||25px||false|false\u00bb hover_enabled=\u00bb0&#8243; sticky_enabled=\u00bb0&#8243; percent_font_size=\u00bb0px\u00bb]<\/p>\n<p>Publicaciones Digitales<\/p>\n<p>[\/et_pb_counter][et_pb_counter percent=\u00bb78&#8243; _builder_version=\u00bb4.20.4&#8243; _module_preset=\u00bbdefault\u00bb bar_background_color_default=\u00bb#2ea3f2&#8243; use_percentages=\u00bbon\u00bb title_font=\u00bbPoppins|700|||||||\u00bb title_font_size=\u00bb25px\u00bb global_colors_info=\u00bb{%22gcid-4cd01cf2-ba02-496f-93c3-045ac19a53c7%22:%91%22bar_background_color%22,%22title_text_color%22%93}\u00bb title_text_color=\u00bbgcid-4cd01cf2-ba02-496f-93c3-045ac19a53c7&#8243; percent_font=\u00bbPoppins|700|||||||\u00bb bar_background_color=\u00bbgcid-4cd01cf2-ba02-496f-93c3-045ac19a53c7&#8243; custom_padding=\u00bb3px||||false|false\u00bb custom_margin=\u00bb25px||25px||false|false\u00bb hover_enabled=\u00bb0&#8243; sticky_enabled=\u00bb0&#8243; title_line_height=\u00bb1.1em\u00bb percent_font_size=\u00bb0px\u00bb]<\/p>\n<p>Pr\u00e1ctica Profesional Multidisciplinaria<\/p>\n<p>[\/et_pb_counter][et_pb_counter percent=\u00bb85&#8243; _builder_version=\u00bb4.20.4&#8243; _module_preset=\u00bbdefault\u00bb bar_background_color_default=\u00bb#2ea3f2&#8243; use_percentages=\u00bbon\u00bb title_font=\u00bbPoppins|700|||||||\u00bb title_font_size=\u00bb25px\u00bb global_colors_info=\u00bb{%22gcid-33ee699b-3321-446a-b427-297e35df144e%22:%91%22title_text_color%22,%22bar_background_color%22%93}\u00bb title_text_color=\u00bbgcid-33ee699b-3321-446a-b427-297e35df144e\u00bb percent_font=\u00bbPoppins|700|||||||\u00bb bar_background_color=\u00bbgcid-33ee699b-3321-446a-b427-297e35df144e\u00bb custom_padding=\u00bb3px||||false|false\u00bb custom_margin=\u00bb25px||25px||false|false\u00bb hover_enabled=\u00bb0&#8243; sticky_enabled=\u00bb0&#8243; percent_font_size=\u00bb0px\u00bb]<\/p>\n<p>Taller de Experimentaci\u00f3n 3D<\/p>\n<p>[\/et_pb_counter][\/et_pb_counters][\/et_pb_column][et_pb_column _builder_version=\u00bb4.20.4&#8243; _module_preset=\u00bbdefault\u00bb type=\u00bb1_2&#8243;][et_pb_counters _builder_version=\u00bb4.20.4&#8243; _module_preset=\u00bbdefault\u00bb hover_enabled=\u00bb0&#8243; sticky_enabled=\u00bb0&#8243;][et_pb_counter percent=\u00bb85&#8243; _builder_version=\u00bb4.20.4&#8243; _module_preset=\u00bbdefault\u00bb bar_background_color_default=\u00bb#2ea3f2&#8243; use_percentages=\u00bbon\u00bb title_font=\u00bbPoppins|700|||||||\u00bb title_font_size=\u00bb25px\u00bb global_colors_info=\u00bb{%22gcid-d78b7535-5f8d-4d97-b10a-91d60f2f813c%22:%91%22title_text_color%22,%22bar_background_color%22%93}\u00bb title_text_color=\u00bbgcid-d78b7535-5f8d-4d97-b10a-91d60f2f813c\u00bb percent_font=\u00bbPoppins|700|||||||\u00bb bar_background_color=\u00bbgcid-d78b7535-5f8d-4d97-b10a-91d60f2f813c\u00bb custom_padding=\u00bb3px||||false|false\u00bb custom_margin=\u00bb25px||25px||false|false\u00bb hover_enabled=\u00bb0&#8243; sticky_enabled=\u00bb0&#8243; percent_font_size=\u00bb0px\u00bb]<\/p>\n<p>Publicidad<\/p>\n<p>[\/et_pb_counter][et_pb_counter percent=\u00bb95&#8243; _builder_version=\u00bb4.20.4&#8243; _module_preset=\u00bbdefault\u00bb bar_background_color_default=\u00bb#2ea3f2&#8243; use_percentages=\u00bbon\u00bb title_font=\u00bbPoppins|700|||||||\u00bb title_font_size=\u00bb25px\u00bb global_colors_info=\u00bb{%22gcid-33ee699b-3321-446a-b427-297e35df144e%22:%91%22title_text_color%22,%22bar_background_color%22%93}\u00bb title_text_color=\u00bbgcid-33ee699b-3321-446a-b427-297e35df144e\u00bb percent_font=\u00bbPoppins|700|||||||\u00bb bar_background_color=\u00bbgcid-33ee699b-3321-446a-b427-297e35df144e\u00bb custom_padding=\u00bb3px||||false|false\u00bb custom_margin=\u00bb25px||25px||false|false\u00bb hover_enabled=\u00bb0&#8243; sticky_enabled=\u00bb0&#8243; percent_font_size=\u00bb0px\u00bb]<\/p>\n<p>Packaging<\/p>\n<p>[\/et_pb_counter][et_pb_counter percent=\u00bb99&#8243; _builder_version=\u00bb4.20.4&#8243; _module_preset=\u00bbdefault\u00bb bar_background_color_default=\u00bb#2ea3f2&#8243; use_percentages=\u00bbon\u00bb title_font=\u00bbPoppins|700|||||||\u00bb title_font_size=\u00bb25px\u00bb global_colors_info=\u00bb{%22gcid-aa1b8d5d-f381-48e4-af4b-e5df1b8f48e3%22:%91%22title_text_color%22,%22bar_background_color%22%93}\u00bb title_text_color=\u00bbgcid-aa1b8d5d-f381-48e4-af4b-e5df1b8f48e3&#8243; percent_font=\u00bbPoppins|700|||||||\u00bb bar_background_color=\u00bbgcid-aa1b8d5d-f381-48e4-af4b-e5df1b8f48e3&#8243; custom_padding=\u00bb3px||||false|false\u00bb custom_margin=\u00bb25px||25px||false|false\u00bb hover_enabled=\u00bb0&#8243; sticky_enabled=\u00bb0&#8243; percent_font_size=\u00bb0px\u00bb]<\/p>\n<p>Dise\u00f1o Editorial<\/p>\n<p>[\/et_pb_counter][et_pb_counter percent=\u00bb98&#8243; _builder_version=\u00bb4.20.4&#8243; _module_preset=\u00bbdefault\u00bb bar_background_color_default=\u00bb#2ea3f2&#8243; use_percentages=\u00bbon\u00bb title_font=\u00bbPoppins|700|||||||\u00bb title_font_size=\u00bb25px\u00bb global_colors_info=\u00bb{%22gcid-4cd01cf2-ba02-496f-93c3-045ac19a53c7%22:%91%22bar_background_color%22,%22title_text_color%22%93}\u00bb title_text_color=\u00bbgcid-4cd01cf2-ba02-496f-93c3-045ac19a53c7&#8243; percent_font=\u00bbPoppins|700|||||||\u00bb bar_background_color=\u00bbgcid-4cd01cf2-ba02-496f-93c3-045ac19a53c7&#8243; custom_padding=\u00bb3px||||false|false\u00bb custom_margin=\u00bb25px||25px||false|false\u00bb hover_enabled=\u00bb0&#8243; sticky_enabled=\u00bb0&#8243; title_line_height=\u00bb1.1em\u00bb percent_font_size=\u00bb0px\u00bb]<\/p>\n<p>Procesos de Impresi\u00f3n &amp; Tecnolog\u00edas Productivas<\/p>\n<p>[\/et_pb_counter][\/et_pb_counters][\/et_pb_column][\/et_pb_row][\/et_pb_section]<\/p>\n","protected":false},"excerpt":{"rendered":"<p>Autoevaluaci\u00f3n Gesti\u00f3n Profesional Publicaciones Digitales Pr\u00e1ctica Profesional Multidisciplinaria Taller de Experimentaci\u00f3n 3D Publicidad Packaging Dise\u00f1o Editorial Procesos de Impresi\u00f3n &amp; Tecnolog\u00edas Productivas<\/p>\n","protected":false},"author":9,"featured_media":0,"parent":0,"menu_order":6,"comment_status":"closed","ping_status":"closed","template":"","meta":{"_et_pb_use_builder":"on","_et_pb_old_content":"<!-- wp:divi\/placeholder \/-->","_et_gb_content_width":"","inline_featured_image":false,"footnotes":""},"_links":{"self":[{"href":"https:\/\/dcv.artcom.mx\/pda\/1160571\/wp-json\/wp\/v2\/pages\/15"}],"collection":[{"href":"https:\/\/dcv.artcom.mx\/pda\/1160571\/wp-json\/wp\/v2\/pages"}],"about":[{"href":"https:\/\/dcv.artcom.mx\/pda\/1160571\/wp-json\/wp\/v2\/types\/page"}],"author":[{"embeddable":true,"href":"https:\/\/dcv.artcom.mx\/pda\/1160571\/wp-json\/wp\/v2\/users\/9"}],"replies":[{"embeddable":true,"href":"https:\/\/dcv.artcom.mx\/pda\/1160571\/wp-json\/wp\/v2\/comments?post=15"}],"version-history":[{"count":7,"href":"https:\/\/dcv.artcom.mx\/pda\/1160571\/wp-json\/wp\/v2\/pages\/15\/revisions"}],"predecessor-version":[{"id":969,"href":"https:\/\/dcv.artcom.mx\/pda\/1160571\/wp-json\/wp\/v2\/pages\/15\/revisions\/969"}],"wp:attachment":[{"href":"https:\/\/dcv.artcom.mx\/pda\/1160571\/wp-json\/wp\/v2\/media?parent=15"}],"curies":[{"name":"wp","href":"https:\/\/api.w.org\/{rel}","templated":true}]}}