{"id":13,"date":"2020-03-03T22:19:04","date_gmt":"2020-03-04T04:19:04","guid":{"rendered":"http:\/\/pdadcv.artcom.mx\/portafolio-demo\/?page_id=13"},"modified":"2023-05-09T01:58:29","modified_gmt":"2023-05-09T01:58:29","slug":"actividades-laborales-y-certificaciones","status":"publish","type":"page","link":"https:\/\/dcv.artcom.mx\/pda\/1160571\/evidencias\/actividades-laborales-y-certificaciones\/","title":{"rendered":"Actividades laborales y certificaciones"},"content":{"rendered":"<p>[et_pb_section fb_built=\u00bb1&#8243; admin_label=\u00bbHero Section\u00bb _builder_version=\u00bb4.20.4&#8243; background_color=\u00bbgcid-33ee699b-3321-446a-b427-297e35df144e\u00bb background_color_gradient_direction=\u00bb90deg\u00bb background_color_gradient_start=\u00bbrgba(244,240,233,0.9)\u00bb background_color_gradient_end=\u00bbrgba(244,240,233,0)\u00bb background_enable_image=\u00bboff\u00bb custom_margin=\u00bb|||\u00bb custom_padding=\u00bb0px|0px|2px|0px||\u00bb global_colors_info=\u00bb{%22gcid-33ee699b-3321-446a-b427-297e35df144e%22:%91%22background_color%22%93}\u00bb][et_pb_row custom_padding_last_edited=\u00bboff|desktop\u00bb admin_label=\u00bbHero Area\u00bb _builder_version=\u00bb4.16&#8243; custom_padding=\u00bb45px|0px|0px|0px||\u00bb global_colors_info=\u00bb{}\u00bb][et_pb_column type=\u00bb4_4&#8243; _builder_version=\u00bb4.16&#8243; custom_padding=\u00bb|||\u00bb global_colors_info=\u00bb{}\u00bb custom_padding__hover=\u00bb|||\u00bb][et_pb_text admin_label=\u00bbHero Title\u00bb _builder_version=\u00bb4.20.4&#8243; text_font=\u00bbPoppins||||||||\u00bb header_font=\u00bbPoppins|900|||||||\u00bb header_text_color=\u00bbgcid-1a711817-9481-4f31-bc39-c7429446f5ab\u00bb header_font_size=\u00bb70px\u00bb header_letter_spacing=\u00bb-2px\u00bb header_line_height=\u00bb1.1em\u00bb custom_margin=\u00bb||0px|\u00bb custom_padding=\u00bb||30px|||\u00bb animation_style=\u00bbslide\u00bb animation_direction=\u00bbleft\u00bb animation_intensity_slide=\u00bb5%\u00bb animation_starting_opacity=\u00bb100%\u00bb text_font_size_last_edited=\u00bboff|desktop\u00bb header_font_size_tablet=\u00bb\u00bb header_font_size_phone=\u00bb60px\u00bb header_font_size_last_edited=\u00bbon|phone\u00bb global_colors_info=\u00bb{%22gcid-1a711817-9481-4f31-bc39-c7429446f5ab%22:%91%22header_text_color%22%93}\u00bb]<\/p>\n<h1>Actividades Laborales &amp; Certificaciones<\/h1>\n<p>[\/et_pb_text][\/et_pb_column][\/et_pb_row][\/et_pb_section][et_pb_section fb_built=\u00bb1&#8243; _builder_version=\u00bb4.20.4&#8243; _module_preset=\u00bbdefault\u00bb background_color=\u00bbgcid-1a711817-9481-4f31-bc39-c7429446f5ab\u00bb global_colors_info=\u00bb{%22gcid-1a711817-9481-4f31-bc39-c7429446f5ab%22:%91%22background_color%22%93}\u00bb][et_pb_row column_structure=\u00bb1_3,1_3,1_3&#8243; _builder_version=\u00bb4.20.4&#8243; _module_preset=\u00bbdefault\u00bb global_colors_info=\u00bb{}\u00bb][et_pb_column type=\u00bb1_3&#8243; _builder_version=\u00bb4.20.4&#8243; _module_preset=\u00bbdefault\u00bb global_colors_info=\u00bb{}\u00bb][et_pb_slider _builder_version=\u00bb4.20.4&#8243; _module_preset=\u00bbdefault\u00bb background_color=\u00bb#c6b8f6&#8243; custom_padding=\u00bb||17px|||\u00bb hover_enabled=\u00bb0&#8243; global_colors_info=\u00bb{%22gcid-aa1b8d5d-f381-48e4-af4b-e5df1b8f48e3%22:%91%22background_color%22%93}\u00bb sticky_enabled=\u00bb0&#8243; min_height=\u00bb616.3px\u00bb custom_margin=\u00bb||-20px|||\u00bb][et_pb_slide heading=\u00bbManejo de c\u00e1maras televisivas\u00bb image=\u00bbhttp:\/\/dcv.artcom.mx\/pda\/1160571\/wp-content\/uploads\/sites\/5\/2022\/05\/church-e1651488754772.jpg\u00bb _builder_version=\u00bb4.20.4&#8243; _module_preset=\u00bbdefault\u00bb header_font=\u00bbPoppins|600|||||||\u00bb header_text_color=\u00bbgcid-1a711817-9481-4f31-bc39-c7429446f5ab\u00bb body_font=\u00bbPoppins||||||||\u00bb body_text_color=\u00bbgcid-1a711817-9481-4f31-bc39-c7429446f5ab\u00bb background_color=\u00bbgcid-aa1b8d5d-f381-48e4-af4b-e5df1b8f48e3&#8243; background_enable_color=\u00bbon\u00bb background_layout=\u00bblight\u00bb hover_enabled=\u00bb0&#8243; global_colors_info=\u00bb{%22gcid-1a711817-9481-4f31-bc39-c7429446f5ab%22:%91%22header_text_color%22,%22body_text_color%22%93,%22gcid-aa1b8d5d-f381-48e4-af4b-e5df1b8f48e3%22:%91%22background_color%22%93}\u00bb sticky_transition=\u00bbon\u00bb header_font_size=\u00bb29px\u00bb header_letter_spacing=\u00bb-1px\u00bb sticky_enabled=\u00bb0&#8243;]<\/p>\n<p>En mi periodo de estudios debo completar un m\u00ednimo de 200 horas para que al graduar obtenga un certificado.<\/p>\n<p>[\/et_pb_slide][\/et_pb_slider][\/et_pb_column][et_pb_column type=\u00bb1_3&#8243; _builder_version=\u00bb4.20.4&#8243; _module_preset=\u00bbdefault\u00bb global_colors_info=\u00bb{}\u00bb][et_pb_slider _builder_version=\u00bb4.20.4&#8243; _module_preset=\u00bbdefault\u00bb custom_padding=\u00bb||30px|||\u00bb global_colors_info=\u00bb{}\u00bb][et_pb_slide heading=\u00bbAdobe ProTraining \u00bb image=\u00bbhttp:\/\/dcv.artcom.mx\/pda\/1160571\/wp-content\/uploads\/sites\/5\/2023\/05\/ps.jpg\u00bb _builder_version=\u00bb4.20.4&#8243; _module_preset=\u00bbdefault\u00bb header_font=\u00bbPoppins|600|||||||\u00bb header_text_color=\u00bbgcid-1a711817-9481-4f31-bc39-c7429446f5ab\u00bb header_font_size=\u00bb35px\u00bb body_font=\u00bbPoppins||||||||\u00bb body_text_color=\u00bbgcid-1a711817-9481-4f31-bc39-c7429446f5ab\u00bb background_color=\u00bbgcid-d78b7535-5f8d-4d97-b10a-91d60f2f813c\u00bb background_enable_color=\u00bbon\u00bb background_layout=\u00bblight\u00bb global_colors_info=\u00bb{%22gcid-1a711817-9481-4f31-bc39-c7429446f5ab%22:%91%22header_text_color%22,%22body_text_color%22%93,%22gcid-d78b7535-5f8d-4d97-b10a-91d60f2f813c%22:%91%22background_color%22%93}\u00bb sticky_transition=\u00bbon\u00bb]<\/p>\n<p>Actualmente estoy cursando por zoom una certificaci\u00f3n del software Adobe Photoshop.<\/p>\n<p>[\/et_pb_slide][\/et_pb_slider][\/et_pb_column][et_pb_column type=\u00bb1_3&#8243; _builder_version=\u00bb4.20.4&#8243; _module_preset=\u00bbdefault\u00bb global_colors_info=\u00bb{}\u00bb][et_pb_slider _builder_version=\u00bb4.20.4&#8243; _module_preset=\u00bbdefault\u00bb min_height=\u00bb616.3px\u00bb custom_margin=\u00bb||85px|||\u00bb custom_padding=\u00bb||30px|||\u00bb global_colors_info=\u00bb{}\u00bb][et_pb_slide heading=\u00bbDomestika InDesign\u00bb image=\u00bbhttp:\/\/dcv.artcom.mx\/pda\/1160571\/wp-content\/uploads\/sites\/5\/2023\/05\/indesign-1.jpg\u00bb _builder_version=\u00bb4.20.4&#8243; _module_preset=\u00bbdefault\u00bb header_font=\u00bbPoppins|600|||||||\u00bb header_text_color=\u00bbgcid-1a711817-9481-4f31-bc39-c7429446f5ab\u00bb header_font_size=\u00bb35px\u00bb body_font=\u00bbPoppins||||||||\u00bb body_text_color=\u00bbgcid-1a711817-9481-4f31-bc39-c7429446f5ab\u00bb background_color=\u00bbgcid-33ee699b-3321-446a-b427-297e35df144e\u00bb background_enable_color=\u00bbon\u00bb background_layout=\u00bblight\u00bb global_colors_info=\u00bb{%22gcid-1a711817-9481-4f31-bc39-c7429446f5ab%22:%91%22header_text_color%22,%22body_text_color%22%93,%22gcid-33ee699b-3321-446a-b427-297e35df144e%22:%91%22background_color%22%93}\u00bb sticky_transition=\u00bbon\u00bb]<\/p>\n<p>Actualmente estoy llevando a cabo un curso de Javier Alcaraz online a trav\u00e9s de la plataforma de Domestika.\u00a0<\/p>\n<p>[\/et_pb_slide][\/et_pb_slider][\/et_pb_column][\/et_pb_row][et_pb_row column_structure=\u00bb1_3,1_3,1_3&#8243; _builder_version=\u00bb4.20.4&#8243; _module_preset=\u00bbdefault\u00bb global_colors_info=\u00bb{}\u00bb][et_pb_column type=\u00bb1_3&#8243; _builder_version=\u00bb4.20.4&#8243; _module_preset=\u00bbdefault\u00bb global_colors_info=\u00bb{}\u00bb][et_pb_slider _builder_version=\u00bb4.20.4&#8243; _module_preset=\u00bbdefault\u00bb custom_padding=\u00bb||29px|||\u00bb global_colors_info=\u00bb{}\u00bb][et_pb_slide heading=\u00bbEncuadre\u00bb image=\u00bbhttp:\/\/dcv.artcom.mx\/pda\/1160571\/wp-content\/uploads\/sites\/5\/2023\/05\/revirar.jpg\u00bb _builder_version=\u00bb4.20.4&#8243; _module_preset=\u00bbdefault\u00bb header_font=\u00bbPoppins|600|||||||\u00bb header_text_color=\u00bbgcid-1a711817-9481-4f31-bc39-c7429446f5ab\u00bb header_font_size=\u00bb35px\u00bb body_font=\u00bbPoppins||||||||\u00bb body_text_color=\u00bbgcid-1a711817-9481-4f31-bc39-c7429446f5ab\u00bb background_color=\u00bbgcid-d78b7535-5f8d-4d97-b10a-91d60f2f813c\u00bb background_enable_color=\u00bbon\u00bb background_layout=\u00bblight\u00bb global_colors_info=\u00bb{%22gcid-1a711817-9481-4f31-bc39-c7429446f5ab%22:%91%22header_text_color%22,%22body_text_color%22%93,%22gcid-d78b7535-5f8d-4d97-b10a-91d60f2f813c%22:%91%22background_color%22%93}\u00bb sticky_transition=\u00bbon\u00bb]<\/p>\n<p>En 2022 junto con la carrera de Dise\u00f1o de UniMontemorelos fuimos al evento anual Encuentro Nacional de Escuelas de Dise\u00f1o Gr\u00e1fico, llevado a cabo en Tampico.<\/p>\n<p>[\/et_pb_slide][\/et_pb_slider][\/et_pb_column][et_pb_column type=\u00bb1_3&#8243; _builder_version=\u00bb4.20.4&#8243; _module_preset=\u00bbdefault\u00bb global_colors_info=\u00bb{}\u00bb][et_pb_slider _builder_version=\u00bb4.20.4&#8243; _module_preset=\u00bbdefault\u00bb custom_padding=\u00bb||12px|||\u00bb global_colors_info=\u00bb{}\u00bb][et_pb_slide heading=\u00bbFine Art Photography Portrait Workshop\u00bb image=\u00bbhttp:\/\/dcv.artcom.mx\/pda\/1160571\/wp-content\/uploads\/sites\/5\/2023\/05\/jasonbuff.jpg\u00bb _builder_version=\u00bb4.20.4&#8243; _module_preset=\u00bbdefault\u00bb header_font=\u00bbPoppins|600|||||||\u00bb header_text_color=\u00bbgcid-1a711817-9481-4f31-bc39-c7429446f5ab\u00bb header_font_size=\u00bb30px\u00bb header_line_height=\u00bb1.1em\u00bb body_font=\u00bbPoppins||||||||\u00bb body_text_color=\u00bbgcid-1a711817-9481-4f31-bc39-c7429446f5ab\u00bb background_color=\u00bbgcid-33ee699b-3321-446a-b427-297e35df144e\u00bb background_enable_color=\u00bbon\u00bb background_layout=\u00bblight\u00bb global_colors_info=\u00bb{%22gcid-1a711817-9481-4f31-bc39-c7429446f5ab%22:%91%22header_text_color%22,%22body_text_color%22%93,%22gcid-33ee699b-3321-446a-b427-297e35df144e%22:%91%22background_color%22%93}\u00bb sticky_transition=\u00bbon\u00bb]<\/p>\n<p>Tuve la oportunidad de asistir a un workshop en MID de uno de mis fot\u00f3grafos favoritos, Jason Buff.<\/p>\n<p>[\/et_pb_slide][\/et_pb_slider][\/et_pb_column][et_pb_column type=\u00bb1_3&#8243; _builder_version=\u00bb4.20.4&#8243; _module_preset=\u00bbdefault\u00bb global_colors_info=\u00bb{}\u00bb][et_pb_slider _builder_version=\u00bb4.20.4&#8243; _module_preset=\u00bbdefault\u00bb min_height=\u00bb648.3px\u00bb custom_padding=\u00bb||30px|||\u00bb global_colors_info=\u00bb{}\u00bb][et_pb_slide heading=\u00bbPulso\u00bb image=\u00bbhttp:\/\/dcv.artcom.mx\/pda\/1160571\/wp-content\/uploads\/sites\/5\/2023\/05\/church.jpg\u00bb _builder_version=\u00bb4.20.4&#8243; _module_preset=\u00bbdefault\u00bb header_font=\u00bbPoppins|600|||||||\u00bb header_text_color=\u00bbgcid-1a711817-9481-4f31-bc39-c7429446f5ab\u00bb header_font_size=\u00bb35px\u00bb body_font=\u00bbPoppins||||||||\u00bb body_text_color=\u00bbgcid-1a711817-9481-4f31-bc39-c7429446f5ab\u00bb background_color=\u00bbgcid-aa1b8d5d-f381-48e4-af4b-e5df1b8f48e3&#8243; background_enable_color=\u00bbon\u00bb background_layout=\u00bblight\u00bb global_colors_info=\u00bb{%22gcid-1a711817-9481-4f31-bc39-c7429446f5ab%22:%91%22header_text_color%22,%22body_text_color%22%93,%22gcid-aa1b8d5d-f381-48e4-af4b-e5df1b8f48e3%22:%91%22background_color%22%93}\u00bb sticky_transition=\u00bbon\u00bb]<\/p>\n<p>En 2021\u00a0labor\u00e9 en el departamento de comunicaci\u00f3n de la Universidad de Montemorelos que a la vez me sirvi\u00f3 como pr\u00e1ctica y para desarrollarme en la fotograf\u00eda.\u00a0<\/p>\n<p>[\/et_pb_slide][\/et_pb_slider][\/et_pb_column][\/et_pb_row][\/et_pb_section]<\/p>\n","protected":false},"excerpt":{"rendered":"<p>Actividades Laborales &amp; CertificacionesEn mi periodo de estudios debo completar un m\u00ednimo de 200 horas para que al graduar obtenga un certificado.Actualmente estoy cursando por zoom una certificaci\u00f3n del software Adobe Photoshop.Actualmente estoy llevando a cabo un curso de Javier Alcaraz online a trav\u00e9s de la plataforma de Domestika.\u00a0En 2022 junto con la carrera de [&hellip;]<\/p>\n","protected":false},"author":9,"featured_media":0,"parent":11,"menu_order":3,"comment_status":"closed","ping_status":"closed","template":"","meta":{"_et_pb_use_builder":"on","_et_pb_old_content":"","_et_gb_content_width":"","inline_featured_image":false,"footnotes":""},"_links":{"self":[{"href":"https:\/\/dcv.artcom.mx\/pda\/1160571\/wp-json\/wp\/v2\/pages\/13"}],"collection":[{"href":"https:\/\/dcv.artcom.mx\/pda\/1160571\/wp-json\/wp\/v2\/pages"}],"about":[{"href":"https:\/\/dcv.artcom.mx\/pda\/1160571\/wp-json\/wp\/v2\/types\/page"}],"author":[{"embeddable":true,"href":"https:\/\/dcv.artcom.mx\/pda\/1160571\/wp-json\/wp\/v2\/users\/9"}],"replies":[{"embeddable":true,"href":"https:\/\/dcv.artcom.mx\/pda\/1160571\/wp-json\/wp\/v2\/comments?post=13"}],"version-history":[{"count":14,"href":"https:\/\/dcv.artcom.mx\/pda\/1160571\/wp-json\/wp\/v2\/pages\/13\/revisions"}],"predecessor-version":[{"id":937,"href":"https:\/\/dcv.artcom.mx\/pda\/1160571\/wp-json\/wp\/v2\/pages\/13\/revisions\/937"}],"up":[{"embeddable":true,"href":"https:\/\/dcv.artcom.mx\/pda\/1160571\/wp-json\/wp\/v2\/pages\/11"}],"wp:attachment":[{"href":"https:\/\/dcv.artcom.mx\/pda\/1160571\/wp-json\/wp\/v2\/media?parent=13"}],"curies":[{"name":"wp","href":"https:\/\/api.w.org\/{rel}","templated":true}]}}