{"id":7,"date":"2020-03-03T22:17:35","date_gmt":"2020-03-04T04:17:35","guid":{"rendered":"http:\/\/pdadcv.artcom.mx\/portafolio-demo\/?page_id=7"},"modified":"2023-05-09T20:09:00","modified_gmt":"2023-05-09T20:09:00","slug":"mi-carrera","status":"publish","type":"page","link":"https:\/\/dcv.artcom.mx\/pda\/1140711\/mi-carrera\/","title":{"rendered":"Mi carrera"},"content":{"rendered":"<p>[et_pb_section fb_built=\u00bb1&#8243; admin_label=\u00bbHero Section\u00bb _builder_version=\u00bb4.16&#8243; use_background_color_gradient=\u00bbon\u00bb background_color_gradient_direction=\u00bb120deg\u00bb background_color_gradient_stops=\u00bb#000000 0%|rgba(0,0,0,0) 100%\u00bb background_color_gradient_overlays_image=\u00bbon\u00bb background_color_gradient_start=\u00bb#000000&#8243; background_color_gradient_end=\u00bbrgba(0,0,0,0)\u00bb background_image=\u00bbhttp:\/\/dcv.artcom.mx\/pda\/1140711\/wp-content\/uploads\/sites\/29\/2023\/03\/foto3.png\u00bb min_height=\u00bb622.7px\u00bb custom_padding=\u00bb10%||10%|\u00bb global_colors_info=\u00bb{}\u00bb][et_pb_row column_structure=\u00bb1_2,1_2&#8243; admin_label=\u00bbHero Area\u00bb _builder_version=\u00bb4.16&#8243; global_colors_info=\u00bb{}\u00bb][et_pb_column type=\u00bb1_2&#8243; _builder_version=\u00bb4.16&#8243; custom_padding=\u00bb|||\u00bb global_colors_info=\u00bb{}\u00bb custom_padding__hover=\u00bb|||\u00bb][et_pb_text admin_label=\u00bbTitle\u00bb _builder_version=\u00bb4.16&#8243; text_font=\u00bb||||||||\u00bb header_font=\u00bbPoppins|600|||||||\u00bb header_font_size=\u00bb60px\u00bb header_line_height=\u00bb1.2em\u00bb header_2_font=\u00bb||||||||\u00bb background_layout=\u00bbdark\u00bb animation_style=\u00bbfade\u00bb header_font_size_tablet=\u00bb\u00bb header_font_size_phone=\u00bb40px\u00bb header_font_size_last_edited=\u00bbon|phone\u00bb global_colors_info=\u00bb{}\u00bb]<\/p>\n<h1>Mi carrera<\/h1>\n<p>[\/et_pb_text][et_pb_text admin_label=\u00bbSubtitle\u00bb _builder_version=\u00bb4.16&#8243; text_font=\u00bbPoppins||||||||\u00bb text_font_size=\u00bb18px\u00bb text_line_height=\u00bb1.8em\u00bb header_font=\u00bb||||||||\u00bb background_layout=\u00bbdark\u00bb custom_margin=\u00bb|||\u00bb custom_padding=\u00bb|||\u00bb animation_style=\u00bbfade\u00bb global_colors_info=\u00bb{}\u00bb]<\/p>\n<p>Soy estudiante de la carrera de Dise\u00f1o de Comunicaci\u00f3n Visual. Existen dos razones por las que eleg\u00ed esta carrera: Me gustan las portadas de m\u00fasica y las portadas del libro.<\/p>\n<p>Disfruto poder plasmar mis ideas visualmente y <span>poder utilizar mis habilidades creativas de manera pr\u00e1ctica al igual la carrera me ha brindado la oportunidad de explorar y experimentar en diversas \u00e1reas del dise\u00f1o.<\/span>\u00a0<\/p>\n<p>&nbsp;<\/p>\n<p>&nbsp;<\/p>\n<p>[\/et_pb_text][\/et_pb_column][et_pb_column type=\u00bb1_2&#8243; _builder_version=\u00bb4.16&#8243; custom_padding=\u00bb|||\u00bb global_colors_info=\u00bb{}\u00bb custom_padding__hover=\u00bb|||\u00bb][\/et_pb_column][\/et_pb_row][\/et_pb_section][et_pb_section fb_built=\u00bb1&#8243; admin_label=\u00bbTestimonial Section\u00bb _builder_version=\u00bb4.16&#8243; background_color=\u00bb#2b3d2d\u00bb background_enable_image=\u00bboff\u00bb min_height=\u00bb697.6px\u00bb custom_margin=\u00bb0px||-2px|||\u00bb custom_padding=\u00bb3.1%||0px|||\u00bb box_shadow_style=\u00bbpreset7&#8243; box_shadow_horizontal=\u00bb0px\u00bb box_shadow_vertical=\u00bb-120px\u00bb box_shadow_color=\u00bb#1e1d1c\u00bb global_colors_info=\u00bb{}\u00bb][et_pb_row column_structure=\u00bb1_2,1_2&#8243; admin_label=\u00bbTestimonial Area\u00bb _builder_version=\u00bb4.16&#8243; custom_padding=\u00bb||0px|\u00bb global_colors_info=\u00bb{}\u00bb][et_pb_column type=\u00bb1_2&#8243; _builder_version=\u00bb4.16&#8243; background_color=\u00bb#9d9872&#8243; custom_padding=\u00bb60px|60px|60px|60px\u00bb custom_padding_tablet=\u00bb60px|60px|60px|60px\u00bb custom_padding_phone=\u00bb|40px||40px\u00bb custom_padding_last_edited=\u00bbon|phone\u00bb global_colors_info=\u00bb{}\u00bb padding_phone=\u00bb|40px||40px\u00bb padding_last_edited=\u00bbon|phone\u00bb custom_padding__hover=\u00bb|||\u00bb][et_pb_blurb use_icon=\u00bbon\u00bb font_icon=\u00bb&#x7b;||divi||400&#8243; icon_color=\u00bb#9d9872&#8243; image_icon_background_color=\u00bb#FFFFFF\u00bb icon_placement=\u00bbleft\u00bb image_icon_width=\u00bb48px\u00bb _builder_version=\u00bb4.16&#8243; header_font=\u00bb||||||||\u00bb body_font=\u00bb||||||||\u00bb image_icon_custom_padding=\u00bb8px|8px|8px|8px|false|false\u00bb custom_margin=\u00bb40px||0px|\u00bb custom_padding=\u00bb|||\u00bb border_radii_image=\u00bbon|100%|100%|100%|100%\u00bb icon_font_size=\u00bb48px\u00bb use_circle=\u00bbon\u00bb circle_color=\u00bb#fdb467&#8243; global_colors_info=\u00bb{}\u00bb image_icon_background_color__sticky_enabled=\u00bb#000000&#8243; image_icon_background_color__sticky=\u00bb#000000&#8243;][\/et_pb_blurb][et_pb_testimonial author=\u00bb- Taylor Swift\u00bb quote_icon=\u00bboff\u00bb quote_icon_color=\u00bb#ffffff\u00bb quote_icon_background_color=\u00bb#fdb467&#8243; _builder_version=\u00bb4.16&#8243; body_font=\u00bbPoppins||on||||||\u00bb body_text_color=\u00bb#FFFFFF\u00bb body_font_size=\u00bb18px\u00bb body_line_height=\u00bb1.8em\u00bb use_background_color=\u00bboff\u00bb custom_margin=\u00bb|||\u00bb custom_padding=\u00bb|||\u00bb animation_style=\u00bbfold\u00bb animation_direction=\u00bbbottom\u00bb animation_intensity_fold=\u00bb10%\u00bb animation_starting_opacity=\u00bb100%\u00bb global_colors_info=\u00bb{}\u00bb]<\/p>\n<p><span>\u00abI know it can be really overwhelming figuring out who to be, and when. Who you are now and how to act in order to get where you want to go. I have some good news: it\u2019s totally up to you. I also have some terrifying news: it\u2019s totally up to you.\u00bb<\/span><\/p>\n<p>[\/et_pb_testimonial][\/et_pb_column][et_pb_column type=\u00bb1_2&#8243; _builder_version=\u00bb4.16&#8243; custom_padding=\u00bb|||\u00bb global_colors_info=\u00bb{}\u00bb custom_padding__hover=\u00bb|||\u00bb][\/et_pb_column][\/et_pb_row][\/et_pb_section]<\/p>\n","protected":false},"excerpt":{"rendered":"<p>Mi carreraSoy estudiante de la carrera de Dise\u00f1o de Comunicaci\u00f3n Visual. Existen dos razones por las que eleg\u00ed esta carrera: Me gustan las portadas de m\u00fasica y las portadas del libro. Disfruto poder plasmar mis ideas visualmente y poder utilizar mis habilidades creativas de manera pr\u00e1ctica al igual la carrera me ha brindado la oportunidad [&hellip;]<\/p>\n","protected":false},"author":33,"featured_media":0,"parent":0,"menu_order":3,"comment_status":"closed","ping_status":"closed","template":"","meta":{"_et_pb_use_builder":"on","_et_pb_old_content":"","_et_gb_content_width":"","inline_featured_image":false,"footnotes":""},"_links":{"self":[{"href":"https:\/\/dcv.artcom.mx\/pda\/1140711\/wp-json\/wp\/v2\/pages\/7"}],"collection":[{"href":"https:\/\/dcv.artcom.mx\/pda\/1140711\/wp-json\/wp\/v2\/pages"}],"about":[{"href":"https:\/\/dcv.artcom.mx\/pda\/1140711\/wp-json\/wp\/v2\/types\/page"}],"author":[{"embeddable":true,"href":"https:\/\/dcv.artcom.mx\/pda\/1140711\/wp-json\/wp\/v2\/users\/33"}],"replies":[{"embeddable":true,"href":"https:\/\/dcv.artcom.mx\/pda\/1140711\/wp-json\/wp\/v2\/comments?post=7"}],"version-history":[{"count":26,"href":"https:\/\/dcv.artcom.mx\/pda\/1140711\/wp-json\/wp\/v2\/pages\/7\/revisions"}],"predecessor-version":[{"id":1543,"href":"https:\/\/dcv.artcom.mx\/pda\/1140711\/wp-json\/wp\/v2\/pages\/7\/revisions\/1543"}],"wp:attachment":[{"href":"https:\/\/dcv.artcom.mx\/pda\/1140711\/wp-json\/wp\/v2\/media?parent=7"}],"curies":[{"name":"wp","href":"https:\/\/api.w.org\/{rel}","templated":true}]}}