{"id":17,"date":"2020-03-03T22:36:20","date_gmt":"2020-03-04T04:36:20","guid":{"rendered":"http:\/\/pdadcv.artcom.mx\/portafolio-demo\/?page_id=17"},"modified":"2023-05-09T20:52:05","modified_gmt":"2023-05-09T20:52:05","slug":"investigaciones","status":"publish","type":"page","link":"https:\/\/dcv.artcom.mx\/pda\/1140711\/investigaciones\/","title":{"rendered":"Investigaciones"},"content":{"rendered":"<p>[et_pb_section fb_built=\u00bb1&#8243; admin_label=\u00bbPage Title Section\u00bb _builder_version=\u00bb4.16&#8243; background_color=\u00bb#2b3d2d\u00bb use_background_color_gradient=\u00bbon\u00bb background_color_gradient_direction=\u00bb120deg\u00bb background_color_gradient_stops=\u00bb#2b3d2d 0%|rgba(0,0,0,0) 100%\u00bb background_color_gradient_overlays_image=\u00bbon\u00bb background_color_gradient_start=\u00bb#2b3d2d\u00bb background_color_gradient_end=\u00bbrgba(0,0,0,0)\u00bb background_enable_image=\u00bboff\u00bb custom_padding=\u00bb110px||110px|\u00bb global_colors_info=\u00bb{}\u00bb theme_builder_area=\u00bbpost_content\u00bb][et_pb_row column_structure=\u00bb2_3,1_3&#8243; _builder_version=\u00bb4.16&#8243; background_size=\u00bbinitial\u00bb background_position=\u00bbtop_left\u00bb background_repeat=\u00bbrepeat\u00bb global_colors_info=\u00bb{}\u00bb theme_builder_area=\u00bbpost_content\u00bb][et_pb_column type=\u00bb2_3&#8243; _builder_version=\u00bb4.16&#8243; custom_padding=\u00bb|||\u00bb global_colors_info=\u00bb{}\u00bb custom_padding__hover=\u00bb|||\u00bb theme_builder_area=\u00bbpost_content\u00bb][et_pb_text admin_label=\u00bbTitle\u00bb _builder_version=\u00bb4.20.4&#8243; text_font=\u00bb||||||||\u00bb header_font=\u00bbPoppins|600|||||||\u00bb header_font_size=\u00bb60px\u00bb header_line_height=\u00bb1.2em\u00bb header_2_font=\u00bb||||||||\u00bb header_2_font_size=\u00bb60px\u00bb background_layout=\u00bbdark\u00bb custom_margin=\u00bb||20px|\u00bb custom_padding=\u00bb|||\u00bb animation_style=\u00bbfade\u00bb hover_enabled=\u00bb0&#8243; header_font_size_tablet=\u00bb\u00bb header_font_size_phone=\u00bb40px\u00bb header_font_size_last_edited=\u00bbon|phone\u00bb global_colors_info=\u00bb{}\u00bb theme_builder_area=\u00bbpost_content\u00bb sticky_enabled=\u00bb0&#8243;]<\/p>\n<h1>Investigaci\u00f3n<\/h1>\n<p>&nbsp;<\/p>\n<p>[\/et_pb_text][\/et_pb_column][et_pb_column type=\u00bb1_3&#8243; _builder_version=\u00bb4.16&#8243; custom_padding=\u00bb|||\u00bb global_colors_info=\u00bb{}\u00bb custom_padding__hover=\u00bb|||\u00bb theme_builder_area=\u00bbpost_content\u00bb][\/et_pb_column][\/et_pb_row][\/et_pb_section][et_pb_section fb_built=\u00bb1&#8243; _builder_version=\u00bb4.16&#8243; background_color=\u00bb#000000&#8243; custom_padding=\u00bb90px||90px|\u00bb global_colors_info=\u00bb{}\u00bb theme_builder_area=\u00bbpost_content\u00bb][et_pb_row _builder_version=\u00bb4.20.4&#8243; _module_preset=\u00bbdefault\u00bb global_colors_info=\u00bb{}\u00bb theme_builder_area=\u00bbpost_content\u00bb][et_pb_column type=\u00bb4_4&#8243; _builder_version=\u00bb4.20.4&#8243; _module_preset=\u00bbdefault\u00bb global_colors_info=\u00bb{}\u00bb theme_builder_area=\u00bbpost_content\u00bb][et_pb_text _builder_version=\u00bb4.20.4&#8243; _module_preset=\u00bbdefault\u00bb text_font=\u00bbPoppins|300|||||||\u00bb text_text_color=\u00bb#FFFFFF\u00bb text_font_size=\u00bb21px\u00bb hover_enabled=\u00bb0&#8243; global_colors_info=\u00bb{}\u00bb theme_builder_area=\u00bbpost_content\u00bb sticky_enabled=\u00bb0&#8243; text_line_height=\u00bb1.6em\u00bb max_width=\u00bb58%\u00bb]<\/p>\n<p><strong>T\u00edtulo:<\/strong> Desaf\u00edos que enfrentan los dise\u00f1adores tipogr\u00e1ficos ante la transici\u00f3n de los caracteres escritos a su representaci\u00f3n tipogr\u00e1fica en el idioma chino.<\/p>\n<p>[\/et_pb_text][et_pb_text _builder_version=\u00bb4.20.4&#8243; _module_preset=\u00bbdefault\u00bb text_font=\u00bbPoppins|300|||||||\u00bb text_text_color=\u00bb#FFFFFF\u00bb text_font_size=\u00bb21px\u00bb hover_enabled=\u00bb0&#8243; global_colors_info=\u00bb{}\u00bb theme_builder_area=\u00bbpost_content\u00bb sticky_enabled=\u00bb0&#8243; text_line_height=\u00bb1.6em\u00bb max_width=\u00bb58%\u00bb]<\/p>\n<p><strong>Objetivos:<\/strong><\/p>\n<p><i><span style=\"font-weight: 400\">Objetivo general:<\/span><\/i><\/p>\n<p><span style=\"font-weight: 400\">Identificar los desaf\u00edos que presenta la transici\u00f3n de los caracteres escritos a su representaci\u00f3n tipogr\u00e1fica en el idioma chino.<\/span><\/p>\n<p><i><span style=\"font-weight: 400\">Objetivos espec\u00edficos:<\/span><\/i><\/p>\n<ol>\n<li style=\"font-weight: 400\"><span style=\"font-weight: 400\">Determinar los problemas de la transici\u00f3n de los caracteres al digitalizarse.<\/span><\/li>\n<li style=\"font-weight: 400\"><span style=\"font-weight: 400\">Comparar los caracteres escritos a su representaci\u00f3n tipogr\u00e1fica.<\/span><\/li>\n<li style=\"font-weight: 400\"><span style=\"font-weight: 400\">Analizar la representaci\u00f3n de los caracteres digitalizados en diferentes tipograf\u00edas.<\/span><\/li>\n<\/ol>\n<p>[\/et_pb_text][et_pb_text _builder_version=\u00bb4.20.4&#8243; _module_preset=\u00bbdefault\u00bb text_font=\u00bbPoppins|300|||||||\u00bb text_text_color=\u00bb#FFFFFF\u00bb text_font_size=\u00bb21px\u00bb hover_enabled=\u00bb0&#8243; global_colors_info=\u00bb{}\u00bb theme_builder_area=\u00bbpost_content\u00bb sticky_enabled=\u00bb0&#8243; text_line_height=\u00bb1.6em\u00bb max_width=\u00bb58%\u00bb]<\/p>\n<p><strong>Pregunta de Investigaci\u00f3n:\u00a0<\/strong><span style=\"font-weight: 400\">\u00bfQu\u00e9 desaf\u00edos enfrentan los dise\u00f1adores tipogr\u00e1ficos ante la transici\u00f3n de los caracteres escritos a su representaci\u00f3n tipogr\u00e1fica en el idioma chino?<\/span><\/p>\n<p>[\/et_pb_text][et_pb_text _builder_version=\u00bb4.20.4&#8243; _module_preset=\u00bbdefault\u00bb text_font=\u00bbPoppins|300|||||||\u00bb text_text_color=\u00bb#FFFFFF\u00bb text_font_size=\u00bb21px\u00bb hover_enabled=\u00bb0&#8243; global_colors_info=\u00bb{}\u00bb theme_builder_area=\u00bbpost_content\u00bb sticky_enabled=\u00bb0&#8243; text_line_height=\u00bb1.6em\u00bb max_width=\u00bb58%\u00bb custom_padding=\u00bb0px|||||\u00bb]<\/p>\n<p><strong>Tutor: <\/strong>Profesor Moises Varela<\/p>\n<p>&nbsp;<\/p>\n<p>[\/et_pb_text][\/et_pb_column][\/et_pb_row][\/et_pb_section]<\/p>\n","protected":false},"excerpt":{"rendered":"<p>Investigaci\u00f3n &nbsp;T\u00edtulo: Desaf\u00edos que enfrentan los dise\u00f1adores tipogr\u00e1ficos ante la transici\u00f3n de los caracteres escritos a su representaci\u00f3n tipogr\u00e1fica en el idioma chino.Objetivos: Objetivo general: Identificar los desaf\u00edos que presenta la transici\u00f3n de los caracteres escritos a su representaci\u00f3n tipogr\u00e1fica en el idioma chino. Objetivos espec\u00edficos: Determinar los problemas de la transici\u00f3n de los caracteres [&hellip;]<\/p>\n","protected":false},"author":33,"featured_media":0,"parent":0,"menu_order":7,"comment_status":"closed","ping_status":"closed","template":"","meta":{"_et_pb_use_builder":"on","_et_pb_old_content":"<!-- wp:divi\/placeholder \/-->","_et_gb_content_width":"","inline_featured_image":false,"footnotes":""},"_links":{"self":[{"href":"https:\/\/dcv.artcom.mx\/pda\/1140711\/wp-json\/wp\/v2\/pages\/17"}],"collection":[{"href":"https:\/\/dcv.artcom.mx\/pda\/1140711\/wp-json\/wp\/v2\/pages"}],"about":[{"href":"https:\/\/dcv.artcom.mx\/pda\/1140711\/wp-json\/wp\/v2\/types\/page"}],"author":[{"embeddable":true,"href":"https:\/\/dcv.artcom.mx\/pda\/1140711\/wp-json\/wp\/v2\/users\/33"}],"replies":[{"embeddable":true,"href":"https:\/\/dcv.artcom.mx\/pda\/1140711\/wp-json\/wp\/v2\/comments?post=17"}],"version-history":[{"count":8,"href":"https:\/\/dcv.artcom.mx\/pda\/1140711\/wp-json\/wp\/v2\/pages\/17\/revisions"}],"predecessor-version":[{"id":1555,"href":"https:\/\/dcv.artcom.mx\/pda\/1140711\/wp-json\/wp\/v2\/pages\/17\/revisions\/1555"}],"wp:attachment":[{"href":"https:\/\/dcv.artcom.mx\/pda\/1140711\/wp-json\/wp\/v2\/media?parent=17"}],"curies":[{"name":"wp","href":"https:\/\/api.w.org\/{rel}","templated":true}]}}