{"id":13,"date":"2020-03-03T22:19:04","date_gmt":"2020-03-04T04:19:04","guid":{"rendered":"http:\/\/pdadcv.artcom.mx\/portafolio-demo\/?page_id=13"},"modified":"2023-05-09T22:13:26","modified_gmt":"2023-05-09T22:13:26","slug":"actividades-laborales-y-certificaciones","status":"publish","type":"page","link":"https:\/\/dcv.artcom.mx\/pda\/1140711\/evidencias\/actividades-laborales-y-certificaciones\/","title":{"rendered":"Actividades laborales y certificaciones"},"content":{"rendered":"<p>[et_pb_section fb_built=\u00bb1&#8243; admin_label=\u00bbPage Title Section\u00bb _builder_version=\u00bb4.16&#8243; background_color=\u00bb#2b3d2d\u00bb use_background_color_gradient=\u00bbon\u00bb background_color_gradient_direction=\u00bb120deg\u00bb background_color_gradient_stops=\u00bb#2b3d2d 0%|rgba(0,0,0,0) 100%\u00bb background_color_gradient_overlays_image=\u00bbon\u00bb background_color_gradient_start=\u00bb#2b3d2d\u00bb background_color_gradient_end=\u00bbrgba(0,0,0,0)\u00bb background_enable_image=\u00bboff\u00bb custom_padding=\u00bb110px||110px|\u00bb global_colors_info=\u00bb{}\u00bb][et_pb_row column_structure=\u00bb2_3,1_3&#8243; _builder_version=\u00bb4.16&#8243; background_size=\u00bbinitial\u00bb background_position=\u00bbtop_left\u00bb background_repeat=\u00bbrepeat\u00bb global_colors_info=\u00bb{}\u00bb][et_pb_column type=\u00bb2_3&#8243; _builder_version=\u00bb4.16&#8243; custom_padding=\u00bb|||\u00bb global_colors_info=\u00bb{}\u00bb custom_padding__hover=\u00bb|||\u00bb][et_pb_text admin_label=\u00bbTitle\u00bb _builder_version=\u00bb4.16&#8243; text_font=\u00bb||||||||\u00bb header_font=\u00bbPoppins|600|||||||\u00bb header_font_size=\u00bb60px\u00bb header_line_height=\u00bb1.2em\u00bb header_2_font=\u00bb||||||||\u00bb header_2_font_size=\u00bb60px\u00bb background_layout=\u00bbdark\u00bb custom_margin=\u00bb||20px|\u00bb custom_padding=\u00bb|||\u00bb animation_style=\u00bbfade\u00bb header_font_size_tablet=\u00bb\u00bb header_font_size_phone=\u00bb40px\u00bb header_font_size_last_edited=\u00bbon|phone\u00bb global_colors_info=\u00bb{}\u00bb]<\/p>\n<h1>Actividades Laborales<\/h1>\n<p>[\/et_pb_text][\/et_pb_column][et_pb_column type=\u00bb1_3&#8243; _builder_version=\u00bb4.16&#8243; custom_padding=\u00bb|||\u00bb global_colors_info=\u00bb{}\u00bb custom_padding__hover=\u00bb|||\u00bb][\/et_pb_column][\/et_pb_row][\/et_pb_section][et_pb_section fb_built=\u00bb1&#8243; _builder_version=\u00bb4.16&#8243; background_color=\u00bb#9d9872&#8243; custom_padding=\u00bb90px||90px|\u00bb global_colors_info=\u00bb{}\u00bb][et_pb_row column_structure=\u00bb1_3,1_3,1_3&#8243; use_custom_gutter=\u00bbon\u00bb gutter_width=\u00bb2&#8243; make_equal=\u00bbon\u00bb module_class=\u00bb et_pb_row_fullwidth\u00bb _builder_version=\u00bb4.16&#8243; width=\u00bb94%\u00bb width_tablet=\u00bb80%\u00bb width_phone=\u00bb80%\u00bb width_last_edited=\u00bbon|desktop\u00bb max_width=\u00bb94%\u00bb max_width_tablet=\u00bb80%\u00bb max_width_phone=\u00bb80%\u00bb max_width_last_edited=\u00bbon|desktop\u00bb make_fullwidth=\u00bbon\u00bb global_colors_info=\u00bb{}\u00bb][et_pb_column type=\u00bb1_3&#8243; _builder_version=\u00bb4.16&#8243; custom_padding=\u00bb|||\u00bb global_colors_info=\u00bb{}\u00bb custom_padding__hover=\u00bb|||\u00bb][et_pb_slider _builder_version=\u00bb4.20.4&#8243; _module_preset=\u00bbdefault\u00bb background_color=\u00bb#b1b8c9&#8243; min_height=\u00bb400px\u00bb global_colors_info=\u00bb{}\u00bb][et_pb_slide _builder_version=\u00bb4.16&#8243; _module_preset=\u00bbdefault\u00bb background_image=\u00bbhttp:\/\/dcv.artcom.mx\/pda\/1140711\/wp-content\/uploads\/sites\/29\/2023\/03\/fotocarlota.jpg\u00bb background_enable_image=\u00bbon\u00bb global_colors_info=\u00bb{}\u00bb sticky_transition=\u00bbon\u00bb]<\/p>\n<p>[\/et_pb_slide][et_pb_slide heading=\u00bbHospital La Carlota\u00bb _builder_version=\u00bb4.20.4&#8243; _module_preset=\u00bbdefault\u00bb header_font=\u00bbPoppins|600|||||||\u00bb global_colors_info=\u00bb{}\u00bb sticky_transition=\u00bbon\u00bb]<\/p>\n<p>El semestre pasado trabaj\u00e9 en UM Dise\u00f1o creando contenido para redes sociales del Hospital La Carlota.<br \/>\nMe ayud\u00f3 a mejorar el uso del Software Illustrator y Photoshop aprendiendo a jerarquizar informaci\u00f3n para cierto tipos de post e historias.<\/p>\n<p>[\/et_pb_slide][\/et_pb_slider][et_pb_slider _builder_version=\u00bb4.20.4&#8243; _module_preset=\u00bbdefault\u00bb custom_padding=\u00bb151px||152px|||\u00bb global_colors_info=\u00bb{}\u00bb][et_pb_slide _builder_version=\u00bb4.20.4&#8243; _module_preset=\u00bbdefault\u00bb background_image=\u00bbhttp:\/\/dcv.artcom.mx\/pda\/1140711\/wp-content\/uploads\/sites\/29\/2023\/05\/Encuadre22mmm-89-scaled.jpg\u00bb background_enable_image=\u00bbon\u00bb global_colors_info=\u00bb{}\u00bb sticky_transition=\u00bbon\u00bb title_text=\u00bbEncuadre22mmm-89&#8243;][\/et_pb_slide][et_pb_slide heading=\u00bbCongreso Revivar\u00bb _builder_version=\u00bb4.20.4&#8243; _module_preset=\u00bbdefault\u00bb header_font=\u00bbPoppins|500|||||||\u00bb header_text_color=\u00bb#FFFFFF\u00bb background_color=\u00bb#b1b8c9&#8243; background_enable_color=\u00bbon\u00bb hover_enabled=\u00bb0&#8243; global_colors_info=\u00bb{}\u00bb sticky_transition=\u00bbon\u00bb sticky_enabled=\u00bb0&#8243;]<\/p>\n<p>En quinto semestre tuvimos la oportunidad de asistir al congreso de dise\u00f1o en Tamaulipas como un viaje de estudio.<\/p>\n<p>[\/et_pb_slide][\/et_pb_slider][\/et_pb_column][et_pb_column type=\u00bb1_3&#8243; _builder_version=\u00bb4.16&#8243; custom_padding=\u00bb|||\u00bb global_colors_info=\u00bb{}\u00bb custom_padding__hover=\u00bb|||\u00bb][et_pb_slider _builder_version=\u00bb4.20.4&#8243; _module_preset=\u00bbdefault\u00bb custom_padding=\u00bb128px||168px|||\u00bb global_colors_info=\u00bb{}\u00bb][et_pb_slide _builder_version=\u00bb4.20.4&#8243; _module_preset=\u00bbdefault\u00bb background_image=\u00bbhttp:\/\/dcv.artcom.mx\/pda\/1140711\/wp-content\/uploads\/sites\/29\/2023\/05\/DSC_1127-22-scaled.jpg\u00bb background_enable_image=\u00bbon\u00bb global_colors_info=\u00bb{}\u00bb sticky_transition=\u00bbon\u00bb][\/et_pb_slide][et_pb_slide heading=\u00bbFotograf\u00edas Amakha\u00bb _builder_version=\u00bb4.20.4&#8243; _module_preset=\u00bbdefault\u00bb header_font=\u00bbPoppins|500|||||||\u00bb body_line_height=\u00bb1.8em\u00bb background_color=\u00bb#b1b8c9&#8243; background_enable_color=\u00bbon\u00bb global_colors_info=\u00bb{}\u00bb sticky_transition=\u00bbon\u00bb]<\/p>\n<p>Me toc\u00f3 apoyar en el proyecto de Amakha Organic tomando las fotograf\u00edas del evento de inauguraci\u00f3n .<\/p>\n<p>[\/et_pb_slide][\/et_pb_slider][\/et_pb_column][et_pb_column type=\u00bb1_3&#8243; _builder_version=\u00bb4.16&#8243; custom_padding=\u00bb|||\u00bb global_colors_info=\u00bb{}\u00bb custom_padding__hover=\u00bb|||\u00bb][et_pb_slider _builder_version=\u00bb4.20.4&#8243; _module_preset=\u00bbdefault\u00bb custom_padding=\u00bb151px||152px|||\u00bb global_colors_info=\u00bb{}\u00bb][et_pb_slide _builder_version=\u00bb4.20.4&#8243; _module_preset=\u00bbdefault\u00bb background_image=\u00bbhttp:\/\/dcv.artcom.mx\/pda\/1140711\/wp-content\/uploads\/sites\/29\/2023\/05\/PPPP-1.jpg\u00bb background_enable_image=\u00bbon\u00bb global_colors_info=\u00bb{}\u00bb sticky_transition=\u00bbon\u00bb][\/et_pb_slide][et_pb_slide heading=\u00bbLuc\u00eda, Buenos D\u00edas\u00bb _builder_version=\u00bb4.20.4&#8243; _module_preset=\u00bbdefault\u00bb header_font=\u00bbPoppins|500|||||||\u00bb header_text_color=\u00bb#FFFFFF\u00bb background_color=\u00bb#b1b8c9&#8243; background_enable_color=\u00bbon\u00bb global_colors_info=\u00bb{}\u00bb sticky_transition=\u00bbon\u00bb]<\/p>\n<p>En este proyecto me toc\u00f3 crear contenido para un restaurante y venta de productos de comida.<\/p>\n<p>[\/et_pb_slide][\/et_pb_slider][\/et_pb_column][\/et_pb_row][\/et_pb_section]<\/p>\n","protected":false},"excerpt":{"rendered":"<p>Actividades LaboralesEl semestre pasado trabaj\u00e9 en UM Dise\u00f1o creando contenido para redes sociales del Hospital La Carlota. Me ayud\u00f3 a mejorar el uso del Software Illustrator y Photoshop aprendiendo a jerarquizar informaci\u00f3n para cierto tipos de post e historias.En quinto semestre tuvimos la oportunidad de asistir al congreso de dise\u00f1o en Tamaulipas como un viaje [&hellip;]<\/p>\n","protected":false},"author":33,"featured_media":0,"parent":11,"menu_order":3,"comment_status":"closed","ping_status":"closed","template":"","meta":{"_et_pb_use_builder":"on","_et_pb_old_content":"","_et_gb_content_width":"","inline_featured_image":false,"footnotes":""},"_links":{"self":[{"href":"https:\/\/dcv.artcom.mx\/pda\/1140711\/wp-json\/wp\/v2\/pages\/13"}],"collection":[{"href":"https:\/\/dcv.artcom.mx\/pda\/1140711\/wp-json\/wp\/v2\/pages"}],"about":[{"href":"https:\/\/dcv.artcom.mx\/pda\/1140711\/wp-json\/wp\/v2\/types\/page"}],"author":[{"embeddable":true,"href":"https:\/\/dcv.artcom.mx\/pda\/1140711\/wp-json\/wp\/v2\/users\/33"}],"replies":[{"embeddable":true,"href":"https:\/\/dcv.artcom.mx\/pda\/1140711\/wp-json\/wp\/v2\/comments?post=13"}],"version-history":[{"count":25,"href":"https:\/\/dcv.artcom.mx\/pda\/1140711\/wp-json\/wp\/v2\/pages\/13\/revisions"}],"predecessor-version":[{"id":1593,"href":"https:\/\/dcv.artcom.mx\/pda\/1140711\/wp-json\/wp\/v2\/pages\/13\/revisions\/1593"}],"up":[{"embeddable":true,"href":"https:\/\/dcv.artcom.mx\/pda\/1140711\/wp-json\/wp\/v2\/pages\/11"}],"wp:attachment":[{"href":"https:\/\/dcv.artcom.mx\/pda\/1140711\/wp-json\/wp\/v2\/media?parent=13"}],"curies":[{"name":"wp","href":"https:\/\/api.w.org\/{rel}","templated":true}]}}