{"id":11,"date":"2020-03-03T22:18:35","date_gmt":"2020-03-04T04:18:35","guid":{"rendered":"http:\/\/pdadcv.artcom.mx\/portafolio-demo\/?page_id=11"},"modified":"2022-03-11T20:30:37","modified_gmt":"2022-03-11T20:30:37","slug":"evidencias","status":"publish","type":"page","link":"https:\/\/dcv.artcom.mx\/pda\/1140711\/evidencias\/","title":{"rendered":"Evidencias"},"content":{"rendered":"<p>[et_pb_section fb_built=\u00bb1&#8243; _builder_version=\u00bb4.14.7&#8243; _module_preset=\u00bbdefault\u00bb background_color=\u00bb#487aff\u00bb min_height=\u00bb650px\u00bb custom_margin=\u00bb||0px|||\u00bb custom_padding=\u00bb0px||76px|||\u00bb global_colors_info=\u00bb{}\u00bb][et_pb_row column_structure=\u00bb1_2,1_2&#8243; _builder_version=\u00bb4.14.7&#8243; _module_preset=\u00bbdefault\u00bb global_colors_info=\u00bb{}\u00bb][et_pb_column type=\u00bb1_2&#8243; _builder_version=\u00bb4.14.7&#8243; _module_preset=\u00bbdefault\u00bb global_colors_info=\u00bb{}\u00bb][et_pb_image src=\u00bbhttp:\/\/dcv.artcom.mx\/pda\/1140711\/wp-content\/uploads\/sites\/29\/2022\/03\/Portafmmmolio-10.png\u00bb _builder_version=\u00bb4.14.7&#8243; _module_preset=\u00bbdefault\u00bb title_text=\u00bbPortafmmmolio-10&#8243; hover_enabled=\u00bb0&#8243; sticky_enabled=\u00bb0&#8243; min_height=\u00bb519px\u00bb custom_padding=\u00bb||68px|||\u00bb][\/et_pb_image][\/et_pb_column][et_pb_column type=\u00bb1_2&#8243; _builder_version=\u00bb4.14.7&#8243; _module_preset=\u00bbdefault\u00bb global_colors_info=\u00bb{}\u00bb][et_pb_text _builder_version=\u00bb4.14.7&#8243; _module_preset=\u00bbdefault\u00bb text_font=\u00bbArchivo Black||||||||\u00bb text_text_color=\u00bb#FFFFFF\u00bb text_font_size=\u00bb55px\u00bb hover_enabled=\u00bb0&#8243; global_colors_info=\u00bb{}\u00bb sticky_enabled=\u00bb0&#8243;]<\/p>\n<p>&nbsp;<\/p>\n<p>&nbsp;<\/p>\n<p>&nbsp;<\/p>\n<p>Evidencias<\/p>\n<p>[\/et_pb_text][et_pb_text _builder_version=\u00bb4.14.7&#8243; _module_preset=\u00bbdefault\u00bb text_font=\u00bbPoppins||||||||\u00bb text_text_color=\u00bb#FFFFFF\u00bb global_colors_info=\u00bb{}\u00bb]<\/p>\n<p>Les comparto algunos proyectos que he realizado en mi primer a\u00f1o de Dise\u00f1o de Comunicaci\u00f3n Visual.\u00a0\n<\/p>\n<p>[\/et_pb_text][\/et_pb_column][\/et_pb_row][\/et_pb_section]<\/p>\n","protected":false},"excerpt":{"rendered":"<p>&nbsp; &nbsp; &nbsp; EvidenciasLes comparto algunos proyectos que he realizado en mi primer a\u00f1o de Dise\u00f1o de Comunicaci\u00f3n Visual.\u00a0<\/p>\n","protected":false},"author":33,"featured_media":0,"parent":0,"menu_order":5,"comment_status":"closed","ping_status":"closed","template":"","meta":{"_et_pb_use_builder":"on","_et_pb_old_content":"","_et_gb_content_width":"","inline_featured_image":false,"footnotes":""},"_links":{"self":[{"href":"https:\/\/dcv.artcom.mx\/pda\/1140711\/wp-json\/wp\/v2\/pages\/11"}],"collection":[{"href":"https:\/\/dcv.artcom.mx\/pda\/1140711\/wp-json\/wp\/v2\/pages"}],"about":[{"href":"https:\/\/dcv.artcom.mx\/pda\/1140711\/wp-json\/wp\/v2\/types\/page"}],"author":[{"embeddable":true,"href":"https:\/\/dcv.artcom.mx\/pda\/1140711\/wp-json\/wp\/v2\/users\/33"}],"replies":[{"embeddable":true,"href":"https:\/\/dcv.artcom.mx\/pda\/1140711\/wp-json\/wp\/v2\/comments?post=11"}],"version-history":[{"count":7,"href":"https:\/\/dcv.artcom.mx\/pda\/1140711\/wp-json\/wp\/v2\/pages\/11\/revisions"}],"predecessor-version":[{"id":744,"href":"https:\/\/dcv.artcom.mx\/pda\/1140711\/wp-json\/wp\/v2\/pages\/11\/revisions\/744"}],"wp:attachment":[{"href":"https:\/\/dcv.artcom.mx\/pda\/1140711\/wp-json\/wp\/v2\/media?parent=11"}],"curies":[{"name":"wp","href":"https:\/\/api.w.org\/{rel}","templated":true}]}}